{"id":32268,"date":"2025-05-09T07:40:22","date_gmt":"2025-05-09T03:40:22","guid":{"rendered":"https:\/\/cbf.ca\/administration\/financial-statements\/"},"modified":"2025-09-16T02:49:08","modified_gmt":"2025-09-15T22:49:08","slug":"etats-financiers","status":"publish","type":"page","link":"https:\/\/cbf.ca\/fr\/administration\/etats-financiers\/","title":{"rendered":"\u00c9tats financiers"},"content":{"rendered":"<p><strong>Remarque<\/strong>: tous les documents sont en anglais.<\/p>\n<table style=\"height: 874px;\" width=\"619\">\n<thead>\n<tr>\n<td style=\"text-align: center;\" width=\"150\"><strong>Ann\u00e9e<br \/>\n<\/strong>(au 31 d\u00e9cembre)<\/td>\n<td style=\"text-align: left;\"><strong>Rapports financiers<\/strong><\/td>\n<\/tr>\n<\/thead>\n<tbody>\n<tr>\n<td style=\"text-align: center;\" valign=\"top\">2024<\/td>\n<td valign=\"top\"><a href=\"https:\/\/cbf.ca\/Minutes\/2024-Canadian-Bridge-Financial-Statements-2025-09-15.pdf\" target=\"_blank\" rel=\"noopener\">Review Engagement Report and Financial Statements<\/a><\/td>\n<\/tr>\n<tr>\n<td style=\"text-align: center;\" valign=\"top\">2023<\/td>\n<td valign=\"top\"><a href=\"https:\/\/cbf.ca\/wp-content\/uploads\/2024\/06\/20231231-CanadianBridgeFederationIncorporated-FinancialStatements-FINAL.pdf\" target=\"_blank\" rel=\"noopener\">Review Engagement Report &amp; Financial Statements<\/a><\/td>\n<\/tr>\n<tr>\n<td style=\"text-align: center;\" valign=\"top\">2022<\/td>\n<td valign=\"top\"><a href=\"https:\/\/cbf.ca\/wp-content\/uploads\/2023\/09\/CBF-2022-F-S-Signed.pdf\">Audit Report &amp; Financial Statements<\/a><\/td>\n<\/tr>\n<tr>\n<td style=\"text-align: center;\" valign=\"top\">2021<\/td>\n<td valign=\"top\"><a href=\"https:\/\/cbf.ca\/wp-content\/uploads\/2022\/06\/CBF-2021-Audit-Report.pdf\" target=\"_blank\" rel=\"noopener\">Audit Report<\/a> \/ <a href=\"https:\/\/cbf.ca\/wp-content\/uploads\/2022\/06\/CBF-2021-FS.pdf\" target=\"_blank\" rel=\"noopener\">Financial Statements<\/a><\/td>\n<\/tr>\n<tr>\n<td style=\"text-align: center;\" valign=\"top\">2020<\/td>\n<td valign=\"top\"><a href=\"https:\/\/cbf.ca\/wp-content\/uploads\/2021\/09\/2020Audit-report.pdf\" target=\"_blank\" rel=\"noopener\">Audit Report<\/a> \/ <a href=\"https:\/\/cbf.ca\/wp-content\/uploads\/2021\/06\/CBF-2020-Audited-Financial-Statements.pdf\" target=\"_blank\" rel=\"noopener\">Financial Statements<\/a><\/td>\n<\/tr>\n<tr>\n<td style=\"text-align: center;\" valign=\"top\">2019<\/td>\n<td valign=\"top\"><a href=\"https:\/\/cbf.ca\/wp-content\/uploads\/2020\/07\/2019-Audit-Report.pdf\">Audit Report<\/a> \/ <a href=\"https:\/\/cbf.ca\/wp-content\/uploads\/2020\/07\/2019-Financial-Statements.pdf\">Financial Statements<\/a><\/td>\n<\/tr>\n<tr>\n<td style=\"text-align: center;\" valign=\"top\">2018<\/td>\n<td valign=\"top\"><a href=\"https:\/\/cbf.ca\/wp-content\/uploads\/FStatements\/2018-CBF-Financial-Statements.pdf\">Financial Statements<\/a><\/td>\n<\/tr>\n<tr>\n<td style=\"text-align: center;\" valign=\"top\">2017<\/td>\n<td valign=\"top\"><a href=\"https:\/\/cbf.ca\/wp-content\/uploads\/FStatements\/2017-CBF-Financial-Statements.pdf\">Financial Statements<\/a><\/td>\n<\/tr>\n<tr>\n<td style=\"text-align: center;\" valign=\"top\">2016<\/td>\n<td valign=\"top\"><a href=\"https:\/\/cbf.ca\/wp-content\/uploads\/FStatements\/2016-CBF-FS.pdf\">Financial Statements<\/a><\/td>\n<\/tr>\n<tr>\n<td style=\"text-align: center;\" valign=\"top\">2015<\/td>\n<td valign=\"top\"><a href=\"https:\/\/cbf.ca\/wp-content\/uploads\/2017\/08\/finalCBF2015FSINA.pdf\">Financial Statements<\/a><\/td>\n<\/tr>\n<tr>\n<td style=\"text-align: center;\" valign=\"top\">2014<\/td>\n<td valign=\"top\"><a href=\"https:\/\/cbf.ca\/wp-content\/uploads\/2015\/01\/2014CBFauditedstatement.pdf\">Financial Statements<\/a><\/td>\n<\/tr>\n<tr>\n<td style=\"text-align: center;\" valign=\"top\">2013<\/td>\n<td valign=\"top\"><a href=\"https:\/\/cbf.ca\/wp-content\/uploads\/2015\/01\/2013CBFauditedstatement.pdf\">Financial Statements<\/a><\/td>\n<\/tr>\n<tr>\n<td style=\"text-align: center;\" valign=\"top\">2012<\/td>\n<td><a href=\"https:\/\/cbf.ca\/wp-content\/uploads\/2015\/01\/12CBFauditedstatement.pdf\">Financial Statements<\/a><\/td>\n<\/tr>\n<tr>\n<td style=\"text-align: center;\">2011<\/td>\n<td><a href=\"https:\/\/cbf.ca\/wp-content\/uploads\/2015\/01\/11CBFAuditedStatement.pdf\">Financial Statements<\/a><\/td>\n<\/tr>\n<tr>\n<td style=\"text-align: center;\">2010<\/td>\n<td><a href=\"https:\/\/cbf.ca\/wp-content\/uploads\/2015\/01\/10CBFauditedstatement.pdf\">Financial Statements<\/a><\/td>\n<\/tr>\n<tr>\n<td style=\"text-align: center;\">2009<\/td>\n<td><a href=\"https:\/\/cbf.ca\/wp-content\/uploads\/2015\/01\/09CBFauditedstatement.pdf\">Financial Statement<\/a><\/td>\n<\/tr>\n<tr>\n<td style=\"text-align: center;\">2008<\/td>\n<td><a href=\"https:\/\/cbf.ca\/wp-content\/uploads\/2015\/01\/08Auditedstatement.pdf\">Financial Statement<\/a><\/td>\n<\/tr>\n<tr>\n<td style=\"text-align: center;\">2007<\/td>\n<td><a href=\"https:\/\/cbf.ca\/wp-content\/uploads\/2015\/01\/07CBFAuditedStatements.pdf\">Financial Statements<\/a><\/td>\n<\/tr>\n<tr>\n<td style=\"text-align: center;\">2006<\/td>\n<td><a href=\"https:\/\/cbf.ca\/wp-content\/uploads\/2015\/01\/06auditedstatement.pdf\">Financial Statements<\/a><\/td>\n<\/tr>\n<tr>\n<td style=\"text-align: center;\">2005<\/td>\n<td><a href=\"https:\/\/cbf.ca\/wp-content\/uploads\/2015\/01\/05auditedstatement.pdf\">Financial Statements<\/a><\/td>\n<\/tr>\n<tr>\n<td style=\"text-align: center;\">2004<\/td>\n<td><a href=\"https:\/\/cbf.ca\/wp-content\/uploads\/2015\/01\/04auditedCBFstatement.pdf\">Financial Statements<\/a><\/td>\n<\/tr>\n<tr>\n<td style=\"text-align: center;\">2003<\/td>\n<td><a href=\"https:\/\/cbf.ca\/wp-content\/uploads\/2015\/01\/2003-Cdn-Bridge-Financial.pdf\">Financial Statements<\/a><\/td>\n<\/tr>\n<tr>\n<td style=\"text-align: center;\">2002<\/td>\n<td><a href=\"https:\/\/cbf.ca\/wp-content\/uploads\/2015\/01\/02financialstatement.pdf\">Financial Statements<\/a><\/td>\n<\/tr>\n<\/tbody>\n<\/table>\n","protected":false},"excerpt":{"rendered":"<p>Remarque: tous les documents sont en anglais. Ann\u00e9e (au 31 d\u00e9cembre) Rapports financiers 2024 Review Engagement Report and Financial Statements 2023 Review Engagement Report &amp; Financial Statements 2022 Audit Report &amp; Financial Statements 2021 Audit Report \/ Financial Statements 2020 Audit Report \/ Financial Statements 2019 Audit Report \/ Financial Statements 2018 Financial Statements 2017<br><a class=\"moretag signature-animation\" href=\"https:\/\/cbf.ca\/fr\/administration\/etats-financiers\/\">CONTINUER LA LECTURE<\/a>","protected":false},"author":1,"featured_media":0,"parent":3435,"menu_order":0,"comment_status":"closed","ping_status":"closed","template":"","meta":{"footnotes":""},"yoast_head":"<!-- This site is optimized with the Yoast SEO plugin v22.3 - https:\/\/yoast.com\/wordpress\/plugins\/seo\/ -->\n<title>\u00c9tats financiers - Canadian Bridge Federation<\/title>\n<meta name=\"robots\" content=\"index, follow, max-snippet:-1, max-image-preview:large, max-video-preview:-1\" \/>\n<link rel=\"canonical\" href=\"https:\/\/cbf.ca\/fr\/administration\/etats-financiers\/\" \/>\n<meta property=\"og:locale\" content=\"fr_FR\" \/>\n<meta property=\"og:type\" content=\"article\" \/>\n<meta property=\"og:title\" content=\"\u00c9tats financiers - Canadian Bridge Federation\" \/>\n<meta property=\"og:description\" content=\"Remarque: tous les documents sont en anglais. Ann\u00e9e (au 31 d\u00e9cembre) Rapports financiers 2024 Review Engagement Report and Financial Statements 2023 Review Engagement Report &amp; Financial Statements 2022 Audit Report &amp; Financial Statements 2021 Audit Report \/ Financial Statements 2020 Audit Report \/ Financial Statements 2019 Audit Report \/ Financial Statements 2018 Financial Statements 2017\" \/>\n<meta property=\"og:url\" content=\"https:\/\/cbf.ca\/fr\/administration\/etats-financiers\/\" \/>\n<meta property=\"og:site_name\" content=\"Canadian Bridge Federation\" \/>\n<meta property=\"article:publisher\" content=\"https:\/\/www.facebook.com\/Canadian.Bridge.Federation\/\" \/>\n<meta property=\"article:modified_time\" content=\"2025-09-15T22:49:08+00:00\" \/>\n<meta name=\"twitter:label1\" content=\"Dur\u00e9e de lecture estim\u00e9e\" \/>\n\t<meta name=\"twitter:data1\" content=\"1 minute\" \/>\n<script type=\"application\/ld+json\" class=\"yoast-schema-graph\">{\"@context\":\"https:\/\/schema.org\",\"@graph\":[{\"@type\":\"WebPage\",\"@id\":\"https:\/\/cbf.ca\/fr\/administration\/etats-financiers\/\",\"url\":\"https:\/\/cbf.ca\/fr\/administration\/etats-financiers\/\",\"name\":\"\u00c9tats financiers - Canadian Bridge Federation\",\"isPartOf\":{\"@id\":\"https:\/\/cbf.ca\/#website\"},\"datePublished\":\"2025-05-09T03:40:22+00:00\",\"dateModified\":\"2025-09-15T22:49:08+00:00\",\"breadcrumb\":{\"@id\":\"https:\/\/cbf.ca\/fr\/administration\/etats-financiers\/#breadcrumb\"},\"inLanguage\":\"fr-FR\",\"potentialAction\":[{\"@type\":\"ReadAction\",\"target\":[\"https:\/\/cbf.ca\/fr\/administration\/etats-financiers\/\"]}]},{\"@type\":\"BreadcrumbList\",\"@id\":\"https:\/\/cbf.ca\/fr\/administration\/etats-financiers\/#breadcrumb\",\"itemListElement\":[{\"@type\":\"ListItem\",\"position\":1,\"name\":\"Home\",\"item\":\"https:\/\/cbf.ca\/\"},{\"@type\":\"ListItem\",\"position\":2,\"name\":\"Administration\",\"item\":\"https:\/\/cbf.ca\/fr\/administration\/\"},{\"@type\":\"ListItem\",\"position\":3,\"name\":\"\u00c9tats financiers\"}]},{\"@type\":\"WebSite\",\"@id\":\"https:\/\/cbf.ca\/#website\",\"url\":\"https:\/\/cbf.ca\/\",\"name\":\"Canadian Bridge Federation\",\"description\":\"F\u00e9d\u00e9ration canadienne de bridge\",\"potentialAction\":[{\"@type\":\"SearchAction\",\"target\":{\"@type\":\"EntryPoint\",\"urlTemplate\":\"https:\/\/cbf.ca\/?s={search_term_string}\"},\"query-input\":\"required name=search_term_string\"}],\"inLanguage\":\"fr-FR\"}]}<\/script>\n<!-- \/ Yoast SEO plugin. -->","yoast_head_json":{"title":"\u00c9tats financiers - Canadian Bridge Federation","robots":{"index":"index","follow":"follow","max-snippet":"max-snippet:-1","max-image-preview":"max-image-preview:large","max-video-preview":"max-video-preview:-1"},"canonical":"https:\/\/cbf.ca\/fr\/administration\/etats-financiers\/","og_locale":"fr_FR","og_type":"article","og_title":"\u00c9tats financiers - Canadian Bridge Federation","og_description":"Remarque: tous les documents sont en anglais. Ann\u00e9e (au 31 d\u00e9cembre) Rapports financiers 2024 Review Engagement Report and Financial Statements 2023 Review Engagement Report &amp; Financial Statements 2022 Audit Report &amp; Financial Statements 2021 Audit Report \/ Financial Statements 2020 Audit Report \/ Financial Statements 2019 Audit Report \/ Financial Statements 2018 Financial Statements 2017","og_url":"https:\/\/cbf.ca\/fr\/administration\/etats-financiers\/","og_site_name":"Canadian Bridge Federation","article_publisher":"https:\/\/www.facebook.com\/Canadian.Bridge.Federation\/","article_modified_time":"2025-09-15T22:49:08+00:00","twitter_misc":{"Dur\u00e9e de lecture estim\u00e9e":"1 minute"},"schema":{"@context":"https:\/\/schema.org","@graph":[{"@type":"WebPage","@id":"https:\/\/cbf.ca\/fr\/administration\/etats-financiers\/","url":"https:\/\/cbf.ca\/fr\/administration\/etats-financiers\/","name":"\u00c9tats financiers - Canadian Bridge Federation","isPartOf":{"@id":"https:\/\/cbf.ca\/#website"},"datePublished":"2025-05-09T03:40:22+00:00","dateModified":"2025-09-15T22:49:08+00:00","breadcrumb":{"@id":"https:\/\/cbf.ca\/fr\/administration\/etats-financiers\/#breadcrumb"},"inLanguage":"fr-FR","potentialAction":[{"@type":"ReadAction","target":["https:\/\/cbf.ca\/fr\/administration\/etats-financiers\/"]}]},{"@type":"BreadcrumbList","@id":"https:\/\/cbf.ca\/fr\/administration\/etats-financiers\/#breadcrumb","itemListElement":[{"@type":"ListItem","position":1,"name":"Home","item":"https:\/\/cbf.ca\/"},{"@type":"ListItem","position":2,"name":"Administration","item":"https:\/\/cbf.ca\/fr\/administration\/"},{"@type":"ListItem","position":3,"name":"\u00c9tats financiers"}]},{"@type":"WebSite","@id":"https:\/\/cbf.ca\/#website","url":"https:\/\/cbf.ca\/","name":"Canadian Bridge Federation","description":"F\u00e9d\u00e9ration canadienne de bridge","potentialAction":[{"@type":"SearchAction","target":{"@type":"EntryPoint","urlTemplate":"https:\/\/cbf.ca\/?s={search_term_string}"},"query-input":"required name=search_term_string"}],"inLanguage":"fr-FR"}]}},"_links":{"self":[{"href":"https:\/\/cbf.ca\/fr\/wp-json\/wp\/v2\/pages\/32268"}],"collection":[{"href":"https:\/\/cbf.ca\/fr\/wp-json\/wp\/v2\/pages"}],"about":[{"href":"https:\/\/cbf.ca\/fr\/wp-json\/wp\/v2\/types\/page"}],"author":[{"embeddable":true,"href":"https:\/\/cbf.ca\/fr\/wp-json\/wp\/v2\/users\/1"}],"replies":[{"embeddable":true,"href":"https:\/\/cbf.ca\/fr\/wp-json\/wp\/v2\/comments?post=32268"}],"version-history":[{"count":6,"href":"https:\/\/cbf.ca\/fr\/wp-json\/wp\/v2\/pages\/32268\/revisions"}],"predecessor-version":[{"id":34435,"href":"https:\/\/cbf.ca\/fr\/wp-json\/wp\/v2\/pages\/32268\/revisions\/34435"}],"up":[{"embeddable":true,"href":"https:\/\/cbf.ca\/fr\/wp-json\/wp\/v2\/pages\/3435"}],"wp:attachment":[{"href":"https:\/\/cbf.ca\/fr\/wp-json\/wp\/v2\/media?parent=32268"}],"curies":[{"name":"wp","href":"https:\/\/api.w.org\/{rel}","templated":true}]}}