{"id":26826,"date":"2023-07-25T00:45:54","date_gmt":"2023-07-24T20:45:54","guid":{"rendered":"https:\/\/cbf.ca\/?page_id=26826"},"modified":"2024-06-18T19:12:41","modified_gmt":"2024-06-18T15:12:41","slug":"championnats-canadiens-de-bridge-2024","status":"publish","type":"page","link":"https:\/\/cbf.ca\/fr\/evenements\/championnats-canadiens-de-bridge-2024\/","title":{"rendered":"Championnats canadiens de bridge 2024"},"content":{"rendered":"\n<p>Les Championnats canadiens de 2024 ont eu lieu \u00e0 Penticton CB, du 10 au 16 juin 2024, parall\u00e8lement au Championnat r\u00e9gional de Penticton. De nouveau, l&rsquo;\u00e9tape des tournois \u00e0 la ronde des \u00e9v\u00e9nements par \u00e9quipes s&rsquo;est d\u00e9roul\u00e9 en ligne en janvier et f\u00e9vrier: sur Real Bridge (CNTC-Open, Femmes, S\u00e9niors, Mixtes) et sur BBO (CNTC-B et CNTC-C).<\/p>\n\n\n<p style=\"padding-left: 40px;\"><span style=\"text-decoration: underline;\"><a href=\"https:\/\/cbf.ca\/BWeek\/24files\/2024CBC-Suppl-CoC-Francais-Jan2024.pdf\" target=\"_blank\" rel=\"noreferrer noopener\">2024 CBC &#8211; R\u00e8glements g\u00e9n\u00e9raux des Championnats canadien<\/a><a href=\"https:\/\/cbf.ca\/BWeek\/24files\/2024CBC-General-CoC-FR-Oct23.pdf\" target=\"_blank\" rel=\"noreferrer noopener\">s<\/a><\/span><br \/><a href=\"https:\/\/cbf.ca\/BWeek\/24files\/2024CBC-Suppl-CoC-Francais-Jan2024.pdf\" target=\"_blank\" rel=\"noreferrer noopener\"><span style=\"text-decoration: underline;\">2024 CBC &#8211; R\u00e8glements compl\u00e9mentaires des Championnats canadiens<br \/><\/span><\/a><\/p>\n<h3>Finales des Championnats et Tournoi r\u00e9gional \u00e0 Penticton<\/h3>\n<p style=\"padding-left: 40px;\">Pentincton Trade and Convention Center<br \/>273 Power StreetPenticton, B.C. V2A 7K9<\/p>\n<a href=\"https:\/\/cbf.ca\/BWeek\/24files\/index.shtml\" class=\"btn bluth red btn- \" target=\"_self\"> Cliquer ici pour voir les informations du tournoi, les \u00e9quipes, les r\u00e9sutats, les finalistes et les photos<\/a>\n\n\n<h3 class=\"wp-block-heading\"><strong><\/strong><strong><\/strong><strong>Championnats canadiens de bridge pr\u00e9c\u00e9dents<\/strong><\/h3>\n\n\n\n<figure class=\"wp-block-table\"><table><tbody><tr><td><\/td><td><\/td><td><\/td><td><a href=\"https:\/\/cbf.ca\/BWeek\/24files\/index.shtml\" target=\"_blank\" rel=\"noreferrer noopener\">2024<\/a><\/td><td><a href=\"https:\/\/cbf.ca\/BWeek\/23files\/index.shtml\" target=\"_blank\" rel=\"noreferrer noopener\">2023<\/a><\/td><td><a href=\"https:\/\/cbf.ca\/BWeek\/22files\/index.shtml\" target=\"_blank\" rel=\"noreferrer noopener\">2022<\/a><\/td><\/tr><tr><td><a href=\"https:\/\/cbf.ca\/BWeek\/21files\/index.shtml\" target=\"_blank\" rel=\"noreferrer noopener\">2021<\/a><\/td><td><a href=\"https:\/\/cbf.ca\/BWeek\/20files\/index.shtml\" target=\"_blank\" rel=\"noreferrer noopener\">2020<\/a><\/td><td><a href=\"https:\/\/cbf.ca\/BWeek\/19files\/index.shtml\" target=\"_blank\" rel=\"noreferrer noopener\">2019<\/a><\/td><td><a href=\"https:\/\/cbf.ca\/BWeek\/18files\/index.shtml\" target=\"_blank\" rel=\"noreferrer noopener\">2018<\/a><\/td><td><a href=\"https:\/\/cbf.ca\/BWeek\/17files\/index.shtml\" target=\"_blank\" rel=\"noreferrer noopener\">2017<\/a><\/td><td><a href=\"https:\/\/cbf.ca\/BWeek\/16files\/index.shtml\" target=\"_blank\" rel=\"noreferrer noopener\">2016<\/a><\/td><\/tr><tr><td><a href=\"https:\/\/cbf.ca\/BWeek\/15files\/index.shtml\" target=\"_blank\" rel=\"noreferrer noopener\">2015<\/a><\/td><td><a href=\"https:\/\/cbf.ca\/BWeek\/14files\/index.shtml\" target=\"_blank\" rel=\"noreferrer noopener\">2014<\/a><\/td><td><a href=\"https:\/\/cbf.ca\/BWeek\/13files\/index.shtml\" target=\"_blank\" rel=\"noreferrer noopener\">2013<\/a><\/td><td><a href=\"https:\/\/cbf.ca\/BWeek\/12files\/\" target=\"_blank\" rel=\"noreferrer noopener\">2012<\/a><\/td><td><a href=\"https:\/\/www.cbf.ca\/BWeek\/11files\/\" target=\"_blank\" rel=\"noreferrer noopener\">2011<\/a><\/td><td><a href=\"https:\/\/www.cbf.ca\/BWeek\/10files\/\" target=\"_blank\" rel=\"noreferrer noopener\">2010<\/a><\/td><\/tr><tr><td><a href=\"https:\/\/www.cbf.ca\/BWeek\/09files\/\" target=\"_blank\" rel=\"noreferrer noopener\">2009<\/a><\/td><td><a href=\"https:\/\/www.cbf.ca\/BWeek\/08files\/\" target=\"_blank\" rel=\"noreferrer noopener\">2008<\/a><\/td><td><a href=\"https:\/\/www.cbf.ca\/BWeek\/BWeek07.html\" target=\"_blank\" rel=\"noreferrer noopener\">2007<\/a><\/td><td><a href=\"https:\/\/www.cbf.ca\/BWeek\/BWeek05.html\" target=\"_blank\" rel=\"noreferrer noopener\">2006<\/a><\/td><td><a href=\"https:\/\/www.cbf.ca\/BWeek\/BWeek05.html\" target=\"_blank\" rel=\"noreferrer noopener\">2005<\/a><\/td><td><a href=\"https:\/\/www.cbf.ca\/BWeek\/BWeek04.html\" target=\"_blank\" rel=\"noreferrer noopener\">2004<\/a><\/td><\/tr><tr><td><a href=\"https:\/\/www.cbf.ca\/BWeek\/BWeek03.html\" target=\"_blank\" rel=\"noreferrer noopener\">2003<\/a><\/td><td><a href=\"https:\/\/www.cbf.ca\/BWeek\/BWeek02.html\" target=\"_blank\" rel=\"noreferrer noopener\">2002<\/a><\/td><td><a href=\"https:\/\/www.cbf.ca\/BWeek\/BWeek01.html\" target=\"_blank\" rel=\"noreferrer noopener\">2001<\/a><\/td><td><a href=\"https:\/\/www.cbf.ca\/BWeek\/00results\/index.html\" target=\"_blank\" rel=\"noreferrer noopener\">2000<\/a><\/td><td><a href=\"https:\/\/www.cbf.ca\/BWeek\/99results\/99CNC.html\" target=\"_blank\" rel=\"noreferrer noopener\">1999<\/a><\/td><td><a href=\"https:\/\/www.cbf.ca\/BWeek\/98results\/98CNC.html\" target=\"_blank\" rel=\"noreferrer noopener\">1998<\/a><\/td><\/tr><\/tbody><\/table><\/figure>\n\n\n\n\n","protected":false},"excerpt":{"rendered":"<p>Les Championnats canadiens de 2024 ont eu lieu \u00e0 Penticton CB, du 10 au 16 juin 2024, parall\u00e8lement au Championnat r\u00e9gional de Penticton. De nouveau, l&rsquo;\u00e9tape des tournois \u00e0 la ronde des \u00e9v\u00e9nements par \u00e9quipes s&rsquo;est d\u00e9roul\u00e9 en ligne en janvier et f\u00e9vrier: sur Real Bridge (CNTC-Open, Femmes, S\u00e9niors, Mixtes) et sur BBO (CNTC-B et<br><a class=\"moretag signature-animation\" href=\"https:\/\/cbf.ca\/fr\/evenements\/championnats-canadiens-de-bridge-2024\/\">CONTINUER LA LECTURE<\/a>","protected":false},"author":1,"featured_media":0,"parent":3451,"menu_order":0,"comment_status":"closed","ping_status":"closed","template":"","meta":{"footnotes":""},"yoast_head":"<!-- This site is optimized with the Yoast SEO plugin v22.3 - https:\/\/yoast.com\/wordpress\/plugins\/seo\/ -->\n<title>Championnats canadiens de bridge 2024 - Canadian Bridge Federation<\/title>\n<meta name=\"robots\" content=\"index, follow, max-snippet:-1, max-image-preview:large, max-video-preview:-1\" \/>\n<link rel=\"canonical\" href=\"https:\/\/cbf.ca\/fr\/evenements\/championnats-canadiens-de-bridge-2024\/\" \/>\n<meta property=\"og:locale\" content=\"fr_FR\" \/>\n<meta property=\"og:type\" content=\"article\" \/>\n<meta property=\"og:title\" content=\"Championnats canadiens de bridge 2024 - Canadian Bridge Federation\" \/>\n<meta property=\"og:description\" content=\"Les Championnats canadiens de 2024 ont eu lieu \u00e0 Penticton CB, du 10 au 16 juin 2024, parall\u00e8lement au Championnat r\u00e9gional de Penticton. De nouveau, l&rsquo;\u00e9tape des tournois \u00e0 la ronde des \u00e9v\u00e9nements par \u00e9quipes s&rsquo;est d\u00e9roul\u00e9 en ligne en janvier et f\u00e9vrier: sur Real Bridge (CNTC-Open, Femmes, S\u00e9niors, Mixtes) et sur BBO (CNTC-B et\" \/>\n<meta property=\"og:url\" content=\"https:\/\/cbf.ca\/fr\/evenements\/championnats-canadiens-de-bridge-2024\/\" \/>\n<meta property=\"og:site_name\" content=\"Canadian Bridge Federation\" \/>\n<meta property=\"article:publisher\" content=\"https:\/\/www.facebook.com\/Canadian.Bridge.Federation\/\" \/>\n<meta property=\"article:modified_time\" content=\"2024-06-18T15:12:41+00:00\" \/>\n<meta name=\"twitter:label1\" content=\"Dur\u00e9e de lecture estim\u00e9e\" \/>\n\t<meta name=\"twitter:data1\" content=\"1 minute\" \/>\n<script type=\"application\/ld+json\" class=\"yoast-schema-graph\">{\"@context\":\"https:\/\/schema.org\",\"@graph\":[{\"@type\":\"WebPage\",\"@id\":\"https:\/\/cbf.ca\/fr\/evenements\/championnats-canadiens-de-bridge-2024\/\",\"url\":\"https:\/\/cbf.ca\/fr\/evenements\/championnats-canadiens-de-bridge-2024\/\",\"name\":\"Championnats canadiens de bridge 2024 - Canadian Bridge Federation\",\"isPartOf\":{\"@id\":\"https:\/\/cbf.ca\/#website\"},\"datePublished\":\"2023-07-24T20:45:54+00:00\",\"dateModified\":\"2024-06-18T15:12:41+00:00\",\"breadcrumb\":{\"@id\":\"https:\/\/cbf.ca\/fr\/evenements\/championnats-canadiens-de-bridge-2024\/#breadcrumb\"},\"inLanguage\":\"fr-FR\",\"potentialAction\":[{\"@type\":\"ReadAction\",\"target\":[\"https:\/\/cbf.ca\/fr\/evenements\/championnats-canadiens-de-bridge-2024\/\"]}]},{\"@type\":\"BreadcrumbList\",\"@id\":\"https:\/\/cbf.ca\/fr\/evenements\/championnats-canadiens-de-bridge-2024\/#breadcrumb\",\"itemListElement\":[{\"@type\":\"ListItem\",\"position\":1,\"name\":\"Home\",\"item\":\"https:\/\/cbf.ca\/\"},{\"@type\":\"ListItem\",\"position\":2,\"name\":\"\u00c9v\u00e9nements\",\"item\":\"https:\/\/cbf.ca\/fr\/evenements\/\"},{\"@type\":\"ListItem\",\"position\":3,\"name\":\"Championnats canadiens de bridge 2024\"}]},{\"@type\":\"WebSite\",\"@id\":\"https:\/\/cbf.ca\/#website\",\"url\":\"https:\/\/cbf.ca\/\",\"name\":\"Canadian Bridge Federation\",\"description\":\"F\u00e9d\u00e9ration canadienne de bridge\",\"potentialAction\":[{\"@type\":\"SearchAction\",\"target\":{\"@type\":\"EntryPoint\",\"urlTemplate\":\"https:\/\/cbf.ca\/?s={search_term_string}\"},\"query-input\":\"required name=search_term_string\"}],\"inLanguage\":\"fr-FR\"}]}<\/script>\n<!-- \/ Yoast SEO plugin. -->","yoast_head_json":{"title":"Championnats canadiens de bridge 2024 - Canadian Bridge Federation","robots":{"index":"index","follow":"follow","max-snippet":"max-snippet:-1","max-image-preview":"max-image-preview:large","max-video-preview":"max-video-preview:-1"},"canonical":"https:\/\/cbf.ca\/fr\/evenements\/championnats-canadiens-de-bridge-2024\/","og_locale":"fr_FR","og_type":"article","og_title":"Championnats canadiens de bridge 2024 - Canadian Bridge Federation","og_description":"Les Championnats canadiens de 2024 ont eu lieu \u00e0 Penticton CB, du 10 au 16 juin 2024, parall\u00e8lement au Championnat r\u00e9gional de Penticton. De nouveau, l&rsquo;\u00e9tape des tournois \u00e0 la ronde des \u00e9v\u00e9nements par \u00e9quipes s&rsquo;est d\u00e9roul\u00e9 en ligne en janvier et f\u00e9vrier: sur Real Bridge (CNTC-Open, Femmes, S\u00e9niors, Mixtes) et sur BBO (CNTC-B et","og_url":"https:\/\/cbf.ca\/fr\/evenements\/championnats-canadiens-de-bridge-2024\/","og_site_name":"Canadian Bridge Federation","article_publisher":"https:\/\/www.facebook.com\/Canadian.Bridge.Federation\/","article_modified_time":"2024-06-18T15:12:41+00:00","twitter_misc":{"Dur\u00e9e de lecture estim\u00e9e":"1 minute"},"schema":{"@context":"https:\/\/schema.org","@graph":[{"@type":"WebPage","@id":"https:\/\/cbf.ca\/fr\/evenements\/championnats-canadiens-de-bridge-2024\/","url":"https:\/\/cbf.ca\/fr\/evenements\/championnats-canadiens-de-bridge-2024\/","name":"Championnats canadiens de bridge 2024 - Canadian Bridge Federation","isPartOf":{"@id":"https:\/\/cbf.ca\/#website"},"datePublished":"2023-07-24T20:45:54+00:00","dateModified":"2024-06-18T15:12:41+00:00","breadcrumb":{"@id":"https:\/\/cbf.ca\/fr\/evenements\/championnats-canadiens-de-bridge-2024\/#breadcrumb"},"inLanguage":"fr-FR","potentialAction":[{"@type":"ReadAction","target":["https:\/\/cbf.ca\/fr\/evenements\/championnats-canadiens-de-bridge-2024\/"]}]},{"@type":"BreadcrumbList","@id":"https:\/\/cbf.ca\/fr\/evenements\/championnats-canadiens-de-bridge-2024\/#breadcrumb","itemListElement":[{"@type":"ListItem","position":1,"name":"Home","item":"https:\/\/cbf.ca\/"},{"@type":"ListItem","position":2,"name":"\u00c9v\u00e9nements","item":"https:\/\/cbf.ca\/fr\/evenements\/"},{"@type":"ListItem","position":3,"name":"Championnats canadiens de bridge 2024"}]},{"@type":"WebSite","@id":"https:\/\/cbf.ca\/#website","url":"https:\/\/cbf.ca\/","name":"Canadian Bridge Federation","description":"F\u00e9d\u00e9ration canadienne de bridge","potentialAction":[{"@type":"SearchAction","target":{"@type":"EntryPoint","urlTemplate":"https:\/\/cbf.ca\/?s={search_term_string}"},"query-input":"required name=search_term_string"}],"inLanguage":"fr-FR"}]}},"_links":{"self":[{"href":"https:\/\/cbf.ca\/fr\/wp-json\/wp\/v2\/pages\/26826"}],"collection":[{"href":"https:\/\/cbf.ca\/fr\/wp-json\/wp\/v2\/pages"}],"about":[{"href":"https:\/\/cbf.ca\/fr\/wp-json\/wp\/v2\/types\/page"}],"author":[{"embeddable":true,"href":"https:\/\/cbf.ca\/fr\/wp-json\/wp\/v2\/users\/1"}],"replies":[{"embeddable":true,"href":"https:\/\/cbf.ca\/fr\/wp-json\/wp\/v2\/comments?post=26826"}],"version-history":[{"count":41,"href":"https:\/\/cbf.ca\/fr\/wp-json\/wp\/v2\/pages\/26826\/revisions"}],"predecessor-version":[{"id":29479,"href":"https:\/\/cbf.ca\/fr\/wp-json\/wp\/v2\/pages\/26826\/revisions\/29479"}],"up":[{"embeddable":true,"href":"https:\/\/cbf.ca\/fr\/wp-json\/wp\/v2\/pages\/3451"}],"wp:attachment":[{"href":"https:\/\/cbf.ca\/fr\/wp-json\/wp\/v2\/media?parent=26826"}],"curies":[{"name":"wp","href":"https:\/\/api.w.org\/{rel}","templated":true}]}}