{"id":26407,"date":"2014-11-28T02:18:46","date_gmt":"2014-11-27T22:18:46","guid":{"rendered":"https:\/\/cbf.ca\/?page_id=26407"},"modified":"2025-05-18T08:33:29","modified_gmt":"2025-05-18T04:33:29","slug":"renouvellement-de-ladhesion","status":"publish","type":"page","link":"https:\/\/cbf.ca\/fr\/section-membres\/renouvellement-de-ladhesion\/","title":{"rendered":"Renouvellement de l&rsquo;adh\u00e9sion"},"content":{"rendered":"<h3><strong>Cotisation \u00e0 la FCB<\/strong><\/h3>\n<ul>\n<li>1 an &#8211; 25$<br \/>\nJoueurs de 25 ans et moins: les frais d\u2019adh\u00e9sion sont 10 $ par ann\u00e9e. Le code promo est JUNIOR.<\/li>\n<li>2 ans &#8211; 50$<\/li>\n<li>3 ans &#8211; 65$<\/li>\n<\/ul>\n<p><strong>Pour voir votre profil et la date de renouvellement de votre adh\u00e9sion \u00e0 la FCB, svp aller \u00e0 la page &lsquo;Membres\/D\u00e9tails de mon compte&rsquo;.<\/strong> Si vous n&rsquo;\u00eates pas connect\u00e9, vous serez appel\u00e9 \u00e0 le faire \u00e0 l&rsquo;\u00e9cran qui se pr\u00e9sentera. Une fois connect\u00e9, vous verrez d&rsquo;abord vos informations g\u00e9n\u00e9rales. Cliquez sur &lsquo;View Profile \/ Edit Profile&rsquo; pour voir votre <strong>date de renouvellement<\/strong> (au coin sup\u00e9rieur gauche) et toutes les informations \u00e0 votre dossier.<\/p>\n<h3><strong>Renouvellement<\/strong><\/h3>\n<p><script src=\"https:\/\/memberservices.membee.com\/feeds\/Events\/EventScript.ashx?cid=1042&amp;wid=7501\" type=\"text\/javascript\"><\/script><\/p>\n<h2><\/h2>\n","protected":false},"excerpt":{"rendered":"<p>Cotisation \u00e0 la FCB 1 an &#8211; 25$ Joueurs de 25 ans et moins: les frais d\u2019adh\u00e9sion sont 10 $ par ann\u00e9e. Le code promo est JUNIOR. 2 ans &#8211; 50$ 3 ans &#8211; 65$ Pour voir votre profil et la date de renouvellement de votre adh\u00e9sion \u00e0 la FCB, svp aller \u00e0 la page<br><a class=\"moretag signature-animation\" href=\"https:\/\/cbf.ca\/fr\/section-membres\/renouvellement-de-ladhesion\/\">CONTINUER LA LECTURE<\/a>","protected":false},"author":1,"featured_media":0,"parent":4532,"menu_order":0,"comment_status":"closed","ping_status":"closed","template":"","meta":{"footnotes":""},"yoast_head":"<!-- This site is optimized with the Yoast SEO plugin v22.3 - https:\/\/yoast.com\/wordpress\/plugins\/seo\/ -->\n<title>Renouvellement de l&#039;adh\u00e9sion - Canadian Bridge Federation<\/title>\n<meta name=\"robots\" content=\"index, follow, max-snippet:-1, max-image-preview:large, max-video-preview:-1\" \/>\n<link rel=\"canonical\" href=\"https:\/\/cbf.ca\/fr\/section-membres\/renouvellement-de-ladhesion\/\" \/>\n<meta property=\"og:locale\" content=\"fr_FR\" \/>\n<meta property=\"og:type\" content=\"article\" \/>\n<meta property=\"og:title\" content=\"Renouvellement de l&#039;adh\u00e9sion - Canadian Bridge Federation\" \/>\n<meta property=\"og:description\" content=\"Cotisation \u00e0 la FCB 1 an &#8211; 25$ Joueurs de 25 ans et moins: les frais d\u2019adh\u00e9sion sont 10 $ par ann\u00e9e. Le code promo est JUNIOR. 2 ans &#8211; 50$ 3 ans &#8211; 65$ Pour voir votre profil et la date de renouvellement de votre adh\u00e9sion \u00e0 la FCB, svp aller \u00e0 la page\" \/>\n<meta property=\"og:url\" content=\"https:\/\/cbf.ca\/fr\/section-membres\/renouvellement-de-ladhesion\/\" \/>\n<meta property=\"og:site_name\" content=\"Canadian Bridge Federation\" \/>\n<meta property=\"article:publisher\" content=\"https:\/\/www.facebook.com\/Canadian.Bridge.Federation\/\" \/>\n<meta property=\"article:modified_time\" content=\"2025-05-18T04:33:29+00:00\" \/>\n<meta name=\"twitter:label1\" content=\"Dur\u00e9e de lecture estim\u00e9e\" \/>\n\t<meta name=\"twitter:data1\" content=\"1 minute\" \/>\n<script type=\"application\/ld+json\" class=\"yoast-schema-graph\">{\"@context\":\"https:\/\/schema.org\",\"@graph\":[{\"@type\":\"WebPage\",\"@id\":\"https:\/\/cbf.ca\/fr\/section-membres\/renouvellement-de-ladhesion\/\",\"url\":\"https:\/\/cbf.ca\/fr\/section-membres\/renouvellement-de-ladhesion\/\",\"name\":\"Renouvellement de l'adh\u00e9sion - Canadian Bridge Federation\",\"isPartOf\":{\"@id\":\"https:\/\/cbf.ca\/#website\"},\"datePublished\":\"2014-11-27T22:18:46+00:00\",\"dateModified\":\"2025-05-18T04:33:29+00:00\",\"breadcrumb\":{\"@id\":\"https:\/\/cbf.ca\/fr\/section-membres\/renouvellement-de-ladhesion\/#breadcrumb\"},\"inLanguage\":\"fr-FR\",\"potentialAction\":[{\"@type\":\"ReadAction\",\"target\":[\"https:\/\/cbf.ca\/fr\/section-membres\/renouvellement-de-ladhesion\/\"]}]},{\"@type\":\"BreadcrumbList\",\"@id\":\"https:\/\/cbf.ca\/fr\/section-membres\/renouvellement-de-ladhesion\/#breadcrumb\",\"itemListElement\":[{\"@type\":\"ListItem\",\"position\":1,\"name\":\"Home\",\"item\":\"https:\/\/cbf.ca\/\"},{\"@type\":\"ListItem\",\"position\":2,\"name\":\"Section membres\",\"item\":\"https:\/\/cbf.ca\/fr\/section-membres\/\"},{\"@type\":\"ListItem\",\"position\":3,\"name\":\"Renouvellement de l&#8217;adh\u00e9sion\"}]},{\"@type\":\"WebSite\",\"@id\":\"https:\/\/cbf.ca\/#website\",\"url\":\"https:\/\/cbf.ca\/\",\"name\":\"Canadian Bridge Federation\",\"description\":\"F\u00e9d\u00e9ration canadienne de bridge\",\"potentialAction\":[{\"@type\":\"SearchAction\",\"target\":{\"@type\":\"EntryPoint\",\"urlTemplate\":\"https:\/\/cbf.ca\/?s={search_term_string}\"},\"query-input\":\"required name=search_term_string\"}],\"inLanguage\":\"fr-FR\"}]}<\/script>\n<!-- \/ Yoast SEO plugin. -->","yoast_head_json":{"title":"Renouvellement de l'adh\u00e9sion - Canadian Bridge Federation","robots":{"index":"index","follow":"follow","max-snippet":"max-snippet:-1","max-image-preview":"max-image-preview:large","max-video-preview":"max-video-preview:-1"},"canonical":"https:\/\/cbf.ca\/fr\/section-membres\/renouvellement-de-ladhesion\/","og_locale":"fr_FR","og_type":"article","og_title":"Renouvellement de l'adh\u00e9sion - Canadian Bridge Federation","og_description":"Cotisation \u00e0 la FCB 1 an &#8211; 25$ Joueurs de 25 ans et moins: les frais d\u2019adh\u00e9sion sont 10 $ par ann\u00e9e. Le code promo est JUNIOR. 2 ans &#8211; 50$ 3 ans &#8211; 65$ Pour voir votre profil et la date de renouvellement de votre adh\u00e9sion \u00e0 la FCB, svp aller \u00e0 la page","og_url":"https:\/\/cbf.ca\/fr\/section-membres\/renouvellement-de-ladhesion\/","og_site_name":"Canadian Bridge Federation","article_publisher":"https:\/\/www.facebook.com\/Canadian.Bridge.Federation\/","article_modified_time":"2025-05-18T04:33:29+00:00","twitter_misc":{"Dur\u00e9e de lecture estim\u00e9e":"1 minute"},"schema":{"@context":"https:\/\/schema.org","@graph":[{"@type":"WebPage","@id":"https:\/\/cbf.ca\/fr\/section-membres\/renouvellement-de-ladhesion\/","url":"https:\/\/cbf.ca\/fr\/section-membres\/renouvellement-de-ladhesion\/","name":"Renouvellement de l'adh\u00e9sion - Canadian Bridge Federation","isPartOf":{"@id":"https:\/\/cbf.ca\/#website"},"datePublished":"2014-11-27T22:18:46+00:00","dateModified":"2025-05-18T04:33:29+00:00","breadcrumb":{"@id":"https:\/\/cbf.ca\/fr\/section-membres\/renouvellement-de-ladhesion\/#breadcrumb"},"inLanguage":"fr-FR","potentialAction":[{"@type":"ReadAction","target":["https:\/\/cbf.ca\/fr\/section-membres\/renouvellement-de-ladhesion\/"]}]},{"@type":"BreadcrumbList","@id":"https:\/\/cbf.ca\/fr\/section-membres\/renouvellement-de-ladhesion\/#breadcrumb","itemListElement":[{"@type":"ListItem","position":1,"name":"Home","item":"https:\/\/cbf.ca\/"},{"@type":"ListItem","position":2,"name":"Section membres","item":"https:\/\/cbf.ca\/fr\/section-membres\/"},{"@type":"ListItem","position":3,"name":"Renouvellement de l&#8217;adh\u00e9sion"}]},{"@type":"WebSite","@id":"https:\/\/cbf.ca\/#website","url":"https:\/\/cbf.ca\/","name":"Canadian Bridge Federation","description":"F\u00e9d\u00e9ration canadienne de bridge","potentialAction":[{"@type":"SearchAction","target":{"@type":"EntryPoint","urlTemplate":"https:\/\/cbf.ca\/?s={search_term_string}"},"query-input":"required name=search_term_string"}],"inLanguage":"fr-FR"}]}},"_links":{"self":[{"href":"https:\/\/cbf.ca\/fr\/wp-json\/wp\/v2\/pages\/26407"}],"collection":[{"href":"https:\/\/cbf.ca\/fr\/wp-json\/wp\/v2\/pages"}],"about":[{"href":"https:\/\/cbf.ca\/fr\/wp-json\/wp\/v2\/types\/page"}],"author":[{"embeddable":true,"href":"https:\/\/cbf.ca\/fr\/wp-json\/wp\/v2\/users\/1"}],"replies":[{"embeddable":true,"href":"https:\/\/cbf.ca\/fr\/wp-json\/wp\/v2\/comments?post=26407"}],"version-history":[{"count":13,"href":"https:\/\/cbf.ca\/fr\/wp-json\/wp\/v2\/pages\/26407\/revisions"}],"predecessor-version":[{"id":32529,"href":"https:\/\/cbf.ca\/fr\/wp-json\/wp\/v2\/pages\/26407\/revisions\/32529"}],"up":[{"embeddable":true,"href":"https:\/\/cbf.ca\/fr\/wp-json\/wp\/v2\/pages\/4532"}],"wp:attachment":[{"href":"https:\/\/cbf.ca\/fr\/wp-json\/wp\/v2\/media?parent=26407"}],"curies":[{"name":"wp","href":"https:\/\/api.w.org\/{rel}","templated":true}]}}