{"id":24401,"date":"2025-01-06T19:55:00","date_gmt":"2025-01-06T15:55:00","guid":{"rendered":"https:\/\/cbf.ca\/evenements\/calendrier-des-evenements-2023\/"},"modified":"2025-10-18T18:33:53","modified_gmt":"2025-10-18T14:33:53","slug":"calendrier-des-evenements-2025","status":"publish","type":"page","link":"https:\/\/cbf.ca\/fr\/evenements\/calendrier-des-evenements-2025\/","title":{"rendered":"Calendrier des \u00e9v\u00e9nements 2025"},"content":{"rendered":"\n<p>Ci-joint une liste des \u00e9v\u00e9nements de la FCB et d&rsquo;\u00e9v\u00e9nements d\u2019int\u00e9r\u00eat pour les membres de la FCB pour l\u2019ann\u00e9e 2025. <\/p>\n\n\n<div style=\"overflow-x: auto;\">\n<table style=\"height: 1620px;\" width=\"840\">\n<tbody>\n<tr>\n<td width=\"70\"><strong>Mois<\/strong><\/td>\n<td width=\"220\"><strong>Date<\/strong><\/td>\n<td width=\"540\"><strong>\u00c9v\u00e9nements<\/strong><\/td>\n<\/tr>\n<tr>\n<td style=\"text-align: top;\" rowspan=\"8\">Janvier<\/td>\n<td>Tout le mois<\/td>\n<td>Partie pour le Fonds junior &#8211; dans les clubs<\/td>\n<\/tr>\n<tr>\n<td>4-5 janvier<\/td>\n<td><strong>CWTC &#8211; Tournoi \u00e0 la ronde sur RealBridge<\/strong><\/td>\n<\/tr>\n<tr>\n<td>10 janvier<\/td>\n<td>Partie ACBL-wide pour le Fonds junior<\/td>\n<\/tr>\n<tr>\n<td>11-12 janvier<\/td>\n<td><strong>CMTC &#8211; Tournoi \u00e0 la ronde sur RealBridge<\/strong><\/td>\n<\/tr>\n<tr>\n<td>17-18-19 janvier<\/td>\n<td><strong>CNTC-A &#8211; Tournoi \u00e0 la ronde sur RealBridge<\/strong><\/td>\n<\/tr>\n<tr>\n<td>18 janvier<\/td>\n<td>Partie FCB sur BBO &#8211; <strong>Qualification COPC 2025 &#8211; <\/strong>13h15 HE<\/td>\n<\/tr>\n<tr>\n<td>25-26 janvier<\/td>\n<td><strong>CNTC-B &#8211; Tournoi \u00e0 la ronde sur BBO<\/strong><\/td>\n<\/tr>\n<tr>\n<td>27 jan. &#8211; 6 f\u00e9v.<\/td>\n<td>Coupe <em>PBU &amp; CBF Transatlantic Seniors<\/em><\/td>\n<\/tr>\n<tr>\n<td rowspan=\"7\">F\u00e9vrier<\/td>\n<td>Tout le mois<\/td>\n<td>Parties pour le Fonds \u00e9ducation &#8211; dans les clubs<\/td>\n<\/tr>\n<tr>\n<td>3-4 f\u00e9vrier<\/td>\n<td><strong>CSTC &#8211; Tournoi \u00e0 la ronde sur RealBridge<\/strong><\/td>\n<\/tr>\n<tr>\n<td>8-9 f\u00e9vrier<\/td>\n<td><strong>CNTC-C &#8211; Tournoi \u00e0 la ronde sur BBO<\/strong><\/td>\n<\/tr>\n<tr>\n<td>8 f\u00e9vrier<\/td>\n<td>Partie ACBL-wide pour le Fonds international ACBL<\/td>\n<\/tr>\n<tr>\n<td>10-16 f\u00e9vrier<\/td>\n<td>Stardust Week<\/td>\n<\/tr>\n<tr>\n<td>15 f\u00e9vrier<\/td>\n<td>Partie FCB sur BBO &#8211; <strong>Qualification COPC 2025 &#8211; <\/strong>13h15 HE<\/td>\n<\/tr>\n<tr>\n<td>17-23 f\u00e9vrier<\/td>\n<td><strong>STaC pancanadien FCB dans les clubs<\/strong><\/td>\n<\/tr>\n<tr>\n<td style=\"text-align: top;\" rowspan=\"2\">Mars<\/td>\n<td>15 mars<\/td>\n<td><strong>Partie FCB sur BBO &#8211;\u00a0 Qualification COPC 2025 &#8211;<\/strong><strong>\u00a0<\/strong>13:15 HE<\/td>\n<\/tr>\n<tr>\n<td>25 mars<\/td>\n<td>Partie ACBL-wide pour le Fonds de charit\u00e9 (1 de 2)<\/td>\n<\/tr>\n<tr>\n<td rowspan=\"4\">Avril<\/td>\n<td>Tout le mois<\/td>\n<td>Parties Charit\u00e9 &#8211; Dans les clubs<\/td>\n<\/tr>\n<tr>\n<td>2 avril (mercredi)<\/td>\n<td><strong>Partie ma\u00eetres-novices Helen Shields &#8211; Dans les clubs<\/strong><\/td>\n<\/tr>\n<tr>\n<td>14-20 avril<\/td>\n<td><strong>Championnats canadiens de bridge 2025 &#8211; <br \/>\u00c9liminatoires : <\/strong><strong>CNTC A-B-C\/CWTC\/CSTC\/CMTC\/COPC<\/strong><\/td>\n<\/tr>\n<tr>\n<td>16 avril<\/td>\n<td style=\"text-align: top;\">Partie ACBL-wide pour le Fonds de charit\u00e9 (2 de 2)<\/td>\n<\/tr>\n<tr>\n<td rowspan=\"1\">Mai<\/td>\n<td>5-11 mai<\/td>\n<td>Stardust Week &#8211; Points Or dans les clubs<\/td>\n<\/tr>\n<tr>\n<td rowspan=\"2\">Juin<\/td>\n<td>Tout le mois<\/td>\n<td>Paires nord-am\u00e9ricaines &#8211; Parties dans les clubs (<em>Open, A, B, C)<\/em><\/td>\n<\/tr>\n<tr>\n<td>15-22 juin\u00a0<\/td>\n<td><strong>1 jour &#8211; Jour du bridge \/ Soci\u00e9t\u00e9s Alzheimer<\/strong><\/td>\n<\/tr>\n<tr>\n<td rowspan=\"3\">Juillet<\/td>\n<td>Tout le mois<\/td>\n<td>Paires nord-am\u00e9ricaines &#8211; Parties dans les clubs (<em>Open, A, B, C)<\/em><\/td>\n<\/tr>\n<tr>\n<td>12-17 juillet<\/td>\n<td><strong>Championnats du monde des \u00e9quipes junior<\/strong> &#8211; Italie<\/td>\n<\/tr>\n<tr>\n<td>25 juillet<\/td>\n<td><strong>Parties Maple Leaf<\/strong> (Pratique)<\/td>\n<\/tr>\n<tr>\n<td rowspan=\"5\">Ao\u00fbt<\/td>\n<td>Tout le mois<\/td>\n<td>Paires nord-am\u00e9ricaines &#8211; Parties dans les clubs (<em>Open, A, B, C)<\/em><\/td>\n<\/tr>\n<tr>\n<td>1-8-15 ao\u00fbt<\/td>\n<td><strong>Parties Maple Leaf<\/strong> (Pratique)(<em>Open, A, B, C)<\/em><strong><br \/><\/strong><\/td>\n<\/tr>\n<tr>\n<td>13 ao\u00fbt<\/td>\n<td><strong>Assembl\u00e9e g\u00e9n\u00e9rale annuelle sur Zoom<\/strong><\/td>\n<\/tr>\n<tr>\n<td>22-29 ao\u00fbt (d\u00e9but)<\/td>\n<td><strong>Parties Maple Leaf<\/strong> (avec points et $ pour clubs)<strong><br \/><\/strong><\/td>\n<\/tr>\n<tr>\n<td>20-31 ao\u00fbt<\/td>\n<td><strong>Championnats du monde des \u00e9quipes, Danemark<\/strong><\/td>\n<\/tr>\n<tr>\n<td style=\"text-align: top;\" rowspan=\"6\">Septembre<\/td>\n<td>Tout le mois<\/td>\n<td>Qualifications dans les clubs pour les CCB 2026<br \/>Sept. \u00e0 d\u00e9c. &#8211; Paires COPC et \u00c9quipes CNTC-CWTC-CSTC-CMTC<\/td>\n<\/tr>\n<tr>\n<td>Tout le mois<\/td>\n<td>Parties pour le Fonds international<\/td>\n<\/tr>\n<tr>\n<td>Vendredis soirs<\/td>\n<td><strong>Parties Maple Leaf <\/strong>(avec points et $ pour clubs)<\/td>\n<\/tr>\n<tr>\n<td>15-30 septembre<\/td>\n<td><strong>Inscription pour la Ligue des \u00e9quipes en ligne FCB<br \/><\/strong><\/td>\n<\/tr>\n<tr>\n<td>16 septembre (mardi)<\/td>\n<td><strong>Assembl\u00e9e g\u00e9n\u00e9rale annuelle<\/strong> -sur Zoom \u00e0 19h30 HE <a href=\"https:\/\/zoom.us\/j\/98265119411?pwd=F1Xj7IY7WQqnS5qP9qQ9hNJshYeaDr.1\" target=\"_blank\" rel=\"noopener\">(Lien)<\/a><\/td>\n<\/tr>\n<tr>\n<td>19 septembre (ven.)<\/td>\n<td><strong>COPC 2026<\/strong> &#8211; Qualification Paires sur RealBridge<\/td>\n<\/tr>\n<tr>\n<td style=\"text-align: top;\" rowspan=\"8\">Octobre<\/td>\n<td>Tout le mois<\/td>\n<td>Qualifications dans les clubs pour les CCB 2026<br \/>Sept. \u00e0 d\u00e9c. &#8211; Paires COPC et \u00c9quipes CNTC-CWTC-CSTC-CMTC<\/td>\n<\/tr>\n<tr>\n<td>Tout le mois<\/td>\n<td>Ligue des \u00e9quipes en ligne FCB &#8211; Octobre \u00e0 F\u00e9vrier<\/td>\n<\/tr>\n<tr>\n<td>Vendredis soirs<\/td>\n<td><strong>Parties Maple Leaf<\/strong> (avec points et $ pour clubs)<\/td>\n<\/tr>\n<tr>\n<td>14 octobre (mardi)<\/td>\n<td><strong>Qualification CCB-\u00c9quipes (CNTC-CWTC-CSTC-CMTC<\/strong> sur BBO<strong><br \/><\/strong><\/td>\n<\/tr>\n<tr>\n<td>16 octobre (jeudi)<\/td>\n<td><strong>Partie ma\u00eetes-novices Erin Berry<\/strong> &#8211; Dans les clubs<\/td>\n<\/tr>\n<tr>\n<td>17 octobre (vendredi)<\/td>\n<td><strong>COPC 2026<\/strong> &#8211; Qualification Paires sur RealBridge<\/td>\n<\/tr>\n<tr>\n<td>20 octobre<\/td>\n<td>CCB 2026 &#8211; D\u00e9but des inscriptions des \u00e9quipes<\/td>\n<\/tr>\n<tr>\n<td>27 octobre (lundi)<\/td>\n<td><strong>Qualification CCB-\u00c9quipes (CNTC-CWTC-CSTC-CMTC<\/strong> sur BBO<\/td>\n<\/tr>\n<tr>\n<td style=\"text-align: top;\" rowspan=\"4\">Novembre<\/td>\n<td>Tout le mois<\/td>\n<td>Qualifications dans les clubs pour les CCB 2026<br \/>Sept. \u00e0 d\u00e9c. &#8211; Paires COPC et \u00c9quipes CNTC-CWTC-CSTC-CMTC<\/td>\n<\/tr>\n<tr>\n<td>Vendredis soirs<\/td>\n<td><strong>Parties Maple Leaf<\/strong> (avec points et $ pour clubs)<\/td>\n<\/tr>\n<tr>\n<td>9 novembre (dimanche)<\/td>\n<td><strong>Qualification CCB-\u00c9quipes (CNTC-CWTC-CSTC-CMTC<\/strong>\u00a0sur BBO<strong><br \/><\/strong><\/td>\n<\/tr>\n<tr>\n<td>21 novembre (vendredi)<\/td>\n<td><strong>COPC 2026<\/strong> &#8211; Qualification Paires sur RealBridge<\/td>\n<\/tr>\n<tr>\n<td style=\"text-align: top;\" rowspan=\"6\">D\u00e9cembre<\/td>\n<td>Tout le mois<\/td>\n<td>Qualifications dans les clubs pour les CCB 2026<br \/>Sept. \u00e0 d\u00e9c. &#8211; Paires COPC et \u00c9quipes CNTC-CWTC-CSTC-CMTC<\/td>\n<\/tr>\n<tr>\n<td>Vendredis soirs<\/td>\n<td><strong>Parties Maple Leaf<\/strong> (avec points et $ pour clubs)<\/td>\n<\/tr>\n<tr>\n<td>7 d\u00e9cembre (dimanche)<\/td>\n<td><strong>Qualification CCB-\u00c9quipes (CNTC-CWTC-CSTC-CMTC<\/strong> sur BBO<\/td>\n<\/tr>\n<tr>\n<td>16 d\u00e9cembre (mardi)<\/td>\n<td><strong>Qualification CCB-\u00c9quipes (CNTC-CWTC-CSTC-CMTC<\/strong> sur BBO<strong><br \/><\/strong><\/td>\n<\/tr>\n<tr>\n<td>19 d\u00e9cembre (vendredi)<\/td>\n<td><strong>COPC 2026<\/strong>\u00a0&#8211; Qualification Paires sur RealBridge<\/td>\n<\/tr>\n<\/tbody>\n<\/table>\n<\/div>\n\n\n<p><strong>Note: Tous les joueurs doivent obtenir ou acheter leur qualification pour participer aux Championnats canadiens. Paires COPC et \u00c9quipes: CNTC-A, CSTC, CWTC, CMTC<\/strong>. Plus d&rsquo;informations, dont l&rsquo;heure des parties, sur la page <a href=\"https:\/\/cbf.ca\/fr\/evenements\/parties-fcb-qualifications-ccb-en-ligne\/\" target=\"_blank\" rel=\"noreferrer noopener\">Parties de la FCB &#8211; Qualifications CCB: <\/a><a href=\"https:\/\/cbf.ca\/events\/monthly-canada-wide-game-bbo\/\" target=\"_blank\" rel=\"noreferrer noopener\">Paires et \u00e9quipes<\/a>.<\/p>\n\n\n\n<p><strong>RealBridge<\/strong>: pour les informations sur la cr\u00e9ation du compte RealBridge et le d\u00e9p\u00f4t de fonds dans le compte, ainsi que sur la fa\u00e7on de se connecter \u00e0 la partie, consulter la page <a href=\"https:\/\/cbf.ca\/fr\/parties-maple-leaf-en-ligne\/\" target=\"_blank\" rel=\"noreferrer noopener\">Parties RealBridge<\/a>.<\/p>\n\n\n\n<p>Liste sur le site ACBL : <a href=\"https:\/\/www.acbl.org\/portfolio\/special-events-calendar\/\" target=\"_blank\" rel=\"noreferrer noopener\">cliquer ici<\/a><\/p>\n\n\n\n\n","protected":false},"excerpt":{"rendered":"<p>Ci-joint une liste des \u00e9v\u00e9nements de la FCB et d&rsquo;\u00e9v\u00e9nements d\u2019int\u00e9r\u00eat pour les membres de la FCB pour l\u2019ann\u00e9e 2025. Mois Date \u00c9v\u00e9nements Janvier Tout le mois Partie pour le Fonds junior &#8211; dans les clubs 4-5 janvier CWTC &#8211; Tournoi \u00e0 la ronde sur RealBridge 10 janvier Partie ACBL-wide pour le Fonds junior 11-12<br><a class=\"moretag signature-animation\" href=\"https:\/\/cbf.ca\/fr\/evenements\/calendrier-des-evenements-2025\/\">CONTINUER LA LECTURE<\/a>","protected":false},"author":1,"featured_media":0,"parent":3451,"menu_order":0,"comment_status":"closed","ping_status":"closed","template":"","meta":{"footnotes":""},"yoast_head":"<!-- This site is optimized with the Yoast SEO plugin v22.3 - https:\/\/yoast.com\/wordpress\/plugins\/seo\/ -->\n<title>Calendrier des \u00e9v\u00e9nements 2025 - Canadian Bridge Federation<\/title>\n<meta name=\"robots\" content=\"index, follow, max-snippet:-1, max-image-preview:large, max-video-preview:-1\" \/>\n<link rel=\"canonical\" href=\"https:\/\/cbf.ca\/fr\/evenements\/calendrier-des-evenements-2025\/\" \/>\n<meta property=\"og:locale\" content=\"fr_FR\" \/>\n<meta property=\"og:type\" content=\"article\" \/>\n<meta property=\"og:title\" content=\"Calendrier des \u00e9v\u00e9nements 2025 - Canadian Bridge Federation\" \/>\n<meta property=\"og:description\" content=\"Ci-joint une liste des \u00e9v\u00e9nements de la FCB et d&rsquo;\u00e9v\u00e9nements d\u2019int\u00e9r\u00eat pour les membres de la FCB pour l\u2019ann\u00e9e 2025. Mois Date \u00c9v\u00e9nements Janvier Tout le mois Partie pour le Fonds junior &#8211; dans les clubs 4-5 janvier CWTC &#8211; Tournoi \u00e0 la ronde sur RealBridge 10 janvier Partie ACBL-wide pour le Fonds junior 11-12\" \/>\n<meta property=\"og:url\" content=\"https:\/\/cbf.ca\/fr\/evenements\/calendrier-des-evenements-2025\/\" \/>\n<meta property=\"og:site_name\" content=\"Canadian Bridge Federation\" \/>\n<meta property=\"article:publisher\" content=\"https:\/\/www.facebook.com\/Canadian.Bridge.Federation\/\" \/>\n<meta property=\"article:modified_time\" content=\"2025-10-18T14:33:53+00:00\" \/>\n<meta name=\"twitter:label1\" content=\"Dur\u00e9e de lecture estim\u00e9e\" \/>\n\t<meta name=\"twitter:data1\" content=\"3 minutes\" \/>\n<script type=\"application\/ld+json\" class=\"yoast-schema-graph\">{\"@context\":\"https:\/\/schema.org\",\"@graph\":[{\"@type\":\"WebPage\",\"@id\":\"https:\/\/cbf.ca\/fr\/evenements\/calendrier-des-evenements-2025\/\",\"url\":\"https:\/\/cbf.ca\/fr\/evenements\/calendrier-des-evenements-2025\/\",\"name\":\"Calendrier des \u00e9v\u00e9nements 2025 - Canadian Bridge Federation\",\"isPartOf\":{\"@id\":\"https:\/\/cbf.ca\/#website\"},\"datePublished\":\"2025-01-06T15:55:00+00:00\",\"dateModified\":\"2025-10-18T14:33:53+00:00\",\"breadcrumb\":{\"@id\":\"https:\/\/cbf.ca\/fr\/evenements\/calendrier-des-evenements-2025\/#breadcrumb\"},\"inLanguage\":\"fr-FR\",\"potentialAction\":[{\"@type\":\"ReadAction\",\"target\":[\"https:\/\/cbf.ca\/fr\/evenements\/calendrier-des-evenements-2025\/\"]}]},{\"@type\":\"BreadcrumbList\",\"@id\":\"https:\/\/cbf.ca\/fr\/evenements\/calendrier-des-evenements-2025\/#breadcrumb\",\"itemListElement\":[{\"@type\":\"ListItem\",\"position\":1,\"name\":\"Home\",\"item\":\"https:\/\/cbf.ca\/\"},{\"@type\":\"ListItem\",\"position\":2,\"name\":\"\u00c9v\u00e9nements\",\"item\":\"https:\/\/cbf.ca\/fr\/evenements\/\"},{\"@type\":\"ListItem\",\"position\":3,\"name\":\"Calendrier des \u00e9v\u00e9nements 2025\"}]},{\"@type\":\"WebSite\",\"@id\":\"https:\/\/cbf.ca\/#website\",\"url\":\"https:\/\/cbf.ca\/\",\"name\":\"Canadian Bridge Federation\",\"description\":\"F\u00e9d\u00e9ration canadienne de bridge\",\"potentialAction\":[{\"@type\":\"SearchAction\",\"target\":{\"@type\":\"EntryPoint\",\"urlTemplate\":\"https:\/\/cbf.ca\/?s={search_term_string}\"},\"query-input\":\"required name=search_term_string\"}],\"inLanguage\":\"fr-FR\"}]}<\/script>\n<!-- \/ Yoast SEO plugin. -->","yoast_head_json":{"title":"Calendrier des \u00e9v\u00e9nements 2025 - Canadian Bridge Federation","robots":{"index":"index","follow":"follow","max-snippet":"max-snippet:-1","max-image-preview":"max-image-preview:large","max-video-preview":"max-video-preview:-1"},"canonical":"https:\/\/cbf.ca\/fr\/evenements\/calendrier-des-evenements-2025\/","og_locale":"fr_FR","og_type":"article","og_title":"Calendrier des \u00e9v\u00e9nements 2025 - Canadian Bridge Federation","og_description":"Ci-joint une liste des \u00e9v\u00e9nements de la FCB et d&rsquo;\u00e9v\u00e9nements d\u2019int\u00e9r\u00eat pour les membres de la FCB pour l\u2019ann\u00e9e 2025. Mois Date \u00c9v\u00e9nements Janvier Tout le mois Partie pour le Fonds junior &#8211; dans les clubs 4-5 janvier CWTC &#8211; Tournoi \u00e0 la ronde sur RealBridge 10 janvier Partie ACBL-wide pour le Fonds junior 11-12","og_url":"https:\/\/cbf.ca\/fr\/evenements\/calendrier-des-evenements-2025\/","og_site_name":"Canadian Bridge Federation","article_publisher":"https:\/\/www.facebook.com\/Canadian.Bridge.Federation\/","article_modified_time":"2025-10-18T14:33:53+00:00","twitter_misc":{"Dur\u00e9e de lecture estim\u00e9e":"3 minutes"},"schema":{"@context":"https:\/\/schema.org","@graph":[{"@type":"WebPage","@id":"https:\/\/cbf.ca\/fr\/evenements\/calendrier-des-evenements-2025\/","url":"https:\/\/cbf.ca\/fr\/evenements\/calendrier-des-evenements-2025\/","name":"Calendrier des \u00e9v\u00e9nements 2025 - Canadian Bridge Federation","isPartOf":{"@id":"https:\/\/cbf.ca\/#website"},"datePublished":"2025-01-06T15:55:00+00:00","dateModified":"2025-10-18T14:33:53+00:00","breadcrumb":{"@id":"https:\/\/cbf.ca\/fr\/evenements\/calendrier-des-evenements-2025\/#breadcrumb"},"inLanguage":"fr-FR","potentialAction":[{"@type":"ReadAction","target":["https:\/\/cbf.ca\/fr\/evenements\/calendrier-des-evenements-2025\/"]}]},{"@type":"BreadcrumbList","@id":"https:\/\/cbf.ca\/fr\/evenements\/calendrier-des-evenements-2025\/#breadcrumb","itemListElement":[{"@type":"ListItem","position":1,"name":"Home","item":"https:\/\/cbf.ca\/"},{"@type":"ListItem","position":2,"name":"\u00c9v\u00e9nements","item":"https:\/\/cbf.ca\/fr\/evenements\/"},{"@type":"ListItem","position":3,"name":"Calendrier des \u00e9v\u00e9nements 2025"}]},{"@type":"WebSite","@id":"https:\/\/cbf.ca\/#website","url":"https:\/\/cbf.ca\/","name":"Canadian Bridge Federation","description":"F\u00e9d\u00e9ration canadienne de bridge","potentialAction":[{"@type":"SearchAction","target":{"@type":"EntryPoint","urlTemplate":"https:\/\/cbf.ca\/?s={search_term_string}"},"query-input":"required name=search_term_string"}],"inLanguage":"fr-FR"}]}},"_links":{"self":[{"href":"https:\/\/cbf.ca\/fr\/wp-json\/wp\/v2\/pages\/24401"}],"collection":[{"href":"https:\/\/cbf.ca\/fr\/wp-json\/wp\/v2\/pages"}],"about":[{"href":"https:\/\/cbf.ca\/fr\/wp-json\/wp\/v2\/types\/page"}],"author":[{"embeddable":true,"href":"https:\/\/cbf.ca\/fr\/wp-json\/wp\/v2\/users\/1"}],"replies":[{"embeddable":true,"href":"https:\/\/cbf.ca\/fr\/wp-json\/wp\/v2\/comments?post=24401"}],"version-history":[{"count":97,"href":"https:\/\/cbf.ca\/fr\/wp-json\/wp\/v2\/pages\/24401\/revisions"}],"predecessor-version":[{"id":35487,"href":"https:\/\/cbf.ca\/fr\/wp-json\/wp\/v2\/pages\/24401\/revisions\/35487"}],"up":[{"embeddable":true,"href":"https:\/\/cbf.ca\/fr\/wp-json\/wp\/v2\/pages\/3451"}],"wp:attachment":[{"href":"https:\/\/cbf.ca\/fr\/wp-json\/wp\/v2\/media?parent=24401"}],"curies":[{"name":"wp","href":"https:\/\/api.w.org\/{rel}","templated":true}]}}