{"id":23645,"date":"2024-10-23T17:58:00","date_gmt":"2024-10-23T13:58:00","guid":{"rendered":"https:\/\/cbf.ca\/evenements\/championnats-canadiens-de-bridge\/2023-canadian-bridge-championships\/"},"modified":"2025-05-12T06:54:50","modified_gmt":"2025-05-12T02:54:50","slug":"2025-championnats-canadiens","status":"publish","type":"page","link":"https:\/\/cbf.ca\/fr\/evenements\/championnats-canadiens-de-bridge\/2025-championnats-canadiens\/","title":{"rendered":"Championnats canadiens de bridge 2025"},"content":{"rendered":"\n<p>Le tournoi \u00e0 la ronde de tous les \u00e9v\u00e9nements en \u00e9quipes des Championnats canadiens de bridge 2025 seront jou\u00e9s en ligne en janvier et f\u00e9vrier 2025 : sur RealBridge (CNTC-A, CWTC, CSTC, CMTC) et BBO (CNTC &#8211; B et C). <\/p>\n\n\n\n<p>L&rsquo;\u00e9tape des \u00e9liminatoires (Finales) de tous les \u00e9v\u00e9nements en \u00e9quipes et le COPC seront jou\u00e9s \u00e0 Toronto entre le 14 et le 20 avril 2025.<br \/>Endroit: <strong>Hart House (Debates Room), 7 Hart House Circle, Toronto, On M5S 3H3<\/strong> <\/p>\n\n\n\n<ul>\n<li>Inscrire une \u00e9quipe : <a href=\"https:\/\/cbf.ca\/events\/#id=10187&amp;cid=1042&amp;wid=1401\" target=\"_blank\" rel=\"noreferrer noopener\">Cliquer ici<\/a><\/li>\n\n\n\n<li><a href=\"https:\/\/cbf.ca\/BWeek\/25files\/2025CBC-General-CoC-FR-Nov2024.pdf\" target=\"_blank\" rel=\"noreferrer noopener\">R\u00e8glements g\u00e9n\u00e9raux des CCB 2025<\/a> &#8211; Mis \u00e0 jour en novembre 2024<\/li>\n\n\n\n<li><a href=\"https:\/\/cbf.ca\/BWeek\/25files\/2025CBC-Suppl-CoC-FR-Nov2024.pdf\" target=\"_blank\" rel=\"noreferrer noopener\">R\u00e8glements compl\u00e9mentaires des CCB 2025<\/a> &#8211; Mis \u00e0 jour en novembre 2024<\/li>\n<\/ul>\n\n\n<a href=\"https:\/\/cbf.ca\/BWeek\/25files\/index.shtml\" class=\"btn bluth red btn- \" target=\"_self\"> Cliquer ici pour voir les d\u00e9tails, les \u00e9quipes, les r\u00e9sutats, les finalistes et les photos<\/a>\n\n\n<h3 class=\"wp-block-heading\"><strong><\/strong><strong>Champions canadiens de bridge pr\u00e9c\u00e9dents<\/strong><\/h3>\n\n\n\n<figure class=\"wp-block-table\"><table><tbody><tr><td><\/td><td><\/td><td><a href=\"https:\/\/cbf.ca\/BWeek\/25files\/index.shtml\" target=\"_blank\" rel=\"noreferrer noopener\">2025<\/a><\/td><td><a href=\"https:\/\/cbf.ca\/BWeek\/24files\/index.shtml\" target=\"_blank\" rel=\"noreferrer noopener\">2024<\/a><\/td><td><a href=\"https:\/\/cbf.ca\/BWeek\/23files\/index.shtml\" target=\"_blank\" rel=\"noreferrer noopener\">2023<\/a><\/td><td><a href=\"https:\/\/cbf.ca\/BWeek\/22files\/index.shtml\" target=\"_blank\" rel=\"noreferrer noopener\">2022<\/a><\/td><\/tr><tr><td><a href=\"https:\/\/cbf.ca\/BWeek\/21files\/index.shtml\" target=\"_blank\" rel=\"noreferrer noopener\">2021<\/a><\/td><td><a href=\"https:\/\/cbf.ca\/BWeek\/20files\/index.shtml\" target=\"_blank\" rel=\"noreferrer noopener\">2020<\/a><\/td><td><a href=\"https:\/\/cbf.ca\/BWeek\/19files\/index.shtml\" target=\"_blank\" rel=\"noreferrer noopener\">2019<\/a><\/td><td><a href=\"https:\/\/cbf.ca\/BWeek\/18files\/index.shtml\" target=\"_blank\" rel=\"noreferrer noopener\">2018<\/a><\/td><td><a href=\"https:\/\/cbf.ca\/BWeek\/17files\/index.shtml\" target=\"_blank\" rel=\"noreferrer noopener\">2017<\/a><\/td><td><a href=\"https:\/\/cbf.ca\/BWeek\/16files\/index.shtml\" target=\"_blank\" rel=\"noreferrer noopener\">2016<\/a><\/td><\/tr><tr><td><a href=\"https:\/\/cbf.ca\/BWeek\/15files\/index.shtml\" target=\"_blank\" rel=\"noreferrer noopener\">2015<\/a><\/td><td><a href=\"https:\/\/cbf.ca\/BWeek\/14files\/index.shtml\" target=\"_blank\" rel=\"noreferrer noopener\">2014<\/a><\/td><td><a href=\"https:\/\/cbf.ca\/BWeek\/13files\/index.shtml\" target=\"_blank\" rel=\"noreferrer noopener\">2013<\/a><\/td><td><a href=\"https:\/\/cbf.ca\/BWeek\/12files\/\" target=\"_blank\" rel=\"noreferrer noopener\">2012<\/a><\/td><td><a href=\"https:\/\/www.cbf.ca\/BWeek\/11files\/\" target=\"_blank\" rel=\"noreferrer noopener\">2011<\/a><\/td><td><a href=\"https:\/\/www.cbf.ca\/BWeek\/10files\/\" target=\"_blank\" rel=\"noreferrer noopener\">2010<\/a><\/td><\/tr><tr><td><a href=\"https:\/\/www.cbf.ca\/BWeek\/09files\/\" target=\"_blank\" rel=\"noreferrer noopener\">2009<\/a><\/td><td><a href=\"https:\/\/www.cbf.ca\/BWeek\/08files\/\" target=\"_blank\" rel=\"noreferrer noopener\">2008<\/a><\/td><td><a href=\"https:\/\/www.cbf.ca\/BWeek\/BWeek07.html\" target=\"_blank\" rel=\"noreferrer noopener\">2007<\/a><\/td><td><a href=\"https:\/\/www.cbf.ca\/BWeek\/BWeek05.html\" target=\"_blank\" rel=\"noreferrer noopener\">2006<\/a><\/td><td><a href=\"https:\/\/www.cbf.ca\/BWeek\/BWeek05.html\" target=\"_blank\" rel=\"noreferrer noopener\">2005<\/a><\/td><td><a href=\"https:\/\/www.cbf.ca\/BWeek\/BWeek04.html\" target=\"_blank\" rel=\"noreferrer noopener\">2004<\/a><\/td><\/tr><tr><td><a href=\"https:\/\/www.cbf.ca\/BWeek\/BWeek03.html\" target=\"_blank\" rel=\"noreferrer noopener\">2003<\/a><\/td><td><a href=\"https:\/\/www.cbf.ca\/BWeek\/BWeek02.html\" target=\"_blank\" rel=\"noreferrer noopener\">2002<\/a><\/td><td><a href=\"https:\/\/www.cbf.ca\/BWeek\/BWeek01.html\" target=\"_blank\" rel=\"noreferrer noopener\">2001<\/a><\/td><td><a href=\"https:\/\/www.cbf.ca\/BWeek\/00results\/index.html\" target=\"_blank\" rel=\"noreferrer noopener\">2000<\/a><\/td><td><a href=\"https:\/\/www.cbf.ca\/BWeek\/99results\/99CNC.html\" target=\"_blank\" rel=\"noreferrer noopener\">1999<\/a><\/td><td><a href=\"https:\/\/www.cbf.ca\/BWeek\/98results\/98CNC.html\" target=\"_blank\" rel=\"noreferrer noopener\">1998<\/a><\/td><\/tr><\/tbody><\/table><\/figure>\n\n\n\n\n","protected":false},"excerpt":{"rendered":"<p>Le tournoi \u00e0 la ronde de tous les \u00e9v\u00e9nements en \u00e9quipes des Championnats canadiens de bridge 2025 seront jou\u00e9s en ligne en janvier et f\u00e9vrier 2025 : sur RealBridge (CNTC-A, CWTC, CSTC, CMTC) et BBO (CNTC &#8211; B et C). L&rsquo;\u00e9tape des \u00e9liminatoires (Finales) de tous les \u00e9v\u00e9nements en \u00e9quipes et le COPC seront jou\u00e9s<br><a class=\"moretag signature-animation\" href=\"https:\/\/cbf.ca\/fr\/evenements\/championnats-canadiens-de-bridge\/2025-championnats-canadiens\/\">CONTINUER LA LECTURE<\/a>","protected":false},"author":1,"featured_media":0,"parent":3462,"menu_order":0,"comment_status":"closed","ping_status":"closed","template":"","meta":{"footnotes":""},"yoast_head":"<!-- This site is optimized with the Yoast SEO plugin v22.3 - https:\/\/yoast.com\/wordpress\/plugins\/seo\/ -->\n<title>Championnats canadiens de bridge 2025 - Canadian Bridge Federation<\/title>\n<meta name=\"robots\" content=\"index, follow, max-snippet:-1, max-image-preview:large, max-video-preview:-1\" \/>\n<link rel=\"canonical\" href=\"https:\/\/cbf.ca\/fr\/evenements\/championnats-canadiens-de-bridge\/2025-championnats-canadiens\/\" \/>\n<meta property=\"og:locale\" content=\"fr_FR\" \/>\n<meta property=\"og:type\" content=\"article\" \/>\n<meta property=\"og:title\" content=\"Championnats canadiens de bridge 2025 - Canadian Bridge Federation\" \/>\n<meta property=\"og:description\" content=\"Le tournoi \u00e0 la ronde de tous les \u00e9v\u00e9nements en \u00e9quipes des Championnats canadiens de bridge 2025 seront jou\u00e9s en ligne en janvier et f\u00e9vrier 2025 : sur RealBridge (CNTC-A, CWTC, CSTC, CMTC) et BBO (CNTC &#8211; B et C). L&rsquo;\u00e9tape des \u00e9liminatoires (Finales) de tous les \u00e9v\u00e9nements en \u00e9quipes et le COPC seront jou\u00e9s\" \/>\n<meta property=\"og:url\" content=\"https:\/\/cbf.ca\/fr\/evenements\/championnats-canadiens-de-bridge\/2025-championnats-canadiens\/\" \/>\n<meta property=\"og:site_name\" content=\"Canadian Bridge Federation\" \/>\n<meta property=\"article:publisher\" content=\"https:\/\/www.facebook.com\/Canadian.Bridge.Federation\/\" \/>\n<meta property=\"article:modified_time\" content=\"2025-05-12T02:54:50+00:00\" \/>\n<meta name=\"twitter:label1\" content=\"Dur\u00e9e de lecture estim\u00e9e\" \/>\n\t<meta name=\"twitter:data1\" content=\"1 minute\" \/>\n<script type=\"application\/ld+json\" class=\"yoast-schema-graph\">{\"@context\":\"https:\/\/schema.org\",\"@graph\":[{\"@type\":\"WebPage\",\"@id\":\"https:\/\/cbf.ca\/fr\/evenements\/championnats-canadiens-de-bridge\/2025-championnats-canadiens\/\",\"url\":\"https:\/\/cbf.ca\/fr\/evenements\/championnats-canadiens-de-bridge\/2025-championnats-canadiens\/\",\"name\":\"Championnats canadiens de bridge 2025 - Canadian Bridge Federation\",\"isPartOf\":{\"@id\":\"https:\/\/cbf.ca\/#website\"},\"datePublished\":\"2024-10-23T13:58:00+00:00\",\"dateModified\":\"2025-05-12T02:54:50+00:00\",\"breadcrumb\":{\"@id\":\"https:\/\/cbf.ca\/fr\/evenements\/championnats-canadiens-de-bridge\/2025-championnats-canadiens\/#breadcrumb\"},\"inLanguage\":\"fr-FR\",\"potentialAction\":[{\"@type\":\"ReadAction\",\"target\":[\"https:\/\/cbf.ca\/fr\/evenements\/championnats-canadiens-de-bridge\/2025-championnats-canadiens\/\"]}]},{\"@type\":\"BreadcrumbList\",\"@id\":\"https:\/\/cbf.ca\/fr\/evenements\/championnats-canadiens-de-bridge\/2025-championnats-canadiens\/#breadcrumb\",\"itemListElement\":[{\"@type\":\"ListItem\",\"position\":1,\"name\":\"Home\",\"item\":\"https:\/\/cbf.ca\/\"},{\"@type\":\"ListItem\",\"position\":2,\"name\":\"\u00c9v\u00e9nements\",\"item\":\"https:\/\/cbf.ca\/fr\/evenements\/\"},{\"@type\":\"ListItem\",\"position\":3,\"name\":\"Championnats canadiens de bridge\",\"item\":\"https:\/\/cbf.ca\/fr\/evenements\/championnats-canadiens-de-bridge\/\"},{\"@type\":\"ListItem\",\"position\":4,\"name\":\"Championnats canadiens de bridge 2025\"}]},{\"@type\":\"WebSite\",\"@id\":\"https:\/\/cbf.ca\/#website\",\"url\":\"https:\/\/cbf.ca\/\",\"name\":\"Canadian Bridge Federation\",\"description\":\"F\u00e9d\u00e9ration canadienne de bridge\",\"potentialAction\":[{\"@type\":\"SearchAction\",\"target\":{\"@type\":\"EntryPoint\",\"urlTemplate\":\"https:\/\/cbf.ca\/?s={search_term_string}\"},\"query-input\":\"required name=search_term_string\"}],\"inLanguage\":\"fr-FR\"}]}<\/script>\n<!-- \/ Yoast SEO plugin. -->","yoast_head_json":{"title":"Championnats canadiens de bridge 2025 - Canadian Bridge Federation","robots":{"index":"index","follow":"follow","max-snippet":"max-snippet:-1","max-image-preview":"max-image-preview:large","max-video-preview":"max-video-preview:-1"},"canonical":"https:\/\/cbf.ca\/fr\/evenements\/championnats-canadiens-de-bridge\/2025-championnats-canadiens\/","og_locale":"fr_FR","og_type":"article","og_title":"Championnats canadiens de bridge 2025 - Canadian Bridge Federation","og_description":"Le tournoi \u00e0 la ronde de tous les \u00e9v\u00e9nements en \u00e9quipes des Championnats canadiens de bridge 2025 seront jou\u00e9s en ligne en janvier et f\u00e9vrier 2025 : sur RealBridge (CNTC-A, CWTC, CSTC, CMTC) et BBO (CNTC &#8211; B et C). L&rsquo;\u00e9tape des \u00e9liminatoires (Finales) de tous les \u00e9v\u00e9nements en \u00e9quipes et le COPC seront jou\u00e9s","og_url":"https:\/\/cbf.ca\/fr\/evenements\/championnats-canadiens-de-bridge\/2025-championnats-canadiens\/","og_site_name":"Canadian Bridge Federation","article_publisher":"https:\/\/www.facebook.com\/Canadian.Bridge.Federation\/","article_modified_time":"2025-05-12T02:54:50+00:00","twitter_misc":{"Dur\u00e9e de lecture estim\u00e9e":"1 minute"},"schema":{"@context":"https:\/\/schema.org","@graph":[{"@type":"WebPage","@id":"https:\/\/cbf.ca\/fr\/evenements\/championnats-canadiens-de-bridge\/2025-championnats-canadiens\/","url":"https:\/\/cbf.ca\/fr\/evenements\/championnats-canadiens-de-bridge\/2025-championnats-canadiens\/","name":"Championnats canadiens de bridge 2025 - Canadian Bridge Federation","isPartOf":{"@id":"https:\/\/cbf.ca\/#website"},"datePublished":"2024-10-23T13:58:00+00:00","dateModified":"2025-05-12T02:54:50+00:00","breadcrumb":{"@id":"https:\/\/cbf.ca\/fr\/evenements\/championnats-canadiens-de-bridge\/2025-championnats-canadiens\/#breadcrumb"},"inLanguage":"fr-FR","potentialAction":[{"@type":"ReadAction","target":["https:\/\/cbf.ca\/fr\/evenements\/championnats-canadiens-de-bridge\/2025-championnats-canadiens\/"]}]},{"@type":"BreadcrumbList","@id":"https:\/\/cbf.ca\/fr\/evenements\/championnats-canadiens-de-bridge\/2025-championnats-canadiens\/#breadcrumb","itemListElement":[{"@type":"ListItem","position":1,"name":"Home","item":"https:\/\/cbf.ca\/"},{"@type":"ListItem","position":2,"name":"\u00c9v\u00e9nements","item":"https:\/\/cbf.ca\/fr\/evenements\/"},{"@type":"ListItem","position":3,"name":"Championnats canadiens de bridge","item":"https:\/\/cbf.ca\/fr\/evenements\/championnats-canadiens-de-bridge\/"},{"@type":"ListItem","position":4,"name":"Championnats canadiens de bridge 2025"}]},{"@type":"WebSite","@id":"https:\/\/cbf.ca\/#website","url":"https:\/\/cbf.ca\/","name":"Canadian Bridge Federation","description":"F\u00e9d\u00e9ration canadienne de bridge","potentialAction":[{"@type":"SearchAction","target":{"@type":"EntryPoint","urlTemplate":"https:\/\/cbf.ca\/?s={search_term_string}"},"query-input":"required name=search_term_string"}],"inLanguage":"fr-FR"}]}},"_links":{"self":[{"href":"https:\/\/cbf.ca\/fr\/wp-json\/wp\/v2\/pages\/23645"}],"collection":[{"href":"https:\/\/cbf.ca\/fr\/wp-json\/wp\/v2\/pages"}],"about":[{"href":"https:\/\/cbf.ca\/fr\/wp-json\/wp\/v2\/types\/page"}],"author":[{"embeddable":true,"href":"https:\/\/cbf.ca\/fr\/wp-json\/wp\/v2\/users\/1"}],"replies":[{"embeddable":true,"href":"https:\/\/cbf.ca\/fr\/wp-json\/wp\/v2\/comments?post=23645"}],"version-history":[{"count":80,"href":"https:\/\/cbf.ca\/fr\/wp-json\/wp\/v2\/pages\/23645\/revisions"}],"predecessor-version":[{"id":32348,"href":"https:\/\/cbf.ca\/fr\/wp-json\/wp\/v2\/pages\/23645\/revisions\/32348"}],"up":[{"embeddable":true,"href":"https:\/\/cbf.ca\/fr\/wp-json\/wp\/v2\/pages\/3462"}],"wp:attachment":[{"href":"https:\/\/cbf.ca\/fr\/wp-json\/wp\/v2\/media?parent=23645"}],"curies":[{"name":"wp","href":"https:\/\/api.w.org\/{rel}","templated":true}]}}