{"id":23236,"date":"2022-09-17T20:21:25","date_gmt":"2022-09-17T16:21:25","guid":{"rendered":"https:\/\/cbf.ca\/?page_id=23236"},"modified":"2025-01-21T08:39:55","modified_gmt":"2025-01-21T04:39:55","slug":"jouer-au-bridge-au-canada","status":"publish","type":"page","link":"https:\/\/cbf.ca\/fr\/jouer-au-bridge-au-canada\/","title":{"rendered":"Jouer au bridge au Canada"},"content":{"rendered":"\n<p>La F\u00e9d\u00e9ration canadienne de bridge (FCB) est une organisation canadienne responsable de promouvoir et prot\u00e9ger les droits et les int\u00e9r\u00eats des joueurs canadiens de bridge, au Canada et au niveau international.<\/p>\n\n\n\n<p>En tant que partenaire reconnu par l&rsquo;<em>American Contract Bridge League<\/em> (ACBL), la FCB s&rsquo;assure que l&rsquo;ACBL reconnaisse et supporte les besoins et int\u00e9r\u00eats des joueurs canadiens de bridge.<\/p>\n\n\n\n<p>Plusieurs clubs de bridge au Canada ont une sanction de l&rsquo;ACBL, offrant aux joueurs l&rsquo;occasion de jouer des parties qui attribuent des points de ma\u00eetre de l&rsquo;ACBL. Ces points de ma\u00eetre sont la r\u00e9f\u00e9rence pour leur classement nord-am\u00e9ricain.<\/p>\n\n\n\n<h3 class=\"wp-block-heading\"><strong>Les clubs de bridge canadiens sont list\u00e9s sur le site de l&rsquo;ACBL<\/strong><\/h3>\n\n\n\n<p><strong>Trouver un club<\/strong>&nbsp;&#8211;&nbsp;<a href=\"https:\/\/my.acbl.org\/clubs\/directory\" target=\"_blank\" rel=\"noreferrer noopener\">link to the ACBL website<\/a><\/p>\n\n\n\n<p><strong>Trouver un professeur<\/strong>&nbsp;&#8211;&nbsp;<a href=\"https:\/\/my.acbl.org\/teachers\/directory\" target=\"_blank\" rel=\"noreferrer noopener\">link to the ACBL website<\/a><\/p>\n\n\n\n<p><strong>Par province &#8211; liens vers le site ACBL<\/strong><\/p>\n\n\n\n<figure class=\"wp-block-table\"><table><tbody><tr><td>Alberta<\/td><td><a href=\"https:\/\/web2.acbl.org\/As400\/clubs\/allClubs\/cclub-AB.htm\" target=\"_blank\" rel=\"noreferrer noopener\">https:\/\/web2.acbl.org\/As400\/clubs\/allClubs\/cclub-AB.htm<\/a><\/td><\/tr><tr><td>Colombie-Britannique<\/td><td><a href=\"http:\/\/web2.acbl.org\/As400\/clubs\/allClubs\/cclub-BC.htm\" target=\"_blank\" rel=\"noreferrer noopener\">http:\/\/web2.acbl.org\/As400\/clubs\/allClubs\/cclub-BC.htm<\/a><\/td><\/tr><tr><td>Manitoba<\/td><td><a href=\"https:\/\/web2.acbl.org\/As400\/clubs\/allClubs\/cclub-MB.htm\" target=\"_blank\" rel=\"noreferrer noopener\">https:\/\/web2.acbl.org\/As400\/clubs\/allClubs\/cclub-MB.htm<\/a><\/td><\/tr><tr><td>Nouveau-Brunswick<\/td><td><a href=\"http:\/\/web2.acbl.org\/As400\/clubs\/allClubs\/cclub-NB.htm\" target=\"_blank\" rel=\"noreferrer noopener\">http:\/\/web2.acbl.org\/As400\/clubs\/allClubs\/cclub-NB.htm<\/a><\/td><\/tr><tr><td>Terre-Neuve-et-Labrador<\/td><td><a href=\"https:\/\/web2.acbl.org\/As400\/clubs\/allClubs\/cclub-NF.htm\" target=\"_blank\" rel=\"noreferrer noopener\">https:\/\/web2.acbl.org\/As400\/clubs\/allClubs\/cclub-NF.htm<\/a><\/td><\/tr><tr><td>Nouvelle-\u00c9cosse<\/td><td><a href=\"http:\/\/web2.acbl.org\/As400\/clubs\/allClubs\/cclub-NS.htm\" target=\"_blank\" rel=\"noreferrer noopener\">http:\/\/web2.acbl.org\/As400\/clubs\/allClubs\/cclub-NS.htm<\/a><\/td><\/tr><tr><td>Ile-du-Prince-Edouard<\/td><td><a href=\"http:\/\/web2.acbl.org\/As400\/clubs\/allClubs\/cclub-PE.htm\" target=\"_blank\" rel=\"noreferrer noopener\">http:\/\/web2.acbl.org\/As400\/clubs\/allClubs\/cclub-PE.htm<\/a><\/td><\/tr><tr><td>Qu\u00e9bec<\/td><td><a href=\"http:\/\/web2.acbl.org\/As400\/clubs\/allClubs\/cclub-QC.htm\" target=\"_blank\" rel=\"noreferrer noopener\">http:\/\/web2.acbl.org\/As400\/clubs\/allClubs\/cclub-QC.htm<\/a><\/td><\/tr><tr><td>Ontario<\/td><td><a href=\"http:\/\/web2.acbl.org\/As400\/clubs\/allClubs\/cclub-ON.htm\" target=\"_blank\" rel=\"noreferrer noopener\">http:\/\/web2.acbl.org\/As400\/clubs\/allClubs\/cclub-ON.htm<\/a><\/td><\/tr><tr><td>Saskatchewan<\/td><td><a href=\"http:\/\/web2.acbl.org\/As400\/clubs\/allClubs\/cclub-SK.htm\" target=\"_blank\" rel=\"noreferrer noopener\">http:\/\/web2.acbl.org\/As400\/clubs\/allClubs\/cclub-SK.htm<\/a><\/td><\/tr><\/tbody><\/table><\/figure>\n\n\n\n<h3 class=\"wp-block-heading\"><strong>Bridgewebs<\/strong><\/h3>\n\n\n\n<p>Plusieurs clubs et associations de bridge sont sur BridgeWebs. <br \/><a href=\"https:\/\/www.bridgewebs.com\/cgi-bin\/bwop\/bw.cgi?club=bw&amp;pid=display_page18\" target=\"_blank\" rel=\"noreferrer noopener\">Lien vers Bridgewebs<\/a>. Utiliser les boutons de recherche pour trouver un club.<\/p>\n\n\n\n<h3 class=\"wp-block-heading\">&nbsp;<strong>Sites internet de clubs et unit\u00e9s de bridge au Canada<\/strong><\/h3>\n\n\n\n<p>Les clubs de bridge de comp\u00e9tition sont accr\u00e9dit\u00e9s par l&rsquo;ACBL. Ces clubs rapportent les r\u00e9sultats de leurs parties directement \u00e0 l&rsquo;ACBL, et les membres de l&rsquo;ACBL se voient attribu\u00e9s des points de ma\u00eetre ACBL d\u00e9pendant de leur classement \u00e0 ces parties.<\/p>\n\n\n\n<p>Il serait appropri\u00e9 de faire une recherche avec le moteur de recherche de votre choix pour localiser le clubs que vous pourriez contacter et endroits o\u00f9 vous pourriez aller.<\/p>\n\n\n\n<p>Ces clubs canadiens se retrouvent dans des districts et unit\u00e9s dont le territoire g\u00e9ographique est d\u00e9fini par l&rsquo;ACBL. Plusieurs des unit\u00e9s ont un site internet qui y contient entre autres la liste des clubs qui en font partie, ainsi que diverses informations d&rsquo;int\u00e9r\u00eat.<\/p>\n","protected":false},"excerpt":{"rendered":"<p>La F\u00e9d\u00e9ration canadienne de bridge (FCB) est une organisation canadienne responsable de promouvoir et prot\u00e9ger les droits et les int\u00e9r\u00eats des joueurs canadiens de bridge, au Canada et au niveau international. En tant que partenaire reconnu par l&rsquo;American Contract Bridge League (ACBL), la FCB s&rsquo;assure que l&rsquo;ACBL reconnaisse et supporte les besoins et int\u00e9r\u00eats des<br><a class=\"moretag signature-animation\" href=\"https:\/\/cbf.ca\/fr\/jouer-au-bridge-au-canada\/\">CONTINUER LA LECTURE<\/a>","protected":false},"author":1,"featured_media":0,"parent":0,"menu_order":0,"comment_status":"closed","ping_status":"closed","template":"","meta":{"footnotes":""},"yoast_head":"<!-- This site is optimized with the Yoast SEO plugin v22.3 - https:\/\/yoast.com\/wordpress\/plugins\/seo\/ -->\n<title>Jouer au bridge au Canada - Canadian Bridge Federation<\/title>\n<meta name=\"robots\" content=\"index, follow, max-snippet:-1, max-image-preview:large, max-video-preview:-1\" \/>\n<link rel=\"canonical\" href=\"https:\/\/cbf.ca\/fr\/jouer-au-bridge-au-canada\/\" \/>\n<meta property=\"og:locale\" content=\"fr_FR\" \/>\n<meta property=\"og:type\" content=\"article\" \/>\n<meta property=\"og:title\" content=\"Jouer au bridge au Canada - Canadian Bridge Federation\" \/>\n<meta property=\"og:description\" content=\"La F\u00e9d\u00e9ration canadienne de bridge (FCB) est une organisation canadienne responsable de promouvoir et prot\u00e9ger les droits et les int\u00e9r\u00eats des joueurs canadiens de bridge, au Canada et au niveau international. En tant que partenaire reconnu par l&rsquo;American Contract Bridge League (ACBL), la FCB s&rsquo;assure que l&rsquo;ACBL reconnaisse et supporte les besoins et int\u00e9r\u00eats des\" \/>\n<meta property=\"og:url\" content=\"https:\/\/cbf.ca\/fr\/jouer-au-bridge-au-canada\/\" \/>\n<meta property=\"og:site_name\" content=\"Canadian Bridge Federation\" \/>\n<meta property=\"article:publisher\" content=\"https:\/\/www.facebook.com\/Canadian.Bridge.Federation\/\" \/>\n<meta property=\"article:modified_time\" content=\"2025-01-21T04:39:55+00:00\" \/>\n<meta name=\"twitter:label1\" content=\"Dur\u00e9e de lecture estim\u00e9e\" \/>\n\t<meta name=\"twitter:data1\" content=\"2 minutes\" \/>\n<script type=\"application\/ld+json\" class=\"yoast-schema-graph\">{\"@context\":\"https:\/\/schema.org\",\"@graph\":[{\"@type\":\"WebPage\",\"@id\":\"https:\/\/cbf.ca\/fr\/jouer-au-bridge-au-canada\/\",\"url\":\"https:\/\/cbf.ca\/fr\/jouer-au-bridge-au-canada\/\",\"name\":\"Jouer au bridge au Canada - Canadian Bridge Federation\",\"isPartOf\":{\"@id\":\"https:\/\/cbf.ca\/#website\"},\"datePublished\":\"2022-09-17T16:21:25+00:00\",\"dateModified\":\"2025-01-21T04:39:55+00:00\",\"breadcrumb\":{\"@id\":\"https:\/\/cbf.ca\/fr\/jouer-au-bridge-au-canada\/#breadcrumb\"},\"inLanguage\":\"fr-FR\",\"potentialAction\":[{\"@type\":\"ReadAction\",\"target\":[\"https:\/\/cbf.ca\/fr\/jouer-au-bridge-au-canada\/\"]}]},{\"@type\":\"BreadcrumbList\",\"@id\":\"https:\/\/cbf.ca\/fr\/jouer-au-bridge-au-canada\/#breadcrumb\",\"itemListElement\":[{\"@type\":\"ListItem\",\"position\":1,\"name\":\"Home\",\"item\":\"https:\/\/cbf.ca\/\"},{\"@type\":\"ListItem\",\"position\":2,\"name\":\"Jouer au bridge au Canada\"}]},{\"@type\":\"WebSite\",\"@id\":\"https:\/\/cbf.ca\/#website\",\"url\":\"https:\/\/cbf.ca\/\",\"name\":\"Canadian Bridge Federation\",\"description\":\"F\u00e9d\u00e9ration canadienne de bridge\",\"potentialAction\":[{\"@type\":\"SearchAction\",\"target\":{\"@type\":\"EntryPoint\",\"urlTemplate\":\"https:\/\/cbf.ca\/?s={search_term_string}\"},\"query-input\":\"required name=search_term_string\"}],\"inLanguage\":\"fr-FR\"}]}<\/script>\n<!-- \/ Yoast SEO plugin. -->","yoast_head_json":{"title":"Jouer au bridge au Canada - Canadian Bridge Federation","robots":{"index":"index","follow":"follow","max-snippet":"max-snippet:-1","max-image-preview":"max-image-preview:large","max-video-preview":"max-video-preview:-1"},"canonical":"https:\/\/cbf.ca\/fr\/jouer-au-bridge-au-canada\/","og_locale":"fr_FR","og_type":"article","og_title":"Jouer au bridge au Canada - Canadian Bridge Federation","og_description":"La F\u00e9d\u00e9ration canadienne de bridge (FCB) est une organisation canadienne responsable de promouvoir et prot\u00e9ger les droits et les int\u00e9r\u00eats des joueurs canadiens de bridge, au Canada et au niveau international. En tant que partenaire reconnu par l&rsquo;American Contract Bridge League (ACBL), la FCB s&rsquo;assure que l&rsquo;ACBL reconnaisse et supporte les besoins et int\u00e9r\u00eats des","og_url":"https:\/\/cbf.ca\/fr\/jouer-au-bridge-au-canada\/","og_site_name":"Canadian Bridge Federation","article_publisher":"https:\/\/www.facebook.com\/Canadian.Bridge.Federation\/","article_modified_time":"2025-01-21T04:39:55+00:00","twitter_misc":{"Dur\u00e9e de lecture estim\u00e9e":"2 minutes"},"schema":{"@context":"https:\/\/schema.org","@graph":[{"@type":"WebPage","@id":"https:\/\/cbf.ca\/fr\/jouer-au-bridge-au-canada\/","url":"https:\/\/cbf.ca\/fr\/jouer-au-bridge-au-canada\/","name":"Jouer au bridge au Canada - Canadian Bridge Federation","isPartOf":{"@id":"https:\/\/cbf.ca\/#website"},"datePublished":"2022-09-17T16:21:25+00:00","dateModified":"2025-01-21T04:39:55+00:00","breadcrumb":{"@id":"https:\/\/cbf.ca\/fr\/jouer-au-bridge-au-canada\/#breadcrumb"},"inLanguage":"fr-FR","potentialAction":[{"@type":"ReadAction","target":["https:\/\/cbf.ca\/fr\/jouer-au-bridge-au-canada\/"]}]},{"@type":"BreadcrumbList","@id":"https:\/\/cbf.ca\/fr\/jouer-au-bridge-au-canada\/#breadcrumb","itemListElement":[{"@type":"ListItem","position":1,"name":"Home","item":"https:\/\/cbf.ca\/"},{"@type":"ListItem","position":2,"name":"Jouer au bridge au Canada"}]},{"@type":"WebSite","@id":"https:\/\/cbf.ca\/#website","url":"https:\/\/cbf.ca\/","name":"Canadian Bridge Federation","description":"F\u00e9d\u00e9ration canadienne de bridge","potentialAction":[{"@type":"SearchAction","target":{"@type":"EntryPoint","urlTemplate":"https:\/\/cbf.ca\/?s={search_term_string}"},"query-input":"required name=search_term_string"}],"inLanguage":"fr-FR"}]}},"_links":{"self":[{"href":"https:\/\/cbf.ca\/fr\/wp-json\/wp\/v2\/pages\/23236"}],"collection":[{"href":"https:\/\/cbf.ca\/fr\/wp-json\/wp\/v2\/pages"}],"about":[{"href":"https:\/\/cbf.ca\/fr\/wp-json\/wp\/v2\/types\/page"}],"author":[{"embeddable":true,"href":"https:\/\/cbf.ca\/fr\/wp-json\/wp\/v2\/users\/1"}],"replies":[{"embeddable":true,"href":"https:\/\/cbf.ca\/fr\/wp-json\/wp\/v2\/comments?post=23236"}],"version-history":[{"count":9,"href":"https:\/\/cbf.ca\/fr\/wp-json\/wp\/v2\/pages\/23236\/revisions"}],"predecessor-version":[{"id":30972,"href":"https:\/\/cbf.ca\/fr\/wp-json\/wp\/v2\/pages\/23236\/revisions\/30972"}],"wp:attachment":[{"href":"https:\/\/cbf.ca\/fr\/wp-json\/wp\/v2\/media?parent=23236"}],"curies":[{"name":"wp","href":"https:\/\/api.w.org\/{rel}","templated":true}]}}