{"id":22754,"date":"2022-06-23T07:41:22","date_gmt":"2022-06-23T03:41:22","guid":{"rendered":"https:\/\/cbf.ca\/?page_id=22754"},"modified":"2026-02-03T19:23:57","modified_gmt":"2026-02-03T15:23:57","slug":"page-des-nouvelles","status":"publish","type":"page","link":"https:\/\/cbf.ca\/fr\/propos-de-la-cbf\/page-des-nouvelles\/","title":{"rendered":"Page des nouvelles"},"content":{"rendered":"\n<h2 class=\"wp-block-heading\">S\u00e9lection de nouvelles affich\u00e9es pr\u00e9c\u00e9demment <\/h2>\n\n\n\n<figure class=\"wp-block-table\"><table><tbody><tr><td>Janvier 2026<\/td><td><a href=\"https:\/\/cbf.ca\/fr\/paires-imp-online-0-499-avec-analyse-en-direct-par-expert\/\">Paires IMP en ligne 0-499 avec analyse en direct par un expert<\/a><br \/><a href=\"https:\/\/cbf.ca\/fr\/classique-des-celebrites-2026\/\">Classique des c\u00e9l\u00e9brit\u00e9s 2026<\/a><br \/><a href=\"https:\/\/cbf.ca\/fr\/parties-maple-leaf-en-ligne\/\">Parties Maple Leaf en ligne<\/a><br \/><a href=\"https:\/\/cbf.ca\/fr\/bonne-annee-2026\/\">Bonne ann\u00e9e de la F\u00e9d\u00e9ration canadienne de bridge<\/a><\/td><\/tr><tr><td>D\u00e9cembre 2025<\/td><td><a href=\"https:\/\/cbf.ca\/fr\/2026-championnats-canadiens\/\">Championnats canadiens de bridge 2026<\/a><br \/><a href=\"https:\/\/cbf.ca\/fr\/in-memoriam-gowdy-bruce-douglas\/\">In Memoriam \u2013 GOWDY, Bruce Douglas<\/a><br \/><a href=\"https:\/\/cbf.ca\/fr\/doug-drew-2\/\">In Memoriam \u2013 Doug Drew, membre fondateur de la FCB<\/a><br \/><a href=\"https:\/\/cbf.ca\/fr\/bridge-canada-decembre-2025-en-ligne\/\">Bridge Canada : num\u00e9ro de d\u00e9cembre 2025 en ligne<\/a><br \/><a href=\"https:\/\/cbf.ca\/fr\/concours-dencheres-problemes-mars-2026\/\">Concours canadien d\u2019ench\u00e8res: probl\u00e8mes de mars 2026<\/a><\/td><\/tr><tr><td>Octobre 2025<\/td><td><a href=\"https:\/\/cbf.ca\/fr\/sandra-doug-fraser-temple-renommee\/\">Sandra et Doug Fraser \u00e9lus au Temple de la renomm\u00e9e<\/a><br \/><a href=\"https:\/\/cbf.ca\/2025-erin-berry-results\/\">Erin Berry Rookie-Master Game \u2013 2025 Champions<\/a><br \/><a href=\"https:\/\/cbf.ca\/fr\/2025-erin-berry-maitres-novices-resultats\/\" target=\"_blank\" rel=\"noreferrer noopener\">Champions du tournoi Erin Berry 2025<\/a><br \/><a href=\"https:\/\/cbf.ca\/fr\/cbf-ligue-equipes-ligne-25-26\/\">Ligue des \u00e9quipes en ligne 2025-2026 de la FCB<\/a><\/td><\/tr><tr><td>Ao\u00fbt 2025<\/td><td><a href=\"https:\/\/cbf.ca\/fr\/bridge-canada-numero-octobre23-en-ligne\/\" target=\"_blank\" rel=\"noreferrer noopener\">Bridge Canada &#8211; Num\u00e9ro de septembre 2025 en ligne<\/a><br \/><a href=\"https:\/\/cbf.ca\/fr\/concours-canadien-dencheres-problemes-decembre-2025\/\" target=\"_blank\" rel=\"noreferrer noopener\">Le concours canadien d&rsquo;ench\u00e8res : Probl\u00e8mes de d\u00e9cembre 2025<\/a><\/td><\/tr><tr><td>Juillet 2025<\/td><td><a href=\"https:\/\/cbf.ca\/fr\/fcb-assemblee-generale-annuelle-2025\/\" target=\"_blank\" rel=\"noreferrer noopener\">Assembl\u00e9e g\u00e9n\u00e9rale annuelle de la FCB &#8211; 16 SEPTEMBRE<\/a><br \/><a href=\"https:\/\/cbf.ca\/fr\/parties-maple-leaf-en-ligne\/\" target=\"_blank\" rel=\"noreferrer noopener\">Parties &lsquo;Maple Leaf&rsquo; en ligne<\/a><br \/><a href=\"https:\/\/cbf.ca\/fr\/2026-championnats-canadiens\/\" target=\"_blank\" rel=\"noreferrer noopener\">Championnats canadiens de bridge 2026<\/a><\/td><\/tr><tr><td>Juin 2025<\/td><td><a href=\"https:\/\/cbf.ca\/fr\/message-presidente-juin-2025\/\" target=\"_blank\" rel=\"noreferrer noopener\">Message de la pr\u00e9sidente &#8211; Juin 2025<\/a><\/td><\/tr><tr><td>Mai 2025<\/td><td><a href=\"https:\/\/cbf.ca\/fr\/bridge-canada-numero-juin-en-ligne\/\" target=\"_blank\" rel=\"noreferrer noopener\">Bridge Canada &#8211; Num\u00e9ro de juin 2025 en ligne<\/a><\/td><\/tr><tr><td>Avril 2025<\/td><td><a href=\"https:\/\/cbf.ca\/fr\/2024-erin-berry-maitres-novices-resultats\/\" target=\"_blank\" rel=\"noreferrer noopener\">R\u00e9sultats de la partie Ma\u00eetres-Novices Helen Shields 2025<\/a><br \/><a href=\"https:\/\/cbf.ca\/fr\/felicitations-aux-gagnants-cbc-2025\/\" target=\"_blank\" rel=\"noreferrer noopener\">F\u00e9licitations aux gagnants des Championnats canadiens 2025<\/a><br \/><a href=\"https:\/\/cbf.ca\/fr\/2024-2025-cbf-ligue-equipes-ligne-gagnants\/\" target=\"_blank\" rel=\"noreferrer noopener\">F\u00e9licitations \u00e0 l&rsquo;\u00e9quipe Kuz, gagnante de la Ligue des \u00e9quipes en ligne 2024-2025<\/a><\/td><\/tr><tr><td>Avril 2025<\/td><td><a href=\"https:\/\/cbf.ca\/fr\/gloria-silverman-bart\/\" target=\"_blank\" rel=\"noreferrer noopener\">Gloria Silverman Bart &#8211; Temple de la renomm\u00e9e<\/a><br \/><a href=\"https:\/\/cbf.ca\/fr\/joan-eaton-temple-renommee\/\" target=\"_blank\" rel=\"noreferrer noopener\">Joan Eaton &#8211;<\/a><a href=\"https:\/\/cbf.ca\/fr\/joan-eaton-temple-renommee\/\"> Temple de la renomm\u00e9e<\/a><\/td><\/tr><tr><td>Mars 2025<\/td><td><a href=\"https:\/\/cbf.ca\/fr\/message-de-la-presidente\/\" target=\"_blank\" rel=\"noreferrer noopener\">Message de la pr\u00e9sidente &#8211; Shelley Burns<\/a><\/td><\/tr><tr><td>F\u00e9vrier 2025<\/td><td><a href=\"https:\/\/cbf.ca\/fr\/intronisation-temple-renommee-2025-prix-excellence-services\/\" target=\"_blank\" rel=\"noreferrer noopener\">Intronisation au Temple de la renomm\u00e9e 2025 et <br \/>Prix d&rsquo;excellence pour services remarquables<\/a><\/td><\/tr><tr><td>Janvier 2025<\/td><td><a href=\"https:\/\/cbf.ca\/fr\/poste-administrateur-designe\/\" target=\"_blank\" rel=\"noreferrer noopener\">Administrateur d\u00e9sign\u00e9<\/a><\/td><\/tr><tr><td>Janvier 2025<\/td><td><a href=\"https:\/\/cbf.ca\/fr\/2025-championnats-canadiens-bridge-2025\/\" target=\"_blank\" rel=\"noreferrer noopener\">Championn<\/a><a href=\"https:\/\/cbf.ca\/fr\/2025-championnats-canadiens-bridge-2025\/\">ats canadiens de bridge 2025<\/a><\/td><\/tr><\/tbody><\/table><\/figure>\n\n\n\n\n\n\n\n\n","protected":false},"excerpt":{"rendered":"<p>S\u00e9lection de nouvelles affich\u00e9es pr\u00e9c\u00e9demment Janvier 2026 Paires IMP en ligne 0-499 avec analyse en direct par un expertClassique des c\u00e9l\u00e9brit\u00e9s 2026Parties Maple Leaf en ligneBonne ann\u00e9e de la F\u00e9d\u00e9ration canadienne de bridge D\u00e9cembre 2025 Championnats canadiens de bridge 2026In Memoriam \u2013 GOWDY, Bruce DouglasIn Memoriam \u2013 Doug Drew, membre fondateur de la FCBBridge Canada<br><a class=\"moretag signature-animation\" href=\"https:\/\/cbf.ca\/fr\/propos-de-la-cbf\/page-des-nouvelles\/\">CONTINUER LA LECTURE<\/a>","protected":false},"author":1,"featured_media":0,"parent":1975,"menu_order":0,"comment_status":"closed","ping_status":"closed","template":"","meta":{"footnotes":""},"yoast_head":"<!-- This site is optimized with the Yoast SEO plugin v22.3 - https:\/\/yoast.com\/wordpress\/plugins\/seo\/ -->\n<title>Page des nouvelles - Canadian Bridge Federation<\/title>\n<meta name=\"robots\" content=\"index, follow, max-snippet:-1, max-image-preview:large, max-video-preview:-1\" \/>\n<link rel=\"canonical\" href=\"https:\/\/cbf.ca\/fr\/propos-de-la-cbf\/page-des-nouvelles\/\" \/>\n<meta property=\"og:locale\" content=\"fr_FR\" \/>\n<meta property=\"og:type\" content=\"article\" \/>\n<meta property=\"og:title\" content=\"Page des nouvelles - Canadian Bridge Federation\" \/>\n<meta property=\"og:description\" content=\"S\u00e9lection de nouvelles affich\u00e9es pr\u00e9c\u00e9demment Janvier 2026 Paires IMP en ligne 0-499 avec analyse en direct par un expertClassique des c\u00e9l\u00e9brit\u00e9s 2026Parties Maple Leaf en ligneBonne ann\u00e9e de la F\u00e9d\u00e9ration canadienne de bridge D\u00e9cembre 2025 Championnats canadiens de bridge 2026In Memoriam \u2013 GOWDY, Bruce DouglasIn Memoriam \u2013 Doug Drew, membre fondateur de la FCBBridge Canada\" \/>\n<meta property=\"og:url\" content=\"https:\/\/cbf.ca\/fr\/propos-de-la-cbf\/page-des-nouvelles\/\" \/>\n<meta property=\"og:site_name\" content=\"Canadian Bridge Federation\" \/>\n<meta property=\"article:publisher\" content=\"https:\/\/www.facebook.com\/Canadian.Bridge.Federation\/\" \/>\n<meta property=\"article:modified_time\" content=\"2026-02-03T15:23:57+00:00\" \/>\n<meta name=\"twitter:label1\" content=\"Dur\u00e9e de lecture estim\u00e9e\" \/>\n\t<meta name=\"twitter:data1\" content=\"2 minutes\" \/>\n<script type=\"application\/ld+json\" class=\"yoast-schema-graph\">{\"@context\":\"https:\/\/schema.org\",\"@graph\":[{\"@type\":\"WebPage\",\"@id\":\"https:\/\/cbf.ca\/fr\/propos-de-la-cbf\/page-des-nouvelles\/\",\"url\":\"https:\/\/cbf.ca\/fr\/propos-de-la-cbf\/page-des-nouvelles\/\",\"name\":\"Page des nouvelles - Canadian Bridge Federation\",\"isPartOf\":{\"@id\":\"https:\/\/cbf.ca\/#website\"},\"datePublished\":\"2022-06-23T03:41:22+00:00\",\"dateModified\":\"2026-02-03T15:23:57+00:00\",\"breadcrumb\":{\"@id\":\"https:\/\/cbf.ca\/fr\/propos-de-la-cbf\/page-des-nouvelles\/#breadcrumb\"},\"inLanguage\":\"fr-FR\",\"potentialAction\":[{\"@type\":\"ReadAction\",\"target\":[\"https:\/\/cbf.ca\/fr\/propos-de-la-cbf\/page-des-nouvelles\/\"]}]},{\"@type\":\"BreadcrumbList\",\"@id\":\"https:\/\/cbf.ca\/fr\/propos-de-la-cbf\/page-des-nouvelles\/#breadcrumb\",\"itemListElement\":[{\"@type\":\"ListItem\",\"position\":1,\"name\":\"Home\",\"item\":\"https:\/\/cbf.ca\/\"},{\"@type\":\"ListItem\",\"position\":2,\"name\":\"A propos de la FCB\",\"item\":\"https:\/\/cbf.ca\/fr\/propos-de-la-cbf\/\"},{\"@type\":\"ListItem\",\"position\":3,\"name\":\"Page des nouvelles\"}]},{\"@type\":\"WebSite\",\"@id\":\"https:\/\/cbf.ca\/#website\",\"url\":\"https:\/\/cbf.ca\/\",\"name\":\"Canadian Bridge Federation\",\"description\":\"F\u00e9d\u00e9ration canadienne de bridge\",\"potentialAction\":[{\"@type\":\"SearchAction\",\"target\":{\"@type\":\"EntryPoint\",\"urlTemplate\":\"https:\/\/cbf.ca\/?s={search_term_string}\"},\"query-input\":\"required name=search_term_string\"}],\"inLanguage\":\"fr-FR\"}]}<\/script>\n<!-- \/ Yoast SEO plugin. -->","yoast_head_json":{"title":"Page des nouvelles - Canadian Bridge Federation","robots":{"index":"index","follow":"follow","max-snippet":"max-snippet:-1","max-image-preview":"max-image-preview:large","max-video-preview":"max-video-preview:-1"},"canonical":"https:\/\/cbf.ca\/fr\/propos-de-la-cbf\/page-des-nouvelles\/","og_locale":"fr_FR","og_type":"article","og_title":"Page des nouvelles - Canadian Bridge Federation","og_description":"S\u00e9lection de nouvelles affich\u00e9es pr\u00e9c\u00e9demment Janvier 2026 Paires IMP en ligne 0-499 avec analyse en direct par un expertClassique des c\u00e9l\u00e9brit\u00e9s 2026Parties Maple Leaf en ligneBonne ann\u00e9e de la F\u00e9d\u00e9ration canadienne de bridge D\u00e9cembre 2025 Championnats canadiens de bridge 2026In Memoriam \u2013 GOWDY, Bruce DouglasIn Memoriam \u2013 Doug Drew, membre fondateur de la FCBBridge Canada","og_url":"https:\/\/cbf.ca\/fr\/propos-de-la-cbf\/page-des-nouvelles\/","og_site_name":"Canadian Bridge Federation","article_publisher":"https:\/\/www.facebook.com\/Canadian.Bridge.Federation\/","article_modified_time":"2026-02-03T15:23:57+00:00","twitter_misc":{"Dur\u00e9e de lecture estim\u00e9e":"2 minutes"},"schema":{"@context":"https:\/\/schema.org","@graph":[{"@type":"WebPage","@id":"https:\/\/cbf.ca\/fr\/propos-de-la-cbf\/page-des-nouvelles\/","url":"https:\/\/cbf.ca\/fr\/propos-de-la-cbf\/page-des-nouvelles\/","name":"Page des nouvelles - Canadian Bridge Federation","isPartOf":{"@id":"https:\/\/cbf.ca\/#website"},"datePublished":"2022-06-23T03:41:22+00:00","dateModified":"2026-02-03T15:23:57+00:00","breadcrumb":{"@id":"https:\/\/cbf.ca\/fr\/propos-de-la-cbf\/page-des-nouvelles\/#breadcrumb"},"inLanguage":"fr-FR","potentialAction":[{"@type":"ReadAction","target":["https:\/\/cbf.ca\/fr\/propos-de-la-cbf\/page-des-nouvelles\/"]}]},{"@type":"BreadcrumbList","@id":"https:\/\/cbf.ca\/fr\/propos-de-la-cbf\/page-des-nouvelles\/#breadcrumb","itemListElement":[{"@type":"ListItem","position":1,"name":"Home","item":"https:\/\/cbf.ca\/"},{"@type":"ListItem","position":2,"name":"A propos de la FCB","item":"https:\/\/cbf.ca\/fr\/propos-de-la-cbf\/"},{"@type":"ListItem","position":3,"name":"Page des nouvelles"}]},{"@type":"WebSite","@id":"https:\/\/cbf.ca\/#website","url":"https:\/\/cbf.ca\/","name":"Canadian Bridge Federation","description":"F\u00e9d\u00e9ration canadienne de bridge","potentialAction":[{"@type":"SearchAction","target":{"@type":"EntryPoint","urlTemplate":"https:\/\/cbf.ca\/?s={search_term_string}"},"query-input":"required name=search_term_string"}],"inLanguage":"fr-FR"}]}},"_links":{"self":[{"href":"https:\/\/cbf.ca\/fr\/wp-json\/wp\/v2\/pages\/22754"}],"collection":[{"href":"https:\/\/cbf.ca\/fr\/wp-json\/wp\/v2\/pages"}],"about":[{"href":"https:\/\/cbf.ca\/fr\/wp-json\/wp\/v2\/types\/page"}],"author":[{"embeddable":true,"href":"https:\/\/cbf.ca\/fr\/wp-json\/wp\/v2\/users\/1"}],"replies":[{"embeddable":true,"href":"https:\/\/cbf.ca\/fr\/wp-json\/wp\/v2\/comments?post=22754"}],"version-history":[{"count":98,"href":"https:\/\/cbf.ca\/fr\/wp-json\/wp\/v2\/pages\/22754\/revisions"}],"predecessor-version":[{"id":37350,"href":"https:\/\/cbf.ca\/fr\/wp-json\/wp\/v2\/pages\/22754\/revisions\/37350"}],"up":[{"embeddable":true,"href":"https:\/\/cbf.ca\/fr\/wp-json\/wp\/v2\/pages\/1975"}],"wp:attachment":[{"href":"https:\/\/cbf.ca\/fr\/wp-json\/wp\/v2\/media?parent=22754"}],"curies":[{"name":"wp","href":"https:\/\/api.w.org\/{rel}","templated":true}]}}