{"id":22306,"date":"2022-05-06T08:12:22","date_gmt":"2022-05-06T04:12:22","guid":{"rendered":"https:\/\/cbf.ca\/?page_id=22306"},"modified":"2025-05-14T07:11:37","modified_gmt":"2025-05-14T03:11:37","slug":"membres-du-temple-de-la-renommee","status":"publish","type":"page","link":"https:\/\/cbf.ca\/fr\/membres-du-temple-de-la-renommee\/","title":{"rendered":"Membres du Temple de la renomm\u00e9e"},"content":{"rendered":"\n<div class=\"wp-block-columns is-layout-flex wp-container-core-columns-layout-1 wp-block-columns-is-layout-flex\">\n<div class=\"wp-block-column is-layout-flow wp-block-column-is-layout-flow\" style=\"flex-basis:100%\">\n<figure class=\"wp-block-table\"><table class=\"has-fixed-layout\"><tbody><tr><td><img loading=\"lazy\" decoding=\"async\" width=\"150\" height=\"190\" class=\"wp-image-1212 alignleft\" src=\"https:\/\/cbf.ca\/wp-content\/uploads\/2022\/05\/WilliamAnderson-2022.jpg\" alt=\"William Anderson\"\/><a href=\"https:\/\/cbf.ca\/fr\/anderson-william\/\" target=\"_blank\" rel=\"noreferrer noopener\">Anderson, William<\/a><br \/>William Anderson fait partie des figures qui ont les plus marqu\u00e9 le jeu.<\/td><td><a href=\"https:\/\/cbf.ca\/wp-content\/uploads\/2016\/12\/Boris-Baran-HoF.jpg\" target=\"_blank\" rel=\"noreferrer noopener\"><img loading=\"lazy\" decoding=\"async\" width=\"150\" height=\"190\" class=\" wp-image-5930 alignright\" src=\"https:\/\/cbf.ca\/wp-content\/uploads\/2016\/12\/Boris-Baran-HoF.jpg\" alt=\"boris-baran-hof\"\/><\/a><a href=\"https:\/\/cbf.ca\/baran-boris\/\" target=\"_blank\" rel=\"noreferrer noopener\"><\/a><a href=\"https:\/\/cbf.ca\/fr\/baran-boris\/\" target=\"_blank\" rel=\"noreferrer noopener\">Baran, Boris<\/a><br \/>Les noms de \u00ab Mark et Boris \u00bb sont pour toujours entrelac\u00e9s dans l&rsquo;histoire du bridge. Ils ont eu beaucoup de succ\u00e8s en tant que partenaires, et aussi avec d\u2019autres partenaires.<\/td><\/tr><tr><td><img loading=\"lazy\" decoding=\"async\" width=\"150\" height=\"190\" class=\"wp-image-1212 alignleft\" src=\"https:\/\/cbf.ca\/wp-content\/uploads\/2025\/04\/GloriaSilvermanBart.jpg\" alt=\"Gloria Bart\"\/><a href=\"https:\/\/cbf.ca\/fr\/gloria-silverman-bart\/\" target=\"_blank\" rel=\"noreferrer noopener\">Bart, Gloria Silverman<\/a><br \/>Gloria a repr\u00e9sent\u00e9 le Canada \u00e0 neuf reprises lors de Championnats du monde, remportant des m\u00e9dailles de bronze \u00e0 l&rsquo;Olympiade de bridge &#8211; \u00e9quipes f\u00e9minines de 1988 et \u00e0 la Venice Cup de 1989.<\/td><td><img loading=\"lazy\" decoding=\"async\" width=\"150\" height=\"190\" class=\"wp-image-1212 alignright\" src=\"https:\/\/cbf.ca\/wp-content\/uploads\/2015\/08\/John-Carruthers-e1440218333387.jpg\" alt=\"John Carruthers\"\/><a href=\"https:\/\/cbf.ca\/john-carruthers\/\" target=\"_blank\" rel=\"noreferrer noopener\">Carruthers, John<\/a><br \/>John Carruthers est un joueur, \u00e9crivain et administrateur accompli. Il a \u00e9t\u00e9 le premier gagnant du Troph\u00e9e Richmond en 1974.<\/td><\/tr><tr><td><a href=\"https:\/\/cbf.ca\/fr\/francine-cimon\/\" target=\"_blank\" rel=\"noreferrer noopener\">Cimon, Francine<\/a><img loading=\"lazy\" decoding=\"async\" width=\"150\" height=\"190\" class=\"wp-image-1212 alignleft\" src=\"https:\/\/cbf.ca\/wp-content\/uploads\/2023\/07\/FrancineCimon-2023.jpg\" alt=\"Francine Cimon\"\/><br \/>Francine Cimon a repr\u00e9sent\u00e9 le Canada dans sept Olympiades cons\u00e9cutives et dix Venice Cups.<\/td><td><img loading=\"lazy\" decoding=\"async\" width=\"150\" height=\"190\" class=\"wp-image-1212 alignright\" src=\"https:\/\/cbf.ca\/wp-content\/uploads\/2014\/11\/Ralph-Cohen.png\" alt=\"Ralph Cohen\"\/><a href=\"https:\/\/cbf.ca\/ralph-cohen\/\" target=\"_blank\" rel=\"noreferrer noopener\">Cohen, Ralph<\/a><br \/>Ralph Cohen was one of Sam Gold\u2019s prot\u00e9g\u00e9s in his early days of bridge in Montr\u00e9al.<\/td><\/tr><tr><td><img loading=\"lazy\" decoding=\"async\" width=\"150\" height=\"190\" class=\"wp-image-1212 alignleft\" src=\"https:\/\/cbf.ca\/wp-content\/uploads\/2025\/01\/JurekCzyzowicz.jpg\" alt=\"Jurek Czyzowicz\"\/><a href=\"\/\/cbf.ca\/czyzowicz-jurek\/\" target=\"_blank\" rel=\"noreferrer noopener\">Czyzowicz, Jurek<\/a><br \/>Jurek a \u00e9t\u00e9 intronis\u00e9 en 2023 (nomm\u00e9 2021) et nous a quitt\u00e9s plus tard en 2021. Il a remport\u00e9 plusieurs \u00e9v\u00e9nements des Championnats canadiens et nous a fi\u00e8rement repr\u00e9sent\u00e9s sur la sc\u00e8ne internationale.<\/td><td><img loading=\"lazy\" decoding=\"async\" width=\"150\" height=\"190\" class=\"wp-image-1212 alignright\" src=\"https:\/\/cbf.ca\/wp-content\/uploads\/2014\/11\/DogDrew.png\" alt=\"Doug Drew\"\/><a href=\"https:\/\/cbf.ca\/fr\/doug-drew\/\" target=\"_blank\" rel=\"noreferrer noopener\">Drew, Doug<\/a><br \/>Doug Drew a \u00e9t\u00e9 un des six membres fondateurs de la F\u00e9d\u00e9ration canadienne de bridge.<\/td><\/tr><tr><td><img loading=\"lazy\" decoding=\"async\" width=\"150\" height=\"190\" class=\"wp-image-1212 alignleft\" src=\"https:\/\/cbf.ca\/wp-content\/uploads\/2025\/04\/JoanEaton.jpg\" alt=\"Joan Eaton\"\/><a href=\"https:\/\/cbf.ca\/fr\/joan-eaton-temple-renommee\/\" target=\"_blank\" rel=\"noreferrer noopener\">Eaton, Joan<\/a><br \/>Joan a remport\u00e9 7 Championnats canadiens et 4 Championnats nord-am\u00e9ricains. Elle est ma\u00eetre internationale de la F\u00e9d\u00e9ration mondiale de bridge, et elle a repr\u00e9sent\u00e9 le Canada neuf fois aux championnats du monde.<\/td><td><a href=\"https:\/\/cbf.ca\/fr\/elliott-bruce\/\" target=\"_blank\" rel=\"noreferrer noopener\">Elliott, Bruce<\/a><img loading=\"lazy\" decoding=\"async\" width=\"150\" height=\"190\" class=\"wp-image-1212 alignright\" src=\"https:\/\/cbf.ca\/wp-content\/uploads\/2023\/07\/ElliottBruce-2023.png\" alt=\"Bruce Elliott\"\/><br \/>Le partnership de Bruce Elliott avec Percy Sheardown a \u00e9t\u00e9 l&rsquo;un des meilleurs en Am\u00e9rique du Nord dans les ann\u00e9es 50 et 60.<\/td><\/tr><tr><td><a href=\"https:\/\/cbf.ca\/fergani-kamel\/\" target=\"_blank\" rel=\"noreferrer noopener\">Fergani, Kamel<\/a><img loading=\"lazy\" decoding=\"async\" width=\"150\" height=\"190\" class=\"wp-image-1212 alignleft\" src=\"https:\/\/cbf.ca\/wp-content\/uploads\/Photos\/HallofFame\/Kamel-Fergani.jpg\" alt=\"Kamel Fergani\"\/><br \/>Connu pour ses qualit\u00e9s de joueur, d&rsquo;enseignant et sa g\u00e9n\u00e9rosit\u00e9 \u00e0 prodiguer des conseils aux bridgeurs de tous niveaux, Kamel Fergani est une figure marquante du bridge canadien.<\/td><td><a href=\"https:\/\/cbf.ca\/fr\/gartaganis-judith\/\" target=\"_blank\" rel=\"noreferrer noopener\">Gartaganis, Judith<\/a> <img loading=\"lazy\" decoding=\"async\" width=\"150\" height=\"190\" class=\"wp-image-1212 alignright\" src=\"https:\/\/cbf.ca\/wp-content\/uploads\/2018\/01\/Judith-Gartaganis.jpg\" alt=\"Judith Gartaganis\"\/><br \/>Judith est la scientifique, tant sur le plan professionnel que du point de vue du bridge, dans un long et fructueux partenariat de bridge et de vie avec son mari Nicholas.<\/td><\/tr><tr><td><img loading=\"lazy\" decoding=\"async\" width=\"150\" height=\"190\" class=\"wp-image-1212 alignleft\" src=\"https:\/\/cbf.ca\/wp-content\/uploads\/2018\/01\/Nicholas-Gartaganis.jpg\" alt=\"Nicholas Gartaganis\"\/><a href=\"https:\/\/cbf.ca\/fr\/gartaganis-nicholas\/\" target=\"_blank\" rel=\"noreferrer noopener\">Gartaganis, Nicholas<\/a><br \/>Nicholas est connu comme la moiti\u00e9 d&rsquo;un long et fructueux partenariat de bridge avec son \u00e9pouse Judith, qui a \u00e9t\u00e9 intronis\u00e9e au Temple de la renomm\u00e9e de la FCB en m\u00eame temps que lui.<\/td><td><a href=\"https:\/\/cbf.ca\/fr\/gold-sam\/\" target=\"_blank\" rel=\"noreferrer noopener\">Gold, Sam<\/a> <img loading=\"lazy\" decoding=\"async\" width=\"150\" height=\"190\" class=\"wp-image-1212 alignright\" src=\"https:\/\/cbf.ca\/wp-content\/uploads\/2023\/07\/SamGold-2023-1.png\" alt=\"Sam Gold\"\/><br \/>Sam Gold de Montr\u00e9al est devenu le deuxi\u00e8me joueur canadien \u00e0 atteindre le statut de Ma\u00eetre \u00e0 Vie, en 1948.<\/td><\/tr><tr><td><img loading=\"lazy\" decoding=\"async\" width=\"150\" height=\"190\" class=\"wp-image-1212 alignleft\" src=\"https:\/\/cbf.ca\/wp-content\/uploads\/2023\/07\/AgnesGordon-2023-3.png\" alt=\"Agnes Gordon\"\/><a href=\"https:\/\/cbf.ca\/fr\/agnes-gordon-1906-1967\/\" target=\"_blank\" rel=\"noreferrer noopener\">Gordon, Agnes<\/a><br \/>Agnes Gordon fut pendant plus de trois d\u00e9cennies l\u2019une des meilleures joueuses d\u2019Am\u00e9rique du Nord.<\/td><td><a href=\"https:\/\/cbf.ca\/fr\/gordon-diana\/\" target=\"_blank\" rel=\"noreferrer noopener\">Gordon, Diana<\/a> <img loading=\"lazy\" decoding=\"async\" width=\"150\" height=\"190\" class=\"wp-image-1212 alignright\" src=\"https:\/\/cbf.ca\/wp-content\/uploads\/2017\/09\/Gordon.jpg\" alt=\"Diana Gordon\"\/><br \/>Diana Gordon est la seule Grand Ma\u00eetre Mondial au Canada.<\/td><\/tr><tr><td><img loading=\"lazy\" decoding=\"async\" width=\"150\" height=\"190\" class=\"wp-image-1212 alignleft\" src=\"https:\/\/cbf.ca\/wp-content\/uploads\/2022\/05\/Gowdy-360x450-2022-2.jpg\" alt=\"Bruce Gowdy\"\/><a href=\"https:\/\/cbf.ca\/fr\/bruce-gowdy\/\" target=\"_blank\" rel=\"noreferrer noopener\">Gowdy, Bruce<\/a><br \/>En 1950, Bruce Gowdy est devenu le ma\u00eetre \u00e0 vie #67 de l\u2019ACBL.<\/td><td><a href=\"https:\/\/cbf.ca\/fr\/audrey-grant\/\" target=\"_blank\" rel=\"noreferrer noopener\">Grant, Audrey<\/a> <img loading=\"lazy\" decoding=\"async\" width=\"150\" height=\"190\" class=\"wp-image-1212 alignright\" src=\"https:\/\/cbf.ca\/wp-content\/uploads\/2016\/02\/Audrey-Grant.jpg\" alt=\"Audrey Grant\"\/><br \/>Audrey Grant est connue \u00e0 travers le monde comme \u00abL\u2019Enseignante des Enseignants\u00bb.<\/td><\/tr><tr><td><a href=\"https:\/\/cbf.ca\/fr\/graves-allan\/\" target=\"_blank\" rel=\"noreferrer noopener\">Graves, Allan<\/a> <img loading=\"lazy\" decoding=\"async\" width=\"150\" height=\"190\" class=\"wp-image-1212 alignleft\" src=\"https:\/\/cbf.ca\/wp-content\/uploads\/2015\/07\/AllanGraves_small.jpg\" alt=\"Allan Graves\"\/><br \/>Au moment de son intronisation au Temple de la Renomm\u00e9e de la FCB, Graves \u00e9tait le Grand Ma\u00eetre \u00e0 vie canadien le mieux class\u00e9.<\/td><td><a href=\"https:\/\/cbf.ca\/hanna-nader\/\" target=\"_blank\" rel=\"noreferrer noopener\">Han<\/a><a href=\"https:\/\/cbf.ca\/hanna-nader\/\">na, Nader<\/a> <img loading=\"lazy\" decoding=\"async\" width=\"150\" height=\"190\" class=\"wp-image-1212 alignright\" src=\"https:\/\/cbf.ca\/wp-content\/uploads\/2022\/05\/Nader-Hanna-2022.jpg\" alt=\"Nader Hanna\"\/><br \/>Nader Hanna a remport\u00e9 plusieurs championnats nord-am\u00e9ricain et canadien. Il est le pr\u00e9sident de la FCB \u00e0 avoir servi pendant le plus d&rsquo;ann\u00e9es.<\/td><\/tr><tr><td><a href=\"https:\/\/cbf.ca\/fr\/jacob-dan\/\" target=\"_blank\" rel=\"noreferrer noopener\">Jacob, Dan<\/a> <img loading=\"lazy\" decoding=\"async\" width=\"150\" height=\"190\" class=\"wp-image-1212 alignleft\" src=\"https:\/\/cbf.ca\/wp-content\/uploads\/2025\/01\/Dan-Jacob-HoF-1-scaled.jpg\" alt=\"Dan Jacob\"\/><br \/>Dan Jacob conna\u00eet du succ\u00e8s depuis de nombreuses ann\u00e9es, avec des faits marquant tant au niveau des Championnats canadiens qu&rsquo;au niveau international.<\/td><td><img loading=\"lazy\" decoding=\"async\" width=\"150\" height=\"190\" class=\"wp-image-1212 alignright\" src=\"https:\/\/cbf.ca\/wp-content\/uploads\/2014\/11\/Sami-Kehela.png\" alt=\"Sami Kehela | Canadian Bridge Federation\"\/><a href=\"https:\/\/cbf.ca\/fr\/kehela-sami\/\" target=\"_blank\" rel=\"noreferrer noopener\">Kehala, Sami<\/a><a href=\"https:\/\/cbf.ca\/kehela-sami\/\" target=\"_blank\" rel=\"noreferrer noopener\"><br \/><\/a>Sami Kehela a remport\u00e9 dix titres majeurs des Nationaux am\u00e9ricains.<\/td><\/tr><tr><td><img loading=\"lazy\" decoding=\"async\" width=\"150\" height=\"190\" class=\"wp-image-1212 alignleft\" src=\"https:\/\/cbf.ca\/wp-content\/uploads\/2014\/11\/EricKokish.png\" alt=\"Eric Kokish\"\/><a href=\"https:\/\/cbf.ca\/eric-kokish\/\" target=\"_blank\" rel=\"noreferrer noopener\"><strong>K<\/strong><\/a><strong><a href=\"https:\/\/cbf.ca\/fr\/eric-kokish\/\" target=\"_blank\" rel=\"noreferrer noopener\">okish, Eric<\/a><\/strong><br \/>Eric Kokish a eu du succ\u00e8s en tant que joueur, coach, excellent th\u00e9oricien d\u2019ench\u00e8res et \u00e9crivain.<\/td><td><img loading=\"lazy\" decoding=\"async\" width=\"145\" height=\"190\" class=\"wp-image-1212 alignright\" src=\"https:\/\/cbf.ca\/wp-content\/uploads\/2019\/10\/Robert-Lebi.jpg\" alt=\"Robert Lebi\"\/><strong><a href=\"https:\/\/cbf.ca\/fr\/lebi-robert\/\" target=\"_blank\" rel=\"noreferrer noopener\">Lebi, Robert<\/a><\/strong><br \/>Robert Lebi a d\u00e9but\u00e9 \u00e0 jouer au bridge avec Kokish, Mark Molson, Sharyn Reus et George Mittelman (all HOF members). Il a remport\u00e9 plusieurs titres NABC et canadiens.<\/td><\/tr><tr><td><img loading=\"lazy\" decoding=\"async\" width=\"150\" height=\"190\" class=\"wp-image-1212 alignleft\" src=\"https:\/\/cbf.ca\/wp-content\/uploads\/2014\/11\/George-Mittelman.png\" alt=\"George Mittelman\"\/><strong><a href=\"https:\/\/cbf.ca\/fr\/george-mittelman\/\" target=\"_blank\" rel=\"noreferrer noopener\">Mittelman, George<\/a><\/strong><br \/>George Mittelman a remport\u00e9 deux Championnats du monde; les Paires mixtes en 1982 et les \u00c9quipes senior en 2002.<\/td><td><img loading=\"lazy\" decoding=\"async\" width=\"150\" height=\"190\" class=\"wp-image-1212 alignright\" src=\"https:\/\/cbf.ca\/wp-content\/uploads\/2014\/10\/MarkMolson.png\" alt=\"Mark Molson\"\/><strong><a href=\"https:\/\/cbf.ca\/fr\/molson-mark\/\" target=\"_blank\" rel=\"noreferrer noopener\">Mols<\/a><a href=\"https:\/\/cbf.ca\/fr\/molson-mark\/\">on, Mark<\/a><\/strong><br \/>Les noms de \u00ab Mark et Boris \u00bb sont pour toujours entrelac\u00e9s dans le bridge canadien. Ils ont eu beaucoup de succ\u00e8s ensemble et avec d&rsquo;autres partenaires.<\/td><\/tr><tr><td><img loading=\"lazy\" decoding=\"async\" width=\"150\" height=\"190\" class=\"wp-image-1212 alignleft\" src=\"https:\/\/cbf.ca\/wp-content\/uploads\/2014\/11\/Eric-Murray.png\" alt=\"Eric Murray\"\/><strong><a href=\"https:\/\/cbf.ca\/fr\/eric-murray\/\" target=\"_blank\" rel=\"noreferrer noopener\">Mu<\/a><a href=\"https:\/\/cbf.ca\/fr\/eric-murray\/\">rray, Eric R.<\/a><\/strong><br \/>Murray est Grand ma\u00eetre \u00e0 vie de l\u2019ACBL et membre du Temple de la Renomm\u00e9e de l\u2019ACBL.<\/td><td><img loading=\"lazy\" decoding=\"async\" width=\"150\" height=\"190\" class=\"wp-image-1212 alignright\" src=\"https:\/\/cbf.ca\/wp-content\/uploads\/2016\/12\/Peter-Nagy.jpg\" alt=\"Peter Nagy\"\/> <strong><a href=\"https:\/\/cbf.ca\/fr\/peter-nagy\/\" target=\"_blank\" rel=\"noreferrer noopener\">Nagy, Peter<\/a><\/strong><br \/>Peter Nagy a fait partie d&rsquo;un groupe de jeunes joueurs de Montr\u00e9al ayant eu pour mentor Sam Gold.<\/td><\/tr><tr><td><img loading=\"lazy\" decoding=\"async\" width=\"150\" height=\"190\" class=\"wp-image-1212 alignleft\" src=\"https:\/\/cbf.ca\/wp-content\/uploads\/2016\/02\/Mary-Paul.jpg\" alt=\"Mary Paul\"\/><a href=\"https:\/\/cbf.ca\/mary-paul\/\" target=\"_blank\" rel=\"noreferrer noopener\"><strong>Paul, Mary<\/strong><\/a><br \/>Mary Paul a \u00e9t\u00e9 la premi\u00e8re femme \u00e0 remporter le Championnat canadien des \u00e9quipes nationales (CNTC), remportant le premier CNTC en 1977. Elle a aussi remport\u00e9 7 CWTC et 2 m\u00e9dailles de bronze aux championnats mondiaux.<\/td><td><img loading=\"lazy\" decoding=\"async\" width=\"150\" height=\"190\" class=\"wp-image-1212 alignright\" src=\"https:\/\/cbf.ca\/wp-content\/uploads\/2022\/10\/Sharyn-Reus.jpg\" alt=\"Sharyn Reus\"\/><a href=\"https:\/\/cbf.ca\/fr\/reus-sharyn\/\" target=\"_blank\" rel=\"noreferrer noopener\"><strong>Reus, Sharyn<\/strong><\/a><br \/>Sharyn a remport\u00e9 10 championnats canadiens f\u00e9minins par \u00e9quipes et elle a repr\u00e9sent\u00e9 le Canada 16 fois aux championnats du monde par \u00e9quipes, terminant 3 fois 3\u00e8. Sharyn a \u00e9galement repr\u00e9sent\u00e9 le Canada 5 fois lors des \u00e9preuves mondiales en paires et elle a atteint le rang de World Life Master.<\/td><\/tr><tr><td><img loading=\"lazy\" decoding=\"async\" width=\"150\" height=\"190\" class=\"wp-image-1212 alignleft\" src=\"https:\/\/cbf.ca\/wp-content\/uploads\/2024\/08\/DerekFord_MRoche2407050001web.jpg\" alt=\"Michael Roche\"\/><strong><a href=\"https:\/\/cbf.ca\/fr\/fcb-temple-de-la-renommee\/michael-roche-temple\/\" target=\"_blank\" rel=\"noreferrer noopener\">Roche, Michael<\/a><\/strong><br \/>Il a remport\u00e9 de nombreuses victoires dans les championnats Open et Senior du Canada, la derni\u00e8re ayant \u00e9t\u00e9 en 2024, ann\u00e9e de son intronisation au Temple de la renomm\u00e9e. Il a aussi remport\u00e9 trois victoires au NABC.<\/td><td><a href=\"https:\/\/cbf.ca\/fr\/percy-sheardon\/\" target=\"_blank\" rel=\"noreferrer noopener\"><strong>Sheardown, Percy<\/strong><\/a><img loading=\"lazy\" decoding=\"async\" width=\"150\" height=\"190\" class=\"wp-image-1212 alignright\" src=\"https:\/\/cbf.ca\/wp-content\/uploads\/2014\/11\/Percy-Sheardon.png\" alt=\"Percy Sheardown\"\/><br \/>Percy (Shorty) Sheardown, membre du Temple de la renomm\u00e9e de l&rsquo;ACBL, a \u00e9t\u00e9 le premier grand joueur de bridge canadien. Il a remport\u00e9 plusieurs titres dont le troph\u00e9e Chicago (auj. le Reisinger) en 1936 et 1951, et les \u00e9quipes Spingold Master KO en 1964 et 1965.<\/td><\/tr><tr><td><img loading=\"lazy\" decoding=\"async\" width=\"150\" height=\"190\" class=\"wp-image-1212 alignleft\" src=\"https:\/\/cbf.ca\/wp-content\/uploads\/2014\/11\/Joey-Silver.png\" alt=\"Joey Silver\"\/><strong><a href=\"https:\/\/cbf.ca\/fr\/joey-silver\/\" target=\"_blank\" rel=\"noreferrer noopener\">Silver, Joey<\/a><\/strong><br \/>Joey Silver \u00e9tait membre de l\u2019\u00e9quipe qui a remport\u00e9 la m\u00e9daille d\u2019argent au Bermuda Bowl de 1995, le meilleur r\u00e9sultat qu\u2019une \u00e9quipe canadienne ait atteint dans ce plus prestigieux des tournois mondiaux.<\/td><td><img loading=\"lazy\" decoding=\"async\" width=\"150\" height=\"190\" class=\"wp-image-1212 alignright\" src=\"https:\/\/cbf.ca\/wp-content\/uploads\/2023\/07\/Katie-Thorpe-2023.jpg\" alt=\"Katie Thorpe\"\/><a href=\"https:\/\/cbf.ca\/thorpe-katie\/\" target=\"_blank\" rel=\"noreferrer noopener\"><\/a><strong><a href=\"https:\/\/cbf.ca\/fr\/thorpe-katie\/\" target=\"_blank\" rel=\"noreferrer noopener\">Thorpe, Katie<\/a><\/strong><br \/>Katie Thorpe a repr\u00e9sent\u00e9 le Canada douze fois aux Championnats du monde par \u00e9quipes, remportant une m\u00e9daille d&rsquo;argent aux Olympiades des \u00e9quipes f\u00e9minines de 2000 et deux m\u00e9dailles de bronze.<\/td><\/tr><\/tbody><\/table><\/figure>\n<\/div>\n<\/div>\n","protected":false},"excerpt":{"rendered":"<p>Anderson, WilliamWilliam Anderson fait partie des figures qui ont les plus marqu\u00e9 le jeu. Baran, BorisLes noms de \u00ab Mark et Boris \u00bb sont pour toujours entrelac\u00e9s dans l&rsquo;histoire du bridge. Ils ont eu beaucoup de succ\u00e8s en tant que partenaires, et aussi avec d\u2019autres partenaires. Bart, Gloria SilvermanGloria a repr\u00e9sent\u00e9 le Canada \u00e0 neuf<br><a class=\"moretag signature-animation\" href=\"https:\/\/cbf.ca\/fr\/membres-du-temple-de-la-renommee\/\">CONTINUER LA LECTURE<\/a>","protected":false},"author":1,"featured_media":0,"parent":0,"menu_order":0,"comment_status":"closed","ping_status":"closed","template":"","meta":{"footnotes":""},"yoast_head":"<!-- This site is optimized with the Yoast SEO plugin v22.3 - https:\/\/yoast.com\/wordpress\/plugins\/seo\/ -->\n<title>Membres du Temple de la renomm\u00e9e - Canadian Bridge Federation<\/title>\n<meta name=\"robots\" content=\"index, follow, max-snippet:-1, max-image-preview:large, max-video-preview:-1\" \/>\n<link rel=\"canonical\" href=\"https:\/\/cbf.ca\/fr\/membres-du-temple-de-la-renommee\/\" \/>\n<meta property=\"og:locale\" content=\"fr_FR\" \/>\n<meta property=\"og:type\" content=\"article\" \/>\n<meta property=\"og:title\" content=\"Membres du Temple de la renomm\u00e9e - Canadian Bridge Federation\" \/>\n<meta property=\"og:description\" content=\"Anderson, WilliamWilliam Anderson fait partie des figures qui ont les plus marqu\u00e9 le jeu. Baran, BorisLes noms de \u00ab Mark et Boris \u00bb sont pour toujours entrelac\u00e9s dans l&rsquo;histoire du bridge. Ils ont eu beaucoup de succ\u00e8s en tant que partenaires, et aussi avec d\u2019autres partenaires. Bart, Gloria SilvermanGloria a repr\u00e9sent\u00e9 le Canada \u00e0 neuf\" \/>\n<meta property=\"og:url\" content=\"https:\/\/cbf.ca\/fr\/membres-du-temple-de-la-renommee\/\" \/>\n<meta property=\"og:site_name\" content=\"Canadian Bridge Federation\" \/>\n<meta property=\"article:publisher\" content=\"https:\/\/www.facebook.com\/Canadian.Bridge.Federation\/\" \/>\n<meta property=\"article:modified_time\" content=\"2025-05-14T03:11:37+00:00\" \/>\n<meta property=\"og:image\" content=\"https:\/\/cbf.ca\/wp-content\/uploads\/2022\/05\/WilliamAnderson-2022.jpg\" \/>\n<meta name=\"twitter:label1\" content=\"Dur\u00e9e de lecture estim\u00e9e\" \/>\n\t<meta name=\"twitter:data1\" content=\"11 minutes\" \/>\n<script type=\"application\/ld+json\" class=\"yoast-schema-graph\">{\"@context\":\"https:\/\/schema.org\",\"@graph\":[{\"@type\":\"WebPage\",\"@id\":\"https:\/\/cbf.ca\/fr\/membres-du-temple-de-la-renommee\/\",\"url\":\"https:\/\/cbf.ca\/fr\/membres-du-temple-de-la-renommee\/\",\"name\":\"Membres du Temple de la renomm\u00e9e - Canadian Bridge Federation\",\"isPartOf\":{\"@id\":\"https:\/\/cbf.ca\/#website\"},\"primaryImageOfPage\":{\"@id\":\"https:\/\/cbf.ca\/fr\/membres-du-temple-de-la-renommee\/#primaryimage\"},\"image\":{\"@id\":\"https:\/\/cbf.ca\/fr\/membres-du-temple-de-la-renommee\/#primaryimage\"},\"thumbnailUrl\":\"https:\/\/cbf.ca\/wp-content\/uploads\/2022\/05\/WilliamAnderson-2022.jpg\",\"datePublished\":\"2022-05-06T04:12:22+00:00\",\"dateModified\":\"2025-05-14T03:11:37+00:00\",\"breadcrumb\":{\"@id\":\"https:\/\/cbf.ca\/fr\/membres-du-temple-de-la-renommee\/#breadcrumb\"},\"inLanguage\":\"fr-FR\",\"potentialAction\":[{\"@type\":\"ReadAction\",\"target\":[\"https:\/\/cbf.ca\/fr\/membres-du-temple-de-la-renommee\/\"]}]},{\"@type\":\"ImageObject\",\"inLanguage\":\"fr-FR\",\"@id\":\"https:\/\/cbf.ca\/fr\/membres-du-temple-de-la-renommee\/#primaryimage\",\"url\":\"https:\/\/cbf.ca\/wp-content\/uploads\/2022\/05\/WilliamAnderson-2022.jpg\",\"contentUrl\":\"https:\/\/cbf.ca\/wp-content\/uploads\/2022\/05\/WilliamAnderson-2022.jpg\",\"width\":143,\"height\":186},{\"@type\":\"BreadcrumbList\",\"@id\":\"https:\/\/cbf.ca\/fr\/membres-du-temple-de-la-renommee\/#breadcrumb\",\"itemListElement\":[{\"@type\":\"ListItem\",\"position\":1,\"name\":\"Home\",\"item\":\"https:\/\/cbf.ca\/\"},{\"@type\":\"ListItem\",\"position\":2,\"name\":\"Membres du Temple de la renomm\u00e9e\"}]},{\"@type\":\"WebSite\",\"@id\":\"https:\/\/cbf.ca\/#website\",\"url\":\"https:\/\/cbf.ca\/\",\"name\":\"Canadian Bridge Federation\",\"description\":\"F\u00e9d\u00e9ration canadienne de bridge\",\"potentialAction\":[{\"@type\":\"SearchAction\",\"target\":{\"@type\":\"EntryPoint\",\"urlTemplate\":\"https:\/\/cbf.ca\/?s={search_term_string}\"},\"query-input\":\"required name=search_term_string\"}],\"inLanguage\":\"fr-FR\"}]}<\/script>\n<!-- \/ Yoast SEO plugin. -->","yoast_head_json":{"title":"Membres du Temple de la renomm\u00e9e - Canadian Bridge Federation","robots":{"index":"index","follow":"follow","max-snippet":"max-snippet:-1","max-image-preview":"max-image-preview:large","max-video-preview":"max-video-preview:-1"},"canonical":"https:\/\/cbf.ca\/fr\/membres-du-temple-de-la-renommee\/","og_locale":"fr_FR","og_type":"article","og_title":"Membres du Temple de la renomm\u00e9e - Canadian Bridge Federation","og_description":"Anderson, WilliamWilliam Anderson fait partie des figures qui ont les plus marqu\u00e9 le jeu. Baran, BorisLes noms de \u00ab Mark et Boris \u00bb sont pour toujours entrelac\u00e9s dans l&rsquo;histoire du bridge. Ils ont eu beaucoup de succ\u00e8s en tant que partenaires, et aussi avec d\u2019autres partenaires. Bart, Gloria SilvermanGloria a repr\u00e9sent\u00e9 le Canada \u00e0 neuf","og_url":"https:\/\/cbf.ca\/fr\/membres-du-temple-de-la-renommee\/","og_site_name":"Canadian Bridge Federation","article_publisher":"https:\/\/www.facebook.com\/Canadian.Bridge.Federation\/","article_modified_time":"2025-05-14T03:11:37+00:00","og_image":[{"url":"https:\/\/cbf.ca\/wp-content\/uploads\/2022\/05\/WilliamAnderson-2022.jpg"}],"twitter_misc":{"Dur\u00e9e de lecture estim\u00e9e":"11 minutes"},"schema":{"@context":"https:\/\/schema.org","@graph":[{"@type":"WebPage","@id":"https:\/\/cbf.ca\/fr\/membres-du-temple-de-la-renommee\/","url":"https:\/\/cbf.ca\/fr\/membres-du-temple-de-la-renommee\/","name":"Membres du Temple de la renomm\u00e9e - Canadian Bridge Federation","isPartOf":{"@id":"https:\/\/cbf.ca\/#website"},"primaryImageOfPage":{"@id":"https:\/\/cbf.ca\/fr\/membres-du-temple-de-la-renommee\/#primaryimage"},"image":{"@id":"https:\/\/cbf.ca\/fr\/membres-du-temple-de-la-renommee\/#primaryimage"},"thumbnailUrl":"https:\/\/cbf.ca\/wp-content\/uploads\/2022\/05\/WilliamAnderson-2022.jpg","datePublished":"2022-05-06T04:12:22+00:00","dateModified":"2025-05-14T03:11:37+00:00","breadcrumb":{"@id":"https:\/\/cbf.ca\/fr\/membres-du-temple-de-la-renommee\/#breadcrumb"},"inLanguage":"fr-FR","potentialAction":[{"@type":"ReadAction","target":["https:\/\/cbf.ca\/fr\/membres-du-temple-de-la-renommee\/"]}]},{"@type":"ImageObject","inLanguage":"fr-FR","@id":"https:\/\/cbf.ca\/fr\/membres-du-temple-de-la-renommee\/#primaryimage","url":"https:\/\/cbf.ca\/wp-content\/uploads\/2022\/05\/WilliamAnderson-2022.jpg","contentUrl":"https:\/\/cbf.ca\/wp-content\/uploads\/2022\/05\/WilliamAnderson-2022.jpg","width":143,"height":186},{"@type":"BreadcrumbList","@id":"https:\/\/cbf.ca\/fr\/membres-du-temple-de-la-renommee\/#breadcrumb","itemListElement":[{"@type":"ListItem","position":1,"name":"Home","item":"https:\/\/cbf.ca\/"},{"@type":"ListItem","position":2,"name":"Membres du Temple de la renomm\u00e9e"}]},{"@type":"WebSite","@id":"https:\/\/cbf.ca\/#website","url":"https:\/\/cbf.ca\/","name":"Canadian Bridge Federation","description":"F\u00e9d\u00e9ration canadienne de bridge","potentialAction":[{"@type":"SearchAction","target":{"@type":"EntryPoint","urlTemplate":"https:\/\/cbf.ca\/?s={search_term_string}"},"query-input":"required name=search_term_string"}],"inLanguage":"fr-FR"}]}},"_links":{"self":[{"href":"https:\/\/cbf.ca\/fr\/wp-json\/wp\/v2\/pages\/22306"}],"collection":[{"href":"https:\/\/cbf.ca\/fr\/wp-json\/wp\/v2\/pages"}],"about":[{"href":"https:\/\/cbf.ca\/fr\/wp-json\/wp\/v2\/types\/page"}],"author":[{"embeddable":true,"href":"https:\/\/cbf.ca\/fr\/wp-json\/wp\/v2\/users\/1"}],"replies":[{"embeddable":true,"href":"https:\/\/cbf.ca\/fr\/wp-json\/wp\/v2\/comments?post=22306"}],"version-history":[{"count":65,"href":"https:\/\/cbf.ca\/fr\/wp-json\/wp\/v2\/pages\/22306\/revisions"}],"predecessor-version":[{"id":32418,"href":"https:\/\/cbf.ca\/fr\/wp-json\/wp\/v2\/pages\/22306\/revisions\/32418"}],"wp:attachment":[{"href":"https:\/\/cbf.ca\/fr\/wp-json\/wp\/v2\/media?parent=22306"}],"curies":[{"name":"wp","href":"https:\/\/api.w.org\/{rel}","templated":true}]}}