{"id":1987,"date":"2014-09-03T23:55:22","date_gmt":"2014-09-03T23:55:22","guid":{"rendered":"http:\/\/cbf.ezy-hosts.com\/?page_id=1987"},"modified":"2019-11-01T17:20:41","modified_gmt":"2019-11-01T17:20:41","slug":"histoire-de-la-fcb","status":"publish","type":"page","link":"https:\/\/cbf.ca\/fr\/propos-de-la-cbf\/histoire-de-la-fcb\/","title":{"rendered":"Histoire de la FCB"},"content":{"rendered":"<p style=\"text-align: justify;\">L\u2019histoire du bridge organis\u00e9 au Canada est \u00e9troitement\u00a0li\u00e9e \u00e0 l\u2019\u00e9volution de l\u2019<em>American Contract Bridge League<\/em> (ACBL). Apr\u00e8s l\u2019invention du bridge contrat en 1925, les joueurs au Canada se sont organis\u00e9s en entit\u00e9s r\u00e9gionales qui se sont \u00e9ventuellement unies \u00e0 des organisations plus grandes situ\u00e9es au sud de la fronti\u00e8re. L\u2019Est-Centre et l\u2019Ouest du Canada ont suivi des chemins diff\u00e9rents. L&rsquo;Est-Centre\u00a0\u00e9tait toujours\u00a0align\u00e9 avec l\u2019ACBL, avant m\u00eame que cette organisation ne devienne pr\u00e9dominante en Am\u00e9rique du Nord. L\u2019Ouest du Canada faisait plut\u00f4t partie, au d\u00e9part, de la Ligue de bridge du Pacifique qui a fusionn\u00e9 avec l\u2019ACBL en 1956.<\/p>\n<p style=\"text-align: justify;\">Dans les ann\u00e9es 60, l\u2019ACBL comptait plus de 10\u00a0000 membres canadiens, surtout en raison de l\u2019int\u00e9r\u00eat stimul\u00e9 par les programmes des ligues pour les clubs et les tournois. M\u00eame si les canadiens appr\u00e9ciaient le bridge de l\u2019ACBL, il leur manquait encore une organisation qui les relierait directement. Ainsi, la F\u00e9d\u00e9ration canadienne de bridge (FCB) est venue combler ce vide.<\/p>\n<p style=\"text-align: justify;\">L\u2019impulsion pour cr\u00e9er la FCB fut l\u2019introduction en 1960 du Championnat mondial de bridge, cr\u00e9\u00e9 par la jeune F\u00e9d\u00e9ration mondiale de bridge. C\u2019\u00e9tait une comp\u00e9tition o\u00f9 chaque pays serait repr\u00e9sent\u00e9 par sa propre \u00e9quipe nationale. D\u00e9j\u00e0, les experts canadiens comme Eric Murray, Sammy Kehela, Bruce Elliot et Pearcy Sheardown avaient laiss\u00e9 leur marque sur la sc\u00e8ne nord-am\u00e9ricaine. Avec un groupe de jeunes \u00e9toiles en herbe canadiennes, ils ont relev\u00e9 le d\u00e9fi de repr\u00e9senter le Canada.<\/p>\n<p style=\"text-align: justify;\">L\u2019effort du Canada lors de la premi\u00e8re Olympiade a eu un succ\u00e8s mod\u00e9r\u00e9. Les choses se sont am\u00e9lior\u00e9es en 1964 lorsque notre pays a termin\u00e9 avec une impressionnante quatri\u00e8me place. Il est rapidement devenu \u00e9vident qu\u2019une entit\u00e9 sp\u00e9cifique \u00e9tait requise pour organiser la comp\u00e9tition nationale de s\u00e9lection de nos \u00e9quipes internationales et, si possible, pour les supporter \u00e0 la fois moralement et financi\u00e8rement. Eric Murray, dont l\u2019\u00e9nergie et le dynamisme sont l\u00e9gendaires, fut le principal instigateur de cette nouvelle organisation, toujours sans nom officiel. Elle a d\u00e9but\u00e9 comme un r\u00e9seau informel de supporters, d\u2019un oc\u00e9an \u00e0 l\u2019autre, et s\u2019est graduellement d\u00e9velopp\u00e9e en une structure plus concr\u00e8te.<\/p>\n<p style=\"text-align: justify;\">Les unit\u00e9s canadiennes de l\u2019ACBL ont r\u00e9pondu favorablement \u00e0 l\u2019intention de Murray de b\u00e2tir une organisation formelle. Des r\u00e9unions sur ce th\u00e8me\u00a0furent tenues partout o\u00f9 les joueurs de bridge se rassemblaient. Aux Nationaux de 1965 (aujourd\u2019hui les Championnats nord-am\u00e9ricains de bridge) \u00e0 Chicago, un groupe d\u2019organisateurs et d\u2019amateurs canadiens, men\u00e9s par Murray, ont pris la d\u00e9cision historique de cr\u00e9er la FCB. Il s\u2019agirait d\u2019une association volontaire d\u2019unit\u00e9s canadiennes de l\u2019ACBL, o\u00f9 chaque unit\u00e9 membre d\u00e9ciderait du niveau de sa contribution financi\u00e8re. En plus de Murray, le groupe de Chicago comprenait Henry Smilie (Vancouver); Doug Cannell (Winnipeg); Chuck Jane (Woodstock); Bill Robinson (Toronto); Al Lando (Toronto); Doug Drew (Toronto); Aaron Goodman (Montr\u00e9al); et Don Dobson (Halifax). Ensemble, ces individus repr\u00e9sentaient plus de 80% des membres canadiens de l\u2019ACBL.<\/p>\n<p style=\"text-align: justify;\">Apr\u00e8s le National de Chicago, une rencontre de strat\u00e9gie eut lieu \u00e0 la demeure de Murray \u00e0 Toronto. L\u00e0, les fondateurs de la FCB (Murray, Jane, Drew, Lando, Robinson et Cannell) d\u00e9cid\u00e8rent de tenir une autre r\u00e9union avec les repr\u00e9sentants officiels des unit\u00e9s, lors du National de 1966 \u00e0 Denver. Les fondateurs pr\u00e9senteraient un projet de formation et de structure de la FCB, pour approbation par les officiels des unit\u00e9s. Ces derniers prendraient le relais en ce qui concerne les politiques r\u00e9gissant la s\u00e9lection de nos \u00e9quipes internationales via un tournoi de s\u00e9lection, et les subventions aux joueurs s\u00e9lectionn\u00e9s.<\/p>\n<p style=\"text-align: justify;\">Chuck Jane entreprit l\u2019immense t\u00e2che de concevoir le format de la premi\u00e8re s\u00e9lection et de mettre sur pied un groupe pancanadien de b\u00e9n\u00e9voles afin de tenir les tournois locaux pour la qualification \u00e0 la finale nationale. Le premier \u00e9v\u00e9nement aboutit \u00e0 une finale nationale tenue \u00e0 Winnipeg en septembre 1967.<\/p>\n<p style=\"text-align: justify;\">Depuis ses d\u00e9buts, la FCB a grandi et a chang\u00e9. Aujourd\u2019hui, la FCB repr\u00e9sente tous les joueurs canadiens, pas seulement les champions visant les comp\u00e9titions internationales, et offre des programmes diversifi\u00e9s tel que des championnats nationaux avec volets, des parties ma\u00eetre-non ma\u00eetre, et un magazine adapt\u00e9 \u00e0 un large lectorat. De plus, en 1990, la FCB est devenue une organisation de membres en plus d\u2019\u00eatre une f\u00e9d\u00e9ration d\u2019unit\u00e9s canadiennes de l\u2019ACBL.<\/p>\n<p style=\"text-align: justify;\">50+ ans plus tard, les canadiens peuvent \u00eatre fiers de la FCB. Dans le futur, l\u2019avenir de l\u2019organisme va d\u00e9pendre pour une large part du soutien continu de membres bien inform\u00e9s.<\/p>\n","protected":false},"excerpt":{"rendered":"<p>L\u2019histoire du bridge organis\u00e9 au Canada est \u00e9troitement\u00a0li\u00e9e \u00e0 l\u2019\u00e9volution de l\u2019American Contract Bridge League (ACBL). Apr\u00e8s l\u2019invention du bridge contrat en 1925, les joueurs au Canada se sont organis\u00e9s en entit\u00e9s r\u00e9gionales qui se sont \u00e9ventuellement unies \u00e0 des organisations plus grandes situ\u00e9es au sud de la fronti\u00e8re. L\u2019Est-Centre et l\u2019Ouest du Canada ont<br><a class=\"moretag signature-animation\" href=\"https:\/\/cbf.ca\/fr\/propos-de-la-cbf\/histoire-de-la-fcb\/\">CONTINUER LA LECTURE<\/a>","protected":false},"author":1,"featured_media":0,"parent":1975,"menu_order":0,"comment_status":"closed","ping_status":"closed","template":"","meta":{"footnotes":""},"yoast_head":"<!-- This site is optimized with the Yoast SEO plugin v22.3 - https:\/\/yoast.com\/wordpress\/plugins\/seo\/ -->\n<title>Histoire de la FCB - Canadian Bridge Federation<\/title>\n<meta name=\"robots\" content=\"index, follow, max-snippet:-1, max-image-preview:large, max-video-preview:-1\" \/>\n<link rel=\"canonical\" href=\"https:\/\/cbf.ca\/fr\/propos-de-la-cbf\/histoire-de-la-fcb\/\" \/>\n<meta property=\"og:locale\" content=\"fr_FR\" \/>\n<meta property=\"og:type\" content=\"article\" \/>\n<meta property=\"og:title\" content=\"Histoire de la FCB - Canadian Bridge Federation\" \/>\n<meta property=\"og:description\" content=\"L\u2019histoire du bridge organis\u00e9 au Canada est \u00e9troitement\u00a0li\u00e9e \u00e0 l\u2019\u00e9volution de l\u2019American Contract Bridge League (ACBL). Apr\u00e8s l\u2019invention du bridge contrat en 1925, les joueurs au Canada se sont organis\u00e9s en entit\u00e9s r\u00e9gionales qui se sont \u00e9ventuellement unies \u00e0 des organisations plus grandes situ\u00e9es au sud de la fronti\u00e8re. L\u2019Est-Centre et l\u2019Ouest du Canada ont\" \/>\n<meta property=\"og:url\" content=\"https:\/\/cbf.ca\/fr\/propos-de-la-cbf\/histoire-de-la-fcb\/\" \/>\n<meta property=\"og:site_name\" content=\"Canadian Bridge Federation\" \/>\n<meta property=\"article:publisher\" content=\"https:\/\/www.facebook.com\/Canadian.Bridge.Federation\/\" \/>\n<meta property=\"article:modified_time\" content=\"2019-11-01T17:20:41+00:00\" \/>\n<meta name=\"twitter:label1\" content=\"Dur\u00e9e de lecture estim\u00e9e\" \/>\n\t<meta name=\"twitter:data1\" content=\"4 minutes\" \/>\n<script type=\"application\/ld+json\" class=\"yoast-schema-graph\">{\"@context\":\"https:\/\/schema.org\",\"@graph\":[{\"@type\":\"WebPage\",\"@id\":\"https:\/\/cbf.ca\/fr\/propos-de-la-cbf\/histoire-de-la-fcb\/\",\"url\":\"https:\/\/cbf.ca\/fr\/propos-de-la-cbf\/histoire-de-la-fcb\/\",\"name\":\"Histoire de la FCB - Canadian Bridge Federation\",\"isPartOf\":{\"@id\":\"https:\/\/cbf.ca\/#website\"},\"datePublished\":\"2014-09-03T23:55:22+00:00\",\"dateModified\":\"2019-11-01T17:20:41+00:00\",\"breadcrumb\":{\"@id\":\"https:\/\/cbf.ca\/fr\/propos-de-la-cbf\/histoire-de-la-fcb\/#breadcrumb\"},\"inLanguage\":\"fr-FR\",\"potentialAction\":[{\"@type\":\"ReadAction\",\"target\":[\"https:\/\/cbf.ca\/fr\/propos-de-la-cbf\/histoire-de-la-fcb\/\"]}]},{\"@type\":\"BreadcrumbList\",\"@id\":\"https:\/\/cbf.ca\/fr\/propos-de-la-cbf\/histoire-de-la-fcb\/#breadcrumb\",\"itemListElement\":[{\"@type\":\"ListItem\",\"position\":1,\"name\":\"Home\",\"item\":\"https:\/\/cbf.ca\/\"},{\"@type\":\"ListItem\",\"position\":2,\"name\":\"A propos de la FCB\",\"item\":\"https:\/\/cbf.ca\/fr\/propos-de-la-cbf\/\"},{\"@type\":\"ListItem\",\"position\":3,\"name\":\"Histoire de la FCB\"}]},{\"@type\":\"WebSite\",\"@id\":\"https:\/\/cbf.ca\/#website\",\"url\":\"https:\/\/cbf.ca\/\",\"name\":\"Canadian Bridge Federation\",\"description\":\"F\u00e9d\u00e9ration canadienne de bridge\",\"potentialAction\":[{\"@type\":\"SearchAction\",\"target\":{\"@type\":\"EntryPoint\",\"urlTemplate\":\"https:\/\/cbf.ca\/?s={search_term_string}\"},\"query-input\":\"required name=search_term_string\"}],\"inLanguage\":\"fr-FR\"}]}<\/script>\n<!-- \/ Yoast SEO plugin. -->","yoast_head_json":{"title":"Histoire de la FCB - Canadian Bridge Federation","robots":{"index":"index","follow":"follow","max-snippet":"max-snippet:-1","max-image-preview":"max-image-preview:large","max-video-preview":"max-video-preview:-1"},"canonical":"https:\/\/cbf.ca\/fr\/propos-de-la-cbf\/histoire-de-la-fcb\/","og_locale":"fr_FR","og_type":"article","og_title":"Histoire de la FCB - Canadian Bridge Federation","og_description":"L\u2019histoire du bridge organis\u00e9 au Canada est \u00e9troitement\u00a0li\u00e9e \u00e0 l\u2019\u00e9volution de l\u2019American Contract Bridge League (ACBL). Apr\u00e8s l\u2019invention du bridge contrat en 1925, les joueurs au Canada se sont organis\u00e9s en entit\u00e9s r\u00e9gionales qui se sont \u00e9ventuellement unies \u00e0 des organisations plus grandes situ\u00e9es au sud de la fronti\u00e8re. L\u2019Est-Centre et l\u2019Ouest du Canada ont","og_url":"https:\/\/cbf.ca\/fr\/propos-de-la-cbf\/histoire-de-la-fcb\/","og_site_name":"Canadian Bridge Federation","article_publisher":"https:\/\/www.facebook.com\/Canadian.Bridge.Federation\/","article_modified_time":"2019-11-01T17:20:41+00:00","twitter_misc":{"Dur\u00e9e de lecture estim\u00e9e":"4 minutes"},"schema":{"@context":"https:\/\/schema.org","@graph":[{"@type":"WebPage","@id":"https:\/\/cbf.ca\/fr\/propos-de-la-cbf\/histoire-de-la-fcb\/","url":"https:\/\/cbf.ca\/fr\/propos-de-la-cbf\/histoire-de-la-fcb\/","name":"Histoire de la FCB - Canadian Bridge Federation","isPartOf":{"@id":"https:\/\/cbf.ca\/#website"},"datePublished":"2014-09-03T23:55:22+00:00","dateModified":"2019-11-01T17:20:41+00:00","breadcrumb":{"@id":"https:\/\/cbf.ca\/fr\/propos-de-la-cbf\/histoire-de-la-fcb\/#breadcrumb"},"inLanguage":"fr-FR","potentialAction":[{"@type":"ReadAction","target":["https:\/\/cbf.ca\/fr\/propos-de-la-cbf\/histoire-de-la-fcb\/"]}]},{"@type":"BreadcrumbList","@id":"https:\/\/cbf.ca\/fr\/propos-de-la-cbf\/histoire-de-la-fcb\/#breadcrumb","itemListElement":[{"@type":"ListItem","position":1,"name":"Home","item":"https:\/\/cbf.ca\/"},{"@type":"ListItem","position":2,"name":"A propos de la FCB","item":"https:\/\/cbf.ca\/fr\/propos-de-la-cbf\/"},{"@type":"ListItem","position":3,"name":"Histoire de la FCB"}]},{"@type":"WebSite","@id":"https:\/\/cbf.ca\/#website","url":"https:\/\/cbf.ca\/","name":"Canadian Bridge Federation","description":"F\u00e9d\u00e9ration canadienne de bridge","potentialAction":[{"@type":"SearchAction","target":{"@type":"EntryPoint","urlTemplate":"https:\/\/cbf.ca\/?s={search_term_string}"},"query-input":"required name=search_term_string"}],"inLanguage":"fr-FR"}]}},"_links":{"self":[{"href":"https:\/\/cbf.ca\/fr\/wp-json\/wp\/v2\/pages\/1987"}],"collection":[{"href":"https:\/\/cbf.ca\/fr\/wp-json\/wp\/v2\/pages"}],"about":[{"href":"https:\/\/cbf.ca\/fr\/wp-json\/wp\/v2\/types\/page"}],"author":[{"embeddable":true,"href":"https:\/\/cbf.ca\/fr\/wp-json\/wp\/v2\/users\/1"}],"replies":[{"embeddable":true,"href":"https:\/\/cbf.ca\/fr\/wp-json\/wp\/v2\/comments?post=1987"}],"version-history":[{"count":9,"href":"https:\/\/cbf.ca\/fr\/wp-json\/wp\/v2\/pages\/1987\/revisions"}],"predecessor-version":[{"id":12758,"href":"https:\/\/cbf.ca\/fr\/wp-json\/wp\/v2\/pages\/1987\/revisions\/12758"}],"up":[{"embeddable":true,"href":"https:\/\/cbf.ca\/fr\/wp-json\/wp\/v2\/pages\/1975"}],"wp:attachment":[{"href":"https:\/\/cbf.ca\/fr\/wp-json\/wp\/v2\/media?parent=1987"}],"curies":[{"name":"wp","href":"https:\/\/api.w.org\/{rel}","templated":true}]}}