{"id":1981,"date":"2014-09-15T23:57:06","date_gmt":"2014-09-15T19:57:06","guid":{"rendered":"http:\/\/cbf.ezy-hosts.com\/?page_id=1981"},"modified":"2026-04-02T07:44:45","modified_gmt":"2026-04-02T03:44:45","slug":"liens-externes","status":"publish","type":"page","link":"https:\/\/cbf.ca\/fr\/liens-externes\/","title":{"rendered":"Liens externes"},"content":{"rendered":"<p>N&rsquo;h\u00e9sitez pas \u00e0 nous envoyer vos liens pour qu&rsquo;on les inclut sur\u00a0cette page.<\/p>\n<p><em>Note : les informations de la pluplart de ces sites sont en anglais seulement.<\/em><\/p>\n<p><a href=\"http:\/\/acbl.org\" target=\"_blank\" rel=\"noopener\">Ligue am\u00e9ricaine de\u00a0bridge<\/a>\u00a0(American Bridge League)<\/p>\n<p><a href=\"https:\/\/web2.acbl.org\/documentlibrary\/play\/laws-of-duplicate-bridge.pdf\" target=\"_blank\" rel=\"noopener\">Laws of Duplicate Bridge<\/a> &#8211; 2017 Revised Authorized Edition<\/p>\n<p><a href=\"http:\/\/www.worldbridge.org\/\" target=\"_blank\" rel=\"noopener\">F\u00e9d\u00e9ration mondiale de bridge<\/a>\u00a0(World Bridge Federation)<\/p>\n<p><a href=\"http:\/\/www.ibpa.com\/\" target=\"_blank\" rel=\"noopener\">Association internationale de la presse de bridge<\/a>\u00a0(International Bridge Press Association)<br \/>\nCette association internationale\u00a0compte plus de 300 membres dans tous les coins du monde. Son objectif principal est d&rsquo;aider les journalistes de bridge dans leurs activit\u00e9s professionnelles reli\u00e9es au bridge.<\/p>\n<p><a href=\"https:\/\/bridge.com\" target=\"_blank\" rel=\"noopener\">Bridge.com<\/a><br \/>\nLe site propose des contenus tels que des articles, des vid\u00e9os, des podcasts, des images, des magazines et des livres &#8211; jouer, apprendre et se connecter avec d&rsquo;autres joueurs de bridge (Contenu en fran\u00e7ais).<\/p>\n<p><a href=\"https:\/\/www.bridgedailybulletins.nl\/links\/\" target=\"_blank\" rel=\"noopener\">Bulletins quotidiens de bridge<\/a>\u00a0(Daily Bridge Bulletins)<br \/>\nFrank van Wezel et Hans van de Konijnenburg des le Pays-Bas affichent sur ce site les\u00a0milliers de bulletins de bridge qu&rsquo;ils ont cueillis sur\u00a0Internet, pour le plaisir des lecteurs.<\/p>\n<p><a href=\"http:\/\/www.bridgeblogging.com\" target=\"_blank\" rel=\"noopener\">Blog de bridge<\/a>\u00a0(Bridge Blogging)<br \/>\nRencontre de nombreux et excellents joueurs canadiens, \u00e9crivains et journalistes.<\/p>\n<p><a href=\"https:\/\/www.bridgeworld.com\/pages\/magazine\/magazinemainpage.html\" target=\"_blank\" rel=\"noopener\">The Bridge World<\/a><br \/>\nMagazine &#8211; Concours &#8211; Livres &#8211; Lecture &#8211; Apprendre \u00e0 jouer au bridge (D\u00e9butant, \u00c9l\u00e9mentaire, Elementary, Interm\u00e9diaire).<\/p>\n<p><a href=\"http:\/\/bridgewinners.com\/\" target=\"_blank\" rel=\"noopener\">Bridge\u00a0Winners<\/a>\u00a0(Bridge Winners)<br \/>\nSite avec de nombreux articles int\u00e9ressants, des nouvelles sur le bridge, et un tr\u00e8s bon\u00a0\u00e9diteur de carte de convention.<\/p>\n<p><a href=\"http:\/\/www.greatbridgelinks.com\" target=\"_blank\" rel=\"noopener\">Great Brudge Links<\/a><br \/>\nPlus de 3000 liens s&rsquo;y trouvent. Lanc\u00e9 \u00e0 l&rsquo;origine en 1995 dans le cadre de cbf.ca. Ce site demeure\u00a0l&rsquo;un des sites de liaison de bridge le plus utiles au monde. Les pages principales et les listes de tournois y sont mis \u00e0 jour \u00e0 chaque semaine.<\/p>\n<p><a href=\"http:\/\/imageevent.com\/jon911\" target=\"_blank\" rel=\"noopener\">Albums Photo de Jonathan Steinberg<\/a><br \/>\nJonathan a photographi\u00e9 les joueurs de bridge depuis de nombreuses ann\u00e9es. Il autorise la FCB \u00e0\u00a0utiliser gratuitement ses photos dans le magazine Bridge Canada.<\/p>\n<p><a href=\"https:\/\/www.abf.com.au\/\" target=\"_blank\" rel=\"noopener\">Australian Bridge<\/a><\/p>\n<p>Jouer au bridge en ligne<\/p>\n<p style=\"padding-left: 40px;\"><a href=\"https:\/\/www.bridgebase.com\/v3\/app\/lv\" target=\"_blank\" rel=\"noopener\">Bridge Base Online<\/a> &#8211; Jeu en ligne<\/p>\n<p style=\"padding-left: 40px;\"><a href=\"https:\/\/funbridge.com\/fr\" target=\"_blank\" rel=\"noopener\">Funbridge<\/a> &#8211; Jeu en ligne.<\/p>\n<p style=\"padding-left: 40px;\"><a href=\"https:\/\/realbridge.online\/\" target=\"_blank\" rel=\"noopener\">RealBridge with Real People<\/a> &#8211; Jeu en ligne.<\/p>\n<p>Mat\u00e9riel de bridge<\/p>\n<p style=\"padding-left: 40px;\"><a href=\"https:\/\/masterpointpress.com\/\" target=\"_blank\" rel=\"noopener\">Master Point Press<\/a> &#8211; Publication de livres de bridge.<\/p>\n<p style=\"padding-left: 40px;\"><a href=\"https:\/\/baronbarclay.com\/\" target=\"_blank\" rel=\"noopener\">Baron Barclay<\/a> &#8211; Bridge supplies, books.<\/p>\n<p style=\"padding-left: 40px;\"><a href=\"http:\/\/vinceoddy.com\/\" target=\"_blank\" rel=\"noopener\">Vince Oddy &#8211; Livres, jeux, et articles de bridge<\/a>\u00a0(Vince Oddy Bridge Books, Games &amp; Supplies)<br \/>\nLongtemps\u00a0commanditaire du magazine\u00a0Bridge Canada de la FCB, Vince Oddy est un fournisseur canadien de mat\u00e9riel de\u00a0bridge.<\/p>\n<p style=\"padding-left: 40px;\"><a href=\"http:\/\/www.giftsforcardplayers.com\" target=\"_blank\" rel=\"noopener\">Gifts and Supplies for Card Players<\/a> (Cadeaux et accessoires pour jouer aux cartes)<br \/>\nUn site\u00a0parrain\u00e9 par \u00abGreat Bridge Links\u00bb, qui propose des articles de nouveaut\u00e9,\u00a0des v\u00eatements, des articles de papeterie, des livres, des logiciels et de nombreux autres objets\u00a0d&rsquo;int\u00e9r\u00eat pour les joueurs de cartes, leurs amis et partenaires. Ce site est\u00a0en ligne depuis 2006.<\/p>\n","protected":false},"excerpt":{"rendered":"<p>N&rsquo;h\u00e9sitez pas \u00e0 nous envoyer vos liens pour qu&rsquo;on les inclut sur\u00a0cette page. Note : les informations de la pluplart de ces sites sont en anglais seulement. Ligue am\u00e9ricaine de\u00a0bridge\u00a0(American Bridge League) Laws of Duplicate Bridge &#8211; 2017 Revised Authorized Edition F\u00e9d\u00e9ration mondiale de bridge\u00a0(World Bridge Federation) Association internationale de la presse de bridge\u00a0(International Bridge<br><a class=\"moretag signature-animation\" href=\"https:\/\/cbf.ca\/fr\/liens-externes\/\">CONTINUER LA LECTURE<\/a>","protected":false},"author":1,"featured_media":0,"parent":0,"menu_order":0,"comment_status":"closed","ping_status":"closed","template":"","meta":{"footnotes":""},"yoast_head":"<!-- This site is optimized with the Yoast SEO plugin v22.3 - https:\/\/yoast.com\/wordpress\/plugins\/seo\/ -->\n<title>Liens externes - Canadian Bridge Federation<\/title>\n<meta name=\"robots\" content=\"index, follow, max-snippet:-1, max-image-preview:large, max-video-preview:-1\" \/>\n<link rel=\"canonical\" href=\"https:\/\/cbf.ca\/fr\/liens-externes\/\" \/>\n<meta property=\"og:locale\" content=\"fr_FR\" \/>\n<meta property=\"og:type\" content=\"article\" \/>\n<meta property=\"og:title\" content=\"Liens externes - Canadian Bridge Federation\" \/>\n<meta property=\"og:description\" content=\"N&rsquo;h\u00e9sitez pas \u00e0 nous envoyer vos liens pour qu&rsquo;on les inclut sur\u00a0cette page. Note : les informations de la pluplart de ces sites sont en anglais seulement. Ligue am\u00e9ricaine de\u00a0bridge\u00a0(American Bridge League) Laws of Duplicate Bridge &#8211; 2017 Revised Authorized Edition F\u00e9d\u00e9ration mondiale de bridge\u00a0(World Bridge Federation) Association internationale de la presse de bridge\u00a0(International Bridge\" \/>\n<meta property=\"og:url\" content=\"https:\/\/cbf.ca\/fr\/liens-externes\/\" \/>\n<meta property=\"og:site_name\" content=\"Canadian Bridge Federation\" \/>\n<meta property=\"article:publisher\" content=\"https:\/\/www.facebook.com\/Canadian.Bridge.Federation\/\" \/>\n<meta property=\"article:modified_time\" content=\"2026-04-02T03:44:45+00:00\" \/>\n<meta name=\"twitter:label1\" content=\"Dur\u00e9e de lecture estim\u00e9e\" \/>\n\t<meta name=\"twitter:data1\" content=\"2 minutes\" \/>\n<script type=\"application\/ld+json\" class=\"yoast-schema-graph\">{\"@context\":\"https:\/\/schema.org\",\"@graph\":[{\"@type\":\"WebPage\",\"@id\":\"https:\/\/cbf.ca\/fr\/liens-externes\/\",\"url\":\"https:\/\/cbf.ca\/fr\/liens-externes\/\",\"name\":\"Liens externes - Canadian Bridge Federation\",\"isPartOf\":{\"@id\":\"https:\/\/cbf.ca\/#website\"},\"datePublished\":\"2014-09-15T19:57:06+00:00\",\"dateModified\":\"2026-04-02T03:44:45+00:00\",\"breadcrumb\":{\"@id\":\"https:\/\/cbf.ca\/fr\/liens-externes\/#breadcrumb\"},\"inLanguage\":\"fr-FR\",\"potentialAction\":[{\"@type\":\"ReadAction\",\"target\":[\"https:\/\/cbf.ca\/fr\/liens-externes\/\"]}]},{\"@type\":\"BreadcrumbList\",\"@id\":\"https:\/\/cbf.ca\/fr\/liens-externes\/#breadcrumb\",\"itemListElement\":[{\"@type\":\"ListItem\",\"position\":1,\"name\":\"Home\",\"item\":\"https:\/\/cbf.ca\/\"},{\"@type\":\"ListItem\",\"position\":2,\"name\":\"Liens externes\"}]},{\"@type\":\"WebSite\",\"@id\":\"https:\/\/cbf.ca\/#website\",\"url\":\"https:\/\/cbf.ca\/\",\"name\":\"Canadian Bridge Federation\",\"description\":\"F\u00e9d\u00e9ration canadienne de bridge\",\"potentialAction\":[{\"@type\":\"SearchAction\",\"target\":{\"@type\":\"EntryPoint\",\"urlTemplate\":\"https:\/\/cbf.ca\/?s={search_term_string}\"},\"query-input\":\"required name=search_term_string\"}],\"inLanguage\":\"fr-FR\"}]}<\/script>\n<!-- \/ Yoast SEO plugin. -->","yoast_head_json":{"title":"Liens externes - Canadian Bridge Federation","robots":{"index":"index","follow":"follow","max-snippet":"max-snippet:-1","max-image-preview":"max-image-preview:large","max-video-preview":"max-video-preview:-1"},"canonical":"https:\/\/cbf.ca\/fr\/liens-externes\/","og_locale":"fr_FR","og_type":"article","og_title":"Liens externes - Canadian Bridge Federation","og_description":"N&rsquo;h\u00e9sitez pas \u00e0 nous envoyer vos liens pour qu&rsquo;on les inclut sur\u00a0cette page. Note : les informations de la pluplart de ces sites sont en anglais seulement. Ligue am\u00e9ricaine de\u00a0bridge\u00a0(American Bridge League) Laws of Duplicate Bridge &#8211; 2017 Revised Authorized Edition F\u00e9d\u00e9ration mondiale de bridge\u00a0(World Bridge Federation) Association internationale de la presse de bridge\u00a0(International Bridge","og_url":"https:\/\/cbf.ca\/fr\/liens-externes\/","og_site_name":"Canadian Bridge Federation","article_publisher":"https:\/\/www.facebook.com\/Canadian.Bridge.Federation\/","article_modified_time":"2026-04-02T03:44:45+00:00","twitter_misc":{"Dur\u00e9e de lecture estim\u00e9e":"2 minutes"},"schema":{"@context":"https:\/\/schema.org","@graph":[{"@type":"WebPage","@id":"https:\/\/cbf.ca\/fr\/liens-externes\/","url":"https:\/\/cbf.ca\/fr\/liens-externes\/","name":"Liens externes - Canadian Bridge Federation","isPartOf":{"@id":"https:\/\/cbf.ca\/#website"},"datePublished":"2014-09-15T19:57:06+00:00","dateModified":"2026-04-02T03:44:45+00:00","breadcrumb":{"@id":"https:\/\/cbf.ca\/fr\/liens-externes\/#breadcrumb"},"inLanguage":"fr-FR","potentialAction":[{"@type":"ReadAction","target":["https:\/\/cbf.ca\/fr\/liens-externes\/"]}]},{"@type":"BreadcrumbList","@id":"https:\/\/cbf.ca\/fr\/liens-externes\/#breadcrumb","itemListElement":[{"@type":"ListItem","position":1,"name":"Home","item":"https:\/\/cbf.ca\/"},{"@type":"ListItem","position":2,"name":"Liens externes"}]},{"@type":"WebSite","@id":"https:\/\/cbf.ca\/#website","url":"https:\/\/cbf.ca\/","name":"Canadian Bridge Federation","description":"F\u00e9d\u00e9ration canadienne de bridge","potentialAction":[{"@type":"SearchAction","target":{"@type":"EntryPoint","urlTemplate":"https:\/\/cbf.ca\/?s={search_term_string}"},"query-input":"required name=search_term_string"}],"inLanguage":"fr-FR"}]}},"_links":{"self":[{"href":"https:\/\/cbf.ca\/fr\/wp-json\/wp\/v2\/pages\/1981"}],"collection":[{"href":"https:\/\/cbf.ca\/fr\/wp-json\/wp\/v2\/pages"}],"about":[{"href":"https:\/\/cbf.ca\/fr\/wp-json\/wp\/v2\/types\/page"}],"author":[{"embeddable":true,"href":"https:\/\/cbf.ca\/fr\/wp-json\/wp\/v2\/users\/1"}],"replies":[{"embeddable":true,"href":"https:\/\/cbf.ca\/fr\/wp-json\/wp\/v2\/comments?post=1981"}],"version-history":[{"count":13,"href":"https:\/\/cbf.ca\/fr\/wp-json\/wp\/v2\/pages\/1981\/revisions"}],"predecessor-version":[{"id":38492,"href":"https:\/\/cbf.ca\/fr\/wp-json\/wp\/v2\/pages\/1981\/revisions\/38492"}],"wp:attachment":[{"href":"https:\/\/cbf.ca\/fr\/wp-json\/wp\/v2\/media?parent=1981"}],"curies":[{"name":"wp","href":"https:\/\/api.w.org\/{rel}","templated":true}]}}