{"id":1975,"date":"2014-09-03T23:55:07","date_gmt":"2014-09-03T19:55:07","guid":{"rendered":"http:\/\/cbf.ezy-hosts.com\/?page_id=1975"},"modified":"2023-09-07T02:21:42","modified_gmt":"2023-09-06T22:21:42","slug":"propos-de-la-cbf","status":"publish","type":"page","link":"https:\/\/cbf.ca\/fr\/propos-de-la-cbf\/","title":{"rendered":"A propos de la FCB"},"content":{"rendered":"<div class=\"well\"><p><strong><em>La mission de la F\u00e9d\u00e9ration canadienne de bridge est de promouvoir le bridge \u00e0 travers le Canada et de promouvoir et prot\u00e9ger les int\u00e9r\u00eats nationaux du bridge canadien, incluant la s\u00e9lection et le soutien des \u00e9quipes et des joueurs qui repr\u00e9sentent le Canada dans des comp\u00e9titions internationales<\/em><\/strong><em><strong>.<\/strong><\/em><\/p>\n<\/div>\n<p>La F\u00e9d\u00e9ration canadienne de bridge (FCB) est l\u2019organisation nationale de bridge responsable de la promotion et de la protection des droits et des int\u00e9r\u00eats des joueurs de bridge canadiens tant au niveau national qu\u2019au niveau international.<\/p>\n<p>Au Canada, nous sommes la voix du bridge pour le gouvernement du Canada et le Comit\u00e9 olympique canadien. Nous travaillons continuellement \u00e0 obtenir du gouvernement la reconnaissance et le soutien pour notre sport.<\/p>\n<p>En tant que partenaire officiel de l\u2019American Contract Bridge League (ACBL), on s\u2019assure que l\u2019ACBL reconna\u00eet et prend en charge les besoins et les int\u00e9r\u00eats sp\u00e9cifiques des joueurs de bridge canadiens.<\/p>\n<p>En tant que membre de la F\u00e9d\u00e9ration mondiale de bridge (WBF), nous nous effor\u00e7ons de prot\u00e9ger les int\u00e9r\u00eats canadiens dans le bridge international, y compris notre admissibilit\u00e9 \u00e0 envoyer des repr\u00e9sentants canadiens aux championnats mondiaux.<\/p>\n<p>Les b\u00e9n\u00e9voles sont la pierre angulaire de la FCB. Aux niveaux national et des zones, la FCB a eu le bonheur d\u2019avoir des hommes et des femmes au leadership talentueux qui ont donn\u00e9 de leur temps et de leur \u00e9nergie pour g\u00e9rer les affaires de la FCB, incluant\u00a0:<\/p>\n<ul>\n<li>L&rsquo;organisation annuelle des Championnats canadiens de bridge (CBC), \u00e0 l&rsquo;issue desquels\u00a0les repr\u00e9sentants canadiens aux championnats mondiaux sont s\u00e9lectionn\u00e9s. Ces\u00a0championnats regroupent\u00a0le Championnat canadien par\u00a0\u00e9quipes nationales\u00a0(CNTC), le Championnat canadien des \u00e9quipes f\u00e9minines (CWTC), le Championnat canadien des \u00e9quipes seniors (CSTC), le Championnat canadien des \u00e9quipes mixtes (CMTC), et le Championnat canadien par paires (COPC).<\/li>\n<li>La gestion de la Fondation caritative de la FCB, pour assurer que l\u2019argent r\u00e9colt\u00e9 au Canada dans les tournois de bienfaisance sert \u00e0 financer exclusivement des organismes caritatifs nationaux et r\u00e9gionaux canadiens. \u00c0 ce jour, la Fondation caritative de la FCB a donn\u00e9 plus de <strong><u>1\u00a0250\u00a0000$<\/u><\/strong> \u00e0 diff\u00e9rents organismes partout au Canada.<\/li>\n<li>Le d\u00e9veloppement des juniors via le Programme Junior de la FCB qui forme, s\u00e9lectionne et subventionne des \u00e9quipes juniors pour repr\u00e9senter le Canada dans les Championnats mondiaux des \u00e9quipes de jeunes. En outre, le Fonds de d\u00e9veloppement Junior de la CBF sert \u00e0 appuyer des \u00e9v\u00e9nements communautaires qui aident \u00e0 amener davantage de jeunes joueurs au bridge. Nous sommes fiers que certains joueurs canadiens de classe mondiale tels que Fred Gitelman, Geoff Hampson, Gavin Wolpert, Daniel Korbel et Vincent Demuy aient fait partie\u00a0du Programme Junior de la FCB.<\/li>\n<li>L\u2019administration du <a href=\"https:\/\/cbf.ca\/fr\/charite\/fonds-commemoratif-erin-berry\/\">Fonds comm\u00e9moratif Erin Berry<\/a> qui aide \u00e0 d\u00e9bourser une partie des d\u00e9penses pour les \u00e9v\u00e9nements de bridge des joueurs canadiens de 19 ans et moins.<\/li>\n<li>La production bimensuelle du magazine Bridge Canada.<\/li>\n<li>L\u2019entretien du site Web de la FCB qui procure des informations et des nouvelles \u00e0 tous les joueurs.<\/li>\n<li>L\u2019organisation du tournoi r\u00e9gional annuel pour le Fonds international de la FCB.<\/li>\n<li>L\u2019organisation de plusieurs tournois pancanadiens incluant les paires ma\u00eetre-non ma\u00eetre <u>Helen Shields, <\/u>les paires ma\u00eetre-non ma\u00eetre <u>Erin Berry<\/u>, et le tournoi sectionnel dans les clubs (STAC).<\/li>\n<\/ul>\n<p>Si vous \u00eates un joueur de bridge canadien, voici comment vous pouvez appuyer tout ce travail r\u00e9alis\u00e9 en votre nom\u00a0:<\/p>\n<ol>\n<li>Donnez au CA de la FCB vos suggestions pour am\u00e9liorer le bridge canadien et portez-vous b\u00e9n\u00e9vole pour aider au besoin.<\/li>\n<li>Jouez dans vos clubs les parties caritatives canadiennes, pour le Fonds Junior et pour le Fonds international, et encouragez vos clubs \u00e0 tenir ces parties.<\/li>\n<li>Devenez membre de la FCB et profitez des <a href=\"https:\/\/cbf.ca\/fr\/section-exclusive-aux-membres\/avantages-membres-fcb\/\" target=\"_blank\" rel=\"noopener\">avantages<u> <\/u>aux membres de la FCB<\/a>.<\/li>\n<\/ol>\n","protected":false},"excerpt":{"rendered":"<p>La F\u00e9d\u00e9ration canadienne de bridge (FCB) est l\u2019organisation nationale de bridge responsable de la promotion et de la protection des droits et des int\u00e9r\u00eats des joueurs de bridge canadiens tant au niveau national qu\u2019au niveau international. Au Canada, nous sommes la voix du bridge pour le gouvernement du Canada et le Comit\u00e9 olympique canadien. Nous<br><a class=\"moretag signature-animation\" href=\"https:\/\/cbf.ca\/fr\/propos-de-la-cbf\/\">CONTINUER LA LECTURE<\/a>","protected":false},"author":1,"featured_media":0,"parent":0,"menu_order":0,"comment_status":"closed","ping_status":"closed","template":"","meta":{"footnotes":""},"yoast_head":"<!-- This site is optimized with the Yoast SEO plugin v22.3 - https:\/\/yoast.com\/wordpress\/plugins\/seo\/ -->\n<title>A propos de la FCB - Canadian Bridge Federation<\/title>\n<meta name=\"robots\" content=\"index, follow, max-snippet:-1, max-image-preview:large, max-video-preview:-1\" \/>\n<link rel=\"canonical\" href=\"https:\/\/cbf.ca\/fr\/propos-de-la-cbf\/\" \/>\n<meta property=\"og:locale\" content=\"fr_FR\" \/>\n<meta property=\"og:type\" content=\"article\" \/>\n<meta property=\"og:title\" content=\"A propos de la FCB - Canadian Bridge Federation\" \/>\n<meta property=\"og:description\" content=\"La F\u00e9d\u00e9ration canadienne de bridge (FCB) est l\u2019organisation nationale de bridge responsable de la promotion et de la protection des droits et des int\u00e9r\u00eats des joueurs de bridge canadiens tant au niveau national qu\u2019au niveau international. Au Canada, nous sommes la voix du bridge pour le gouvernement du Canada et le Comit\u00e9 olympique canadien. Nous\" \/>\n<meta property=\"og:url\" content=\"https:\/\/cbf.ca\/fr\/propos-de-la-cbf\/\" \/>\n<meta property=\"og:site_name\" content=\"Canadian Bridge Federation\" \/>\n<meta property=\"article:publisher\" content=\"https:\/\/www.facebook.com\/Canadian.Bridge.Federation\/\" \/>\n<meta property=\"article:modified_time\" content=\"2023-09-06T22:21:42+00:00\" \/>\n<meta name=\"twitter:label1\" content=\"Dur\u00e9e de lecture estim\u00e9e\" \/>\n\t<meta name=\"twitter:data1\" content=\"3 minutes\" \/>\n<script type=\"application\/ld+json\" class=\"yoast-schema-graph\">{\"@context\":\"https:\/\/schema.org\",\"@graph\":[{\"@type\":\"WebPage\",\"@id\":\"https:\/\/cbf.ca\/fr\/propos-de-la-cbf\/\",\"url\":\"https:\/\/cbf.ca\/fr\/propos-de-la-cbf\/\",\"name\":\"A propos de la FCB - Canadian Bridge Federation\",\"isPartOf\":{\"@id\":\"https:\/\/cbf.ca\/#website\"},\"datePublished\":\"2014-09-03T19:55:07+00:00\",\"dateModified\":\"2023-09-06T22:21:42+00:00\",\"breadcrumb\":{\"@id\":\"https:\/\/cbf.ca\/fr\/propos-de-la-cbf\/#breadcrumb\"},\"inLanguage\":\"fr-FR\",\"potentialAction\":[{\"@type\":\"ReadAction\",\"target\":[\"https:\/\/cbf.ca\/fr\/propos-de-la-cbf\/\"]}]},{\"@type\":\"BreadcrumbList\",\"@id\":\"https:\/\/cbf.ca\/fr\/propos-de-la-cbf\/#breadcrumb\",\"itemListElement\":[{\"@type\":\"ListItem\",\"position\":1,\"name\":\"Home\",\"item\":\"https:\/\/cbf.ca\/\"},{\"@type\":\"ListItem\",\"position\":2,\"name\":\"A propos de la FCB\"}]},{\"@type\":\"WebSite\",\"@id\":\"https:\/\/cbf.ca\/#website\",\"url\":\"https:\/\/cbf.ca\/\",\"name\":\"Canadian Bridge Federation\",\"description\":\"F\u00e9d\u00e9ration canadienne de bridge\",\"potentialAction\":[{\"@type\":\"SearchAction\",\"target\":{\"@type\":\"EntryPoint\",\"urlTemplate\":\"https:\/\/cbf.ca\/?s={search_term_string}\"},\"query-input\":\"required name=search_term_string\"}],\"inLanguage\":\"fr-FR\"}]}<\/script>\n<!-- \/ Yoast SEO plugin. -->","yoast_head_json":{"title":"A propos de la FCB - Canadian Bridge Federation","robots":{"index":"index","follow":"follow","max-snippet":"max-snippet:-1","max-image-preview":"max-image-preview:large","max-video-preview":"max-video-preview:-1"},"canonical":"https:\/\/cbf.ca\/fr\/propos-de-la-cbf\/","og_locale":"fr_FR","og_type":"article","og_title":"A propos de la FCB - Canadian Bridge Federation","og_description":"La F\u00e9d\u00e9ration canadienne de bridge (FCB) est l\u2019organisation nationale de bridge responsable de la promotion et de la protection des droits et des int\u00e9r\u00eats des joueurs de bridge canadiens tant au niveau national qu\u2019au niveau international. Au Canada, nous sommes la voix du bridge pour le gouvernement du Canada et le Comit\u00e9 olympique canadien. Nous","og_url":"https:\/\/cbf.ca\/fr\/propos-de-la-cbf\/","og_site_name":"Canadian Bridge Federation","article_publisher":"https:\/\/www.facebook.com\/Canadian.Bridge.Federation\/","article_modified_time":"2023-09-06T22:21:42+00:00","twitter_misc":{"Dur\u00e9e de lecture estim\u00e9e":"3 minutes"},"schema":{"@context":"https:\/\/schema.org","@graph":[{"@type":"WebPage","@id":"https:\/\/cbf.ca\/fr\/propos-de-la-cbf\/","url":"https:\/\/cbf.ca\/fr\/propos-de-la-cbf\/","name":"A propos de la FCB - Canadian Bridge Federation","isPartOf":{"@id":"https:\/\/cbf.ca\/#website"},"datePublished":"2014-09-03T19:55:07+00:00","dateModified":"2023-09-06T22:21:42+00:00","breadcrumb":{"@id":"https:\/\/cbf.ca\/fr\/propos-de-la-cbf\/#breadcrumb"},"inLanguage":"fr-FR","potentialAction":[{"@type":"ReadAction","target":["https:\/\/cbf.ca\/fr\/propos-de-la-cbf\/"]}]},{"@type":"BreadcrumbList","@id":"https:\/\/cbf.ca\/fr\/propos-de-la-cbf\/#breadcrumb","itemListElement":[{"@type":"ListItem","position":1,"name":"Home","item":"https:\/\/cbf.ca\/"},{"@type":"ListItem","position":2,"name":"A propos de la FCB"}]},{"@type":"WebSite","@id":"https:\/\/cbf.ca\/#website","url":"https:\/\/cbf.ca\/","name":"Canadian Bridge Federation","description":"F\u00e9d\u00e9ration canadienne de bridge","potentialAction":[{"@type":"SearchAction","target":{"@type":"EntryPoint","urlTemplate":"https:\/\/cbf.ca\/?s={search_term_string}"},"query-input":"required name=search_term_string"}],"inLanguage":"fr-FR"}]}},"_links":{"self":[{"href":"https:\/\/cbf.ca\/fr\/wp-json\/wp\/v2\/pages\/1975"}],"collection":[{"href":"https:\/\/cbf.ca\/fr\/wp-json\/wp\/v2\/pages"}],"about":[{"href":"https:\/\/cbf.ca\/fr\/wp-json\/wp\/v2\/types\/page"}],"author":[{"embeddable":true,"href":"https:\/\/cbf.ca\/fr\/wp-json\/wp\/v2\/users\/1"}],"replies":[{"embeddable":true,"href":"https:\/\/cbf.ca\/fr\/wp-json\/wp\/v2\/comments?post=1975"}],"version-history":[{"count":9,"href":"https:\/\/cbf.ca\/fr\/wp-json\/wp\/v2\/pages\/1975\/revisions"}],"predecessor-version":[{"id":27163,"href":"https:\/\/cbf.ca\/fr\/wp-json\/wp\/v2\/pages\/1975\/revisions\/27163"}],"wp:attachment":[{"href":"https:\/\/cbf.ca\/fr\/wp-json\/wp\/v2\/media?parent=1975"}],"curies":[{"name":"wp","href":"https:\/\/api.w.org\/{rel}","templated":true}]}}