{"id":19595,"date":"2022-02-06T02:16:40","date_gmt":"2022-02-05T22:16:40","guid":{"rendered":"https:\/\/cbf.ca\/fr\/?page_id=19595"},"modified":"2026-01-20T20:44:14","modified_gmt":"2026-01-20T16:44:14","slug":"parties-fcb-qualifications-ccb-en-ligne","status":"publish","type":"page","link":"https:\/\/cbf.ca\/fr\/evenements\/parties-fcb-qualifications-ccb-en-ligne\/","title":{"rendered":"Parties de la FCB &#8211; Qualifications Championnats canadiens : Paires et \u00c9quipes"},"content":{"rendered":"<p><span style=\"color: #993366;\"><strong>Tous les joueurs doivent obtenir ou acheter leur qualification pour participer aux Championnats canadiens: CNTC-A, CSTC, CWTC, CMTC, COPC.<\/strong><\/span><span style=\"color: #000000;\"> Une qualification distincte est requise pour le COPC et les \u00c9quipes. Un joueur se qualifie en tant qu&rsquo;individu. Une qualification en \u00e9quipe est valide pour tout championnat par \u00e9quipes.<\/span><\/p>\n<p>La FCB tiendra des parties en ligne \u00e0 l&rsquo;automne 2025 qui serviront de qualification pour le COPC (Paires) et les \u00e9v\u00e9nements en \u00e9quipes que sont le CNTC-A, CSTC, CWTC, CMTC! Vous pouvez \u00e9galement vous qualifier dans un match de club sanctionn\u00e9 (points suppl\u00e9mentaires), pour \u00eatre admissible \u00e0 jouer au tournoi \u00e0 la ronde des Championnats canadiens 2026 qui se tiendra en ligne en janvier et f\u00e9vrier 2026.<\/p>\n<ul>\n<li><strong>Parties de qualification pour le COPC<\/strong> (paires) : ces parties seront jou\u00e9es sur RealBridge dans le cadre des parties Maple Leaf aux dates indiqu\u00e9es ci-contre (3e vendredi du mois).<\/li>\n<li><strong>Parties de qualifications pour les \u00e9v\u00e9nements en \u00e9quipes<\/strong> : ces parties seront jou\u00e9es sur BBO aux dates indiqu\u00e9es plus bas.<\/li>\n<\/ul>\n<h2 style=\"text-align: left;\">Calendrier des matchs de la FCB pour les parties de qualification<\/h2>\n<table style=\"padding-left: 20px;\" width=\"650\">\n<tbody>\n<tr>\n<td width=\"247\"><strong>Qualifications Paires: <span style=\"color: #993366;\">COPC<br \/><span style=\"color: #008000;\">(sur RealBridge)<\/span><\/span><\/strong><\/td>\n<td width=\"245\"><strong>Qualification \u00c9quipes: <span style=\"color: #993366;\">CNTC, CSTC, CWTC, CMTC <span style=\"color: #008000;\">(sur BBO)<\/span><\/span><\/strong><\/td>\n<\/tr>\n<tr>\n<td><strong>Vendredi 19 septembre, 19h00 HE<\/strong><\/td>\n<td><strong>Mardi 14 octobre, 20h00 HE<\/strong><\/td>\n<\/tr>\n<tr>\n<td>Vendredi 17 octobre, 19h00 HE<\/td>\n<td>Lundi 27 octobre, 20h00 HE<\/td>\n<\/tr>\n<tr>\n<td>Vendredi 21 novembre, 19h00 HE<\/td>\n<td>Dimanche 9 novembre, 14h00 HE<\/td>\n<\/tr>\n<tr>\n<td>Vendredi 19 d\u00e9cembre, 19h00 HE<br \/>Vendredi 16 janvier, 19h00, HE<br \/>Vendredi 30 janvier, 20h00 HE<\/td>\n<td>Dimanche 7 d\u00e9cembre, 14h00 HE<br \/>Mardi 16 d\u00e9cembre, 20h00 HE<\/td>\n<\/tr>\n<tr>\n<td width=\"267\">Vendredi 20 f\u00e9vrier, 20h00 HE<br \/>Vendredi 20 mars, 20h00 HE<br \/>Vendredi 10 avril, 20h00 HE<\/td>\n<td width=\"268\">\u00a0<\/td>\n<\/tr>\n<\/tbody>\n<\/table>\n<p><strong>Qualification pour le COPC sur <span style=\"color: #993366;\"><span style=\"color: #008000;\">RealBridge<\/span><\/span>\u00a0: <\/strong>vous devez ouvrir un compte RealBridge, y d\u00e9poser des fonds, et vous connecter \u00e0 la partie, veuillez suivre les instructions sur la page des <a href=\"https:\/\/cbf.ca\/fr\/parties-maple-leaf-en-ligne\/\" target=\"_blank\" rel=\"noopener\">Parties Maple Leaf.<\/a><\/p>\n<p><strong>Qualification pour les \u00e9v\u00e9nements en \u00e9quipes <span style=\"color: #993366;\"> <span style=\"color: #008000;\">(sur BBO)<\/span><\/span> &#8211; Comment s&rsquo;inscrire :<\/strong><\/p>\n<ul>\n<li>Notre club est un club ACBL en ligne. Nos parties apparaissent sur BBO deux heures avant leur d\u00e9but.<\/li>\n<li>Une fois sur BBO, rendez-vous dans la section Comp\u00e9titif &#8211; Tous les tournois et recherchez CBF.<\/li>\n<li>Chaque paire s&rsquo;inscrit s\u00e9par\u00e9ment et est plac\u00e9e dans la salle d&rsquo;attente (S\u00e9lectionner les co\u00e9quipiers).<\/li>\n<li><em>Une fois les deux paires inscrites, l&rsquo;un des deux invitants doit inviter l&rsquo;autre paire.<\/em><\/li>\n<li><em>L&rsquo;\u00e9quipe enti\u00e8re appara\u00eet alors sous Inscriptions.<\/em><\/li>\n<\/ul>\n<p>Si vous n&rsquo;\u00eates pas membre de la FCB, nous vous invitons \u00e0 le devenir. Pour ce faire, allez \u00e0 la page <a href=\"https:\/\/cbf.ca\/fr\/avantages-membres-fcb\/joindre-la-fcb\/\"><strong>Joindre la FCB<\/strong><\/a> (sous Membres), ou \u00e9crire \u00e0 <a href=\"mailto:admin@cbf.ca\" target=\"_blank\" rel=\"noopener\">admin@cbf.ca<\/a> pour obtenir de l\u2019aide.\u00a0<\/p>\n<p>Vous pouvez \u00e9crire \u00e0 <a href=\"mailto:admin@cbf.ca\" target=\"_blank\" rel=\"noopener\">admin@cbf.ca<\/a> pour des informations additionnelles.<\/p>\n<h2>Informations sur les Championnats canadiens de bridge 2026<\/h2>\n<p><a href=\"https:\/\/cbf.ca\/fr\/2026-championnats-canadiens\/\" target=\"_blank\" rel=\"noopener\">Cliquer ici<\/a> : Dates, Lieu, R\u00e8glements, etc.<\/p>\n\n\n<div class=\"wp-block-buttons is-content-justification-center is-layout-flex wp-container-core-buttons-layout-1 wp-block-buttons-is-layout-flex\">\n<div class=\"wp-block-button is-style-outline\"><a class=\"wp-block-button__link wp-element-button\" href=\"https:\/\/my.acbl.org\/club-results\/277749\" target=\"_blank\" rel=\"noreferrer noopener\"><span style=\"text-decoration: underline;\">R\u00e9sultats de toutes les parties<\/span><\/a><\/div>\n<\/div>\n","protected":false},"excerpt":{"rendered":"<p>Tous les joueurs doivent obtenir ou acheter leur qualification pour participer aux Championnats canadiens: CNTC-A, CSTC, CWTC, CMTC, COPC. Une qualification distincte est requise pour le COPC et les \u00c9quipes. Un joueur se qualifie en tant qu&rsquo;individu. Une qualification en \u00e9quipe est valide pour tout championnat par \u00e9quipes. La FCB tiendra des parties en ligne<br><a class=\"moretag signature-animation\" href=\"https:\/\/cbf.ca\/fr\/evenements\/parties-fcb-qualifications-ccb-en-ligne\/\">CONTINUER LA LECTURE<\/a>","protected":false},"author":1,"featured_media":0,"parent":3451,"menu_order":0,"comment_status":"closed","ping_status":"closed","template":"","meta":{"footnotes":""},"yoast_head":"<!-- This site is optimized with the Yoast SEO plugin v22.3 - https:\/\/yoast.com\/wordpress\/plugins\/seo\/ -->\n<title>Parties de la FCB - Qualifications Championnats canadiens : Paires et \u00c9quipes - Canadian Bridge Federation<\/title>\n<meta name=\"robots\" content=\"index, follow, max-snippet:-1, max-image-preview:large, max-video-preview:-1\" \/>\n<link rel=\"canonical\" href=\"https:\/\/cbf.ca\/fr\/evenements\/parties-fcb-qualifications-ccb-en-ligne\/\" \/>\n<meta property=\"og:locale\" content=\"fr_FR\" \/>\n<meta property=\"og:type\" content=\"article\" \/>\n<meta property=\"og:title\" content=\"Parties de la FCB - Qualifications Championnats canadiens : Paires et \u00c9quipes - Canadian Bridge Federation\" \/>\n<meta property=\"og:description\" content=\"Tous les joueurs doivent obtenir ou acheter leur qualification pour participer aux Championnats canadiens: CNTC-A, CSTC, CWTC, CMTC, COPC. Une qualification distincte est requise pour le COPC et les \u00c9quipes. Un joueur se qualifie en tant qu&rsquo;individu. Une qualification en \u00e9quipe est valide pour tout championnat par \u00e9quipes. La FCB tiendra des parties en ligne\" \/>\n<meta property=\"og:url\" content=\"https:\/\/cbf.ca\/fr\/evenements\/parties-fcb-qualifications-ccb-en-ligne\/\" \/>\n<meta property=\"og:site_name\" content=\"Canadian Bridge Federation\" \/>\n<meta property=\"article:publisher\" content=\"https:\/\/www.facebook.com\/Canadian.Bridge.Federation\/\" \/>\n<meta property=\"article:modified_time\" content=\"2026-01-20T16:44:14+00:00\" \/>\n<meta name=\"twitter:label1\" content=\"Dur\u00e9e de lecture estim\u00e9e\" \/>\n\t<meta name=\"twitter:data1\" content=\"2 minutes\" \/>\n<script type=\"application\/ld+json\" class=\"yoast-schema-graph\">{\"@context\":\"https:\/\/schema.org\",\"@graph\":[{\"@type\":\"WebPage\",\"@id\":\"https:\/\/cbf.ca\/fr\/evenements\/parties-fcb-qualifications-ccb-en-ligne\/\",\"url\":\"https:\/\/cbf.ca\/fr\/evenements\/parties-fcb-qualifications-ccb-en-ligne\/\",\"name\":\"Parties de la FCB - Qualifications Championnats canadiens : Paires et \u00c9quipes - Canadian Bridge Federation\",\"isPartOf\":{\"@id\":\"https:\/\/cbf.ca\/#website\"},\"datePublished\":\"2022-02-05T22:16:40+00:00\",\"dateModified\":\"2026-01-20T16:44:14+00:00\",\"breadcrumb\":{\"@id\":\"https:\/\/cbf.ca\/fr\/evenements\/parties-fcb-qualifications-ccb-en-ligne\/#breadcrumb\"},\"inLanguage\":\"fr-FR\",\"potentialAction\":[{\"@type\":\"ReadAction\",\"target\":[\"https:\/\/cbf.ca\/fr\/evenements\/parties-fcb-qualifications-ccb-en-ligne\/\"]}]},{\"@type\":\"BreadcrumbList\",\"@id\":\"https:\/\/cbf.ca\/fr\/evenements\/parties-fcb-qualifications-ccb-en-ligne\/#breadcrumb\",\"itemListElement\":[{\"@type\":\"ListItem\",\"position\":1,\"name\":\"Home\",\"item\":\"https:\/\/cbf.ca\/\"},{\"@type\":\"ListItem\",\"position\":2,\"name\":\"\u00c9v\u00e9nements\",\"item\":\"https:\/\/cbf.ca\/fr\/evenements\/\"},{\"@type\":\"ListItem\",\"position\":3,\"name\":\"Parties de la FCB &#8211; Qualifications Championnats canadiens : Paires et \u00c9quipes\"}]},{\"@type\":\"WebSite\",\"@id\":\"https:\/\/cbf.ca\/#website\",\"url\":\"https:\/\/cbf.ca\/\",\"name\":\"Canadian Bridge Federation\",\"description\":\"F\u00e9d\u00e9ration canadienne de bridge\",\"potentialAction\":[{\"@type\":\"SearchAction\",\"target\":{\"@type\":\"EntryPoint\",\"urlTemplate\":\"https:\/\/cbf.ca\/?s={search_term_string}\"},\"query-input\":\"required name=search_term_string\"}],\"inLanguage\":\"fr-FR\"}]}<\/script>\n<!-- \/ Yoast SEO plugin. -->","yoast_head_json":{"title":"Parties de la FCB - Qualifications Championnats canadiens : Paires et \u00c9quipes - Canadian Bridge Federation","robots":{"index":"index","follow":"follow","max-snippet":"max-snippet:-1","max-image-preview":"max-image-preview:large","max-video-preview":"max-video-preview:-1"},"canonical":"https:\/\/cbf.ca\/fr\/evenements\/parties-fcb-qualifications-ccb-en-ligne\/","og_locale":"fr_FR","og_type":"article","og_title":"Parties de la FCB - Qualifications Championnats canadiens : Paires et \u00c9quipes - Canadian Bridge Federation","og_description":"Tous les joueurs doivent obtenir ou acheter leur qualification pour participer aux Championnats canadiens: CNTC-A, CSTC, CWTC, CMTC, COPC. Une qualification distincte est requise pour le COPC et les \u00c9quipes. Un joueur se qualifie en tant qu&rsquo;individu. Une qualification en \u00e9quipe est valide pour tout championnat par \u00e9quipes. La FCB tiendra des parties en ligne","og_url":"https:\/\/cbf.ca\/fr\/evenements\/parties-fcb-qualifications-ccb-en-ligne\/","og_site_name":"Canadian Bridge Federation","article_publisher":"https:\/\/www.facebook.com\/Canadian.Bridge.Federation\/","article_modified_time":"2026-01-20T16:44:14+00:00","twitter_misc":{"Dur\u00e9e de lecture estim\u00e9e":"2 minutes"},"schema":{"@context":"https:\/\/schema.org","@graph":[{"@type":"WebPage","@id":"https:\/\/cbf.ca\/fr\/evenements\/parties-fcb-qualifications-ccb-en-ligne\/","url":"https:\/\/cbf.ca\/fr\/evenements\/parties-fcb-qualifications-ccb-en-ligne\/","name":"Parties de la FCB - Qualifications Championnats canadiens : Paires et \u00c9quipes - Canadian Bridge Federation","isPartOf":{"@id":"https:\/\/cbf.ca\/#website"},"datePublished":"2022-02-05T22:16:40+00:00","dateModified":"2026-01-20T16:44:14+00:00","breadcrumb":{"@id":"https:\/\/cbf.ca\/fr\/evenements\/parties-fcb-qualifications-ccb-en-ligne\/#breadcrumb"},"inLanguage":"fr-FR","potentialAction":[{"@type":"ReadAction","target":["https:\/\/cbf.ca\/fr\/evenements\/parties-fcb-qualifications-ccb-en-ligne\/"]}]},{"@type":"BreadcrumbList","@id":"https:\/\/cbf.ca\/fr\/evenements\/parties-fcb-qualifications-ccb-en-ligne\/#breadcrumb","itemListElement":[{"@type":"ListItem","position":1,"name":"Home","item":"https:\/\/cbf.ca\/"},{"@type":"ListItem","position":2,"name":"\u00c9v\u00e9nements","item":"https:\/\/cbf.ca\/fr\/evenements\/"},{"@type":"ListItem","position":3,"name":"Parties de la FCB &#8211; Qualifications Championnats canadiens : Paires et \u00c9quipes"}]},{"@type":"WebSite","@id":"https:\/\/cbf.ca\/#website","url":"https:\/\/cbf.ca\/","name":"Canadian Bridge Federation","description":"F\u00e9d\u00e9ration canadienne de bridge","potentialAction":[{"@type":"SearchAction","target":{"@type":"EntryPoint","urlTemplate":"https:\/\/cbf.ca\/?s={search_term_string}"},"query-input":"required name=search_term_string"}],"inLanguage":"fr-FR"}]}},"_links":{"self":[{"href":"https:\/\/cbf.ca\/fr\/wp-json\/wp\/v2\/pages\/19595"}],"collection":[{"href":"https:\/\/cbf.ca\/fr\/wp-json\/wp\/v2\/pages"}],"about":[{"href":"https:\/\/cbf.ca\/fr\/wp-json\/wp\/v2\/types\/page"}],"author":[{"embeddable":true,"href":"https:\/\/cbf.ca\/fr\/wp-json\/wp\/v2\/users\/1"}],"replies":[{"embeddable":true,"href":"https:\/\/cbf.ca\/fr\/wp-json\/wp\/v2\/comments?post=19595"}],"version-history":[{"count":123,"href":"https:\/\/cbf.ca\/fr\/wp-json\/wp\/v2\/pages\/19595\/revisions"}],"predecessor-version":[{"id":37194,"href":"https:\/\/cbf.ca\/fr\/wp-json\/wp\/v2\/pages\/19595\/revisions\/37194"}],"up":[{"embeddable":true,"href":"https:\/\/cbf.ca\/fr\/wp-json\/wp\/v2\/pages\/3451"}],"wp:attachment":[{"href":"https:\/\/cbf.ca\/fr\/wp-json\/wp\/v2\/media?parent=19595"}],"curies":[{"name":"wp","href":"https:\/\/api.w.org\/{rel}","templated":true}]}}