{"id":18658,"date":"2025-09-28T03:13:00","date_gmt":"2025-09-27T23:13:00","guid":{"rendered":"https:\/\/cbf.ca\/fr\/?page_id=18658"},"modified":"2026-02-24T08:10:14","modified_gmt":"2026-02-24T04:10:14","slug":"calendrier-evenements-2026","status":"publish","type":"page","link":"https:\/\/cbf.ca\/fr\/evenements\/calendrier-evenements-2026\/","title":{"rendered":"Calendrier des \u00e9v\u00e9nements 2026"},"content":{"rendered":"<p>Liste d&rsquo;\u00e9v\u00e9nements d&rsquo;int\u00e9r\u00eat pour les membres de la FCB et les joueurs de bridge pour l&rsquo;ann\u00e9e 2026.<\/p>\n<div style=\"overflow-x: auto;\">\n<table style=\"height: 174px;\" width=\"800\">\n<tbody>\n<tr>\n<td width=\"75\"><strong>Mois<\/strong><\/td>\n<td width=\"220\"><strong>Date<\/strong><\/td>\n<td width=\"500\"><strong>\u00c9v\u00e9nements<\/strong><\/td>\n<\/tr>\n<tr>\n<td>Janvier<\/td>\n<td>Vendredi 19h\/19h10 HE<\/td>\n<td>Parties Maple Leaf &#8211; RealBridge<\/td>\n<\/tr>\n<tr>\n<td><\/td>\n<td><strong>Janvier 9-10-11<\/strong><\/td>\n<td><strong>CMTC<\/strong> Tournoi \u00e0 la ronde sur RealBridge<\/td>\n<\/tr>\n<tr>\n<td><\/td>\n<td>Janvier 13<\/td>\n<td>Partie ACBL-wide pour le Fonds junior<\/td>\n<\/tr>\n<tr>\n<td><\/td>\n<td><strong>Janvier 16-17-18<\/strong><\/td>\n<td><strong>CWTC<\/strong> Tournoi \u00e0 la ronde sur RealBridge<\/td>\n<\/tr>\n<tr>\n<td><\/td>\n<td><strong>Janvier 23-24-25<\/strong><\/td>\n<td><strong>CNTC-A<\/strong> Tournoi \u00e0 la ronde sur RealBridge<\/td>\n<\/tr>\n<tr>\n<td><\/td>\n<td><strong>Jan. 30-31 &amp; F\u00e9v. 1<\/strong><\/td>\n<td><strong>CSTC<\/strong> Tournoi \u00e0 la ronde sur RealBridge<\/td>\n<\/tr>\n<tr>\n<td><\/td>\n<td>\u00c0 annoncer<\/td>\n<td>PBU &amp; CBF Transatlantic S\u00e9niors Cup<\/td>\n<\/tr>\n<tr>\n<td>F\u00e9vrier<\/td>\n<td>Vendredi 19h50\/20h HE<\/td>\n<td>Parties Maple Leaf &#8211; RealBridge<\/td>\n<\/tr>\n<tr>\n<td><\/td>\n<td>F\u00e9vrier 7 am ou pm<\/td>\n<td>Partie ACBL-wide pour le Fonds International<\/td>\n<\/tr>\n<tr>\n<td><\/td>\n<td><strong>F\u00e9vrier 16 -22<\/strong><\/td>\n<td><strong>STAC pancanadien FCB dans les clubs<\/strong><\/td>\n<\/tr>\n<tr>\n<td>Mars<\/td>\n<td>Vendredi 19h50\/20h HE<\/td>\n<td>Parties Maple Leaf &#8211; RealBridge<\/td>\n<\/tr>\n<tr>\n<td><\/td>\n<td>Mars 16 am ou pm<\/td>\n<td>Paires S\u00e9nior ACBL-wide (1 de 2)<\/td>\n<\/tr>\n<tr>\n<td><\/td>\n<td><strong>Mars 21-22<\/strong><\/td>\n<td><strong>CNTC B &amp; C<\/strong> on Real Bridge<\/td>\n<\/tr>\n<tr>\n<td><\/td>\n<td>Mars 25 am ou pm<\/td>\n<td>Partie Charit\u00e9 ACBL-wide (1 de 2)<\/td>\n<\/tr>\n<tr>\n<td>Avril<\/td>\n<td>Vendredi 19h50\/20h HE<\/td>\n<td>Parties Maple Leaf &#8211; RealBridge<\/td>\n<\/tr>\n<tr>\n<td><\/td>\n<td>Tout le mois<\/td>\n<td>Parties Charit\u00e9 &#8211; Championnat de club<\/td>\n<\/tr>\n<tr>\n<td><\/td>\n<td><strong>Avril 13<\/strong><\/td>\n<td><strong>Helen Shields<\/strong> &#8211; Partie Ma\u00eetres-Novices dans les clubs<\/td>\n<\/tr>\n<tr>\n<td><\/td>\n<td>Avril 30 am ou pm<\/td>\n<td>Partie Charit\u00e9 ACBL-wide (2 de 2)<\/td>\n<\/tr>\n<tr>\n<td><\/td>\n<td><strong>Avril 25-26<\/strong><\/td>\n<td><strong>Championnats canadiens en paires &#8211; En ligne<\/strong><\/td>\n<\/tr>\n<tr>\n<td>Mai<\/td>\n<td>Vendredi 19h50\/20h HE<\/td>\n<td>Parties Maple Leaf &#8211; RealBridge<\/td>\n<\/tr>\n<tr>\n<td><\/td>\n<td>Tout le mois<\/td>\n<td>Parties pour le Fonds Grass Roots<\/td>\n<\/tr>\n<tr>\n<td><\/td>\n<td>Mai 18-24<\/td>\n<td>Semaine Stardust &#8211; Points Or dans les clubs<\/td>\n<\/tr>\n<tr>\n<td>Juin<\/td>\n<td>Vendredi 19h50\/20h HE<\/td>\n<td>Parties Maple Leaf &#8211; RealBridge<\/td>\n<\/tr>\n<tr>\n<td><\/td>\n<td>Tout le mois<\/td>\n<td>Paires Nord-am\u00e9ricaines (NAP) &#8211; Open, A, B and C<\/td>\n<\/tr>\n<tr>\n<td><\/td>\n<td><strong>Juin 15 -21<\/strong><\/td>\n<td width=\"346\"><strong>Championnants canadiens de bridge<\/strong> \u00e0 Penticton, BC<br \/>\nCNTC A-B-C \/ CWTC \/ CSTC \/ CMTC \/ COPC<\/td>\n<\/tr>\n<tr>\n<td><\/td>\n<td>Juin 14 -21 (1 jour)<\/td>\n<td>Jour du bridge \/ Soci\u00e9t\u00e9s Alzheimer<\/td>\n<\/tr>\n<tr>\n<td>July<\/td>\n<td>Vendredi 19h50\/20h HE<\/td>\n<td>Parties Maple Leaf &#8211; RealBridge<\/td>\n<\/tr>\n<tr>\n<td><\/td>\n<td>Tout le mois<\/td>\n<td>Paires Nord-am\u00e9ricaines (NAP) &#8211; <em>Open, A, B and C<\/em><\/td>\n<\/tr>\n<tr>\n<td>Ao\u00fbt<\/td>\n<td>Vendredi 19h50\/20h HE<\/td>\n<td>Parties Maple Leaf &#8211; RealBridge<\/td>\n<\/tr>\n<tr>\n<td><\/td>\n<td>Tout le mois<\/td>\n<td>Paires Nord-am\u00e9ricaines (NAP) &#8211; <em>Open, A, B and C<\/em><\/td>\n<\/tr>\n<tr>\n<td><\/td>\n<td>Ao\u00fbt 3-8<\/td>\n<td>Championnats transnationaux &#8211; Juniors &#8211; Chine<em><br \/>\n<\/em><\/td>\n<\/tr>\n<tr>\n<td><\/td>\n<td>Ao\u00fbt 20 &#8211; Sept 3<\/td>\n<td>Championnats du monde &#8211; Pologne (ann\u00e9e ouverte)<\/td>\n<\/tr>\n<tr>\n<td>Septembre<\/td>\n<td>Vendredi 19h50\/20h HE<\/td>\n<td>Parties Maple Leaf &#8211; RealBridge<\/td>\n<\/tr>\n<tr>\n<td><\/td>\n<td>Tout le mois<\/td>\n<td>Qualifications pour les CCB 2027 &#8211; COPC et \u00c9quipes<\/td>\n<\/tr>\n<tr>\n<td><\/td>\n<td>Tout le mois<\/td>\n<td>Parties Fonds International<\/td>\n<\/tr>\n<tr>\n<td><\/td>\n<td>Sept 1- 30<\/td>\n<td>Inscription pour la Ligue des \u00e9quipes en ligne FCB<\/td>\n<\/tr>\n<tr>\n<td><\/td>\n<td>Sept 28 am ou pm<\/td>\n<td>Paires S\u00e9nior ACBL-wide (2 de 2)<\/td>\n<\/tr>\n<tr>\n<td>Octobre<\/td>\n<td>Vendredi 19h50\/20h HE<\/td>\n<td>Parties Maple Leaf &#8211; RealBridge<\/td>\n<\/tr>\n<tr>\n<td><\/td>\n<td>Tout le mois<\/td>\n<td>Qualifications pour les CCB 2027 &#8211; COPC et \u00c9quipes<\/td>\n<\/tr>\n<tr>\n<td><\/td>\n<td>Tout le mois<\/td>\n<td>Ligue des \u00e9quipes en ligne FCB &#8211; Oct. \u00e0 F\u00e9v.<\/td>\n<\/tr>\n<tr>\n<td><\/td>\n<td>Tout le mois<\/td>\n<td>Jane Johnson &#8211; Parties Appr\u00e9ciation dans les clubs<\/td>\n<\/tr>\n<tr>\n<td><\/td>\n<td><strong>Octobre 13<\/strong><\/td>\n<td><strong>Erin Berry<\/strong> &#8211; Partie Ma\u00eetres-Novices dans les clubs<\/td>\n<\/tr>\n<tr>\n<td><\/td>\n<td>Octobre 19<\/td>\n<td>Inscription pour les CCB &#8211; Tournoi \u00e0 la ronde<\/td>\n<\/tr>\n<tr>\n<td><\/td>\n<td>Octobre 21 am ou pm<\/td>\n<td>Partie ACBL-wide &#8211; Instant Matchpoint<\/td>\n<\/tr>\n<tr>\n<td>Novembre<\/td>\n<td>Vendredi 19h50\/20h HE<\/td>\n<td>Parties Maple Leaf &#8211; RealBridge<\/td>\n<\/tr>\n<tr>\n<td><\/td>\n<td>Tout le mois<\/td>\n<td>Qualifications pour les CCB 2027 &#8211; COPC et \u00c9quipes<\/td>\n<\/tr>\n<tr>\n<td>D\u00e9cembre<\/td>\n<td>Vendredi 19h50\/20h HE<\/td>\n<td>Parties Maple Leaf &#8211; RealBridge<\/td>\n<\/tr>\n<tr>\n<td><\/td>\n<td><strong>Tout le mois<\/strong><\/td>\n<td>Qualifications pour les CCB 2027 &#8211; COPC et \u00c9quipes<\/td>\n<\/tr>\n<tr>\n<td><\/td>\n<td>D\u00e9cembre 14-20<\/td>\n<td>Semaine Stardust &#8211; Points Or dans les clubs<\/td>\n<\/tr>\n<\/tbody>\n<\/table>\n<\/div>\n<p>Note: Tous les joueurs doivent obtenir leur qualification (ou l&rsquo;acheter) pour participer aux Championnats canadiens, paires COPC et \u00c9quipes CNTC-A, CWTC, CSTC, CMTC.<\/p>\n<p>Parties Maple Leaf sur RealBridge: voir la page <a href=\"https:\/\/cbf.ca\/fr\/parties-maple-leaf-en-ligne\/\" target=\"_blank\" rel=\"noopener\">Parties Maples Leaf en ligne<\/a><\/p>\n<p>Site ACBL &#8211; Liste des \u00e9v\u00e9nements sp\u00e9ciaux en personne en 2026: <a href=\"https:\/\/web2.acbl.org\/documentLibrary\/clubs\/Special%20Events\/2026\/2026_F2F_Special_Events.pdf\" target=\"_blank\" rel=\"noreferrer noopener\">cliquer ici<\/a><\/p>\n","protected":false},"excerpt":{"rendered":"<p>Liste d&rsquo;\u00e9v\u00e9nements d&rsquo;int\u00e9r\u00eat pour les membres de la FCB et les joueurs de bridge pour l&rsquo;ann\u00e9e 2026. Mois Date \u00c9v\u00e9nements Janvier Vendredi 19h\/19h10 HE Parties Maple Leaf &#8211; RealBridge Janvier 9-10-11 CMTC Tournoi \u00e0 la ronde sur RealBridge Janvier 13 Partie ACBL-wide pour le Fonds junior Janvier 16-17-18 CWTC Tournoi \u00e0 la ronde sur RealBridge<br><a class=\"moretag signature-animation\" href=\"https:\/\/cbf.ca\/fr\/evenements\/calendrier-evenements-2026\/\">CONTINUER LA LECTURE<\/a>","protected":false},"author":1,"featured_media":0,"parent":3451,"menu_order":0,"comment_status":"closed","ping_status":"closed","template":"","meta":{"footnotes":""},"yoast_head":"<!-- This site is optimized with the Yoast SEO plugin v22.3 - https:\/\/yoast.com\/wordpress\/plugins\/seo\/ -->\n<title>Calendrier des \u00e9v\u00e9nements 2026 - Canadian Bridge Federation<\/title>\n<meta name=\"robots\" content=\"index, follow, max-snippet:-1, max-image-preview:large, max-video-preview:-1\" \/>\n<link rel=\"canonical\" href=\"https:\/\/cbf.ca\/fr\/evenements\/calendrier-evenements-2026\/\" \/>\n<meta property=\"og:locale\" content=\"fr_FR\" \/>\n<meta property=\"og:type\" content=\"article\" \/>\n<meta property=\"og:title\" content=\"Calendrier des \u00e9v\u00e9nements 2026 - Canadian Bridge Federation\" \/>\n<meta property=\"og:description\" content=\"Liste d&rsquo;\u00e9v\u00e9nements d&rsquo;int\u00e9r\u00eat pour les membres de la FCB et les joueurs de bridge pour l&rsquo;ann\u00e9e 2026. Mois Date \u00c9v\u00e9nements Janvier Vendredi 19h\/19h10 HE Parties Maple Leaf &#8211; RealBridge Janvier 9-10-11 CMTC Tournoi \u00e0 la ronde sur RealBridge Janvier 13 Partie ACBL-wide pour le Fonds junior Janvier 16-17-18 CWTC Tournoi \u00e0 la ronde sur RealBridge\" \/>\n<meta property=\"og:url\" content=\"https:\/\/cbf.ca\/fr\/evenements\/calendrier-evenements-2026\/\" \/>\n<meta property=\"og:site_name\" content=\"Canadian Bridge Federation\" \/>\n<meta property=\"article:publisher\" content=\"https:\/\/www.facebook.com\/Canadian.Bridge.Federation\/\" \/>\n<meta property=\"article:modified_time\" content=\"2026-02-24T04:10:14+00:00\" \/>\n<meta name=\"twitter:label1\" content=\"Dur\u00e9e de lecture estim\u00e9e\" \/>\n\t<meta name=\"twitter:data1\" content=\"3 minutes\" \/>\n<script type=\"application\/ld+json\" class=\"yoast-schema-graph\">{\"@context\":\"https:\/\/schema.org\",\"@graph\":[{\"@type\":\"WebPage\",\"@id\":\"https:\/\/cbf.ca\/fr\/evenements\/calendrier-evenements-2026\/\",\"url\":\"https:\/\/cbf.ca\/fr\/evenements\/calendrier-evenements-2026\/\",\"name\":\"Calendrier des \u00e9v\u00e9nements 2026 - Canadian Bridge Federation\",\"isPartOf\":{\"@id\":\"https:\/\/cbf.ca\/#website\"},\"datePublished\":\"2025-09-27T23:13:00+00:00\",\"dateModified\":\"2026-02-24T04:10:14+00:00\",\"breadcrumb\":{\"@id\":\"https:\/\/cbf.ca\/fr\/evenements\/calendrier-evenements-2026\/#breadcrumb\"},\"inLanguage\":\"fr-FR\",\"potentialAction\":[{\"@type\":\"ReadAction\",\"target\":[\"https:\/\/cbf.ca\/fr\/evenements\/calendrier-evenements-2026\/\"]}]},{\"@type\":\"BreadcrumbList\",\"@id\":\"https:\/\/cbf.ca\/fr\/evenements\/calendrier-evenements-2026\/#breadcrumb\",\"itemListElement\":[{\"@type\":\"ListItem\",\"position\":1,\"name\":\"Home\",\"item\":\"https:\/\/cbf.ca\/\"},{\"@type\":\"ListItem\",\"position\":2,\"name\":\"\u00c9v\u00e9nements\",\"item\":\"https:\/\/cbf.ca\/fr\/evenements\/\"},{\"@type\":\"ListItem\",\"position\":3,\"name\":\"Calendrier des \u00e9v\u00e9nements 2026\"}]},{\"@type\":\"WebSite\",\"@id\":\"https:\/\/cbf.ca\/#website\",\"url\":\"https:\/\/cbf.ca\/\",\"name\":\"Canadian Bridge Federation\",\"description\":\"F\u00e9d\u00e9ration canadienne de bridge\",\"potentialAction\":[{\"@type\":\"SearchAction\",\"target\":{\"@type\":\"EntryPoint\",\"urlTemplate\":\"https:\/\/cbf.ca\/?s={search_term_string}\"},\"query-input\":\"required name=search_term_string\"}],\"inLanguage\":\"fr-FR\"}]}<\/script>\n<!-- \/ Yoast SEO plugin. -->","yoast_head_json":{"title":"Calendrier des \u00e9v\u00e9nements 2026 - Canadian Bridge Federation","robots":{"index":"index","follow":"follow","max-snippet":"max-snippet:-1","max-image-preview":"max-image-preview:large","max-video-preview":"max-video-preview:-1"},"canonical":"https:\/\/cbf.ca\/fr\/evenements\/calendrier-evenements-2026\/","og_locale":"fr_FR","og_type":"article","og_title":"Calendrier des \u00e9v\u00e9nements 2026 - Canadian Bridge Federation","og_description":"Liste d&rsquo;\u00e9v\u00e9nements d&rsquo;int\u00e9r\u00eat pour les membres de la FCB et les joueurs de bridge pour l&rsquo;ann\u00e9e 2026. Mois Date \u00c9v\u00e9nements Janvier Vendredi 19h\/19h10 HE Parties Maple Leaf &#8211; RealBridge Janvier 9-10-11 CMTC Tournoi \u00e0 la ronde sur RealBridge Janvier 13 Partie ACBL-wide pour le Fonds junior Janvier 16-17-18 CWTC Tournoi \u00e0 la ronde sur RealBridge","og_url":"https:\/\/cbf.ca\/fr\/evenements\/calendrier-evenements-2026\/","og_site_name":"Canadian Bridge Federation","article_publisher":"https:\/\/www.facebook.com\/Canadian.Bridge.Federation\/","article_modified_time":"2026-02-24T04:10:14+00:00","twitter_misc":{"Dur\u00e9e de lecture estim\u00e9e":"3 minutes"},"schema":{"@context":"https:\/\/schema.org","@graph":[{"@type":"WebPage","@id":"https:\/\/cbf.ca\/fr\/evenements\/calendrier-evenements-2026\/","url":"https:\/\/cbf.ca\/fr\/evenements\/calendrier-evenements-2026\/","name":"Calendrier des \u00e9v\u00e9nements 2026 - Canadian Bridge Federation","isPartOf":{"@id":"https:\/\/cbf.ca\/#website"},"datePublished":"2025-09-27T23:13:00+00:00","dateModified":"2026-02-24T04:10:14+00:00","breadcrumb":{"@id":"https:\/\/cbf.ca\/fr\/evenements\/calendrier-evenements-2026\/#breadcrumb"},"inLanguage":"fr-FR","potentialAction":[{"@type":"ReadAction","target":["https:\/\/cbf.ca\/fr\/evenements\/calendrier-evenements-2026\/"]}]},{"@type":"BreadcrumbList","@id":"https:\/\/cbf.ca\/fr\/evenements\/calendrier-evenements-2026\/#breadcrumb","itemListElement":[{"@type":"ListItem","position":1,"name":"Home","item":"https:\/\/cbf.ca\/"},{"@type":"ListItem","position":2,"name":"\u00c9v\u00e9nements","item":"https:\/\/cbf.ca\/fr\/evenements\/"},{"@type":"ListItem","position":3,"name":"Calendrier des \u00e9v\u00e9nements 2026"}]},{"@type":"WebSite","@id":"https:\/\/cbf.ca\/#website","url":"https:\/\/cbf.ca\/","name":"Canadian Bridge Federation","description":"F\u00e9d\u00e9ration canadienne de bridge","potentialAction":[{"@type":"SearchAction","target":{"@type":"EntryPoint","urlTemplate":"https:\/\/cbf.ca\/?s={search_term_string}"},"query-input":"required name=search_term_string"}],"inLanguage":"fr-FR"}]}},"_links":{"self":[{"href":"https:\/\/cbf.ca\/fr\/wp-json\/wp\/v2\/pages\/18658"}],"collection":[{"href":"https:\/\/cbf.ca\/fr\/wp-json\/wp\/v2\/pages"}],"about":[{"href":"https:\/\/cbf.ca\/fr\/wp-json\/wp\/v2\/types\/page"}],"author":[{"embeddable":true,"href":"https:\/\/cbf.ca\/fr\/wp-json\/wp\/v2\/users\/1"}],"replies":[{"embeddable":true,"href":"https:\/\/cbf.ca\/fr\/wp-json\/wp\/v2\/comments?post=18658"}],"version-history":[{"count":50,"href":"https:\/\/cbf.ca\/fr\/wp-json\/wp\/v2\/pages\/18658\/revisions"}],"predecessor-version":[{"id":37715,"href":"https:\/\/cbf.ca\/fr\/wp-json\/wp\/v2\/pages\/18658\/revisions\/37715"}],"up":[{"embeddable":true,"href":"https:\/\/cbf.ca\/fr\/wp-json\/wp\/v2\/pages\/3451"}],"wp:attachment":[{"href":"https:\/\/cbf.ca\/fr\/wp-json\/wp\/v2\/media?parent=18658"}],"curies":[{"name":"wp","href":"https:\/\/api.w.org\/{rel}","templated":true}]}}