{"id":18508,"date":"2025-03-17T06:47:00","date_gmt":"2025-03-17T02:47:00","guid":{"rendered":"https:\/\/cbf.ca\/fr\/?page_id=18508"},"modified":"2025-03-18T18:13:32","modified_gmt":"2025-03-18T14:13:32","slug":"politique-relative-a-la-commemoration","status":"publish","type":"page","link":"https:\/\/cbf.ca\/fr\/politiques-de-la-fcb\/politique-relative-a-la-commemoration\/","title":{"rendered":"Politique relative \u00e0 la comm\u00e9moration"},"content":{"rendered":"\n<h3 class=\"wp-block-heading\">Politique de la FCB relative \u00e0 la comm\u00e9moration<\/h3>\n\n\n\n<p>\u00c0 la demande d&rsquo;un membre de la famille ou d&rsquo;un ami proche, la FCB publiera l&rsquo;annonce du d\u00e9c\u00e8s de tout membre en r\u00e8gle de la FCB qui a repr\u00e9sent\u00e9 le Canada lors de comp\u00e9titions internationales de bridge, qui a si\u00e9g\u00e9 au conseil d&rsquo;administration de la FCB ou qui a apport\u00e9 une contribution importante au bridge canadien.<\/p>\n\n\n\n<p>Tel qu&rsquo;approuv\u00e9 lors de la r\u00e9union du CA de la FCB le 15 janvier 2024.<\/p>\n","protected":false},"excerpt":{"rendered":"<p>Politique de la FCB relative \u00e0 la comm\u00e9moration \u00c0 la demande d&rsquo;un membre de la famille ou d&rsquo;un ami proche, la FCB publiera l&rsquo;annonce du d\u00e9c\u00e8s de tout membre en r\u00e8gle de la FCB qui a repr\u00e9sent\u00e9 le Canada lors de comp\u00e9titions internationales de bridge, qui a si\u00e9g\u00e9 au conseil d&rsquo;administration de la FCB ou<br><a class=\"moretag signature-animation\" href=\"https:\/\/cbf.ca\/fr\/politiques-de-la-fcb\/politique-relative-a-la-commemoration\/\">CONTINUER LA LECTURE<\/a>","protected":false},"author":1,"featured_media":0,"parent":3408,"menu_order":0,"comment_status":"closed","ping_status":"closed","template":"","meta":{"footnotes":""},"yoast_head":"<!-- This site is optimized with the Yoast SEO plugin v22.3 - https:\/\/yoast.com\/wordpress\/plugins\/seo\/ -->\n<title>Politique relative \u00e0 la comm\u00e9moration - Canadian Bridge Federation<\/title>\n<meta name=\"robots\" content=\"index, follow, max-snippet:-1, max-image-preview:large, max-video-preview:-1\" \/>\n<link rel=\"canonical\" href=\"https:\/\/cbf.ca\/fr\/politiques-de-la-fcb\/politique-relative-a-la-commemoration\/\" \/>\n<meta property=\"og:locale\" content=\"fr_FR\" \/>\n<meta property=\"og:type\" content=\"article\" \/>\n<meta property=\"og:title\" content=\"Politique relative \u00e0 la comm\u00e9moration - Canadian Bridge Federation\" \/>\n<meta property=\"og:description\" content=\"Politique de la FCB relative \u00e0 la comm\u00e9moration \u00c0 la demande d&rsquo;un membre de la famille ou d&rsquo;un ami proche, la FCB publiera l&rsquo;annonce du d\u00e9c\u00e8s de tout membre en r\u00e8gle de la FCB qui a repr\u00e9sent\u00e9 le Canada lors de comp\u00e9titions internationales de bridge, qui a si\u00e9g\u00e9 au conseil d&rsquo;administration de la FCB ou\" \/>\n<meta property=\"og:url\" content=\"https:\/\/cbf.ca\/fr\/politiques-de-la-fcb\/politique-relative-a-la-commemoration\/\" \/>\n<meta property=\"og:site_name\" content=\"Canadian Bridge Federation\" \/>\n<meta property=\"article:publisher\" content=\"https:\/\/www.facebook.com\/Canadian.Bridge.Federation\/\" \/>\n<meta property=\"article:modified_time\" content=\"2025-03-18T14:13:32+00:00\" \/>\n<meta name=\"twitter:label1\" content=\"Dur\u00e9e de lecture estim\u00e9e\" \/>\n\t<meta name=\"twitter:data1\" content=\"1 minute\" \/>\n<script type=\"application\/ld+json\" class=\"yoast-schema-graph\">{\"@context\":\"https:\/\/schema.org\",\"@graph\":[{\"@type\":\"WebPage\",\"@id\":\"https:\/\/cbf.ca\/fr\/politiques-de-la-fcb\/politique-relative-a-la-commemoration\/\",\"url\":\"https:\/\/cbf.ca\/fr\/politiques-de-la-fcb\/politique-relative-a-la-commemoration\/\",\"name\":\"Politique relative \u00e0 la comm\u00e9moration - Canadian Bridge Federation\",\"isPartOf\":{\"@id\":\"https:\/\/cbf.ca\/#website\"},\"datePublished\":\"2025-03-17T02:47:00+00:00\",\"dateModified\":\"2025-03-18T14:13:32+00:00\",\"breadcrumb\":{\"@id\":\"https:\/\/cbf.ca\/fr\/politiques-de-la-fcb\/politique-relative-a-la-commemoration\/#breadcrumb\"},\"inLanguage\":\"fr-FR\",\"potentialAction\":[{\"@type\":\"ReadAction\",\"target\":[\"https:\/\/cbf.ca\/fr\/politiques-de-la-fcb\/politique-relative-a-la-commemoration\/\"]}]},{\"@type\":\"BreadcrumbList\",\"@id\":\"https:\/\/cbf.ca\/fr\/politiques-de-la-fcb\/politique-relative-a-la-commemoration\/#breadcrumb\",\"itemListElement\":[{\"@type\":\"ListItem\",\"position\":1,\"name\":\"Home\",\"item\":\"https:\/\/cbf.ca\/\"},{\"@type\":\"ListItem\",\"position\":2,\"name\":\"Politiques de la FCB\",\"item\":\"https:\/\/cbf.ca\/fr\/politiques-de-la-fcb\/\"},{\"@type\":\"ListItem\",\"position\":3,\"name\":\"Politique relative \u00e0 la comm\u00e9moration\"}]},{\"@type\":\"WebSite\",\"@id\":\"https:\/\/cbf.ca\/#website\",\"url\":\"https:\/\/cbf.ca\/\",\"name\":\"Canadian Bridge Federation\",\"description\":\"F\u00e9d\u00e9ration canadienne de bridge\",\"potentialAction\":[{\"@type\":\"SearchAction\",\"target\":{\"@type\":\"EntryPoint\",\"urlTemplate\":\"https:\/\/cbf.ca\/?s={search_term_string}\"},\"query-input\":\"required name=search_term_string\"}],\"inLanguage\":\"fr-FR\"}]}<\/script>\n<!-- \/ Yoast SEO plugin. -->","yoast_head_json":{"title":"Politique relative \u00e0 la comm\u00e9moration - Canadian Bridge Federation","robots":{"index":"index","follow":"follow","max-snippet":"max-snippet:-1","max-image-preview":"max-image-preview:large","max-video-preview":"max-video-preview:-1"},"canonical":"https:\/\/cbf.ca\/fr\/politiques-de-la-fcb\/politique-relative-a-la-commemoration\/","og_locale":"fr_FR","og_type":"article","og_title":"Politique relative \u00e0 la comm\u00e9moration - Canadian Bridge Federation","og_description":"Politique de la FCB relative \u00e0 la comm\u00e9moration \u00c0 la demande d&rsquo;un membre de la famille ou d&rsquo;un ami proche, la FCB publiera l&rsquo;annonce du d\u00e9c\u00e8s de tout membre en r\u00e8gle de la FCB qui a repr\u00e9sent\u00e9 le Canada lors de comp\u00e9titions internationales de bridge, qui a si\u00e9g\u00e9 au conseil d&rsquo;administration de la FCB ou","og_url":"https:\/\/cbf.ca\/fr\/politiques-de-la-fcb\/politique-relative-a-la-commemoration\/","og_site_name":"Canadian Bridge Federation","article_publisher":"https:\/\/www.facebook.com\/Canadian.Bridge.Federation\/","article_modified_time":"2025-03-18T14:13:32+00:00","twitter_misc":{"Dur\u00e9e de lecture estim\u00e9e":"1 minute"},"schema":{"@context":"https:\/\/schema.org","@graph":[{"@type":"WebPage","@id":"https:\/\/cbf.ca\/fr\/politiques-de-la-fcb\/politique-relative-a-la-commemoration\/","url":"https:\/\/cbf.ca\/fr\/politiques-de-la-fcb\/politique-relative-a-la-commemoration\/","name":"Politique relative \u00e0 la comm\u00e9moration - Canadian Bridge Federation","isPartOf":{"@id":"https:\/\/cbf.ca\/#website"},"datePublished":"2025-03-17T02:47:00+00:00","dateModified":"2025-03-18T14:13:32+00:00","breadcrumb":{"@id":"https:\/\/cbf.ca\/fr\/politiques-de-la-fcb\/politique-relative-a-la-commemoration\/#breadcrumb"},"inLanguage":"fr-FR","potentialAction":[{"@type":"ReadAction","target":["https:\/\/cbf.ca\/fr\/politiques-de-la-fcb\/politique-relative-a-la-commemoration\/"]}]},{"@type":"BreadcrumbList","@id":"https:\/\/cbf.ca\/fr\/politiques-de-la-fcb\/politique-relative-a-la-commemoration\/#breadcrumb","itemListElement":[{"@type":"ListItem","position":1,"name":"Home","item":"https:\/\/cbf.ca\/"},{"@type":"ListItem","position":2,"name":"Politiques de la FCB","item":"https:\/\/cbf.ca\/fr\/politiques-de-la-fcb\/"},{"@type":"ListItem","position":3,"name":"Politique relative \u00e0 la comm\u00e9moration"}]},{"@type":"WebSite","@id":"https:\/\/cbf.ca\/#website","url":"https:\/\/cbf.ca\/","name":"Canadian Bridge Federation","description":"F\u00e9d\u00e9ration canadienne de bridge","potentialAction":[{"@type":"SearchAction","target":{"@type":"EntryPoint","urlTemplate":"https:\/\/cbf.ca\/?s={search_term_string}"},"query-input":"required name=search_term_string"}],"inLanguage":"fr-FR"}]}},"_links":{"self":[{"href":"https:\/\/cbf.ca\/fr\/wp-json\/wp\/v2\/pages\/18508"}],"collection":[{"href":"https:\/\/cbf.ca\/fr\/wp-json\/wp\/v2\/pages"}],"about":[{"href":"https:\/\/cbf.ca\/fr\/wp-json\/wp\/v2\/types\/page"}],"author":[{"embeddable":true,"href":"https:\/\/cbf.ca\/fr\/wp-json\/wp\/v2\/users\/1"}],"replies":[{"embeddable":true,"href":"https:\/\/cbf.ca\/fr\/wp-json\/wp\/v2\/comments?post=18508"}],"version-history":[{"count":17,"href":"https:\/\/cbf.ca\/fr\/wp-json\/wp\/v2\/pages\/18508\/revisions"}],"predecessor-version":[{"id":31659,"href":"https:\/\/cbf.ca\/fr\/wp-json\/wp\/v2\/pages\/18508\/revisions\/31659"}],"up":[{"embeddable":true,"href":"https:\/\/cbf.ca\/fr\/wp-json\/wp\/v2\/pages\/3408"}],"wp:attachment":[{"href":"https:\/\/cbf.ca\/fr\/wp-json\/wp\/v2\/media?parent=18508"}],"curies":[{"name":"wp","href":"https:\/\/api.w.org\/{rel}","templated":true}]}}