{"id":18345,"date":"2021-11-21T22:51:40","date_gmt":"2021-11-21T18:51:40","guid":{"rendered":"https:\/\/cbf.ca\/fr\/?page_id=18345"},"modified":"2022-09-17T23:03:05","modified_gmt":"2022-09-17T19:03:05","slug":"play-bridge-canada-2e","status":"publish","type":"page","link":"https:\/\/cbf.ca\/fr\/propos-de-la-cbf\/play-bridge-canada-2e\/","title":{"rendered":"Jouer au bridge au Canada (2e)"},"content":{"rendered":"<p><strong><span style=\"text-decoration: underline;\"><em>Copie de la page sur le site. La page sur le site ne contient toutefois la partie. L&rsquo;\u00e9quivalent de la pr\u00e9sente page en anglais contient un tableau en pas de page, avec des liens sp\u00e9cifiques \u00e0 des clubs et ligues de bridge, lesquels n&rsquo;ont pas \u00e9t\u00e9 copi\u00e9s ici.<\/em><\/span><\/strong><\/p>\n<p>La F\u00e9d\u00e9ration canadienne de bridge (FCB) est une organisation canadienne responsable de promouvoir et prot\u00e9ger les droits et les int\u00e9r\u00eats des joueurs canadiens de bridge, au Canada et au niveau international.<\/p>\n<p>En tant que partenaire reconnu par l&rsquo;<em>American Contract Bridge League<\/em> (ACBL), la FCB s&rsquo;assure que l&rsquo;ACBL reconnaisse et supporte les besoins et int\u00e9r\u00eats des joueurs canadiens de bridge.<\/p>\n<p>Plusieurs clubs de bridge au Canada ont une sanction de l&rsquo;ACBL, offrant aux joueurs l&rsquo;occasion de jouer des parties qui attribuent des points de ma\u00eetre de l&rsquo;ACBL. Ces points de ma\u00eetre sont la r\u00e9f\u00e9rence pour leur classement nord-am\u00e9ricain.<\/p>\n<h3><strong>Les clubs de bridge canadiens sont list\u00e9s sur le site de l&rsquo;ACBL<\/strong><\/h3>\n<p><strong>Trouver un club<\/strong>\u00a0&#8211;\u00a0<span style=\"text-decoration: underline; color: #3366ff;\"><a style=\"color: #3366ff; text-decoration: underline;\" href=\"https:\/\/my.acbl.org\/clubs\/directory\" target=\"_blank\" rel=\"noopener\">link to the ACBL website<\/a><\/span><\/p>\n<p><strong>Trouver un professeur<\/strong>\u00a0&#8211;\u00a0<span style=\"text-decoration: underline; color: #3366ff;\"><a style=\"color: #3366ff; text-decoration: underline;\" href=\"https:\/\/my.acbl.org\/teachers\/directory\" target=\"_blank\" rel=\"noopener\">link to the ACBL website<\/a><\/span><\/p>\n<p><strong>Par province &#8211; liens vers le site ACBL<\/strong><\/p>\n<table>\n<tbody>\n<tr>\n<td>Alberta<\/td>\n<td><a href=\"https:\/\/web2.acbl.org\/As400\/clubs\/allClubs\/cclub-AB.htm\" target=\"_blank\" rel=\"noopener\">https:\/\/web2.acbl.org\/As400\/clubs\/allClubs\/cclub-AB.htm<\/a><\/td>\n<\/tr>\n<tr>\n<td>Bristish Columbia<\/td>\n<td><a href=\"http:\/\/web2.acbl.org\/As400\/clubs\/allClubs\/cclub-BC.htm\" target=\"_blank\" rel=\"noopener\">http:\/\/web2.acbl.org\/As400\/clubs\/allClubs\/cclub-BC.htm<\/a><\/td>\n<\/tr>\n<tr>\n<td>Manitoba<\/td>\n<td><a href=\"https:\/\/web2.acbl.org\/As400\/clubs\/allClubs\/cclub-MB.htm\" target=\"_blank\" rel=\"noopener\">https:\/\/web2.acbl.org\/As400\/clubs\/allClubs\/cclub-MB.htm<\/a><\/td>\n<\/tr>\n<tr>\n<td>New-Brunswick<\/td>\n<td><a href=\"http:\/\/web2.acbl.org\/As400\/clubs\/allClubs\/cclub-NB.htm\" target=\"_blank\" rel=\"noopener\">http:\/\/web2.acbl.org\/As400\/clubs\/allClubs\/cclub-NB.htm<\/a><\/td>\n<\/tr>\n<tr>\n<td>Newfoundland and<br \/>Labrador<\/td>\n<td><a href=\"https:\/\/web2.acbl.org\/As400\/clubs\/allClubs\/cclub-NF.htm\" target=\"_blank\" rel=\"noopener\">https:\/\/web2.acbl.org\/As400\/clubs\/allClubs\/cclub-NF.htm<\/a><\/td>\n<\/tr>\n<tr>\n<td>Nova Scotia<\/td>\n<td><a href=\"http:\/\/web2.acbl.org\/As400\/clubs\/allClubs\/cclub-NS.htm\" target=\"_blank\" rel=\"noopener\">http:\/\/web2.acbl.org\/As400\/clubs\/allClubs\/cclub-NS.htm<\/a><\/td>\n<\/tr>\n<tr>\n<td>Prince Edouard Island<\/td>\n<td><a href=\"http:\/\/web2.acbl.org\/As400\/clubs\/allClubs\/cclub-PE.htm\" target=\"_blank\" rel=\"noopener\">http:\/\/web2.acbl.org\/As400\/clubs\/allClubs\/cclub-PE.htm<\/a><\/td>\n<\/tr>\n<tr>\n<td>Quebec<\/td>\n<td><a href=\"http:\/\/web2.acbl.org\/As400\/clubs\/allClubs\/cclub-QC.htm\" target=\"_blank\" rel=\"noopener\">http:\/\/web2.acbl.org\/As400\/clubs\/allClubs\/cclub-QC.htm<\/a><\/td>\n<\/tr>\n<tr>\n<td>Ontario<\/td>\n<td><a href=\"http:\/\/web2.acbl.org\/As400\/clubs\/allClubs\/cclub-ON.htm\" target=\"_blank\" rel=\"noopener\">http:\/\/web2.acbl.org\/As400\/clubs\/allClubs\/cclub-ON.htm<\/a><\/td>\n<\/tr>\n<tr>\n<td>Saskatchewan<\/td>\n<td><a href=\"http:\/\/web2.acbl.org\/As400\/clubs\/allClubs\/cclub-SK.htm\" target=\"_blank\" rel=\"noopener\">http:\/\/web2.acbl.org\/As400\/clubs\/allClubs\/cclub-SK.htm<\/a><\/td>\n<\/tr>\n<\/tbody>\n<\/table>\n<h3>\u00a0<\/h3>\n\n\n<h3 class=\"wp-block-heading\"><strong>Bridgewebs<\/strong><\/h3>\n\n\n\n<p>Plusieurs clubs et associations de bridge sont sur BridgeWebs. <br \/><a href=\"https:\/\/www.bridgewebs.com\/cgi-bin\/bwop\/bw.cgi?club=bw&amp;pid=display_page18\" target=\"_blank\" rel=\"noreferrer noopener\">Lien vers Bridgewebs<\/a>. Utiliser les boutons de recherche pour trouver un club.<\/p>\n","protected":false},"excerpt":{"rendered":"<p>Copie de la page sur le site. La page sur le site ne contient toutefois la partie. L&rsquo;\u00e9quivalent de la pr\u00e9sente page en anglais contient un tableau en pas de page, avec des liens sp\u00e9cifiques \u00e0 des clubs et ligues de bridge, lesquels n&rsquo;ont pas \u00e9t\u00e9 copi\u00e9s ici. La F\u00e9d\u00e9ration canadienne de bridge (FCB) est<br><a class=\"moretag signature-animation\" href=\"https:\/\/cbf.ca\/fr\/propos-de-la-cbf\/play-bridge-canada-2e\/\">CONTINUER LA LECTURE<\/a>","protected":false},"author":1,"featured_media":0,"parent":1975,"menu_order":0,"comment_status":"closed","ping_status":"closed","template":"","meta":{"footnotes":""},"yoast_head":"<!-- This site is optimized with the Yoast SEO plugin v22.3 - https:\/\/yoast.com\/wordpress\/plugins\/seo\/ -->\n<title>Jouer au bridge au Canada (2e) - Canadian Bridge Federation<\/title>\n<meta name=\"robots\" content=\"index, follow, max-snippet:-1, max-image-preview:large, max-video-preview:-1\" \/>\n<link rel=\"canonical\" href=\"https:\/\/cbf.ca\/fr\/propos-de-la-cbf\/play-bridge-canada-2e\/\" \/>\n<meta property=\"og:locale\" content=\"fr_FR\" \/>\n<meta property=\"og:type\" content=\"article\" \/>\n<meta property=\"og:title\" content=\"Jouer au bridge au Canada (2e) - Canadian Bridge Federation\" \/>\n<meta property=\"og:description\" content=\"Copie de la page sur le site. La page sur le site ne contient toutefois la partie. L&rsquo;\u00e9quivalent de la pr\u00e9sente page en anglais contient un tableau en pas de page, avec des liens sp\u00e9cifiques \u00e0 des clubs et ligues de bridge, lesquels n&rsquo;ont pas \u00e9t\u00e9 copi\u00e9s ici. La F\u00e9d\u00e9ration canadienne de bridge (FCB) est\" \/>\n<meta property=\"og:url\" content=\"https:\/\/cbf.ca\/fr\/propos-de-la-cbf\/play-bridge-canada-2e\/\" \/>\n<meta property=\"og:site_name\" content=\"Canadian Bridge Federation\" \/>\n<meta property=\"article:publisher\" content=\"https:\/\/www.facebook.com\/Canadian.Bridge.Federation\/\" \/>\n<meta property=\"article:modified_time\" content=\"2022-09-17T19:03:05+00:00\" \/>\n<meta name=\"twitter:label1\" content=\"Dur\u00e9e de lecture estim\u00e9e\" \/>\n\t<meta name=\"twitter:data1\" content=\"2 minutes\" \/>\n<script type=\"application\/ld+json\" class=\"yoast-schema-graph\">{\"@context\":\"https:\/\/schema.org\",\"@graph\":[{\"@type\":\"WebPage\",\"@id\":\"https:\/\/cbf.ca\/fr\/propos-de-la-cbf\/play-bridge-canada-2e\/\",\"url\":\"https:\/\/cbf.ca\/fr\/propos-de-la-cbf\/play-bridge-canada-2e\/\",\"name\":\"Jouer au bridge au Canada (2e) - Canadian Bridge Federation\",\"isPartOf\":{\"@id\":\"https:\/\/cbf.ca\/#website\"},\"datePublished\":\"2021-11-21T18:51:40+00:00\",\"dateModified\":\"2022-09-17T19:03:05+00:00\",\"breadcrumb\":{\"@id\":\"https:\/\/cbf.ca\/fr\/propos-de-la-cbf\/play-bridge-canada-2e\/#breadcrumb\"},\"inLanguage\":\"fr-FR\",\"potentialAction\":[{\"@type\":\"ReadAction\",\"target\":[\"https:\/\/cbf.ca\/fr\/propos-de-la-cbf\/play-bridge-canada-2e\/\"]}]},{\"@type\":\"BreadcrumbList\",\"@id\":\"https:\/\/cbf.ca\/fr\/propos-de-la-cbf\/play-bridge-canada-2e\/#breadcrumb\",\"itemListElement\":[{\"@type\":\"ListItem\",\"position\":1,\"name\":\"Home\",\"item\":\"https:\/\/cbf.ca\/\"},{\"@type\":\"ListItem\",\"position\":2,\"name\":\"A propos de la FCB\",\"item\":\"https:\/\/cbf.ca\/fr\/propos-de-la-cbf\/\"},{\"@type\":\"ListItem\",\"position\":3,\"name\":\"Jouer au bridge au Canada (2e)\"}]},{\"@type\":\"WebSite\",\"@id\":\"https:\/\/cbf.ca\/#website\",\"url\":\"https:\/\/cbf.ca\/\",\"name\":\"Canadian Bridge Federation\",\"description\":\"F\u00e9d\u00e9ration canadienne de bridge\",\"potentialAction\":[{\"@type\":\"SearchAction\",\"target\":{\"@type\":\"EntryPoint\",\"urlTemplate\":\"https:\/\/cbf.ca\/?s={search_term_string}\"},\"query-input\":\"required name=search_term_string\"}],\"inLanguage\":\"fr-FR\"}]}<\/script>\n<!-- \/ Yoast SEO plugin. -->","yoast_head_json":{"title":"Jouer au bridge au Canada (2e) - Canadian Bridge Federation","robots":{"index":"index","follow":"follow","max-snippet":"max-snippet:-1","max-image-preview":"max-image-preview:large","max-video-preview":"max-video-preview:-1"},"canonical":"https:\/\/cbf.ca\/fr\/propos-de-la-cbf\/play-bridge-canada-2e\/","og_locale":"fr_FR","og_type":"article","og_title":"Jouer au bridge au Canada (2e) - Canadian Bridge Federation","og_description":"Copie de la page sur le site. La page sur le site ne contient toutefois la partie. L&rsquo;\u00e9quivalent de la pr\u00e9sente page en anglais contient un tableau en pas de page, avec des liens sp\u00e9cifiques \u00e0 des clubs et ligues de bridge, lesquels n&rsquo;ont pas \u00e9t\u00e9 copi\u00e9s ici. La F\u00e9d\u00e9ration canadienne de bridge (FCB) est","og_url":"https:\/\/cbf.ca\/fr\/propos-de-la-cbf\/play-bridge-canada-2e\/","og_site_name":"Canadian Bridge Federation","article_publisher":"https:\/\/www.facebook.com\/Canadian.Bridge.Federation\/","article_modified_time":"2022-09-17T19:03:05+00:00","twitter_misc":{"Dur\u00e9e de lecture estim\u00e9e":"2 minutes"},"schema":{"@context":"https:\/\/schema.org","@graph":[{"@type":"WebPage","@id":"https:\/\/cbf.ca\/fr\/propos-de-la-cbf\/play-bridge-canada-2e\/","url":"https:\/\/cbf.ca\/fr\/propos-de-la-cbf\/play-bridge-canada-2e\/","name":"Jouer au bridge au Canada (2e) - Canadian Bridge Federation","isPartOf":{"@id":"https:\/\/cbf.ca\/#website"},"datePublished":"2021-11-21T18:51:40+00:00","dateModified":"2022-09-17T19:03:05+00:00","breadcrumb":{"@id":"https:\/\/cbf.ca\/fr\/propos-de-la-cbf\/play-bridge-canada-2e\/#breadcrumb"},"inLanguage":"fr-FR","potentialAction":[{"@type":"ReadAction","target":["https:\/\/cbf.ca\/fr\/propos-de-la-cbf\/play-bridge-canada-2e\/"]}]},{"@type":"BreadcrumbList","@id":"https:\/\/cbf.ca\/fr\/propos-de-la-cbf\/play-bridge-canada-2e\/#breadcrumb","itemListElement":[{"@type":"ListItem","position":1,"name":"Home","item":"https:\/\/cbf.ca\/"},{"@type":"ListItem","position":2,"name":"A propos de la FCB","item":"https:\/\/cbf.ca\/fr\/propos-de-la-cbf\/"},{"@type":"ListItem","position":3,"name":"Jouer au bridge au Canada (2e)"}]},{"@type":"WebSite","@id":"https:\/\/cbf.ca\/#website","url":"https:\/\/cbf.ca\/","name":"Canadian Bridge Federation","description":"F\u00e9d\u00e9ration canadienne de bridge","potentialAction":[{"@type":"SearchAction","target":{"@type":"EntryPoint","urlTemplate":"https:\/\/cbf.ca\/?s={search_term_string}"},"query-input":"required name=search_term_string"}],"inLanguage":"fr-FR"}]}},"_links":{"self":[{"href":"https:\/\/cbf.ca\/fr\/wp-json\/wp\/v2\/pages\/18345"}],"collection":[{"href":"https:\/\/cbf.ca\/fr\/wp-json\/wp\/v2\/pages"}],"about":[{"href":"https:\/\/cbf.ca\/fr\/wp-json\/wp\/v2\/types\/page"}],"author":[{"embeddable":true,"href":"https:\/\/cbf.ca\/fr\/wp-json\/wp\/v2\/users\/1"}],"replies":[{"embeddable":true,"href":"https:\/\/cbf.ca\/fr\/wp-json\/wp\/v2\/comments?post=18345"}],"version-history":[{"count":21,"href":"https:\/\/cbf.ca\/fr\/wp-json\/wp\/v2\/pages\/18345\/revisions"}],"predecessor-version":[{"id":23269,"href":"https:\/\/cbf.ca\/fr\/wp-json\/wp\/v2\/pages\/18345\/revisions\/23269"}],"up":[{"embeddable":true,"href":"https:\/\/cbf.ca\/fr\/wp-json\/wp\/v2\/pages\/1975"}],"wp:attachment":[{"href":"https:\/\/cbf.ca\/fr\/wp-json\/wp\/v2\/media?parent=18345"}],"curies":[{"name":"wp","href":"https:\/\/api.w.org\/{rel}","templated":true}]}}