{"id":18229,"date":"2021-11-11T18:01:46","date_gmt":"2021-11-11T14:01:46","guid":{"rendered":"https:\/\/cbf.ca\/fr\/?page_id=18229"},"modified":"2022-05-26T03:07:51","modified_gmt":"2022-05-25T23:07:51","slug":"championnats-2022","status":"publish","type":"page","link":"https:\/\/cbf.ca\/fr\/evenements\/championnats-canadiens-de-bridge\/championnats-2022\/","title":{"rendered":"Championnats 2022"},"content":{"rendered":"<p>Cette ann\u00e9e, nos championnats se joueront sur RealBridge et BBO. Les \u00e9v\u00e9nements de championnat seront jou\u00e9s sur RealBridge (CNTC-A, CWTC, CSTC, CMPC), alors que le CNTC-B, le CNTC-C, le COPC et le CIPC seront jou\u00e9s sur BBO. Ils se d\u00e9roulent les fins de semaine, d\u00e9butant le 22 avril avec le CNTC-A, pour se poursuivre jusqu&rsquo;au 12 juin avec les divers \u00e9v\u00e9nements qui d\u00e9buteront successivement.<\/p>\n<p style=\"padding-left: 40px;\"><a href=\"https:\/\/cbf.ca\/BWeek\/22files\/index.shtml\" class=\"btn bluth red btn- \" target=\"_self\"> Cliquer ici <\/a>\u00a0 <strong>pour voir le site des Championnats canadiens de bridge 2022<\/strong><\/p>\n<p>La structure sera semblable \u00e0 celle d&rsquo;un \u00e9v\u00e9nement \u00ab\u00a0en direct\u00a0\u00bb, avec des matchs programm\u00e9s de 11:30 \u00e0 21:30, heure de l&rsquo;Est, avec des pauses entre les matchs. La reprogrammation ne sera pas possible.<\/p>\n<p>Les participants doivent \u00eatre membres en r\u00e8gle de la FCB (et non membres gratuits), et aucune qualification de club n&rsquo;est n\u00e9cessaire cette ann\u00e9e.<\/p>\n<p><span style=\"font-size: revert; color: initial;\">Les \u00e9v\u00e9nements sur RealBridge n\u00e9cessiteront de la vid\u00e9o et de l\u2019audio et seront jou\u00e9s derri\u00e8re des \u00e9crans. Nous avons organis\u00e9 des s\u00e9ances d\u2019entra\u00eenement sur RealBridge pour tous ceux qui veulent se pratique sur RealBridge avant l\u2019\u00e9v\u00e9nement. Nous recommandons \u00e0 tous les joueurs de le faire pour se familiariser avec Realbridge et pour v\u00e9rifier si des ajustements \u00e0 votre syst\u00e8me sont n\u00e9cessaires pour optimiser votre configuration. Plus d\u2019informations sur les s\u00e9ances d\u2019entra\u00eenement RealBridge dans l&rsquo;item des nouvelles \u00e0 ce sujet.<\/span><\/p>\n<h3><strong>Inscription<\/strong><\/h3>\n<p><a href=\"https:\/\/www.cbf.ca\/events\/calendar-of-events\/#id=10180&amp;cid=1042&amp;wid=1101\" class=\"btn bluth red btn- \" target=\"_self\"> Cliquer ici <\/a>\u00a0 <strong>pour s&rsquo;inscrire aux \u00e9v\u00e9nements.<\/strong><\/p>\n<h3><strong>Prix<\/strong><\/h3>\n<ul>\n<li>CNTC A, CSTC, CWTC et CMTC: les \u00e9quipes gagnantes joueront au <em>World Bridge Series<\/em> en tant qu&rsquo;\u00e9quipe canadienne et recevront une subvention de 2500 $ CAN pour le voyage, plus les frais d&rsquo;inscription.<\/li>\n<li>CNTC B:\u00a0 des points de ma\u00eetre seront attribu\u00e9s &#8211; Points Or. Des prix sous forme de cr\u00e9dits FCB seront remis: 750 $ pour la 1\u00e8re \u00e9quipe, 500 $ pour la 2e et 250 $ pour la 3e. Vous recevrez un remboursement des frais d&rsquo;inscription et le solde en cr\u00e9dits pour de futurs \u00e9v\u00e9nements de la FCB.<\/li>\n<li>CNTC C: des points de ma\u00eetre seront attribu\u00e9s &#8211; Points Or. Des prix sous forme de cr\u00e9dits FCB seront remis: 500 $ pour la 1\u00e8re \u00e9quipe, 300 $ pour la 2e. Vous recevrez un remboursement des frais d&rsquo;inscription et le solde en cr\u00e9dits pour de futurs \u00e9v\u00e9nements de la FCB.<\/li>\n<li>COPC &amp; CIPC: des points de ma\u00eetre seront attribu\u00e9s. Des prix sous forme de cr\u00e9dits FCB seront remis: 1000 $ pour le 1er, 700 $ pour le 2e et 300 $ pour le 3e. Vous recevrez un remboursement des frais d&rsquo;inscription et le solde en cr\u00e9dits pour de futurs \u00e9v\u00e9nements de la FCB.<\/li>\n<\/ul>\n<h3><strong>Horaire &#8211; Lieu &#8211; Inscription &#8211; Co\u00fbt<\/strong><\/h3>\n<table style=\"height: 425px;\" width=\"800\">\n<tbody>\n<tr>\n<td width=\"120\">\u00a0<\/td>\n<td width=\"250\">\u00a0<\/td>\n<td width=\"50\">\u00a0<\/td>\n<td width=\"100\">\u00a0<\/td>\n<td width=\"140\">\u00a0<\/td>\n<\/tr>\n<tr>\n<td><strong>\u00c9v\u00e9nement<\/strong><\/td>\n<td><strong>Dates<\/strong><\/td>\n<td><strong>Lieu<\/strong><\/td>\n<td><b>Inscription<br \/>Limite *<\/b><\/td>\n<td><strong>Co\u00fbt<\/strong><\/td>\n<\/tr>\n<tr>\n<td><strong>CNTC A<br \/>Open<\/strong><\/td>\n<td>RR-22, 23, 24 avril;<br \/>QF-30 avril; SF-1 mai;<br \/>Finale-2mai<\/td>\n<td>RealBridge<\/td>\n<td>1er avril<\/td>\n<td>RR: 540$<br \/>\u00c9lim: 180$\/ronde<\/td>\n<\/tr>\n<tr>\n<td><strong>CNTC B\u00a0<\/strong><\/td>\n<td>RR-30, 1er mai;<br \/>SF-2 mai; Finale-2 mai<\/td>\n<td>BBO<\/td>\n<td>15 avril<\/td>\n<td>RR: 360$<br \/>\u00c9lim.: 60$\/ronde<\/td>\n<\/tr>\n<tr>\n<td><strong>CNTC C<\/strong><\/td>\n<td>RR-23 avril;<br \/>SF-24 avril; Finale-24 avril<\/td>\n<td>BBO<\/td>\n<td>10 avril<\/td>\n<td>RR: 180$<br \/>\u00c9lim.: 60$\/ronde<\/td>\n<\/tr>\n<tr>\n<td><strong>CWTC<\/strong><\/td>\n<td>RR-6, 7 mai;<br \/>SF-8 mai; Finale-9 mai<\/td>\n<td>RealBridge<\/td>\n<td>15 avril<\/td>\n<td>RR: 360$<br \/>\u00c9lim.: 180$\/ronde<\/td>\n<\/tr>\n<tr>\n<td><strong>CMTC<\/strong><\/td>\n<td>RR-13, 14, 15 mai;<br \/>QF-21 mai; SF-22 mai<br \/>Finale-23 mai<\/td>\n<td>RealBridge<\/td>\n<td>15 avril<\/td>\n<td>RR: 540$<br \/>\u00c9lim.: 180$\/ronde<\/td>\n<\/tr>\n<tr>\n<td><strong>CSTC<\/strong><\/td>\n<td>RR-27, 28 mai;<br \/>SF-29 mai; Finale-30 mai<\/td>\n<td>RealBridge<\/td>\n<td>6 mai<\/td>\n<td>RR: 360$<br \/>\u00c9lim.: 180$\/ronde<\/td>\n<\/tr>\n<tr>\n<td><strong>COPC<br \/><\/strong>***Horaire<\/td>\n<td>2 sessions de qualif.-4 juin<br \/>2 sessions de finale-5 juin<\/td>\n<td>BBO<\/td>\n<td>31 mai**<\/td>\n<td>20$\/pers\/session<br \/>80$\/paire\/jour<\/td>\n<\/tr>\n<tr>\n<td><strong>CIPC<br \/><\/strong>***Horaire<\/td>\n<td>2 sessions de qualif.-11 juin<br \/>2 sessions de finale-12 juin<\/td>\n<td>BBO<\/td>\n<td>7 juin**<\/td>\n<td>20$\/pers\/session<br \/>80$\/paire\/jour<\/td>\n<\/tr>\n<\/tbody>\n<\/table>\n<p>* La limite est \u00e0 minuit, heure de l\u2019Est.<br \/>** <span class=\"fontstyle0\">L\u2019inscription doit \u00eatre faite via le site de la FCB avant la date limite.<br \/>*** Horaire de jeu pour le <strong>COPC et le CIPC<\/strong> (les 2 jours de chaque \u00e9v\u00e9nement)<br \/>. Session 1: midi HE \/ 9h PDT<br \/>. Session 2: 16h HE \/ 13h PDT<br \/><\/span>Des instructions d\u00e9taill\u00e9es sur la fa\u00e7on de se connecter \u00e0 BBO et de trouver la partie seront envoy\u00e9es aux participants avant chaque \u00e9v\u00e9nement.<\/p>\n<h3><strong>Informations additionnelles<\/strong><\/h3>\n<p style=\"padding-left: 40px;\">R\u00e8glements g\u00e9n\u00e9raux des Championnats canadiens de bridge &#8211; <a href=\"https:\/\/cbf.ca\/BWeek\/22files\/CBF-2022-General-CoC-EN.pdf\" target=\"_blank\" rel=\"noopener\">Cliquer ici<\/a><\/p>\n<p style=\"padding-left: 40px;\">R\u00e8glements compl\u00e9mentaires des Championnats canadiens de bridge &#8211; <a href=\"https:\/\/cbf.ca\/BWeek\/22files\/2022-CBC-Suppl-CoC-FR.pdf\" target=\"_blank\" rel=\"noopener\">Cliquer ici<\/a><\/p>\n<p style=\"padding-left: 40px;\">S\u00e9ances d&rsquo;entra\u00eenement sur RealBridge &#8211; article sur les s\u00e9ances d&rsquo;entra\u00eenement &#8211; <a href=\"https:\/\/cbf.ca\/fr\/seances-dentrainement-sur-realbridge\/\" target=\"_blank\" rel=\"noopener\">Cliquer ici<\/a><\/p>\n<p style=\"padding-left: 40px;\">Version imprimable du tableau ci-haut &#8211; <a href=\"https:\/\/cbf.ca\/BWeek\/22files\/Details-CBC-2022-FR.pdf\" target=\"_blank\" rel=\"noopener\">Cliquer ici<\/a><\/p>\n\n\n<h2 class=\"wp-block-heading\"><strong><\/strong><strong>Championnats canadiens de bridge pr\u00e9c\u00e9dents<\/strong><\/h2>\n\n\n\n<figure class=\"wp-block-table\"><table><tbody><tr><td><a href=\"https:\/\/cbf.ca\/BWeek\/21files\/index.shtml\" target=\"_blank\" rel=\"noreferrer noopener\">2022<\/a><\/td><td><a href=\"https:\/\/cbf.ca\/BWeek\/21files\/index.shtml\" target=\"_blank\" rel=\"noreferrer noopener\">2021<\/a><\/td><td><a href=\"https:\/\/cbf.ca\/BWeek\/20files\/index.shtml\" target=\"_blank\" rel=\"noreferrer noopener\">2020<\/a><\/td><td><a href=\"https:\/\/cbf.ca\/BWeek\/19files\/index.shtml\" target=\"_blank\" rel=\"noreferrer noopener\">2019<\/a><\/td><td><a href=\"https:\/\/cbf.ca\/BWeek\/18files\/index.shtml\" target=\"_blank\" rel=\"noreferrer noopener\">2018<\/a><\/td><\/tr><tr><td><a href=\"https:\/\/cbf.ca\/BWeek\/17files\/index.shtml\" target=\"_blank\" rel=\"noreferrer noopener\">2017<\/a><\/td><td><a href=\"https:\/\/cbf.ca\/BWeek\/16files\/index.shtml\" target=\"_blank\" rel=\"noreferrer noopener\">2016<\/a><\/td><td><a href=\"https:\/\/cbf.ca\/BWeek\/15files\/index.shtml\" target=\"_blank\" rel=\"noreferrer noopener\">2015<\/a><\/td><td><a href=\"https:\/\/cbf.ca\/BWeek\/14files\/index.shtml\" target=\"_blank\" rel=\"noreferrer noopener\">2014<\/a><\/td><td><a href=\"https:\/\/cbf.ca\/BWeek\/13files\/index.shtml\" target=\"_blank\" rel=\"noreferrer noopener\">2013<\/a><\/td><\/tr><tr><td><a href=\"https:\/\/cbf.ca\/BWeek\/12files\/\" target=\"_blank\" rel=\"noreferrer noopener\">2012<\/a><\/td><td><a href=\"https:\/\/www.cbf.ca\/BWeek\/11files\/\" target=\"_blank\" rel=\"noreferrer noopener\">2011<\/a><\/td><td><a href=\"https:\/\/www.cbf.ca\/BWeek\/10files\/\" target=\"_blank\" rel=\"noreferrer noopener\">2010<\/a><\/td><td><a href=\"https:\/\/www.cbf.ca\/BWeek\/09files\/\" target=\"_blank\" rel=\"noreferrer noopener\">2009<\/a><\/td><td><a href=\"https:\/\/www.cbf.ca\/BWeek\/08files\/\" target=\"_blank\" rel=\"noreferrer noopener\">2008<\/a><\/td><\/tr><tr><td><a href=\"https:\/\/www.cbf.ca\/BWeek\/07files\/\" target=\"_blank\" rel=\"noreferrer noopener\">2007<\/a><\/td><td><a href=\"https:\/\/www.cbf.ca\/BWeek\/BWeek06.html\" target=\"_blank\" rel=\"noreferrer noopener\">2006<\/a><\/td><td><a href=\"https:\/\/www.cbf.ca\/BWeek\/BWeek05.html\" target=\"_blank\" rel=\"noreferrer noopener\">2005<\/a><\/td><td><a href=\"https:\/\/www.cbf.ca\/BWeek\/BWeek04.html\" target=\"_blank\" rel=\"noreferrer noopener\">2004<\/a><\/td><td><a href=\"https:\/\/www.cbf.ca\/BWeek\/BWeek03.html\" target=\"_blank\" rel=\"noreferrer noopener\">2003<\/a><\/td><\/tr><tr><td><a href=\"https:\/\/www.cbf.ca\/BWeek\/BWeek02.html\" target=\"_blank\" rel=\"noreferrer noopener\">2002<\/a><\/td><td><a href=\"https:\/\/www.cbf.ca\/BWeek\/BWeek01.html\" target=\"_blank\" rel=\"noreferrer noopener\">2001<\/a><\/td><td><a href=\"https:\/\/www.cbf.ca\/BWeek\/00results\/index.html\" target=\"_blank\" rel=\"noreferrer noopener\">2000<\/a><\/td><td><a href=\"https:\/\/www.cbf.ca\/BWeek\/99results\/99CNC.html\" target=\"_blank\" rel=\"noreferrer noopener\">1999<\/a><\/td><td><a href=\"https:\/\/www.cbf.ca\/BWeek\/98results\/98CNC.html\" target=\"_blank\" rel=\"noreferrer noopener\">1998<\/a><\/td><\/tr><\/tbody><\/table><\/figure>\n\n\n\n\n","protected":false},"excerpt":{"rendered":"<p>Cette ann\u00e9e, nos championnats se joueront sur RealBridge et BBO. Les \u00e9v\u00e9nements de championnat seront jou\u00e9s sur RealBridge (CNTC-A, CWTC, CSTC, CMPC), alors que le CNTC-B, le CNTC-C, le COPC et le CIPC seront jou\u00e9s sur BBO. Ils se d\u00e9roulent les fins de semaine, d\u00e9butant le 22 avril avec le CNTC-A, pour se poursuivre jusqu&rsquo;au<br><a class=\"moretag signature-animation\" href=\"https:\/\/cbf.ca\/fr\/evenements\/championnats-canadiens-de-bridge\/championnats-2022\/\">CONTINUER LA LECTURE<\/a>","protected":false},"author":1,"featured_media":0,"parent":3462,"menu_order":0,"comment_status":"closed","ping_status":"closed","template":"","meta":{"footnotes":""},"yoast_head":"<!-- This site is optimized with the Yoast SEO plugin v22.3 - https:\/\/yoast.com\/wordpress\/plugins\/seo\/ -->\n<title>Championnats 2022 - Canadian Bridge Federation<\/title>\n<meta name=\"robots\" content=\"index, follow, max-snippet:-1, max-image-preview:large, max-video-preview:-1\" \/>\n<link rel=\"canonical\" href=\"https:\/\/cbf.ca\/fr\/evenements\/championnats-canadiens-de-bridge\/championnats-2022\/\" \/>\n<meta property=\"og:locale\" content=\"fr_FR\" \/>\n<meta property=\"og:type\" content=\"article\" \/>\n<meta property=\"og:title\" content=\"Championnats 2022 - Canadian Bridge Federation\" \/>\n<meta property=\"og:description\" content=\"Cette ann\u00e9e, nos championnats se joueront sur RealBridge et BBO. Les \u00e9v\u00e9nements de championnat seront jou\u00e9s sur RealBridge (CNTC-A, CWTC, CSTC, CMPC), alors que le CNTC-B, le CNTC-C, le COPC et le CIPC seront jou\u00e9s sur BBO. Ils se d\u00e9roulent les fins de semaine, d\u00e9butant le 22 avril avec le CNTC-A, pour se poursuivre jusqu&rsquo;au\" \/>\n<meta property=\"og:url\" content=\"https:\/\/cbf.ca\/fr\/evenements\/championnats-canadiens-de-bridge\/championnats-2022\/\" \/>\n<meta property=\"og:site_name\" content=\"Canadian Bridge Federation\" \/>\n<meta property=\"article:publisher\" content=\"https:\/\/www.facebook.com\/Canadian.Bridge.Federation\/\" \/>\n<meta property=\"article:modified_time\" content=\"2022-05-25T23:07:51+00:00\" \/>\n<meta name=\"twitter:label1\" content=\"Dur\u00e9e de lecture estim\u00e9e\" \/>\n\t<meta name=\"twitter:data1\" content=\"4 minutes\" \/>\n<script type=\"application\/ld+json\" class=\"yoast-schema-graph\">{\"@context\":\"https:\/\/schema.org\",\"@graph\":[{\"@type\":\"WebPage\",\"@id\":\"https:\/\/cbf.ca\/fr\/evenements\/championnats-canadiens-de-bridge\/championnats-2022\/\",\"url\":\"https:\/\/cbf.ca\/fr\/evenements\/championnats-canadiens-de-bridge\/championnats-2022\/\",\"name\":\"Championnats 2022 - Canadian Bridge Federation\",\"isPartOf\":{\"@id\":\"https:\/\/cbf.ca\/#website\"},\"datePublished\":\"2021-11-11T14:01:46+00:00\",\"dateModified\":\"2022-05-25T23:07:51+00:00\",\"breadcrumb\":{\"@id\":\"https:\/\/cbf.ca\/fr\/evenements\/championnats-canadiens-de-bridge\/championnats-2022\/#breadcrumb\"},\"inLanguage\":\"fr-FR\",\"potentialAction\":[{\"@type\":\"ReadAction\",\"target\":[\"https:\/\/cbf.ca\/fr\/evenements\/championnats-canadiens-de-bridge\/championnats-2022\/\"]}]},{\"@type\":\"BreadcrumbList\",\"@id\":\"https:\/\/cbf.ca\/fr\/evenements\/championnats-canadiens-de-bridge\/championnats-2022\/#breadcrumb\",\"itemListElement\":[{\"@type\":\"ListItem\",\"position\":1,\"name\":\"Home\",\"item\":\"https:\/\/cbf.ca\/\"},{\"@type\":\"ListItem\",\"position\":2,\"name\":\"\u00c9v\u00e9nements\",\"item\":\"https:\/\/cbf.ca\/fr\/evenements\/\"},{\"@type\":\"ListItem\",\"position\":3,\"name\":\"Championnats canadiens de bridge\",\"item\":\"https:\/\/cbf.ca\/fr\/evenements\/championnats-canadiens-de-bridge\/\"},{\"@type\":\"ListItem\",\"position\":4,\"name\":\"Championnats 2022\"}]},{\"@type\":\"WebSite\",\"@id\":\"https:\/\/cbf.ca\/#website\",\"url\":\"https:\/\/cbf.ca\/\",\"name\":\"Canadian Bridge Federation\",\"description\":\"F\u00e9d\u00e9ration canadienne de bridge\",\"potentialAction\":[{\"@type\":\"SearchAction\",\"target\":{\"@type\":\"EntryPoint\",\"urlTemplate\":\"https:\/\/cbf.ca\/?s={search_term_string}\"},\"query-input\":\"required name=search_term_string\"}],\"inLanguage\":\"fr-FR\"}]}<\/script>\n<!-- \/ Yoast SEO plugin. -->","yoast_head_json":{"title":"Championnats 2022 - Canadian Bridge Federation","robots":{"index":"index","follow":"follow","max-snippet":"max-snippet:-1","max-image-preview":"max-image-preview:large","max-video-preview":"max-video-preview:-1"},"canonical":"https:\/\/cbf.ca\/fr\/evenements\/championnats-canadiens-de-bridge\/championnats-2022\/","og_locale":"fr_FR","og_type":"article","og_title":"Championnats 2022 - Canadian Bridge Federation","og_description":"Cette ann\u00e9e, nos championnats se joueront sur RealBridge et BBO. Les \u00e9v\u00e9nements de championnat seront jou\u00e9s sur RealBridge (CNTC-A, CWTC, CSTC, CMPC), alors que le CNTC-B, le CNTC-C, le COPC et le CIPC seront jou\u00e9s sur BBO. Ils se d\u00e9roulent les fins de semaine, d\u00e9butant le 22 avril avec le CNTC-A, pour se poursuivre jusqu&rsquo;au","og_url":"https:\/\/cbf.ca\/fr\/evenements\/championnats-canadiens-de-bridge\/championnats-2022\/","og_site_name":"Canadian Bridge Federation","article_publisher":"https:\/\/www.facebook.com\/Canadian.Bridge.Federation\/","article_modified_time":"2022-05-25T23:07:51+00:00","twitter_misc":{"Dur\u00e9e de lecture estim\u00e9e":"4 minutes"},"schema":{"@context":"https:\/\/schema.org","@graph":[{"@type":"WebPage","@id":"https:\/\/cbf.ca\/fr\/evenements\/championnats-canadiens-de-bridge\/championnats-2022\/","url":"https:\/\/cbf.ca\/fr\/evenements\/championnats-canadiens-de-bridge\/championnats-2022\/","name":"Championnats 2022 - Canadian Bridge Federation","isPartOf":{"@id":"https:\/\/cbf.ca\/#website"},"datePublished":"2021-11-11T14:01:46+00:00","dateModified":"2022-05-25T23:07:51+00:00","breadcrumb":{"@id":"https:\/\/cbf.ca\/fr\/evenements\/championnats-canadiens-de-bridge\/championnats-2022\/#breadcrumb"},"inLanguage":"fr-FR","potentialAction":[{"@type":"ReadAction","target":["https:\/\/cbf.ca\/fr\/evenements\/championnats-canadiens-de-bridge\/championnats-2022\/"]}]},{"@type":"BreadcrumbList","@id":"https:\/\/cbf.ca\/fr\/evenements\/championnats-canadiens-de-bridge\/championnats-2022\/#breadcrumb","itemListElement":[{"@type":"ListItem","position":1,"name":"Home","item":"https:\/\/cbf.ca\/"},{"@type":"ListItem","position":2,"name":"\u00c9v\u00e9nements","item":"https:\/\/cbf.ca\/fr\/evenements\/"},{"@type":"ListItem","position":3,"name":"Championnats canadiens de bridge","item":"https:\/\/cbf.ca\/fr\/evenements\/championnats-canadiens-de-bridge\/"},{"@type":"ListItem","position":4,"name":"Championnats 2022"}]},{"@type":"WebSite","@id":"https:\/\/cbf.ca\/#website","url":"https:\/\/cbf.ca\/","name":"Canadian Bridge Federation","description":"F\u00e9d\u00e9ration canadienne de bridge","potentialAction":[{"@type":"SearchAction","target":{"@type":"EntryPoint","urlTemplate":"https:\/\/cbf.ca\/?s={search_term_string}"},"query-input":"required name=search_term_string"}],"inLanguage":"fr-FR"}]}},"_links":{"self":[{"href":"https:\/\/cbf.ca\/fr\/wp-json\/wp\/v2\/pages\/18229"}],"collection":[{"href":"https:\/\/cbf.ca\/fr\/wp-json\/wp\/v2\/pages"}],"about":[{"href":"https:\/\/cbf.ca\/fr\/wp-json\/wp\/v2\/types\/page"}],"author":[{"embeddable":true,"href":"https:\/\/cbf.ca\/fr\/wp-json\/wp\/v2\/users\/1"}],"replies":[{"embeddable":true,"href":"https:\/\/cbf.ca\/fr\/wp-json\/wp\/v2\/comments?post=18229"}],"version-history":[{"count":91,"href":"https:\/\/cbf.ca\/fr\/wp-json\/wp\/v2\/pages\/18229\/revisions"}],"predecessor-version":[{"id":22556,"href":"https:\/\/cbf.ca\/fr\/wp-json\/wp\/v2\/pages\/18229\/revisions\/22556"}],"up":[{"embeddable":true,"href":"https:\/\/cbf.ca\/fr\/wp-json\/wp\/v2\/pages\/3462"}],"wp:attachment":[{"href":"https:\/\/cbf.ca\/fr\/wp-json\/wp\/v2\/media?parent=18229"}],"curies":[{"name":"wp","href":"https:\/\/api.w.org\/{rel}","templated":true}]}}