{"id":17242,"date":"2021-06-24T01:39:31","date_gmt":"2021-06-23T21:39:31","guid":{"rendered":"https:\/\/cbf.ca\/fr\/?page_id=17242"},"modified":"2021-06-24T07:51:19","modified_gmt":"2021-06-24T03:51:19","slug":"procedures-de-plaintes","status":"publish","type":"page","link":"https:\/\/cbf.ca\/fr\/procedures-de-plaintes\/","title":{"rendered":"Proc\u00e9dures de plaintes"},"content":{"rendered":"<p>Les proc\u00e9dures contenues dans ce document d\u00e9crivent le processus \u00e0 suivre pour d\u00e9poser une plainte ou pour signaler un probl\u00e8me \u00e0 la table de bridge ou en dehors.<\/p>\n<p>Nous esp\u00e9rons que ce document vous aidera \u00e0 savoir o\u00f9 adresser vos pr\u00e9occupations et vos plaintes, et \u00e0 identifier \u00e0 qui les soumettre. Nous esp\u00e9rons que ce document sera clair.<\/p>\n<p style=\"padding-left: 30px;\"><a href=\"https:\/\/cbf.ca\/wp-content\/uploads\/2021\/05\/CBF-complaint-procedures-FR.pdf\" class=\"btn bluth red btn- \" target=\"_self\">CLIQUER ICI<\/a> pour voir les\u00a0<strong>Proc\u00e9dures de plaintes.<\/strong><\/p>\n<p>&nbsp;<\/p>\n<p><strong>Pour voir le Code des r\u00e8glements disciplinaires, svp voir le\u00a0<a href=\"https:\/\/cbf.ca\/fr\/conduite-et-ethique\/reglements-disciplinaires\/\" target=\"_blank\">sous-menu de ce nom<\/a><\/strong><strong>\u00a0ou\u00a0<a href=\"https:\/\/cbf.ca\/wp-content\/uploads\/2021\/05\/CBF-Code-of-Disciplinary-Regs-May-28-2021v2FR.pdf\" target=\"_blank\">cliquer ici<\/a>.<\/strong><\/p>\n<p><strong>Pour d\u00e9poser une plainte ou soulever un probl\u00e8me, svp compl\u00e9ter le\u00a0<\/strong><strong><a href=\"https:\/\/cbf.ca\/fr\/plaintes-et-reglements\/formulaire-de-plainte-en-ligne\/\" target=\"_blank\">Formulaire de plainte<\/a>.<\/strong><\/p>\n<p>&nbsp;<\/p>\n","protected":false},"excerpt":{"rendered":"<p>Les proc\u00e9dures contenues dans ce document d\u00e9crivent le processus \u00e0 suivre pour d\u00e9poser une plainte ou pour signaler un probl\u00e8me \u00e0 la table de bridge ou en dehors. Nous esp\u00e9rons que ce document vous aidera \u00e0 savoir o\u00f9 adresser vos pr\u00e9occupations et vos plaintes, et \u00e0 identifier \u00e0 qui les soumettre. Nous esp\u00e9rons que ce<br><a class=\"moretag signature-animation\" href=\"https:\/\/cbf.ca\/fr\/procedures-de-plaintes\/\">CONTINUER LA LECTURE<\/a>","protected":false},"author":1,"featured_media":0,"parent":0,"menu_order":0,"comment_status":"closed","ping_status":"closed","template":"","meta":{"footnotes":""},"yoast_head":"<!-- This site is optimized with the Yoast SEO plugin v22.3 - https:\/\/yoast.com\/wordpress\/plugins\/seo\/ -->\n<title>Proc\u00e9dures de plaintes - Canadian Bridge Federation<\/title>\n<meta name=\"robots\" content=\"index, follow, max-snippet:-1, max-image-preview:large, max-video-preview:-1\" \/>\n<link rel=\"canonical\" href=\"https:\/\/cbf.ca\/fr\/procedures-de-plaintes\/\" \/>\n<meta property=\"og:locale\" content=\"fr_FR\" \/>\n<meta property=\"og:type\" content=\"article\" \/>\n<meta property=\"og:title\" content=\"Proc\u00e9dures de plaintes - Canadian Bridge Federation\" \/>\n<meta property=\"og:description\" content=\"Les proc\u00e9dures contenues dans ce document d\u00e9crivent le processus \u00e0 suivre pour d\u00e9poser une plainte ou pour signaler un probl\u00e8me \u00e0 la table de bridge ou en dehors. Nous esp\u00e9rons que ce document vous aidera \u00e0 savoir o\u00f9 adresser vos pr\u00e9occupations et vos plaintes, et \u00e0 identifier \u00e0 qui les soumettre. Nous esp\u00e9rons que ce\" \/>\n<meta property=\"og:url\" content=\"https:\/\/cbf.ca\/fr\/procedures-de-plaintes\/\" \/>\n<meta property=\"og:site_name\" content=\"Canadian Bridge Federation\" \/>\n<meta property=\"article:publisher\" content=\"https:\/\/www.facebook.com\/Canadian.Bridge.Federation\/\" \/>\n<meta property=\"article:modified_time\" content=\"2021-06-24T03:51:19+00:00\" \/>\n<meta name=\"twitter:label1\" content=\"Dur\u00e9e de lecture estim\u00e9e\" \/>\n\t<meta name=\"twitter:data1\" content=\"1 minute\" \/>\n<script type=\"application\/ld+json\" class=\"yoast-schema-graph\">{\"@context\":\"https:\/\/schema.org\",\"@graph\":[{\"@type\":\"WebPage\",\"@id\":\"https:\/\/cbf.ca\/fr\/procedures-de-plaintes\/\",\"url\":\"https:\/\/cbf.ca\/fr\/procedures-de-plaintes\/\",\"name\":\"Proc\u00e9dures de plaintes - Canadian Bridge Federation\",\"isPartOf\":{\"@id\":\"https:\/\/cbf.ca\/#website\"},\"datePublished\":\"2021-06-23T21:39:31+00:00\",\"dateModified\":\"2021-06-24T03:51:19+00:00\",\"breadcrumb\":{\"@id\":\"https:\/\/cbf.ca\/fr\/procedures-de-plaintes\/#breadcrumb\"},\"inLanguage\":\"fr-FR\",\"potentialAction\":[{\"@type\":\"ReadAction\",\"target\":[\"https:\/\/cbf.ca\/fr\/procedures-de-plaintes\/\"]}]},{\"@type\":\"BreadcrumbList\",\"@id\":\"https:\/\/cbf.ca\/fr\/procedures-de-plaintes\/#breadcrumb\",\"itemListElement\":[{\"@type\":\"ListItem\",\"position\":1,\"name\":\"Home\",\"item\":\"https:\/\/cbf.ca\/\"},{\"@type\":\"ListItem\",\"position\":2,\"name\":\"Proc\u00e9dures de plaintes\"}]},{\"@type\":\"WebSite\",\"@id\":\"https:\/\/cbf.ca\/#website\",\"url\":\"https:\/\/cbf.ca\/\",\"name\":\"Canadian Bridge Federation\",\"description\":\"F\u00e9d\u00e9ration canadienne de bridge\",\"potentialAction\":[{\"@type\":\"SearchAction\",\"target\":{\"@type\":\"EntryPoint\",\"urlTemplate\":\"https:\/\/cbf.ca\/?s={search_term_string}\"},\"query-input\":\"required name=search_term_string\"}],\"inLanguage\":\"fr-FR\"}]}<\/script>\n<!-- \/ Yoast SEO plugin. -->","yoast_head_json":{"title":"Proc\u00e9dures de plaintes - Canadian Bridge Federation","robots":{"index":"index","follow":"follow","max-snippet":"max-snippet:-1","max-image-preview":"max-image-preview:large","max-video-preview":"max-video-preview:-1"},"canonical":"https:\/\/cbf.ca\/fr\/procedures-de-plaintes\/","og_locale":"fr_FR","og_type":"article","og_title":"Proc\u00e9dures de plaintes - Canadian Bridge Federation","og_description":"Les proc\u00e9dures contenues dans ce document d\u00e9crivent le processus \u00e0 suivre pour d\u00e9poser une plainte ou pour signaler un probl\u00e8me \u00e0 la table de bridge ou en dehors. Nous esp\u00e9rons que ce document vous aidera \u00e0 savoir o\u00f9 adresser vos pr\u00e9occupations et vos plaintes, et \u00e0 identifier \u00e0 qui les soumettre. Nous esp\u00e9rons que ce","og_url":"https:\/\/cbf.ca\/fr\/procedures-de-plaintes\/","og_site_name":"Canadian Bridge Federation","article_publisher":"https:\/\/www.facebook.com\/Canadian.Bridge.Federation\/","article_modified_time":"2021-06-24T03:51:19+00:00","twitter_misc":{"Dur\u00e9e de lecture estim\u00e9e":"1 minute"},"schema":{"@context":"https:\/\/schema.org","@graph":[{"@type":"WebPage","@id":"https:\/\/cbf.ca\/fr\/procedures-de-plaintes\/","url":"https:\/\/cbf.ca\/fr\/procedures-de-plaintes\/","name":"Proc\u00e9dures de plaintes - Canadian Bridge Federation","isPartOf":{"@id":"https:\/\/cbf.ca\/#website"},"datePublished":"2021-06-23T21:39:31+00:00","dateModified":"2021-06-24T03:51:19+00:00","breadcrumb":{"@id":"https:\/\/cbf.ca\/fr\/procedures-de-plaintes\/#breadcrumb"},"inLanguage":"fr-FR","potentialAction":[{"@type":"ReadAction","target":["https:\/\/cbf.ca\/fr\/procedures-de-plaintes\/"]}]},{"@type":"BreadcrumbList","@id":"https:\/\/cbf.ca\/fr\/procedures-de-plaintes\/#breadcrumb","itemListElement":[{"@type":"ListItem","position":1,"name":"Home","item":"https:\/\/cbf.ca\/"},{"@type":"ListItem","position":2,"name":"Proc\u00e9dures de plaintes"}]},{"@type":"WebSite","@id":"https:\/\/cbf.ca\/#website","url":"https:\/\/cbf.ca\/","name":"Canadian Bridge Federation","description":"F\u00e9d\u00e9ration canadienne de bridge","potentialAction":[{"@type":"SearchAction","target":{"@type":"EntryPoint","urlTemplate":"https:\/\/cbf.ca\/?s={search_term_string}"},"query-input":"required name=search_term_string"}],"inLanguage":"fr-FR"}]}},"_links":{"self":[{"href":"https:\/\/cbf.ca\/fr\/wp-json\/wp\/v2\/pages\/17242"}],"collection":[{"href":"https:\/\/cbf.ca\/fr\/wp-json\/wp\/v2\/pages"}],"about":[{"href":"https:\/\/cbf.ca\/fr\/wp-json\/wp\/v2\/types\/page"}],"author":[{"embeddable":true,"href":"https:\/\/cbf.ca\/fr\/wp-json\/wp\/v2\/users\/1"}],"replies":[{"embeddable":true,"href":"https:\/\/cbf.ca\/fr\/wp-json\/wp\/v2\/comments?post=17242"}],"version-history":[{"count":7,"href":"https:\/\/cbf.ca\/fr\/wp-json\/wp\/v2\/pages\/17242\/revisions"}],"predecessor-version":[{"id":17271,"href":"https:\/\/cbf.ca\/fr\/wp-json\/wp\/v2\/pages\/17242\/revisions\/17271"}],"wp:attachment":[{"href":"https:\/\/cbf.ca\/fr\/wp-json\/wp\/v2\/media?parent=17242"}],"curies":[{"name":"wp","href":"https:\/\/api.w.org\/{rel}","templated":true}]}}