{"id":16848,"date":"2021-05-22T00:25:04","date_gmt":"2021-05-21T20:25:04","guid":{"rendered":"https:\/\/cbf.ca\/fr\/?page_id=16848"},"modified":"2026-02-06T21:32:57","modified_gmt":"2026-02-06T17:32:57","slug":"rapport-ethique","status":"publish","type":"page","link":"https:\/\/cbf.ca\/fr\/conduite\/reglements-procedures-ethique\/rapport-ethique\/","title":{"rendered":"Rapport d&rsquo;\u00e9thique"},"content":{"rendered":"\n<h2>Rapport d&rsquo;\u00e9thique<\/h2>\n<p><strong>Pour rapporter ou soulever un probl\u00e8me d\u2019\u00e9thique, veuillez transmettre les informations suivantes au r\u00e9gistraire (<span style=\"text-decoration: underline;\"><a style=\"text-decoration: underline;\" href=\"mailto:recorder@cbf.ca\">recorder@cbf.ca<\/a>) <\/span> ou compl\u00e9ter le formulaire ci-dessous<\/strong>.<\/p>\n\n\n\n<ul>\n<li>Nom<\/li>\n\n\n\n<li>T\u00e9l\u00e9phone et courriel<\/li>\n\n\n\n<li>Num\u00e9ro ACBL<\/li>\n\n\n\n<li>Date de l&rsquo;incident<\/li>\n\n\n\n<li>Votre message<\/li>\n<\/ul>\n<noscript class=\"ninja-forms-noscript-message\">\n\tRemarque\u00a0: JavaScript est requis pour ce contenu.<\/noscript>\n<div id=\"nf-form-51-cont\" class=\"nf-form-cont\" aria-live=\"polite\" aria-labelledby=\"nf-form-title-51\" aria-describedby=\"nf-form-errors-51\" role=\"form\">\n\n    <div class=\"nf-loading-spinner\"><\/div>\n\n<\/div>\n        <!-- That data is being printed as a workaround to page builders reordering the order of the scripts loaded-->\n        <script>var formDisplay=1;var nfForms=nfForms||[];var form=[];form.id='51';form.settings={\"objectType\":\"Form Setting\",\"editActive\":true,\"sub_limit_msg\":\"\",\"sub_limit_number\":\"\",\"not_logged_in_msg\":\"\",\"logged_in\":\"0\",\"ajax\":\"1\",\"append_page\":\"16846\",\"status\":\"\",\"show_title\":\"1\",\"hide_complete\":\"0\",\"clear_complete\":\"1\",\"date_updated\":\"2021-05-24 13:51:54\",\"last_sub\":\"10\",\"title\":\"Rapport d&#039;\\u00e9thique\",\"allow_public_link\":0,\"embed_form\":\"\",\"default_label_pos\":\"above\",\"wrapper_class\":\"\",\"element_class\":\"\",\"key\":\"\",\"add_submit\":1,\"changeEmailErrorMsg\":\"Veuillez saisir une adresse de messagerie valide. Ex\\u00a0: jean.dupont@gmail.com\",\"changeDateErrorMsg\":\"Veuillez saisir une date valide\\u00a0!\",\"confirmFieldErrorMsg\":\"Ces champs doivent correspondre\\u00a0!\",\"fieldNumberNumMinError\":\"Erreur de nombre min.\",\"fieldNumberNumMaxError\":\"Erreur de nombre max.\",\"fieldNumberIncrementBy\":\"Veuillez incr\\u00e9menter par \",\"formErrorsCorrectErrors\":\"Veuillez corriger les erreurs avant d\\u2019envoyer ce formulaire.\",\"validateRequiredField\":\"Ce champ est obligatoire.\",\"honeypotHoneypotError\":\"Erreur Honeypot\",\"fieldsMarkedRequired\":\"Fields marked with an * are required\",\"currency\":\"\",\"unique_field_error\":\"A form with this value has already been submitted.\",\"calculations\":[],\"formContentData\":[\"textbox_374\",\"lastname_375\",\"phone_376\",\"email_377\",\"textbox_378\",\"date_384\",\"textarea_380\",\"submit_381\"],\"drawerDisabled\":false,\"form_title_heading_level\":\"3\",\"objectDomain\":\"display\",\"ninjaForms\":\"Ninja Forms\",\"fieldTextareaRTEInsertLink\":\"Ins\\u00e9rer un lien\",\"fieldTextareaRTEInsertMedia\":\"Ins\\u00e9rer un m\\u00e9dia\",\"fieldTextareaRTESelectAFile\":\"S\\u00e9lectionner un fichier\",\"formHoneypot\":\"Si vous \\u00eates un \\u00eatre humain et que vous voyez ce champ, veuillez le laisser vide.\",\"fileUploadOldCodeFileUploadInProgress\":\"T\\u00e9l\\u00e9versement du fichier en cours.\",\"fileUploadOldCodeFileUpload\":\"T\\u00c9L\\u00c9VERSEMENT DE FICHIER\",\"currencySymbol\":\"&#36;\",\"thousands_sep\":\"\\u00a0\",\"decimal_point\":\",\",\"siteLocale\":\"fr_FR\",\"dateFormat\":\"d\\\/m\\\/Y\",\"startOfWeek\":\"1\",\"of\":\"de\",\"previousMonth\":\"Mois pr\\u00e9c\\u00e9dent\",\"nextMonth\":\"Mois suivant\",\"months\":[\"Janvier\",\"F\\u00e9vrier\",\"Mars\",\"Avril\",\"Mai\",\"Juin\",\"Juillet\",\"Ao\\u00fbt\",\"Septembre\",\"Octobre\",\"Novembre\",\"D\\u00e9cembre\"],\"monthsShort\":[\"Jan\",\"F\\u00e9v\",\"Mar\",\"Avr\",\"Mai\",\"Juin\",\"Juil\",\"Ao\\u00fb\",\"Sep\",\"Oct\",\"Nov\",\"D\\u00e9c\"],\"weekdays\":[\"Dimanche\",\"Lundi\",\"Mardi\",\"Mercredi\",\"Jeudi\",\"Vendredi\",\"Samedi\"],\"weekdaysShort\":[\"Dim\",\"Lun\",\"Mar\",\"Mer\",\"Jeu\",\"Ven\",\"Sam\"],\"weekdaysMin\":[\"Di\",\"Lu\",\"Ma\",\"Me\",\"Je\",\"Ve\",\"Sa\"],\"recaptchaConsentMissing\":\"reCaptcha validation couldn&#039;t load.\",\"recaptchaMissingCookie\":\"reCaptcha v3 validation couldn&#039;t load the cookie needed to submit the form.\",\"recaptchaConsentEvent\":\"Accept reCaptcha cookies before sending the form.\",\"currency_symbol\":\"\",\"beforeForm\":\"\",\"beforeFields\":\"\",\"afterFields\":\"\",\"afterForm\":\"\"};form.fields=[{\"objectType\":\"Field\",\"objectDomain\":\"fields\",\"editActive\":false,\"order\":0,\"idAttribute\":\"id\",\"type\":\"textbox\",\"def_id\":6,\"label\":\"Pr\\u00e9nom\",\"label_pos\":\"above\",\"mask\":\"\",\"datepicker\":0,\"first_name\":1,\"last_name\":0,\"from_name\":0,\"user_info_field_group\":1,\"show_help\":0,\"help_text\":\"\",\"calc_auto_include\":0,\"calc_option\":0,\"conditional\":\"\",\"placeholder\":\"\",\"user_address_1\":\"\",\"user_address_2\":\"\",\"user_city\":\"\",\"user_zip\":\"\",\"user_phone\":\"\",\"user_email\":\"\",\"disable_input\":0,\"input_limit\":\"\",\"input_limit_type\":\"char\",\"input_limit_msg\":\"character(s) left\",\"user_state\":0,\"autocomplete_off\":0,\"num_sort\":0,\"admin_label\":\"\",\"user_info_field_group_name\":\"\",\"user_info_field_group_custom\":\"\",\"show_desc\":0,\"desc_pos\":\"none\",\"desc_text\":\"\",\"element_class\":\"regform half\",\"required\":1,\"key\":\"textbox_374\",\"default\":\"\",\"container_class\":\"\",\"manual_key\":false,\"custom_mask\":\"\",\"custom_name_attribute\":\"\",\"personally_identifiable\":\"\",\"value\":\"\",\"id\":374,\"beforeField\":\"\",\"afterField\":\"\",\"parentType\":\"textbox\",\"element_templates\":[\"textbox\",\"input\"],\"old_classname\":\"\",\"wrap_template\":\"wrap\"},{\"objectType\":\"Field\",\"objectDomain\":\"fields\",\"editActive\":false,\"order\":1,\"idAttribute\":\"id\",\"type\":\"lastname\",\"def_id\":7,\"label\":\"Nom de famille\",\"label_pos\":\"above\",\"mask\":\"\",\"datepicker\":0,\"first_name\":0,\"from_name\":0,\"user_info_field_group\":1,\"show_help\":0,\"help_text\":\"\",\"calc_auto_include\":0,\"calc_option\":0,\"conditional\":\"\",\"placeholder\":\"\",\"user_address_1\":\"\",\"user_address_2\":\"\",\"user_city\":\"\",\"user_zip\":\"\",\"user_phone\":\"\",\"user_email\":\"\",\"disable_input\":0,\"input_limit\":\"\",\"input_limit_type\":\"char\",\"input_limit_msg\":\"character(s) left\",\"user_state\":0,\"autocomplete_off\":0,\"num_sort\":0,\"admin_label\":\"\",\"user_info_field_group_name\":\"\",\"user_info_field_group_custom\":\"\",\"show_desc\":0,\"desc_pos\":\"none\",\"desc_text\":\"\",\"element_class\":\"regform half\",\"required\":1,\"key\":\"lastname_375\",\"default\":\"\",\"container_class\":\"\",\"custom_name_attribute\":\"lname\",\"personally_identifiable\":1,\"value\":\"\",\"id\":375,\"beforeField\":\"\",\"afterField\":\"\",\"parentType\":\"lastname\",\"element_templates\":[\"lastname\",\"input\"],\"old_classname\":\"\",\"wrap_template\":\"wrap\"},{\"objectType\":\"Field\",\"objectDomain\":\"fields\",\"editActive\":false,\"order\":2,\"idAttribute\":\"id\",\"type\":\"phone\",\"def_id\":15,\"label\":\"T\\u00e9l\\u00e9phone\",\"label_pos\":\"above\",\"mask\":\"(999) 999-9999\",\"datepicker\":0,\"first_name\":0,\"last_name\":0,\"from_name\":0,\"user_address_1\":0,\"user_address_2\":0,\"user_city\":0,\"user_zip\":0,\"user_email\":0,\"user_info_field_group\":1,\"show_help\":0,\"help_text\":\"\",\"calc_auto_include\":0,\"calc_option\":0,\"conditional\":\"\",\"placeholder\":\"\",\"disable_input\":0,\"input_limit\":\"\",\"input_limit_type\":\"char\",\"input_limit_msg\":\"\",\"user_state\":0,\"autocomplete_off\":0,\"num_sort\":0,\"admin_label\":\"\",\"user_info_field_group_name\":\"\",\"user_info_field_group_custom\":\"\",\"show_desc\":0,\"desc_pos\":\"none\",\"desc_text\":\"\",\"element_class\":\"regform half\",\"required\":0,\"key\":\"phone_376\",\"default\":\"\",\"container_class\":\"\",\"manual_key\":false,\"custom_mask\":\"\",\"custom_name_attribute\":\"phone\",\"personally_identifiable\":1,\"value\":\"\",\"id\":376,\"beforeField\":\"\",\"afterField\":\"\",\"parentType\":\"textbox\",\"element_templates\":[\"tel\",\"textbox\",\"input\"],\"old_classname\":\"\",\"wrap_template\":\"wrap\"},{\"objectType\":\"Field\",\"objectDomain\":\"fields\",\"editActive\":false,\"order\":3,\"idAttribute\":\"id\",\"type\":\"email\",\"def_id\":14,\"label\":\"Courriel\",\"label_pos\":\"above\",\"mask\":\"\",\"datepicker\":0,\"first_name\":0,\"last_name\":0,\"from_name\":0,\"user_address_1\":0,\"user_address_2\":0,\"user_city\":0,\"user_zip\":0,\"user_phone\":0,\"user_info_field_group\":1,\"show_help\":0,\"help_text\":\"\",\"calc_auto_include\":0,\"calc_option\":0,\"conditional\":\"\",\"placeholder\":\"\",\"disable_input\":0,\"input_limit\":\"\",\"input_limit_type\":\"char\",\"input_limit_msg\":\"\",\"user_state\":0,\"autocomplete_off\":0,\"num_sort\":0,\"admin_label\":\"\",\"user_info_field_group_name\":\"\",\"user_info_field_group_custom\":\"\",\"show_desc\":0,\"desc_pos\":\"none\",\"desc_text\":\"\",\"element_class\":\"regform half\",\"required\":1,\"key\":\"email_377\",\"default\":\"\",\"container_class\":\"\",\"custom_name_attribute\":\"email\",\"personally_identifiable\":1,\"value\":\"\",\"drawerDisabled\":false,\"id\":377,\"beforeField\":\"\",\"afterField\":\"\",\"parentType\":\"email\",\"element_templates\":[\"email\",\"input\"],\"old_classname\":\"\",\"wrap_template\":\"wrap\"},{\"objectType\":\"Field\",\"objectDomain\":\"fields\",\"editActive\":false,\"order\":4,\"idAttribute\":\"id\",\"type\":\"textbox\",\"label\":\"Num\\u00e9ro ACBL\",\"input_limit_msg\":\"character(s) left\",\"label_pos\":\"above\",\"placeholder\":\"\",\"first_name\":\"\",\"last_name\":\"\",\"user_address_1\":\"\",\"user_address_2\":\"\",\"user_city\":\"\",\"user_zip\":\"\",\"user_phone\":\"\",\"user_email\":\"\",\"user_info_field_group\":1,\"disable_input\":0,\"mask\":\"\",\"input_limit\":\"\",\"input_limit_type\":\"char\",\"calc_auto_include\":0,\"datepicker\":0,\"user_state\":0,\"autocomplete_off\":0,\"num_sort\":0,\"admin_label\":\"\",\"user_info_field_group_name\":\"\",\"user_info_field_group_custom\":\"\",\"show_help\":0,\"help_text\":\"\",\"show_desc\":0,\"desc_pos\":\"none\",\"desc_text\":\"\",\"element_class\":\"regform half\",\"required\":0,\"key\":\"textbox_378\",\"default\":\"\",\"container_class\":\"\",\"manual_key\":false,\"custom_mask\":\"\",\"custom_name_attribute\":\"\",\"personally_identifiable\":\"\",\"value\":\"\",\"id\":378,\"beforeField\":\"\",\"afterField\":\"\",\"parentType\":\"textbox\",\"element_templates\":[\"textbox\",\"input\"],\"old_classname\":\"\",\"wrap_template\":\"wrap\"},{\"objectType\":\"Field\",\"objectDomain\":\"fields\",\"editActive\":false,\"order\":5,\"idAttribute\":\"id\",\"type\":\"date\",\"fav_id\":103,\"label\":\"Date de l'incident\",\"label_pos\":\"above\",\"mask\":\"\",\"first_name\":\"\",\"last_name\":\"\",\"user_address_1\":\"\",\"user_address_2\":\"\",\"user_city\":\"\",\"user_zip\":\"\",\"user_phone\":\"\",\"user_email\":\"\",\"user_info_field_group\":1,\"user_state\":0,\"user_info_field_group_name\":\"\",\"user_info_field_group_custom\":\"\",\"input_limit\":\"\",\"input_limit_type\":\"char\",\"input_limit_msg\":\"character(s) left\",\"show_help\":0,\"help_text\":\"\",\"show_desc\":0,\"desc_pos\":\"none\",\"desc_text\":\"\",\"calc_auto_include\":0,\"admin_label\":\"\",\"num_sort\":0,\"placeholder\":\"\",\"disable_input\":0,\"autocomplete_off\":0,\"element_class\":\"regform half\",\"required\":0,\"key\":\"date_384\",\"container_class\":\"\",\"manual_key\":false,\"date_mode\":\"date_only\",\"date_format\":\"default\",\"year_range_start\":\"\",\"year_range_end\":\"\",\"hours_24\":0,\"minute_increment\":5,\"id\":384,\"beforeField\":\"\",\"afterField\":\"\",\"value\":\"\",\"parentType\":\"date\",\"element_templates\":[\"date\",\"textbox\",\"input\"],\"old_classname\":\"\",\"wrap_template\":\"wrap\"},{\"objectType\":\"Field\",\"objectDomain\":\"fields\",\"editActive\":false,\"order\":6,\"idAttribute\":\"id\",\"type\":\"textarea\",\"fav_id\":94,\"label\":\"Votre message\",\"label_pos\":\"hidden\",\"default_value\":\"\",\"textarea_rte\":0,\"textarea_media\":0,\"disable_rte_mobile\":0,\"input_limit\":\"\",\"input_limit_type\":\"char\",\"input_limit_msg\":\"character(s) left\",\"show_help\":0,\"help_text\":\"\",\"show_desc\":0,\"desc_pos\":\"none\",\"desc_text\":\"\",\"calc_auto_include\":0,\"admin_label\":\"Message\",\"num_sort\":0,\"element_class\":\"footerinput full\",\"required\":1,\"default\":\"\",\"placeholder\":\"Votre message\",\"key\":\"textarea_380\",\"container_class\":\"\",\"manual_key\":false,\"value\":\"\",\"id\":380,\"beforeField\":\"\",\"afterField\":\"\",\"parentType\":\"textarea\",\"element_templates\":[\"textarea\",\"input\"],\"old_classname\":\"\",\"wrap_template\":\"wrap\"},{\"objectType\":\"Field\",\"objectDomain\":\"fields\",\"editActive\":false,\"order\":7,\"idAttribute\":\"id\",\"type\":\"submit\",\"fav_id\":96,\"label\":\"Envoyer le formulaire\",\"show_help\":0,\"help_text\":\"\",\"show_desc\":0,\"desc_pos\":\"none\",\"desc_text\":\"\",\"processing_label\":\"Processing\",\"element_class\":\"btn bluth red\",\"key\":\"submit_381\",\"container_class\":\"\",\"admin_label\":\"\",\"id\":381,\"beforeField\":\"\",\"afterField\":\"\",\"value\":\"\",\"label_pos\":\"above\",\"parentType\":\"textbox\",\"element_templates\":[\"submit\",\"button\",\"input\"],\"old_classname\":\"\",\"wrap_template\":\"wrap-no-label\"}];nfForms.push(form);<\/script>\n        ","protected":false},"excerpt":{"rendered":"<p>Rapport d&rsquo;\u00e9thique Pour rapporter ou soulever un probl\u00e8me d\u2019\u00e9thique, veuillez transmettre les informations suivantes au r\u00e9gistraire (recorder@cbf.ca) ou compl\u00e9ter le formulaire ci-dessous. Remarque\u00a0: JavaScript est requis pour ce contenu.<br><a class=\"moretag signature-animation\" href=\"https:\/\/cbf.ca\/fr\/conduite\/reglements-procedures-ethique\/rapport-ethique\/\">CONTINUER LA LECTURE<\/a>","protected":false},"author":1,"featured_media":0,"parent":15064,"menu_order":0,"comment_status":"closed","ping_status":"closed","template":"","meta":{"footnotes":""},"yoast_head":"<!-- This site is optimized with the Yoast SEO plugin v22.3 - https:\/\/yoast.com\/wordpress\/plugins\/seo\/ -->\n<title>Rapport d&#039;\u00e9thique - Canadian Bridge Federation<\/title>\n<meta name=\"robots\" content=\"index, follow, max-snippet:-1, max-image-preview:large, max-video-preview:-1\" \/>\n<link rel=\"canonical\" href=\"https:\/\/cbf.ca\/fr\/conduite\/reglements-procedures-ethique\/rapport-ethique\/\" \/>\n<meta property=\"og:locale\" content=\"fr_FR\" \/>\n<meta property=\"og:type\" content=\"article\" \/>\n<meta property=\"og:title\" content=\"Rapport d&#039;\u00e9thique - Canadian Bridge Federation\" \/>\n<meta property=\"og:description\" content=\"Rapport d&rsquo;\u00e9thique Pour rapporter ou soulever un probl\u00e8me d\u2019\u00e9thique, veuillez transmettre les informations suivantes au r\u00e9gistraire (recorder@cbf.ca) ou compl\u00e9ter le formulaire ci-dessous. Remarque\u00a0: JavaScript est requis pour ce contenu.\" \/>\n<meta property=\"og:url\" content=\"https:\/\/cbf.ca\/fr\/conduite\/reglements-procedures-ethique\/rapport-ethique\/\" \/>\n<meta property=\"og:site_name\" content=\"Canadian Bridge Federation\" \/>\n<meta property=\"article:publisher\" content=\"https:\/\/www.facebook.com\/Canadian.Bridge.Federation\/\" \/>\n<meta property=\"article:modified_time\" content=\"2026-02-06T17:32:57+00:00\" \/>\n<meta name=\"twitter:label1\" content=\"Dur\u00e9e de lecture estim\u00e9e\" \/>\n\t<meta name=\"twitter:data1\" content=\"1 minute\" \/>\n<script type=\"application\/ld+json\" class=\"yoast-schema-graph\">{\"@context\":\"https:\/\/schema.org\",\"@graph\":[{\"@type\":\"WebPage\",\"@id\":\"https:\/\/cbf.ca\/fr\/conduite\/reglements-procedures-ethique\/rapport-ethique\/\",\"url\":\"https:\/\/cbf.ca\/fr\/conduite\/reglements-procedures-ethique\/rapport-ethique\/\",\"name\":\"Rapport d'\u00e9thique - Canadian Bridge Federation\",\"isPartOf\":{\"@id\":\"https:\/\/cbf.ca\/#website\"},\"datePublished\":\"2021-05-21T20:25:04+00:00\",\"dateModified\":\"2026-02-06T17:32:57+00:00\",\"breadcrumb\":{\"@id\":\"https:\/\/cbf.ca\/fr\/conduite\/reglements-procedures-ethique\/rapport-ethique\/#breadcrumb\"},\"inLanguage\":\"fr-FR\",\"potentialAction\":[{\"@type\":\"ReadAction\",\"target\":[\"https:\/\/cbf.ca\/fr\/conduite\/reglements-procedures-ethique\/rapport-ethique\/\"]}]},{\"@type\":\"BreadcrumbList\",\"@id\":\"https:\/\/cbf.ca\/fr\/conduite\/reglements-procedures-ethique\/rapport-ethique\/#breadcrumb\",\"itemListElement\":[{\"@type\":\"ListItem\",\"position\":1,\"name\":\"Home\",\"item\":\"https:\/\/cbf.ca\/\"},{\"@type\":\"ListItem\",\"position\":2,\"name\":\"Conduite\",\"item\":\"https:\/\/cbf.ca\/fr\/conduite\/\"},{\"@type\":\"ListItem\",\"position\":3,\"name\":\"R\u00e8glements et proc\u00e9dures en mati\u00e8re d&#8217;\u00e9thique\",\"item\":\"https:\/\/cbf.ca\/fr\/conduite\/reglements-procedures-ethique\/\"},{\"@type\":\"ListItem\",\"position\":4,\"name\":\"Rapport d&#8217;\u00e9thique\"}]},{\"@type\":\"WebSite\",\"@id\":\"https:\/\/cbf.ca\/#website\",\"url\":\"https:\/\/cbf.ca\/\",\"name\":\"Canadian Bridge Federation\",\"description\":\"F\u00e9d\u00e9ration canadienne de bridge\",\"potentialAction\":[{\"@type\":\"SearchAction\",\"target\":{\"@type\":\"EntryPoint\",\"urlTemplate\":\"https:\/\/cbf.ca\/?s={search_term_string}\"},\"query-input\":\"required name=search_term_string\"}],\"inLanguage\":\"fr-FR\"}]}<\/script>\n<!-- \/ Yoast SEO plugin. -->","yoast_head_json":{"title":"Rapport d'\u00e9thique - Canadian Bridge Federation","robots":{"index":"index","follow":"follow","max-snippet":"max-snippet:-1","max-image-preview":"max-image-preview:large","max-video-preview":"max-video-preview:-1"},"canonical":"https:\/\/cbf.ca\/fr\/conduite\/reglements-procedures-ethique\/rapport-ethique\/","og_locale":"fr_FR","og_type":"article","og_title":"Rapport d'\u00e9thique - Canadian Bridge Federation","og_description":"Rapport d&rsquo;\u00e9thique Pour rapporter ou soulever un probl\u00e8me d\u2019\u00e9thique, veuillez transmettre les informations suivantes au r\u00e9gistraire (recorder@cbf.ca) ou compl\u00e9ter le formulaire ci-dessous. Remarque\u00a0: JavaScript est requis pour ce contenu.","og_url":"https:\/\/cbf.ca\/fr\/conduite\/reglements-procedures-ethique\/rapport-ethique\/","og_site_name":"Canadian Bridge Federation","article_publisher":"https:\/\/www.facebook.com\/Canadian.Bridge.Federation\/","article_modified_time":"2026-02-06T17:32:57+00:00","twitter_misc":{"Dur\u00e9e de lecture estim\u00e9e":"1 minute"},"schema":{"@context":"https:\/\/schema.org","@graph":[{"@type":"WebPage","@id":"https:\/\/cbf.ca\/fr\/conduite\/reglements-procedures-ethique\/rapport-ethique\/","url":"https:\/\/cbf.ca\/fr\/conduite\/reglements-procedures-ethique\/rapport-ethique\/","name":"Rapport d'\u00e9thique - Canadian Bridge Federation","isPartOf":{"@id":"https:\/\/cbf.ca\/#website"},"datePublished":"2021-05-21T20:25:04+00:00","dateModified":"2026-02-06T17:32:57+00:00","breadcrumb":{"@id":"https:\/\/cbf.ca\/fr\/conduite\/reglements-procedures-ethique\/rapport-ethique\/#breadcrumb"},"inLanguage":"fr-FR","potentialAction":[{"@type":"ReadAction","target":["https:\/\/cbf.ca\/fr\/conduite\/reglements-procedures-ethique\/rapport-ethique\/"]}]},{"@type":"BreadcrumbList","@id":"https:\/\/cbf.ca\/fr\/conduite\/reglements-procedures-ethique\/rapport-ethique\/#breadcrumb","itemListElement":[{"@type":"ListItem","position":1,"name":"Home","item":"https:\/\/cbf.ca\/"},{"@type":"ListItem","position":2,"name":"Conduite","item":"https:\/\/cbf.ca\/fr\/conduite\/"},{"@type":"ListItem","position":3,"name":"R\u00e8glements et proc\u00e9dures en mati\u00e8re d&#8217;\u00e9thique","item":"https:\/\/cbf.ca\/fr\/conduite\/reglements-procedures-ethique\/"},{"@type":"ListItem","position":4,"name":"Rapport d&#8217;\u00e9thique"}]},{"@type":"WebSite","@id":"https:\/\/cbf.ca\/#website","url":"https:\/\/cbf.ca\/","name":"Canadian Bridge Federation","description":"F\u00e9d\u00e9ration canadienne de bridge","potentialAction":[{"@type":"SearchAction","target":{"@type":"EntryPoint","urlTemplate":"https:\/\/cbf.ca\/?s={search_term_string}"},"query-input":"required name=search_term_string"}],"inLanguage":"fr-FR"}]}},"_links":{"self":[{"href":"https:\/\/cbf.ca\/fr\/wp-json\/wp\/v2\/pages\/16848"}],"collection":[{"href":"https:\/\/cbf.ca\/fr\/wp-json\/wp\/v2\/pages"}],"about":[{"href":"https:\/\/cbf.ca\/fr\/wp-json\/wp\/v2\/types\/page"}],"author":[{"embeddable":true,"href":"https:\/\/cbf.ca\/fr\/wp-json\/wp\/v2\/users\/1"}],"replies":[{"embeddable":true,"href":"https:\/\/cbf.ca\/fr\/wp-json\/wp\/v2\/comments?post=16848"}],"version-history":[{"count":40,"href":"https:\/\/cbf.ca\/fr\/wp-json\/wp\/v2\/pages\/16848\/revisions"}],"predecessor-version":[{"id":37435,"href":"https:\/\/cbf.ca\/fr\/wp-json\/wp\/v2\/pages\/16848\/revisions\/37435"}],"up":[{"embeddable":true,"href":"https:\/\/cbf.ca\/fr\/wp-json\/wp\/v2\/pages\/15064"}],"wp:attachment":[{"href":"https:\/\/cbf.ca\/fr\/wp-json\/wp\/v2\/media?parent=16848"}],"curies":[{"name":"wp","href":"https:\/\/api.w.org\/{rel}","templated":true}]}}