{"id":16846,"date":"2021-05-22T01:52:00","date_gmt":"2021-05-21T21:52:00","guid":{"rendered":"https:\/\/cbf.ca\/fr\/?page_id=16846"},"modified":"2021-06-24T06:37:34","modified_gmt":"2021-06-24T02:37:34","slug":"formulaire-de-plainte","status":"publish","type":"page","link":"https:\/\/cbf.ca\/fr\/conduite\/reglements-procedures-ethique\/formulaire-de-plainte\/","title":{"rendered":"Formulaire de plainte"},"content":{"rendered":"","protected":false},"excerpt":{"rendered":null,"protected":false},"author":1,"featured_media":0,"parent":15064,"menu_order":0,"comment_status":"closed","ping_status":"closed","template":"","meta":{"footnotes":""},"yoast_head":"<!-- This site is optimized with the Yoast SEO plugin v22.3 - https:\/\/yoast.com\/wordpress\/plugins\/seo\/ -->\n<title>Formulaire de plainte - Canadian Bridge Federation<\/title>\n<meta name=\"robots\" content=\"index, follow, max-snippet:-1, max-image-preview:large, max-video-preview:-1\" \/>\n<link rel=\"canonical\" href=\"https:\/\/cbf.ca\/fr\/conduite\/reglements-procedures-ethique\/formulaire-de-plainte\/\" \/>\n<meta property=\"og:locale\" content=\"fr_FR\" \/>\n<meta property=\"og:type\" content=\"article\" \/>\n<meta property=\"og:title\" content=\"Formulaire de plainte - Canadian Bridge Federation\" \/>\n<meta property=\"og:url\" content=\"https:\/\/cbf.ca\/fr\/conduite\/reglements-procedures-ethique\/formulaire-de-plainte\/\" \/>\n<meta property=\"og:site_name\" content=\"Canadian Bridge Federation\" \/>\n<meta property=\"article:publisher\" content=\"https:\/\/www.facebook.com\/Canadian.Bridge.Federation\/\" \/>\n<meta property=\"article:modified_time\" content=\"2021-06-24T02:37:34+00:00\" \/>\n<script type=\"application\/ld+json\" class=\"yoast-schema-graph\">{\"@context\":\"https:\/\/schema.org\",\"@graph\":[{\"@type\":\"WebPage\",\"@id\":\"https:\/\/cbf.ca\/fr\/conduite\/reglements-procedures-ethique\/formulaire-de-plainte\/\",\"url\":\"https:\/\/cbf.ca\/fr\/conduite\/reglements-procedures-ethique\/formulaire-de-plainte\/\",\"name\":\"Formulaire de plainte - Canadian Bridge Federation\",\"isPartOf\":{\"@id\":\"https:\/\/cbf.ca\/#website\"},\"datePublished\":\"2021-05-21T21:52:00+00:00\",\"dateModified\":\"2021-06-24T02:37:34+00:00\",\"breadcrumb\":{\"@id\":\"https:\/\/cbf.ca\/fr\/conduite\/reglements-procedures-ethique\/formulaire-de-plainte\/#breadcrumb\"},\"inLanguage\":\"fr-FR\",\"potentialAction\":[{\"@type\":\"ReadAction\",\"target\":[\"https:\/\/cbf.ca\/fr\/conduite\/reglements-procedures-ethique\/formulaire-de-plainte\/\"]}]},{\"@type\":\"BreadcrumbList\",\"@id\":\"https:\/\/cbf.ca\/fr\/conduite\/reglements-procedures-ethique\/formulaire-de-plainte\/#breadcrumb\",\"itemListElement\":[{\"@type\":\"ListItem\",\"position\":1,\"name\":\"Home\",\"item\":\"https:\/\/cbf.ca\/\"},{\"@type\":\"ListItem\",\"position\":2,\"name\":\"Conduite\",\"item\":\"https:\/\/cbf.ca\/fr\/conduite\/\"},{\"@type\":\"ListItem\",\"position\":3,\"name\":\"R\u00e8glements et proc\u00e9dures en mati\u00e8re d&#8217;\u00e9thique\",\"item\":\"https:\/\/cbf.ca\/fr\/conduite\/reglements-procedures-ethique\/\"},{\"@type\":\"ListItem\",\"position\":4,\"name\":\"Formulaire de plainte\"}]},{\"@type\":\"WebSite\",\"@id\":\"https:\/\/cbf.ca\/#website\",\"url\":\"https:\/\/cbf.ca\/\",\"name\":\"Canadian Bridge Federation\",\"description\":\"F\u00e9d\u00e9ration canadienne de bridge\",\"potentialAction\":[{\"@type\":\"SearchAction\",\"target\":{\"@type\":\"EntryPoint\",\"urlTemplate\":\"https:\/\/cbf.ca\/?s={search_term_string}\"},\"query-input\":\"required name=search_term_string\"}],\"inLanguage\":\"fr-FR\"}]}<\/script>\n<!-- \/ Yoast SEO plugin. -->","yoast_head_json":{"title":"Formulaire de plainte - Canadian Bridge Federation","robots":{"index":"index","follow":"follow","max-snippet":"max-snippet:-1","max-image-preview":"max-image-preview:large","max-video-preview":"max-video-preview:-1"},"canonical":"https:\/\/cbf.ca\/fr\/conduite\/reglements-procedures-ethique\/formulaire-de-plainte\/","og_locale":"fr_FR","og_type":"article","og_title":"Formulaire de plainte - Canadian Bridge Federation","og_url":"https:\/\/cbf.ca\/fr\/conduite\/reglements-procedures-ethique\/formulaire-de-plainte\/","og_site_name":"Canadian Bridge Federation","article_publisher":"https:\/\/www.facebook.com\/Canadian.Bridge.Federation\/","article_modified_time":"2021-06-24T02:37:34+00:00","schema":{"@context":"https:\/\/schema.org","@graph":[{"@type":"WebPage","@id":"https:\/\/cbf.ca\/fr\/conduite\/reglements-procedures-ethique\/formulaire-de-plainte\/","url":"https:\/\/cbf.ca\/fr\/conduite\/reglements-procedures-ethique\/formulaire-de-plainte\/","name":"Formulaire de plainte - Canadian Bridge Federation","isPartOf":{"@id":"https:\/\/cbf.ca\/#website"},"datePublished":"2021-05-21T21:52:00+00:00","dateModified":"2021-06-24T02:37:34+00:00","breadcrumb":{"@id":"https:\/\/cbf.ca\/fr\/conduite\/reglements-procedures-ethique\/formulaire-de-plainte\/#breadcrumb"},"inLanguage":"fr-FR","potentialAction":[{"@type":"ReadAction","target":["https:\/\/cbf.ca\/fr\/conduite\/reglements-procedures-ethique\/formulaire-de-plainte\/"]}]},{"@type":"BreadcrumbList","@id":"https:\/\/cbf.ca\/fr\/conduite\/reglements-procedures-ethique\/formulaire-de-plainte\/#breadcrumb","itemListElement":[{"@type":"ListItem","position":1,"name":"Home","item":"https:\/\/cbf.ca\/"},{"@type":"ListItem","position":2,"name":"Conduite","item":"https:\/\/cbf.ca\/fr\/conduite\/"},{"@type":"ListItem","position":3,"name":"R\u00e8glements et proc\u00e9dures en mati\u00e8re d&#8217;\u00e9thique","item":"https:\/\/cbf.ca\/fr\/conduite\/reglements-procedures-ethique\/"},{"@type":"ListItem","position":4,"name":"Formulaire de plainte"}]},{"@type":"WebSite","@id":"https:\/\/cbf.ca\/#website","url":"https:\/\/cbf.ca\/","name":"Canadian Bridge Federation","description":"F\u00e9d\u00e9ration canadienne de bridge","potentialAction":[{"@type":"SearchAction","target":{"@type":"EntryPoint","urlTemplate":"https:\/\/cbf.ca\/?s={search_term_string}"},"query-input":"required name=search_term_string"}],"inLanguage":"fr-FR"}]}},"_links":{"self":[{"href":"https:\/\/cbf.ca\/fr\/wp-json\/wp\/v2\/pages\/16846"}],"collection":[{"href":"https:\/\/cbf.ca\/fr\/wp-json\/wp\/v2\/pages"}],"about":[{"href":"https:\/\/cbf.ca\/fr\/wp-json\/wp\/v2\/types\/page"}],"author":[{"embeddable":true,"href":"https:\/\/cbf.ca\/fr\/wp-json\/wp\/v2\/users\/1"}],"replies":[{"embeddable":true,"href":"https:\/\/cbf.ca\/fr\/wp-json\/wp\/v2\/comments?post=16846"}],"version-history":[{"count":3,"href":"https:\/\/cbf.ca\/fr\/wp-json\/wp\/v2\/pages\/16846\/revisions"}],"predecessor-version":[{"id":17247,"href":"https:\/\/cbf.ca\/fr\/wp-json\/wp\/v2\/pages\/16846\/revisions\/17247"}],"up":[{"embeddable":true,"href":"https:\/\/cbf.ca\/fr\/wp-json\/wp\/v2\/pages\/15064"}],"wp:attachment":[{"href":"https:\/\/cbf.ca\/fr\/wp-json\/wp\/v2\/media?parent=16846"}],"curies":[{"name":"wp","href":"https:\/\/api.w.org\/{rel}","templated":true}]}}