{"id":16361,"date":"2021-02-23T16:16:13","date_gmt":"2021-02-23T12:16:13","guid":{"rendered":"https:\/\/cbf.ca\/fr\/?page_id=16361"},"modified":"2025-07-20T07:43:31","modified_gmt":"2025-07-20T03:43:31","slug":"reglement-jeu-lent-en-ligne","status":"publish","type":"page","link":"https:\/\/cbf.ca\/fr\/politiques-de-la-fcb\/reglement-jeu-lent-en-ligne\/","title":{"rendered":"R\u00e8glements sur le jeu lent en ligne"},"content":{"rendered":"<h3><strong>R\u00e8glements sur le jeu lent en ligne<\/strong><\/h3>\n<ul data-setdir=\"false\">\n<li>Nous nous attendons \u00e0 ce que les matchs de 20 donnes soient compl\u00e9t\u00e9s \u00e0 l&rsquo;int\u00e9rieur de 170 minutes. Ce chiffre est bas\u00e9 sur 8 minutes par donne plus 10 minutes pour la discussion des cartes de convention, les pauses d&rsquo;hospitalit\u00e9, etc. Les \u00e9quipes peuvent avoir un deuxi\u00e8me match qui commence 3 heures apr\u00e8s le premier, les matchs doivent donc \u00eatre termin\u00e9s en temps voulu.<\/li>\n<li>Pour les maths de 16 donnes lors des \u00e9liminatoires, le temps limite est de 140 minutes.<\/li>\n<li>Si la derni\u00e8re donne n&rsquo;est pas commenc\u00e9e avant 170 minutes apr\u00e8s l&rsquo;heure de d\u00e9but du match (ou 140 minutes), cela doit \u00eatre signal\u00e9 au coordinateur. La comit\u00e9 du tournoi examinera le match et des p\u00e9nalit\u00e9s pourraient \u00eatre appliqu\u00e9es.<\/li>\n<\/ul>\n\n\n\n","protected":false},"excerpt":{"rendered":"<p>R\u00e8glements sur le jeu lent en ligne Nous nous attendons \u00e0 ce que les matchs de 20 donnes soient compl\u00e9t\u00e9s \u00e0 l&rsquo;int\u00e9rieur de 170 minutes. Ce chiffre est bas\u00e9 sur 8 minutes par donne plus 10 minutes pour la discussion des cartes de convention, les pauses d&rsquo;hospitalit\u00e9, etc. Les \u00e9quipes peuvent avoir un deuxi\u00e8me match<br><a class=\"moretag signature-animation\" href=\"https:\/\/cbf.ca\/fr\/politiques-de-la-fcb\/reglement-jeu-lent-en-ligne\/\">CONTINUER LA LECTURE<\/a>","protected":false},"author":1,"featured_media":0,"parent":3408,"menu_order":0,"comment_status":"closed","ping_status":"closed","template":"","meta":{"footnotes":""},"yoast_head":"<!-- This site is optimized with the Yoast SEO plugin v22.3 - https:\/\/yoast.com\/wordpress\/plugins\/seo\/ -->\n<title>R\u00e8glements sur le jeu lent en ligne - Canadian Bridge Federation<\/title>\n<meta name=\"robots\" content=\"index, follow, max-snippet:-1, max-image-preview:large, max-video-preview:-1\" \/>\n<link rel=\"canonical\" href=\"https:\/\/cbf.ca\/fr\/politiques-de-la-fcb\/reglement-jeu-lent-en-ligne\/\" \/>\n<meta property=\"og:locale\" content=\"fr_FR\" \/>\n<meta property=\"og:type\" content=\"article\" \/>\n<meta property=\"og:title\" content=\"R\u00e8glements sur le jeu lent en ligne - Canadian Bridge Federation\" \/>\n<meta property=\"og:description\" content=\"R\u00e8glements sur le jeu lent en ligne Nous nous attendons \u00e0 ce que les matchs de 20 donnes soient compl\u00e9t\u00e9s \u00e0 l&rsquo;int\u00e9rieur de 170 minutes. Ce chiffre est bas\u00e9 sur 8 minutes par donne plus 10 minutes pour la discussion des cartes de convention, les pauses d&rsquo;hospitalit\u00e9, etc. Les \u00e9quipes peuvent avoir un deuxi\u00e8me match\" \/>\n<meta property=\"og:url\" content=\"https:\/\/cbf.ca\/fr\/politiques-de-la-fcb\/reglement-jeu-lent-en-ligne\/\" \/>\n<meta property=\"og:site_name\" content=\"Canadian Bridge Federation\" \/>\n<meta property=\"article:publisher\" content=\"https:\/\/www.facebook.com\/Canadian.Bridge.Federation\/\" \/>\n<meta property=\"article:modified_time\" content=\"2025-07-20T03:43:31+00:00\" \/>\n<meta name=\"twitter:label1\" content=\"Dur\u00e9e de lecture estim\u00e9e\" \/>\n\t<meta name=\"twitter:data1\" content=\"1 minute\" \/>\n<script type=\"application\/ld+json\" class=\"yoast-schema-graph\">{\"@context\":\"https:\/\/schema.org\",\"@graph\":[{\"@type\":\"WebPage\",\"@id\":\"https:\/\/cbf.ca\/fr\/politiques-de-la-fcb\/reglement-jeu-lent-en-ligne\/\",\"url\":\"https:\/\/cbf.ca\/fr\/politiques-de-la-fcb\/reglement-jeu-lent-en-ligne\/\",\"name\":\"R\u00e8glements sur le jeu lent en ligne - Canadian Bridge Federation\",\"isPartOf\":{\"@id\":\"https:\/\/cbf.ca\/#website\"},\"datePublished\":\"2021-02-23T12:16:13+00:00\",\"dateModified\":\"2025-07-20T03:43:31+00:00\",\"breadcrumb\":{\"@id\":\"https:\/\/cbf.ca\/fr\/politiques-de-la-fcb\/reglement-jeu-lent-en-ligne\/#breadcrumb\"},\"inLanguage\":\"fr-FR\",\"potentialAction\":[{\"@type\":\"ReadAction\",\"target\":[\"https:\/\/cbf.ca\/fr\/politiques-de-la-fcb\/reglement-jeu-lent-en-ligne\/\"]}]},{\"@type\":\"BreadcrumbList\",\"@id\":\"https:\/\/cbf.ca\/fr\/politiques-de-la-fcb\/reglement-jeu-lent-en-ligne\/#breadcrumb\",\"itemListElement\":[{\"@type\":\"ListItem\",\"position\":1,\"name\":\"Home\",\"item\":\"https:\/\/cbf.ca\/\"},{\"@type\":\"ListItem\",\"position\":2,\"name\":\"Politiques de la FCB\",\"item\":\"https:\/\/cbf.ca\/fr\/politiques-de-la-fcb\/\"},{\"@type\":\"ListItem\",\"position\":3,\"name\":\"R\u00e8glements sur le jeu lent en ligne\"}]},{\"@type\":\"WebSite\",\"@id\":\"https:\/\/cbf.ca\/#website\",\"url\":\"https:\/\/cbf.ca\/\",\"name\":\"Canadian Bridge Federation\",\"description\":\"F\u00e9d\u00e9ration canadienne de bridge\",\"potentialAction\":[{\"@type\":\"SearchAction\",\"target\":{\"@type\":\"EntryPoint\",\"urlTemplate\":\"https:\/\/cbf.ca\/?s={search_term_string}\"},\"query-input\":\"required name=search_term_string\"}],\"inLanguage\":\"fr-FR\"}]}<\/script>\n<!-- \/ Yoast SEO plugin. -->","yoast_head_json":{"title":"R\u00e8glements sur le jeu lent en ligne - Canadian Bridge Federation","robots":{"index":"index","follow":"follow","max-snippet":"max-snippet:-1","max-image-preview":"max-image-preview:large","max-video-preview":"max-video-preview:-1"},"canonical":"https:\/\/cbf.ca\/fr\/politiques-de-la-fcb\/reglement-jeu-lent-en-ligne\/","og_locale":"fr_FR","og_type":"article","og_title":"R\u00e8glements sur le jeu lent en ligne - Canadian Bridge Federation","og_description":"R\u00e8glements sur le jeu lent en ligne Nous nous attendons \u00e0 ce que les matchs de 20 donnes soient compl\u00e9t\u00e9s \u00e0 l&rsquo;int\u00e9rieur de 170 minutes. Ce chiffre est bas\u00e9 sur 8 minutes par donne plus 10 minutes pour la discussion des cartes de convention, les pauses d&rsquo;hospitalit\u00e9, etc. Les \u00e9quipes peuvent avoir un deuxi\u00e8me match","og_url":"https:\/\/cbf.ca\/fr\/politiques-de-la-fcb\/reglement-jeu-lent-en-ligne\/","og_site_name":"Canadian Bridge Federation","article_publisher":"https:\/\/www.facebook.com\/Canadian.Bridge.Federation\/","article_modified_time":"2025-07-20T03:43:31+00:00","twitter_misc":{"Dur\u00e9e de lecture estim\u00e9e":"1 minute"},"schema":{"@context":"https:\/\/schema.org","@graph":[{"@type":"WebPage","@id":"https:\/\/cbf.ca\/fr\/politiques-de-la-fcb\/reglement-jeu-lent-en-ligne\/","url":"https:\/\/cbf.ca\/fr\/politiques-de-la-fcb\/reglement-jeu-lent-en-ligne\/","name":"R\u00e8glements sur le jeu lent en ligne - Canadian Bridge Federation","isPartOf":{"@id":"https:\/\/cbf.ca\/#website"},"datePublished":"2021-02-23T12:16:13+00:00","dateModified":"2025-07-20T03:43:31+00:00","breadcrumb":{"@id":"https:\/\/cbf.ca\/fr\/politiques-de-la-fcb\/reglement-jeu-lent-en-ligne\/#breadcrumb"},"inLanguage":"fr-FR","potentialAction":[{"@type":"ReadAction","target":["https:\/\/cbf.ca\/fr\/politiques-de-la-fcb\/reglement-jeu-lent-en-ligne\/"]}]},{"@type":"BreadcrumbList","@id":"https:\/\/cbf.ca\/fr\/politiques-de-la-fcb\/reglement-jeu-lent-en-ligne\/#breadcrumb","itemListElement":[{"@type":"ListItem","position":1,"name":"Home","item":"https:\/\/cbf.ca\/"},{"@type":"ListItem","position":2,"name":"Politiques de la FCB","item":"https:\/\/cbf.ca\/fr\/politiques-de-la-fcb\/"},{"@type":"ListItem","position":3,"name":"R\u00e8glements sur le jeu lent en ligne"}]},{"@type":"WebSite","@id":"https:\/\/cbf.ca\/#website","url":"https:\/\/cbf.ca\/","name":"Canadian Bridge Federation","description":"F\u00e9d\u00e9ration canadienne de bridge","potentialAction":[{"@type":"SearchAction","target":{"@type":"EntryPoint","urlTemplate":"https:\/\/cbf.ca\/?s={search_term_string}"},"query-input":"required name=search_term_string"}],"inLanguage":"fr-FR"}]}},"_links":{"self":[{"href":"https:\/\/cbf.ca\/fr\/wp-json\/wp\/v2\/pages\/16361"}],"collection":[{"href":"https:\/\/cbf.ca\/fr\/wp-json\/wp\/v2\/pages"}],"about":[{"href":"https:\/\/cbf.ca\/fr\/wp-json\/wp\/v2\/types\/page"}],"author":[{"embeddable":true,"href":"https:\/\/cbf.ca\/fr\/wp-json\/wp\/v2\/users\/1"}],"replies":[{"embeddable":true,"href":"https:\/\/cbf.ca\/fr\/wp-json\/wp\/v2\/comments?post=16361"}],"version-history":[{"count":8,"href":"https:\/\/cbf.ca\/fr\/wp-json\/wp\/v2\/pages\/16361\/revisions"}],"predecessor-version":[{"id":33322,"href":"https:\/\/cbf.ca\/fr\/wp-json\/wp\/v2\/pages\/16361\/revisions\/33322"}],"up":[{"embeddable":true,"href":"https:\/\/cbf.ca\/fr\/wp-json\/wp\/v2\/pages\/3408"}],"wp:attachment":[{"href":"https:\/\/cbf.ca\/fr\/wp-json\/wp\/v2\/media?parent=16361"}],"curies":[{"name":"wp","href":"https:\/\/api.w.org\/{rel}","templated":true}]}}