{"id":15068,"date":"2020-10-30T21:02:05","date_gmt":"2020-10-30T17:02:05","guid":{"rendered":"https:\/\/cbf.ca\/fr\/?page_id=15068"},"modified":"2021-06-24T07:51:00","modified_gmt":"2021-06-24T03:51:00","slug":"reglements-disciplinaires","status":"publish","type":"page","link":"https:\/\/cbf.ca\/fr\/conduite\/reglements-procedures-ethique\/reglements-disciplinaires\/","title":{"rendered":"Code des r\u00e8glements disciplinaires"},"content":{"rendered":"<h3>Un code complet de r\u00e8glements disciplinaires a \u00e9t\u00e9 mis en place. Ce code s&rsquo;aligne \u00e9troitement sur le code des r\u00e8glements disciplinaires de l&rsquo;ACBL.<\/h3>\n<p style=\"padding-left: 30px;\"><a href=\"https:\/\/cbf.ca\/wp-content\/uploads\/2021\/05\/CBF-Code-of-Disciplinary-Regs-May-28-2021v2FR.pdf\" class=\"btn bluth red btn- \" target=\"_self\">CLIQUER ICI<\/a>\u00a0 pour consulter le\u00a0<strong>Code des r\u00e8glements disciplinaires.<\/strong><\/p>\n<p>&nbsp;<\/p>\n<p><strong>Pour voir le processus\u00a0\u00e0 suivre pour d\u00e9poser une plainter ou signaler un probl\u00e8me, svp voir le sous-menu <a href=\"https:\/\/cbf.ca\/fr\/procedures-de-plaintes\/\" target=\"_blank\">Proc\u00e9dures de plaintes<\/a>\u00a0ou <a href=\"https:\/\/cbf.ca\/wp-content\/uploads\/2021\/05\/CBF-complaint-procedures-FR.pdf\" target=\"_blank\">cliquer ici<\/a>.<\/strong><\/p>\n<p><strong>Pour soulever un probl\u00e8me ou pour d\u00e9poser une plainte, veuillez compl\u00e9ter le <a href=\"https:\/\/cbf.ca\/fr\/plaintes-et-reglements\/formulaire-de-plainte-en-ligne\/\" target=\"_blank\">Formulaire de plainte<\/a><\/strong><strong>.<\/strong><\/p>\n<p>&nbsp;<\/p>\n<p>&nbsp;<\/p>\n","protected":false},"excerpt":{"rendered":"<p>Un code complet de r\u00e8glements disciplinaires a \u00e9t\u00e9 mis en place. Ce code s&rsquo;aligne \u00e9troitement sur le code des r\u00e8glements disciplinaires de l&rsquo;ACBL. \u00a0 pour consulter le\u00a0Code des r\u00e8glements disciplinaires. &nbsp; Pour voir le processus\u00a0\u00e0 suivre pour d\u00e9poser une plainter ou signaler un probl\u00e8me, svp voir le sous-menu Proc\u00e9dures de plaintes\u00a0ou cliquer ici. Pour soulever<br><a class=\"moretag signature-animation\" href=\"https:\/\/cbf.ca\/fr\/conduite\/reglements-procedures-ethique\/reglements-disciplinaires\/\">CONTINUER LA LECTURE<\/a>","protected":false},"author":1,"featured_media":0,"parent":15064,"menu_order":0,"comment_status":"closed","ping_status":"closed","template":"","meta":{"footnotes":""},"yoast_head":"<!-- This site is optimized with the Yoast SEO plugin v22.3 - https:\/\/yoast.com\/wordpress\/plugins\/seo\/ -->\n<title>Code des r\u00e8glements disciplinaires - Canadian Bridge Federation<\/title>\n<meta name=\"robots\" content=\"index, follow, max-snippet:-1, max-image-preview:large, max-video-preview:-1\" \/>\n<link rel=\"canonical\" href=\"https:\/\/cbf.ca\/fr\/conduite\/reglements-procedures-ethique\/reglements-disciplinaires\/\" \/>\n<meta property=\"og:locale\" content=\"fr_FR\" \/>\n<meta property=\"og:type\" content=\"article\" \/>\n<meta property=\"og:title\" content=\"Code des r\u00e8glements disciplinaires - Canadian Bridge Federation\" \/>\n<meta property=\"og:description\" content=\"Un code complet de r\u00e8glements disciplinaires a \u00e9t\u00e9 mis en place. Ce code s&rsquo;aligne \u00e9troitement sur le code des r\u00e8glements disciplinaires de l&rsquo;ACBL. \u00a0 pour consulter le\u00a0Code des r\u00e8glements disciplinaires. &nbsp; Pour voir le processus\u00a0\u00e0 suivre pour d\u00e9poser une plainter ou signaler un probl\u00e8me, svp voir le sous-menu Proc\u00e9dures de plaintes\u00a0ou cliquer ici. Pour soulever\" \/>\n<meta property=\"og:url\" content=\"https:\/\/cbf.ca\/fr\/conduite\/reglements-procedures-ethique\/reglements-disciplinaires\/\" \/>\n<meta property=\"og:site_name\" content=\"Canadian Bridge Federation\" \/>\n<meta property=\"article:publisher\" content=\"https:\/\/www.facebook.com\/Canadian.Bridge.Federation\/\" \/>\n<meta property=\"article:modified_time\" content=\"2021-06-24T03:51:00+00:00\" \/>\n<script type=\"application\/ld+json\" class=\"yoast-schema-graph\">{\"@context\":\"https:\/\/schema.org\",\"@graph\":[{\"@type\":\"WebPage\",\"@id\":\"https:\/\/cbf.ca\/fr\/conduite\/reglements-procedures-ethique\/reglements-disciplinaires\/\",\"url\":\"https:\/\/cbf.ca\/fr\/conduite\/reglements-procedures-ethique\/reglements-disciplinaires\/\",\"name\":\"Code des r\u00e8glements disciplinaires - Canadian Bridge Federation\",\"isPartOf\":{\"@id\":\"https:\/\/cbf.ca\/#website\"},\"datePublished\":\"2020-10-30T17:02:05+00:00\",\"dateModified\":\"2021-06-24T03:51:00+00:00\",\"breadcrumb\":{\"@id\":\"https:\/\/cbf.ca\/fr\/conduite\/reglements-procedures-ethique\/reglements-disciplinaires\/#breadcrumb\"},\"inLanguage\":\"fr-FR\",\"potentialAction\":[{\"@type\":\"ReadAction\",\"target\":[\"https:\/\/cbf.ca\/fr\/conduite\/reglements-procedures-ethique\/reglements-disciplinaires\/\"]}]},{\"@type\":\"BreadcrumbList\",\"@id\":\"https:\/\/cbf.ca\/fr\/conduite\/reglements-procedures-ethique\/reglements-disciplinaires\/#breadcrumb\",\"itemListElement\":[{\"@type\":\"ListItem\",\"position\":1,\"name\":\"Home\",\"item\":\"https:\/\/cbf.ca\/\"},{\"@type\":\"ListItem\",\"position\":2,\"name\":\"Conduite\",\"item\":\"https:\/\/cbf.ca\/fr\/conduite\/\"},{\"@type\":\"ListItem\",\"position\":3,\"name\":\"R\u00e8glements et proc\u00e9dures en mati\u00e8re d&#8217;\u00e9thique\",\"item\":\"https:\/\/cbf.ca\/fr\/conduite\/reglements-procedures-ethique\/\"},{\"@type\":\"ListItem\",\"position\":4,\"name\":\"Code des r\u00e8glements disciplinaires\"}]},{\"@type\":\"WebSite\",\"@id\":\"https:\/\/cbf.ca\/#website\",\"url\":\"https:\/\/cbf.ca\/\",\"name\":\"Canadian Bridge Federation\",\"description\":\"F\u00e9d\u00e9ration canadienne de bridge\",\"potentialAction\":[{\"@type\":\"SearchAction\",\"target\":{\"@type\":\"EntryPoint\",\"urlTemplate\":\"https:\/\/cbf.ca\/?s={search_term_string}\"},\"query-input\":\"required name=search_term_string\"}],\"inLanguage\":\"fr-FR\"}]}<\/script>\n<!-- \/ Yoast SEO plugin. -->","yoast_head_json":{"title":"Code des r\u00e8glements disciplinaires - Canadian Bridge Federation","robots":{"index":"index","follow":"follow","max-snippet":"max-snippet:-1","max-image-preview":"max-image-preview:large","max-video-preview":"max-video-preview:-1"},"canonical":"https:\/\/cbf.ca\/fr\/conduite\/reglements-procedures-ethique\/reglements-disciplinaires\/","og_locale":"fr_FR","og_type":"article","og_title":"Code des r\u00e8glements disciplinaires - Canadian Bridge Federation","og_description":"Un code complet de r\u00e8glements disciplinaires a \u00e9t\u00e9 mis en place. Ce code s&rsquo;aligne \u00e9troitement sur le code des r\u00e8glements disciplinaires de l&rsquo;ACBL. \u00a0 pour consulter le\u00a0Code des r\u00e8glements disciplinaires. &nbsp; Pour voir le processus\u00a0\u00e0 suivre pour d\u00e9poser une plainter ou signaler un probl\u00e8me, svp voir le sous-menu Proc\u00e9dures de plaintes\u00a0ou cliquer ici. Pour soulever","og_url":"https:\/\/cbf.ca\/fr\/conduite\/reglements-procedures-ethique\/reglements-disciplinaires\/","og_site_name":"Canadian Bridge Federation","article_publisher":"https:\/\/www.facebook.com\/Canadian.Bridge.Federation\/","article_modified_time":"2021-06-24T03:51:00+00:00","schema":{"@context":"https:\/\/schema.org","@graph":[{"@type":"WebPage","@id":"https:\/\/cbf.ca\/fr\/conduite\/reglements-procedures-ethique\/reglements-disciplinaires\/","url":"https:\/\/cbf.ca\/fr\/conduite\/reglements-procedures-ethique\/reglements-disciplinaires\/","name":"Code des r\u00e8glements disciplinaires - Canadian Bridge Federation","isPartOf":{"@id":"https:\/\/cbf.ca\/#website"},"datePublished":"2020-10-30T17:02:05+00:00","dateModified":"2021-06-24T03:51:00+00:00","breadcrumb":{"@id":"https:\/\/cbf.ca\/fr\/conduite\/reglements-procedures-ethique\/reglements-disciplinaires\/#breadcrumb"},"inLanguage":"fr-FR","potentialAction":[{"@type":"ReadAction","target":["https:\/\/cbf.ca\/fr\/conduite\/reglements-procedures-ethique\/reglements-disciplinaires\/"]}]},{"@type":"BreadcrumbList","@id":"https:\/\/cbf.ca\/fr\/conduite\/reglements-procedures-ethique\/reglements-disciplinaires\/#breadcrumb","itemListElement":[{"@type":"ListItem","position":1,"name":"Home","item":"https:\/\/cbf.ca\/"},{"@type":"ListItem","position":2,"name":"Conduite","item":"https:\/\/cbf.ca\/fr\/conduite\/"},{"@type":"ListItem","position":3,"name":"R\u00e8glements et proc\u00e9dures en mati\u00e8re d&#8217;\u00e9thique","item":"https:\/\/cbf.ca\/fr\/conduite\/reglements-procedures-ethique\/"},{"@type":"ListItem","position":4,"name":"Code des r\u00e8glements disciplinaires"}]},{"@type":"WebSite","@id":"https:\/\/cbf.ca\/#website","url":"https:\/\/cbf.ca\/","name":"Canadian Bridge Federation","description":"F\u00e9d\u00e9ration canadienne de bridge","potentialAction":[{"@type":"SearchAction","target":{"@type":"EntryPoint","urlTemplate":"https:\/\/cbf.ca\/?s={search_term_string}"},"query-input":"required name=search_term_string"}],"inLanguage":"fr-FR"}]}},"_links":{"self":[{"href":"https:\/\/cbf.ca\/fr\/wp-json\/wp\/v2\/pages\/15068"}],"collection":[{"href":"https:\/\/cbf.ca\/fr\/wp-json\/wp\/v2\/pages"}],"about":[{"href":"https:\/\/cbf.ca\/fr\/wp-json\/wp\/v2\/types\/page"}],"author":[{"embeddable":true,"href":"https:\/\/cbf.ca\/fr\/wp-json\/wp\/v2\/users\/1"}],"replies":[{"embeddable":true,"href":"https:\/\/cbf.ca\/fr\/wp-json\/wp\/v2\/comments?post=15068"}],"version-history":[{"count":32,"href":"https:\/\/cbf.ca\/fr\/wp-json\/wp\/v2\/pages\/15068\/revisions"}],"predecessor-version":[{"id":17270,"href":"https:\/\/cbf.ca\/fr\/wp-json\/wp\/v2\/pages\/15068\/revisions\/17270"}],"up":[{"embeddable":true,"href":"https:\/\/cbf.ca\/fr\/wp-json\/wp\/v2\/pages\/15064"}],"wp:attachment":[{"href":"https:\/\/cbf.ca\/fr\/wp-json\/wp\/v2\/media?parent=15068"}],"curies":[{"name":"wp","href":"https:\/\/api.w.org\/{rel}","templated":true}]}}