{"id":15064,"date":"2020-10-30T21:00:08","date_gmt":"2020-10-30T17:00:08","guid":{"rendered":"https:\/\/cbf.ca\/fr\/?page_id=15064"},"modified":"2026-02-06T21:35:36","modified_gmt":"2026-02-06T17:35:36","slug":"reglements-procedures-ethique","status":"publish","type":"page","link":"https:\/\/cbf.ca\/fr\/conduite\/reglements-procedures-ethique\/","title":{"rendered":"R\u00e8glements et proc\u00e9dures en mati\u00e8re d&rsquo;\u00e9thique"},"content":{"rendered":"<h2>R\u00e8glements et proc\u00e9dures en mati\u00e8re d&rsquo;\u00e9thique<\/h2>\n<p>La FCB a mis en place un <strong>Code des r\u00e8glements disciplinaires<\/strong>. Ce code complet s&rsquo;aligne \u00e9troitement sur le code des r\u00e8glements disciplinaires de l&rsquo;ACBL.<\/p>\n<p style=\"padding-left: 30px;\"><a href=\"https:\/\/cbf.ca\/wp-content\/uploads\/2021\/05\/CBF-Code-of-Disciplinary-Regs-May-28-2021v2FR.pdf\" class=\"btn bluth red btn- \" target=\"_self\">CLIQUER ICI<\/a>\u00a0 <strong>Code des r\u00e8glements disciplinaires<\/strong><\/p>\n<p>En parall\u00e8le, des <strong>Proc\u00e9dures<\/strong> ont \u00e9t\u00e9 \u00e9labor\u00e9es afin de pr\u00e9ciser la proc\u00e9dure \u00e0 suivre pour rapporter les probl\u00e8mes relatifs \u00e0 l&rsquo;\u00e9thique. Ces proc\u00e9dures d\u00e9crivent le processus \u00e0 suivre pour signaler un probl\u00e8me ou un incident d&rsquo;\u00e9thique survenu \u00e0 la table de bridge ou en dehors.\u00a0Nous esp\u00e9rons que ce document vous aidera \u00e0 savoir o\u00f9 adresser vos pr\u00e9occupations et vos plaintes, et \u00e0 identifier \u00e0 qui les soumettre.<\/p>\n<p style=\"padding-left: 30px;\"><a href=\"https:\/\/cbf.ca\/wp-content\/uploads\/2021\/05\/CBF-complaint-procedures-FR.pdf\" class=\"btn bluth red btn- \" target=\"_self\">CLIQUER ICI<\/a>  \u00a0<strong>Proc\u00e9dures pour rapporter ou soulever un probl\u00e8me d&rsquo;\u00e9thique.<\/strong><\/p>\n<p><strong>Pour rapporter ou soulever un probl\u00e8me d&rsquo;\u00e9thique, svp compl\u00e9ter le formulaire suivant.<\/strong><\/p>\n<p style=\"padding-left: 30px;\"><a href=\"https:\/\/cbf.ca\/fr\/plaintes-et-reglements\/rapport-ethique\/\" class=\"btn bluth red btn- \" target=\"_self\">Rapport d&rsquo;\u00e9thique<\/a>\u00a0 <strong><span style=\"text-decoration: underline;\"><span style=\"color: #3366ff;\"><a style=\"color: #3366ff; text-decoration: underline;\" href=\"https:\/\/cbf.ca\/fr\/plaintes-et-reglements\/rapport-ethique\/\" target=\"_blank\" rel=\"noopener\">Rapport d&rsquo;\u00e9thique<\/a><\/span><\/span>.<\/strong><\/p>\n","protected":false},"excerpt":{"rendered":"<p>R\u00e8glements et proc\u00e9dures en mati\u00e8re d&rsquo;\u00e9thique La FCB a mis en place un Code des r\u00e8glements disciplinaires. Ce code complet s&rsquo;aligne \u00e9troitement sur le code des r\u00e8glements disciplinaires de l&rsquo;ACBL. \u00a0 Code des r\u00e8glements disciplinaires En parall\u00e8le, des Proc\u00e9dures ont \u00e9t\u00e9 \u00e9labor\u00e9es afin de pr\u00e9ciser la proc\u00e9dure \u00e0 suivre pour rapporter les probl\u00e8mes relatifs \u00e0<br><a class=\"moretag signature-animation\" href=\"https:\/\/cbf.ca\/fr\/conduite\/reglements-procedures-ethique\/\">CONTINUER LA LECTURE<\/a>","protected":false},"author":1,"featured_media":0,"parent":16777,"menu_order":0,"comment_status":"closed","ping_status":"closed","template":"","meta":{"footnotes":""},"yoast_head":"<!-- This site is optimized with the Yoast SEO plugin v22.3 - https:\/\/yoast.com\/wordpress\/plugins\/seo\/ -->\n<title>R\u00e8glements et proc\u00e9dures en mati\u00e8re d&#039;\u00e9thique - Canadian Bridge Federation<\/title>\n<meta name=\"robots\" content=\"index, follow, max-snippet:-1, max-image-preview:large, max-video-preview:-1\" \/>\n<link rel=\"canonical\" href=\"https:\/\/cbf.ca\/fr\/conduite\/reglements-procedures-ethique\/\" \/>\n<meta property=\"og:locale\" content=\"fr_FR\" \/>\n<meta property=\"og:type\" content=\"article\" \/>\n<meta property=\"og:title\" content=\"R\u00e8glements et proc\u00e9dures en mati\u00e8re d&#039;\u00e9thique - Canadian Bridge Federation\" \/>\n<meta property=\"og:description\" content=\"R\u00e8glements et proc\u00e9dures en mati\u00e8re d&rsquo;\u00e9thique La FCB a mis en place un Code des r\u00e8glements disciplinaires. Ce code complet s&rsquo;aligne \u00e9troitement sur le code des r\u00e8glements disciplinaires de l&rsquo;ACBL. \u00a0 Code des r\u00e8glements disciplinaires En parall\u00e8le, des Proc\u00e9dures ont \u00e9t\u00e9 \u00e9labor\u00e9es afin de pr\u00e9ciser la proc\u00e9dure \u00e0 suivre pour rapporter les probl\u00e8mes relatifs \u00e0\" \/>\n<meta property=\"og:url\" content=\"https:\/\/cbf.ca\/fr\/conduite\/reglements-procedures-ethique\/\" \/>\n<meta property=\"og:site_name\" content=\"Canadian Bridge Federation\" \/>\n<meta property=\"article:publisher\" content=\"https:\/\/www.facebook.com\/Canadian.Bridge.Federation\/\" \/>\n<meta property=\"article:modified_time\" content=\"2026-02-06T17:35:36+00:00\" \/>\n<meta name=\"twitter:label1\" content=\"Dur\u00e9e de lecture estim\u00e9e\" \/>\n\t<meta name=\"twitter:data1\" content=\"1 minute\" \/>\n<script type=\"application\/ld+json\" class=\"yoast-schema-graph\">{\"@context\":\"https:\/\/schema.org\",\"@graph\":[{\"@type\":\"WebPage\",\"@id\":\"https:\/\/cbf.ca\/fr\/conduite\/reglements-procedures-ethique\/\",\"url\":\"https:\/\/cbf.ca\/fr\/conduite\/reglements-procedures-ethique\/\",\"name\":\"R\u00e8glements et proc\u00e9dures en mati\u00e8re d'\u00e9thique - Canadian Bridge Federation\",\"isPartOf\":{\"@id\":\"https:\/\/cbf.ca\/#website\"},\"datePublished\":\"2020-10-30T17:00:08+00:00\",\"dateModified\":\"2026-02-06T17:35:36+00:00\",\"breadcrumb\":{\"@id\":\"https:\/\/cbf.ca\/fr\/conduite\/reglements-procedures-ethique\/#breadcrumb\"},\"inLanguage\":\"fr-FR\",\"potentialAction\":[{\"@type\":\"ReadAction\",\"target\":[\"https:\/\/cbf.ca\/fr\/conduite\/reglements-procedures-ethique\/\"]}]},{\"@type\":\"BreadcrumbList\",\"@id\":\"https:\/\/cbf.ca\/fr\/conduite\/reglements-procedures-ethique\/#breadcrumb\",\"itemListElement\":[{\"@type\":\"ListItem\",\"position\":1,\"name\":\"Home\",\"item\":\"https:\/\/cbf.ca\/\"},{\"@type\":\"ListItem\",\"position\":2,\"name\":\"Conduite\",\"item\":\"https:\/\/cbf.ca\/fr\/conduite\/\"},{\"@type\":\"ListItem\",\"position\":3,\"name\":\"R\u00e8glements et proc\u00e9dures en mati\u00e8re d&#8217;\u00e9thique\"}]},{\"@type\":\"WebSite\",\"@id\":\"https:\/\/cbf.ca\/#website\",\"url\":\"https:\/\/cbf.ca\/\",\"name\":\"Canadian Bridge Federation\",\"description\":\"F\u00e9d\u00e9ration canadienne de bridge\",\"potentialAction\":[{\"@type\":\"SearchAction\",\"target\":{\"@type\":\"EntryPoint\",\"urlTemplate\":\"https:\/\/cbf.ca\/?s={search_term_string}\"},\"query-input\":\"required name=search_term_string\"}],\"inLanguage\":\"fr-FR\"}]}<\/script>\n<!-- \/ Yoast SEO plugin. -->","yoast_head_json":{"title":"R\u00e8glements et proc\u00e9dures en mati\u00e8re d'\u00e9thique - Canadian Bridge Federation","robots":{"index":"index","follow":"follow","max-snippet":"max-snippet:-1","max-image-preview":"max-image-preview:large","max-video-preview":"max-video-preview:-1"},"canonical":"https:\/\/cbf.ca\/fr\/conduite\/reglements-procedures-ethique\/","og_locale":"fr_FR","og_type":"article","og_title":"R\u00e8glements et proc\u00e9dures en mati\u00e8re d'\u00e9thique - Canadian Bridge Federation","og_description":"R\u00e8glements et proc\u00e9dures en mati\u00e8re d&rsquo;\u00e9thique La FCB a mis en place un Code des r\u00e8glements disciplinaires. Ce code complet s&rsquo;aligne \u00e9troitement sur le code des r\u00e8glements disciplinaires de l&rsquo;ACBL. \u00a0 Code des r\u00e8glements disciplinaires En parall\u00e8le, des Proc\u00e9dures ont \u00e9t\u00e9 \u00e9labor\u00e9es afin de pr\u00e9ciser la proc\u00e9dure \u00e0 suivre pour rapporter les probl\u00e8mes relatifs \u00e0","og_url":"https:\/\/cbf.ca\/fr\/conduite\/reglements-procedures-ethique\/","og_site_name":"Canadian Bridge Federation","article_publisher":"https:\/\/www.facebook.com\/Canadian.Bridge.Federation\/","article_modified_time":"2026-02-06T17:35:36+00:00","twitter_misc":{"Dur\u00e9e de lecture estim\u00e9e":"1 minute"},"schema":{"@context":"https:\/\/schema.org","@graph":[{"@type":"WebPage","@id":"https:\/\/cbf.ca\/fr\/conduite\/reglements-procedures-ethique\/","url":"https:\/\/cbf.ca\/fr\/conduite\/reglements-procedures-ethique\/","name":"R\u00e8glements et proc\u00e9dures en mati\u00e8re d'\u00e9thique - Canadian Bridge Federation","isPartOf":{"@id":"https:\/\/cbf.ca\/#website"},"datePublished":"2020-10-30T17:00:08+00:00","dateModified":"2026-02-06T17:35:36+00:00","breadcrumb":{"@id":"https:\/\/cbf.ca\/fr\/conduite\/reglements-procedures-ethique\/#breadcrumb"},"inLanguage":"fr-FR","potentialAction":[{"@type":"ReadAction","target":["https:\/\/cbf.ca\/fr\/conduite\/reglements-procedures-ethique\/"]}]},{"@type":"BreadcrumbList","@id":"https:\/\/cbf.ca\/fr\/conduite\/reglements-procedures-ethique\/#breadcrumb","itemListElement":[{"@type":"ListItem","position":1,"name":"Home","item":"https:\/\/cbf.ca\/"},{"@type":"ListItem","position":2,"name":"Conduite","item":"https:\/\/cbf.ca\/fr\/conduite\/"},{"@type":"ListItem","position":3,"name":"R\u00e8glements et proc\u00e9dures en mati\u00e8re d&#8217;\u00e9thique"}]},{"@type":"WebSite","@id":"https:\/\/cbf.ca\/#website","url":"https:\/\/cbf.ca\/","name":"Canadian Bridge Federation","description":"F\u00e9d\u00e9ration canadienne de bridge","potentialAction":[{"@type":"SearchAction","target":{"@type":"EntryPoint","urlTemplate":"https:\/\/cbf.ca\/?s={search_term_string}"},"query-input":"required name=search_term_string"}],"inLanguage":"fr-FR"}]}},"_links":{"self":[{"href":"https:\/\/cbf.ca\/fr\/wp-json\/wp\/v2\/pages\/15064"}],"collection":[{"href":"https:\/\/cbf.ca\/fr\/wp-json\/wp\/v2\/pages"}],"about":[{"href":"https:\/\/cbf.ca\/fr\/wp-json\/wp\/v2\/types\/page"}],"author":[{"embeddable":true,"href":"https:\/\/cbf.ca\/fr\/wp-json\/wp\/v2\/users\/1"}],"replies":[{"embeddable":true,"href":"https:\/\/cbf.ca\/fr\/wp-json\/wp\/v2\/comments?post=15064"}],"version-history":[{"count":26,"href":"https:\/\/cbf.ca\/fr\/wp-json\/wp\/v2\/pages\/15064\/revisions"}],"predecessor-version":[{"id":37436,"href":"https:\/\/cbf.ca\/fr\/wp-json\/wp\/v2\/pages\/15064\/revisions\/37436"}],"up":[{"embeddable":true,"href":"https:\/\/cbf.ca\/fr\/wp-json\/wp\/v2\/pages\/16777"}],"wp:attachment":[{"href":"https:\/\/cbf.ca\/fr\/wp-json\/wp\/v2\/media?parent=15064"}],"curies":[{"name":"wp","href":"https:\/\/api.w.org\/{rel}","templated":true}]}}