{"id":15031,"date":"2020-10-29T01:02:16","date_gmt":"2020-10-28T21:02:16","guid":{"rendered":"https:\/\/cbf.ca\/fr\/?page_id=15031"},"modified":"2021-02-25T01:42:44","modified_gmt":"2021-02-25T01:42:44","slug":"le-programme-des-ambassadeurs-locaux-de-la-fcb","status":"publish","type":"page","link":"https:\/\/cbf.ca\/fr\/fonds-et-charite\/le-programme-des-ambassadeurs-locaux-de-la-fcb\/","title":{"rendered":"LE PROGRAMME DES AMBASSADEURS LOCAUX DE LA FCB"},"content":{"rendered":"<h2><span style=\"color: #ff0000;\">LE R\u00c9SEAU D\u2019AMBASSADEURS<\/span><\/h2>\n<p>La FCB vous pr\u00e9sente le\u00a0programme des ambassadeurs locaux. L&rsquo;objectif de ce nouveau programme est de promouvoir le rapprochement entre les membres actuels et futurs de la FCB, quel que soit leur \u00e2ge, et d&rsquo;un oc\u00e9an \u00e0 l&rsquo;autre. Le r\u00e9seau d&rsquo;ambassadeurs fera partie int\u00e9grante de la FCB.<\/p>\n<p><strong>Comment les ambassadeurs vont promouvoir le bridge<\/strong>? En partageant des histoires, des \u00e9v\u00e9nements ou des moments \u00e9mouvants dans le milieu du bridge. Le gestionnaire de communaut\u00e9 les partagera sur la page Facebook de la FCB, dans des articles dans le magazine\u00a0<em>Bridge Canada<\/em>\u00a0et dans des bulletins d&rsquo;information.<\/p>\n<p><strong>Le r\u00f4le d\u2019un ambassadeur<\/strong>\u00a0est \u00e9videmment central dans le r\u00e9seau. Tout au long de l&rsquo;ann\u00e9e, l&rsquo;ambassadeur a pour t\u00e2che de partager des \u00e9l\u00e9ments de contenu qu&rsquo;il juge importants ou divertissants et qui auraient un int\u00e9r\u00eat \u00e0 \u00eatre communiqu\u00e9s \u00e0 d&rsquo;autres personnes de la communaut\u00e9 ou \u00e0 tous les joueurs de bridge canadiens. Ce contenu peut \u00eatre des photos, des vid\u00e9os, des citations, des articles, des histoires, etc. Il peut s&rsquo;agir d&rsquo;un contenu original ou \u00eatre cr\u00e9\u00e9 par le club de l&rsquo;ambassadeur, un groupe qu&rsquo;il suit ou une personne qu&rsquo;il conna\u00eet.<\/p>\n<p><strong>L\u2019ambassadeur a une t\u00e2che importante\u00a0<\/strong>car il est le plus proche de sa communaut\u00e9 et il est au courant des nouvelles et de l&rsquo;actualit\u00e9. Le contenu partag\u00e9 peut \u00eatre de tout type: moments dr\u00f4les ou \u00e9mouvants, gagnants de tournois, t\u00e9moignages, hommage \u00e0 un membre de la communaut\u00e9, etc. Tous ces \u00e9l\u00e9ments peuvent \u00eatre partag\u00e9s.<\/p>\n<p><strong>Les ambassadeurs de la FCB\u00a0<\/strong>sont des joueurs de bridge canadiens qui peuvent ou non \u00eatre membres de l&rsquo;ACBL ou de la FCB. Il peut s&rsquo;agir de joueurs de bridge exp\u00e9riment\u00e9s ou de joueurs d\u00e9butants. Il peut s&rsquo;agir de joueurs qui jouent au bridge depuis 40 ans, de personnes qui jouent au bridge social avec diff\u00e9rents groupes ou d&rsquo;\u00e9tudiants qui apprennent tout juste le jeu. Les joueurs de tout niveau et de tout \u00e2ge sont invit\u00e9s \u00e0 faire partie du r\u00e9seau pour apporter leur point de vue sur le jeu et ses joueurs.<\/p>\n<p>L&rsquo;objectif de la CBF en mettant en place un tel r\u00e9seau est de 1) cr\u00e9er un sentiment de communaut\u00e9 pour les joueurs de bridge canadiens et, esp\u00e9rons-le, 2) augmenter le nombre de ses membres.<\/p>\n<p><strong>Vous connaissez quelqu\u2019un ou vous aimeriez vous impliquer et devenir ambassadeur?<\/strong><\/p>\n<p>Voici ce qu\u2019il faut:<\/p>\n<ul>\n<li><strong>\u00catre un joueur de bridge.\u00a0<\/strong>Que vous soyez un joueur d\u00e9butant ou exp\u00e9riment\u00e9, vous avez un point de vue et vous voyez le bridge sous un angle unique.<\/li>\n<\/ul>\n<ul>\n<li><strong>S\u2019impliquer dans la communaut\u00e9 du bridge.\u00a0<\/strong>Vous n&rsquo;avez pas besoin de conna\u00eetre tout le monde, et tout le monde n&rsquo;a pas besoin de vous conna\u00eetre. Nous aimerions avoir des ambassadeurs qui participent aux \u00e9v\u00e9nements qui ont lieu dans leur communaut\u00e9 et qui sont r\u00e9guli\u00e8rement en contact avec les joueurs de bridge.<\/li>\n<\/ul>\n<p>C&rsquo;est tout! L&rsquo;aspect le plus important est que nos ambassadeurs s&rsquo;amusent \u00e0 faire partie de notre r\u00e9seau.<\/p>\n<p>Si vos connaissez quelqu&rsquo;un qui pourrait \u00eatre un bon candidat, veuillez lui transmettre cette information. Si vous \u00eates int\u00e9ress\u00e9 ou si vous souhaitez obtenir de plus amples informations, veuillez communiquer avec Ina Demme \u00e0 <a href=\"mailto:ina@cbf.ca\">ina@cbf.ca<\/a>.<\/p>\n","protected":false},"excerpt":{"rendered":"<p>LE R\u00c9SEAU D\u2019AMBASSADEURS La FCB vous pr\u00e9sente le\u00a0programme des ambassadeurs locaux. L&rsquo;objectif de ce nouveau programme est de promouvoir le rapprochement entre les membres actuels et futurs de la FCB, quel que soit leur \u00e2ge, et d&rsquo;un oc\u00e9an \u00e0 l&rsquo;autre. Le r\u00e9seau d&rsquo;ambassadeurs fera partie int\u00e9grante de la FCB. Comment les ambassadeurs vont promouvoir le<br><a class=\"moretag signature-animation\" href=\"https:\/\/cbf.ca\/fr\/fonds-et-charite\/le-programme-des-ambassadeurs-locaux-de-la-fcb\/\">CONTINUER LA LECTURE<\/a>","protected":false},"author":1,"featured_media":0,"parent":17800,"menu_order":0,"comment_status":"closed","ping_status":"closed","template":"","meta":{"footnotes":""},"yoast_head":"<!-- This site is optimized with the Yoast SEO plugin v22.3 - https:\/\/yoast.com\/wordpress\/plugins\/seo\/ -->\n<title>LE PROGRAMME DES AMBASSADEURS LOCAUX DE LA FCB - Canadian Bridge Federation<\/title>\n<meta name=\"robots\" content=\"index, follow, max-snippet:-1, max-image-preview:large, max-video-preview:-1\" \/>\n<link rel=\"canonical\" href=\"https:\/\/cbf.ca\/fr\/fonds-et-charite\/le-programme-des-ambassadeurs-locaux-de-la-fcb\/\" \/>\n<meta property=\"og:locale\" content=\"fr_FR\" \/>\n<meta property=\"og:type\" content=\"article\" \/>\n<meta property=\"og:title\" content=\"LE PROGRAMME DES AMBASSADEURS LOCAUX DE LA FCB - Canadian Bridge Federation\" \/>\n<meta property=\"og:description\" content=\"LE R\u00c9SEAU D\u2019AMBASSADEURS La FCB vous pr\u00e9sente le\u00a0programme des ambassadeurs locaux. L&rsquo;objectif de ce nouveau programme est de promouvoir le rapprochement entre les membres actuels et futurs de la FCB, quel que soit leur \u00e2ge, et d&rsquo;un oc\u00e9an \u00e0 l&rsquo;autre. Le r\u00e9seau d&rsquo;ambassadeurs fera partie int\u00e9grante de la FCB. Comment les ambassadeurs vont promouvoir le\" \/>\n<meta property=\"og:url\" content=\"https:\/\/cbf.ca\/fr\/fonds-et-charite\/le-programme-des-ambassadeurs-locaux-de-la-fcb\/\" \/>\n<meta property=\"og:site_name\" content=\"Canadian Bridge Federation\" \/>\n<meta property=\"article:publisher\" content=\"https:\/\/www.facebook.com\/Canadian.Bridge.Federation\/\" \/>\n<meta property=\"article:modified_time\" content=\"2021-02-25T01:42:44+00:00\" \/>\n<meta name=\"twitter:label1\" content=\"Dur\u00e9e de lecture estim\u00e9e\" \/>\n\t<meta name=\"twitter:data1\" content=\"3 minutes\" \/>\n<script type=\"application\/ld+json\" class=\"yoast-schema-graph\">{\"@context\":\"https:\/\/schema.org\",\"@graph\":[{\"@type\":\"WebPage\",\"@id\":\"https:\/\/cbf.ca\/fr\/fonds-et-charite\/le-programme-des-ambassadeurs-locaux-de-la-fcb\/\",\"url\":\"https:\/\/cbf.ca\/fr\/fonds-et-charite\/le-programme-des-ambassadeurs-locaux-de-la-fcb\/\",\"name\":\"LE PROGRAMME DES AMBASSADEURS LOCAUX DE LA FCB - Canadian Bridge Federation\",\"isPartOf\":{\"@id\":\"https:\/\/cbf.ca\/#website\"},\"datePublished\":\"2020-10-28T21:02:16+00:00\",\"dateModified\":\"2021-02-25T01:42:44+00:00\",\"breadcrumb\":{\"@id\":\"https:\/\/cbf.ca\/fr\/fonds-et-charite\/le-programme-des-ambassadeurs-locaux-de-la-fcb\/#breadcrumb\"},\"inLanguage\":\"fr-FR\",\"potentialAction\":[{\"@type\":\"ReadAction\",\"target\":[\"https:\/\/cbf.ca\/fr\/fonds-et-charite\/le-programme-des-ambassadeurs-locaux-de-la-fcb\/\"]}]},{\"@type\":\"BreadcrumbList\",\"@id\":\"https:\/\/cbf.ca\/fr\/fonds-et-charite\/le-programme-des-ambassadeurs-locaux-de-la-fcb\/#breadcrumb\",\"itemListElement\":[{\"@type\":\"ListItem\",\"position\":1,\"name\":\"Home\",\"item\":\"https:\/\/cbf.ca\/\"},{\"@type\":\"ListItem\",\"position\":2,\"name\":\"Fonds et Charit\u00e9\",\"item\":\"https:\/\/cbf.ca\/fr\/fonds-et-charite\/\"},{\"@type\":\"ListItem\",\"position\":3,\"name\":\"LE PROGRAMME DES AMBASSADEURS LOCAUX DE LA FCB\"}]},{\"@type\":\"WebSite\",\"@id\":\"https:\/\/cbf.ca\/#website\",\"url\":\"https:\/\/cbf.ca\/\",\"name\":\"Canadian Bridge Federation\",\"description\":\"F\u00e9d\u00e9ration canadienne de bridge\",\"potentialAction\":[{\"@type\":\"SearchAction\",\"target\":{\"@type\":\"EntryPoint\",\"urlTemplate\":\"https:\/\/cbf.ca\/?s={search_term_string}\"},\"query-input\":\"required name=search_term_string\"}],\"inLanguage\":\"fr-FR\"}]}<\/script>\n<!-- \/ Yoast SEO plugin. -->","yoast_head_json":{"title":"LE PROGRAMME DES AMBASSADEURS LOCAUX DE LA FCB - Canadian Bridge Federation","robots":{"index":"index","follow":"follow","max-snippet":"max-snippet:-1","max-image-preview":"max-image-preview:large","max-video-preview":"max-video-preview:-1"},"canonical":"https:\/\/cbf.ca\/fr\/fonds-et-charite\/le-programme-des-ambassadeurs-locaux-de-la-fcb\/","og_locale":"fr_FR","og_type":"article","og_title":"LE PROGRAMME DES AMBASSADEURS LOCAUX DE LA FCB - Canadian Bridge Federation","og_description":"LE R\u00c9SEAU D\u2019AMBASSADEURS La FCB vous pr\u00e9sente le\u00a0programme des ambassadeurs locaux. L&rsquo;objectif de ce nouveau programme est de promouvoir le rapprochement entre les membres actuels et futurs de la FCB, quel que soit leur \u00e2ge, et d&rsquo;un oc\u00e9an \u00e0 l&rsquo;autre. Le r\u00e9seau d&rsquo;ambassadeurs fera partie int\u00e9grante de la FCB. Comment les ambassadeurs vont promouvoir le","og_url":"https:\/\/cbf.ca\/fr\/fonds-et-charite\/le-programme-des-ambassadeurs-locaux-de-la-fcb\/","og_site_name":"Canadian Bridge Federation","article_publisher":"https:\/\/www.facebook.com\/Canadian.Bridge.Federation\/","article_modified_time":"2021-02-25T01:42:44+00:00","twitter_misc":{"Dur\u00e9e de lecture estim\u00e9e":"3 minutes"},"schema":{"@context":"https:\/\/schema.org","@graph":[{"@type":"WebPage","@id":"https:\/\/cbf.ca\/fr\/fonds-et-charite\/le-programme-des-ambassadeurs-locaux-de-la-fcb\/","url":"https:\/\/cbf.ca\/fr\/fonds-et-charite\/le-programme-des-ambassadeurs-locaux-de-la-fcb\/","name":"LE PROGRAMME DES AMBASSADEURS LOCAUX DE LA FCB - Canadian Bridge Federation","isPartOf":{"@id":"https:\/\/cbf.ca\/#website"},"datePublished":"2020-10-28T21:02:16+00:00","dateModified":"2021-02-25T01:42:44+00:00","breadcrumb":{"@id":"https:\/\/cbf.ca\/fr\/fonds-et-charite\/le-programme-des-ambassadeurs-locaux-de-la-fcb\/#breadcrumb"},"inLanguage":"fr-FR","potentialAction":[{"@type":"ReadAction","target":["https:\/\/cbf.ca\/fr\/fonds-et-charite\/le-programme-des-ambassadeurs-locaux-de-la-fcb\/"]}]},{"@type":"BreadcrumbList","@id":"https:\/\/cbf.ca\/fr\/fonds-et-charite\/le-programme-des-ambassadeurs-locaux-de-la-fcb\/#breadcrumb","itemListElement":[{"@type":"ListItem","position":1,"name":"Home","item":"https:\/\/cbf.ca\/"},{"@type":"ListItem","position":2,"name":"Fonds et Charit\u00e9","item":"https:\/\/cbf.ca\/fr\/fonds-et-charite\/"},{"@type":"ListItem","position":3,"name":"LE PROGRAMME DES AMBASSADEURS LOCAUX DE LA FCB"}]},{"@type":"WebSite","@id":"https:\/\/cbf.ca\/#website","url":"https:\/\/cbf.ca\/","name":"Canadian Bridge Federation","description":"F\u00e9d\u00e9ration canadienne de bridge","potentialAction":[{"@type":"SearchAction","target":{"@type":"EntryPoint","urlTemplate":"https:\/\/cbf.ca\/?s={search_term_string}"},"query-input":"required name=search_term_string"}],"inLanguage":"fr-FR"}]}},"_links":{"self":[{"href":"https:\/\/cbf.ca\/fr\/wp-json\/wp\/v2\/pages\/15031"}],"collection":[{"href":"https:\/\/cbf.ca\/fr\/wp-json\/wp\/v2\/pages"}],"about":[{"href":"https:\/\/cbf.ca\/fr\/wp-json\/wp\/v2\/types\/page"}],"author":[{"embeddable":true,"href":"https:\/\/cbf.ca\/fr\/wp-json\/wp\/v2\/users\/1"}],"replies":[{"embeddable":true,"href":"https:\/\/cbf.ca\/fr\/wp-json\/wp\/v2\/comments?post=15031"}],"version-history":[{"count":3,"href":"https:\/\/cbf.ca\/fr\/wp-json\/wp\/v2\/pages\/15031\/revisions"}],"predecessor-version":[{"id":16388,"href":"https:\/\/cbf.ca\/fr\/wp-json\/wp\/v2\/pages\/15031\/revisions\/16388"}],"up":[{"embeddable":true,"href":"https:\/\/cbf.ca\/fr\/wp-json\/wp\/v2\/pages\/17800"}],"wp:attachment":[{"href":"https:\/\/cbf.ca\/fr\/wp-json\/wp\/v2\/media?parent=15031"}],"curies":[{"name":"wp","href":"https:\/\/api.w.org\/{rel}","templated":true}]}}