{"id":13956,"date":"2020-06-02T23:33:20","date_gmt":"2020-06-02T19:33:20","guid":{"rendered":"https:\/\/cbf.ca\/fr\/?page_id=13956"},"modified":"2025-12-23T08:59:25","modified_gmt":"2025-12-23T04:59:25","slug":"la-journee-du-bridge-au-benefice-des-societes-alzheimers-au-canada","status":"publish","type":"page","link":"https:\/\/cbf.ca\/fr\/gerants-de-clubs\/la-journee-du-bridge-au-benefice-des-societes-alzheimers-au-canada\/","title":{"rendered":"La Journ\u00e9e du bridge au profit de l&rsquo;Alzheimer au Canada &#8211; 2026"},"content":{"rendered":"<p>La Journ\u00e9e de bridge au profit de l&rsquo;Alzheimer est une excellente occasion d&rsquo;encourager la camaraderie dans votre club, de promouvoir le bridge dans votre milieu et d&rsquo;aider les patients et les aidants dans le monde entier.\u00a0Participer, c\u2019est facile ! Simplement choisir <strong>un jour dans la semaine du 14 au 21 juin<\/strong> pour votre Journ\u00e9e du bridge au profit de l&rsquo;Alzheimer. \u00c0 cette date, vous pourrez organiser autant de parties que vous le souhaitez, tout au long de la journ\u00e9e. <strong>Les frais de sanction seront revers\u00e9s \u00e0 l&rsquo;Association Alzheimer du Canada et les joueurs recevront des points de ma\u00eetre plus \u00e9lev\u00e9s. Ou allez plus loin! Cr\u00e9ez une \u00e9quipe de collecte de fonds et recueillez des dons par le biais d&rsquo;ench\u00e8res silencieuses, de ventes de p\u00e2tisseries, etc.<\/strong><\/p>\n<p>Voir cette page sur le site de l&rsquo;ACBL pour des d\u00e9tails (en anglais): <a href=\"https:\/\/www.acbl.org\/portfolio\/longestday\/\" target=\"_blank\" rel=\"noopener\">Participating clubs, <span style=\"text-decoration: underline;\">Registration<\/span>, Non-registration Participation, ACBLscore Instructions, Table Fees, FAQ.<\/a><\/p>\n<h3>Avantages de la participation \u00e0 la Journ\u00e9e de bridge au profit de l&rsquo;Alzheimer au Canada<\/h3>\n<p><strong>Rehausser la visibilit\u00e9 du bridge<\/strong> &#8211; La recherche a prouv\u00e9 que l&rsquo;agilit\u00e9 mentale et le r\u00e9seautage social qui accompagnent la pratique du bridge contribuent \u00e0 maintenir le cerveau en bonne sant\u00e9. Vous pouvez mettre l&rsquo;accent sur ces aspects et sur votre club lorsque vous faites la promotion de votre \u00e9v\u00e9nement au sein de votre communaut\u00e9.<\/p>\n<p><strong>Faire une diff\u00e9rence dans la lutte contre la maladie d&rsquo;Alzheimer<\/strong> &#8211; Les fonds que vous r\u00e9coltez soutiennent directement la recherche, les ressources et la d\u00e9fense des int\u00e9r\u00eats de milliers de patients et d&rsquo;aidants. Gr\u00e2ce au travail de l&rsquo;Association, de nouveaux traitements sont disponibles et d&rsquo;autres sont \u00e0 venir.<\/p>\n<p>Afin de nous aider \u00e0 conna\u00eetre le montant total des fonds recueillis au Canada, nous demandons aux clubs de s&rsquo;inscrire en envoyant un courriel \u00e0 <a href=\"mailto:admin@cbf.ca\" target=\"_blank\" rel=\"noopener\">admin@cbf.ca<\/a> en indiquant le nom du club et les parties organis\u00e9es. Nous vous contacterons apr\u00e8s le match pour nous informer du montant recueilli par votre club. Une fois que nous aurons re\u00e7u le total de chaque club et les frais de sanction de l&rsquo;ACBL, nous publierons le total de la collecte de fonds sur le site Internet de la FCB.<\/p>\n<p>Nous souhaitons que vous participerez en grand nombre et aiderez ainsi \u00e0 faire un succ\u00e8s de ces journ\u00e9es!<\/p>\n<h3>De nombreux joueurs voudront peut-\u00eatre faire des dons directement \u00e0 la Soci\u00e9t\u00e9 Alzheimer, ce qui peut se faire <span style=\"color: initial;\">irectement sur le site de la Soci\u00e9t\u00e9 Alzheimer.<\/span><\/h3>\n<ol>\n<li style=\"list-style-type: none;\">\n<ul>\n<li>Soci\u00e9t\u00e9 canadienne: cliquer sur\u00a0<span style=\"text-decoration: underline;\"><span style=\"color: #3366ff;\"><a style=\"color: #3366ff; text-decoration: underline;\" href=\"https:\/\/alzheimer.ca\/fr\" target=\"_blank\" rel=\"noopener\">FAITES UN DON<\/a><\/span><\/span>\u00a0dans le coin sup\u00e9rieur droit.<\/li>\n<li>Soci\u00e9t\u00e9 provinciale ou locale: cliquer sur\u00a0<span style=\"text-decoration: underline;\"><span style=\"color: #3366ff;\"><a style=\"color: #3366ff; text-decoration: underline;\" href=\"https:\/\/alzheimer.ca\/fr\/les-aides-et-le-soutien\/trouvez-votre-societe\" target=\"_blank\" rel=\"noopener\">Changer de soci\u00e9t\u00e9<\/a><\/span><\/span> et faire votre s\u00e9lection.<\/li>\n<\/ul>\n<\/li>\n<\/ol>\n<h3>Le site de la <span style=\"text-decoration: underline;\"><span style=\"color: #3366ff;\"><a style=\"color: #3366ff; text-decoration: underline;\" href=\"https:\/\/alzheimer.ca\/fr\/Home\" target=\"_blank\" rel=\"noopener\">Soci\u00e9t\u00e9 Alzheimer du Canada<\/a><\/span><\/span> contient beaucoup d&rsquo;informations, entre autres sur la maladie, le quotidien, et les services. Nous vous invitons \u00e0 consulter ce site.<\/h3>\n","protected":false},"excerpt":{"rendered":"<p>La Journ\u00e9e de bridge au profit de l&rsquo;Alzheimer est une excellente occasion d&rsquo;encourager la camaraderie dans votre club, de promouvoir le bridge dans votre milieu et d&rsquo;aider les patients et les aidants dans le monde entier.\u00a0Participer, c\u2019est facile ! Simplement choisir un jour dans la semaine du 14 au 21 juin pour votre Journ\u00e9e du<br><a class=\"moretag signature-animation\" href=\"https:\/\/cbf.ca\/fr\/gerants-de-clubs\/la-journee-du-bridge-au-benefice-des-societes-alzheimers-au-canada\/\">CONTINUER LA LECTURE<\/a>","protected":false},"author":1,"featured_media":0,"parent":3765,"menu_order":0,"comment_status":"closed","ping_status":"closed","template":"","meta":{"footnotes":""},"yoast_head":"<!-- This site is optimized with the Yoast SEO plugin v22.3 - https:\/\/yoast.com\/wordpress\/plugins\/seo\/ -->\n<title>La Journ\u00e9e du bridge au profit de l&#039;Alzheimer au Canada - 2026 - Canadian Bridge Federation<\/title>\n<meta name=\"robots\" content=\"index, follow, max-snippet:-1, max-image-preview:large, max-video-preview:-1\" \/>\n<link rel=\"canonical\" href=\"https:\/\/cbf.ca\/fr\/gerants-de-clubs\/la-journee-du-bridge-au-benefice-des-societes-alzheimers-au-canada\/\" \/>\n<meta property=\"og:locale\" content=\"fr_FR\" \/>\n<meta property=\"og:type\" content=\"article\" \/>\n<meta property=\"og:title\" content=\"La Journ\u00e9e du bridge au profit de l&#039;Alzheimer au Canada - 2026 - Canadian Bridge Federation\" \/>\n<meta property=\"og:description\" content=\"La Journ\u00e9e de bridge au profit de l&rsquo;Alzheimer est une excellente occasion d&rsquo;encourager la camaraderie dans votre club, de promouvoir le bridge dans votre milieu et d&rsquo;aider les patients et les aidants dans le monde entier.\u00a0Participer, c\u2019est facile ! Simplement choisir un jour dans la semaine du 14 au 21 juin pour votre Journ\u00e9e du\" \/>\n<meta property=\"og:url\" content=\"https:\/\/cbf.ca\/fr\/gerants-de-clubs\/la-journee-du-bridge-au-benefice-des-societes-alzheimers-au-canada\/\" \/>\n<meta property=\"og:site_name\" content=\"Canadian Bridge Federation\" \/>\n<meta property=\"article:publisher\" content=\"https:\/\/www.facebook.com\/Canadian.Bridge.Federation\/\" \/>\n<meta property=\"article:modified_time\" content=\"2025-12-23T04:59:25+00:00\" \/>\n<meta name=\"twitter:label1\" content=\"Dur\u00e9e de lecture estim\u00e9e\" \/>\n\t<meta name=\"twitter:data1\" content=\"2 minutes\" \/>\n<script type=\"application\/ld+json\" class=\"yoast-schema-graph\">{\"@context\":\"https:\/\/schema.org\",\"@graph\":[{\"@type\":\"WebPage\",\"@id\":\"https:\/\/cbf.ca\/fr\/gerants-de-clubs\/la-journee-du-bridge-au-benefice-des-societes-alzheimers-au-canada\/\",\"url\":\"https:\/\/cbf.ca\/fr\/gerants-de-clubs\/la-journee-du-bridge-au-benefice-des-societes-alzheimers-au-canada\/\",\"name\":\"La Journ\u00e9e du bridge au profit de l'Alzheimer au Canada - 2026 - Canadian Bridge Federation\",\"isPartOf\":{\"@id\":\"https:\/\/cbf.ca\/#website\"},\"datePublished\":\"2020-06-02T19:33:20+00:00\",\"dateModified\":\"2025-12-23T04:59:25+00:00\",\"breadcrumb\":{\"@id\":\"https:\/\/cbf.ca\/fr\/gerants-de-clubs\/la-journee-du-bridge-au-benefice-des-societes-alzheimers-au-canada\/#breadcrumb\"},\"inLanguage\":\"fr-FR\",\"potentialAction\":[{\"@type\":\"ReadAction\",\"target\":[\"https:\/\/cbf.ca\/fr\/gerants-de-clubs\/la-journee-du-bridge-au-benefice-des-societes-alzheimers-au-canada\/\"]}]},{\"@type\":\"BreadcrumbList\",\"@id\":\"https:\/\/cbf.ca\/fr\/gerants-de-clubs\/la-journee-du-bridge-au-benefice-des-societes-alzheimers-au-canada\/#breadcrumb\",\"itemListElement\":[{\"@type\":\"ListItem\",\"position\":1,\"name\":\"Home\",\"item\":\"https:\/\/cbf.ca\/\"},{\"@type\":\"ListItem\",\"position\":2,\"name\":\"G\u00e9rants de clubs\",\"item\":\"https:\/\/cbf.ca\/fr\/gerants-de-clubs\/\"},{\"@type\":\"ListItem\",\"position\":3,\"name\":\"La Journ\u00e9e du bridge au profit de l&#8217;Alzheimer au Canada &#8211; 2026\"}]},{\"@type\":\"WebSite\",\"@id\":\"https:\/\/cbf.ca\/#website\",\"url\":\"https:\/\/cbf.ca\/\",\"name\":\"Canadian Bridge Federation\",\"description\":\"F\u00e9d\u00e9ration canadienne de bridge\",\"potentialAction\":[{\"@type\":\"SearchAction\",\"target\":{\"@type\":\"EntryPoint\",\"urlTemplate\":\"https:\/\/cbf.ca\/?s={search_term_string}\"},\"query-input\":\"required name=search_term_string\"}],\"inLanguage\":\"fr-FR\"}]}<\/script>\n<!-- \/ Yoast SEO plugin. -->","yoast_head_json":{"title":"La Journ\u00e9e du bridge au profit de l'Alzheimer au Canada - 2026 - Canadian Bridge Federation","robots":{"index":"index","follow":"follow","max-snippet":"max-snippet:-1","max-image-preview":"max-image-preview:large","max-video-preview":"max-video-preview:-1"},"canonical":"https:\/\/cbf.ca\/fr\/gerants-de-clubs\/la-journee-du-bridge-au-benefice-des-societes-alzheimers-au-canada\/","og_locale":"fr_FR","og_type":"article","og_title":"La Journ\u00e9e du bridge au profit de l'Alzheimer au Canada - 2026 - Canadian Bridge Federation","og_description":"La Journ\u00e9e de bridge au profit de l&rsquo;Alzheimer est une excellente occasion d&rsquo;encourager la camaraderie dans votre club, de promouvoir le bridge dans votre milieu et d&rsquo;aider les patients et les aidants dans le monde entier.\u00a0Participer, c\u2019est facile ! Simplement choisir un jour dans la semaine du 14 au 21 juin pour votre Journ\u00e9e du","og_url":"https:\/\/cbf.ca\/fr\/gerants-de-clubs\/la-journee-du-bridge-au-benefice-des-societes-alzheimers-au-canada\/","og_site_name":"Canadian Bridge Federation","article_publisher":"https:\/\/www.facebook.com\/Canadian.Bridge.Federation\/","article_modified_time":"2025-12-23T04:59:25+00:00","twitter_misc":{"Dur\u00e9e de lecture estim\u00e9e":"2 minutes"},"schema":{"@context":"https:\/\/schema.org","@graph":[{"@type":"WebPage","@id":"https:\/\/cbf.ca\/fr\/gerants-de-clubs\/la-journee-du-bridge-au-benefice-des-societes-alzheimers-au-canada\/","url":"https:\/\/cbf.ca\/fr\/gerants-de-clubs\/la-journee-du-bridge-au-benefice-des-societes-alzheimers-au-canada\/","name":"La Journ\u00e9e du bridge au profit de l'Alzheimer au Canada - 2026 - Canadian Bridge Federation","isPartOf":{"@id":"https:\/\/cbf.ca\/#website"},"datePublished":"2020-06-02T19:33:20+00:00","dateModified":"2025-12-23T04:59:25+00:00","breadcrumb":{"@id":"https:\/\/cbf.ca\/fr\/gerants-de-clubs\/la-journee-du-bridge-au-benefice-des-societes-alzheimers-au-canada\/#breadcrumb"},"inLanguage":"fr-FR","potentialAction":[{"@type":"ReadAction","target":["https:\/\/cbf.ca\/fr\/gerants-de-clubs\/la-journee-du-bridge-au-benefice-des-societes-alzheimers-au-canada\/"]}]},{"@type":"BreadcrumbList","@id":"https:\/\/cbf.ca\/fr\/gerants-de-clubs\/la-journee-du-bridge-au-benefice-des-societes-alzheimers-au-canada\/#breadcrumb","itemListElement":[{"@type":"ListItem","position":1,"name":"Home","item":"https:\/\/cbf.ca\/"},{"@type":"ListItem","position":2,"name":"G\u00e9rants de clubs","item":"https:\/\/cbf.ca\/fr\/gerants-de-clubs\/"},{"@type":"ListItem","position":3,"name":"La Journ\u00e9e du bridge au profit de l&#8217;Alzheimer au Canada &#8211; 2026"}]},{"@type":"WebSite","@id":"https:\/\/cbf.ca\/#website","url":"https:\/\/cbf.ca\/","name":"Canadian Bridge Federation","description":"F\u00e9d\u00e9ration canadienne de bridge","potentialAction":[{"@type":"SearchAction","target":{"@type":"EntryPoint","urlTemplate":"https:\/\/cbf.ca\/?s={search_term_string}"},"query-input":"required name=search_term_string"}],"inLanguage":"fr-FR"}]}},"_links":{"self":[{"href":"https:\/\/cbf.ca\/fr\/wp-json\/wp\/v2\/pages\/13956"}],"collection":[{"href":"https:\/\/cbf.ca\/fr\/wp-json\/wp\/v2\/pages"}],"about":[{"href":"https:\/\/cbf.ca\/fr\/wp-json\/wp\/v2\/types\/page"}],"author":[{"embeddable":true,"href":"https:\/\/cbf.ca\/fr\/wp-json\/wp\/v2\/users\/1"}],"replies":[{"embeddable":true,"href":"https:\/\/cbf.ca\/fr\/wp-json\/wp\/v2\/comments?post=13956"}],"version-history":[{"count":31,"href":"https:\/\/cbf.ca\/fr\/wp-json\/wp\/v2\/pages\/13956\/revisions"}],"predecessor-version":[{"id":36231,"href":"https:\/\/cbf.ca\/fr\/wp-json\/wp\/v2\/pages\/13956\/revisions\/36231"}],"up":[{"embeddable":true,"href":"https:\/\/cbf.ca\/fr\/wp-json\/wp\/v2\/pages\/3765"}],"wp:attachment":[{"href":"https:\/\/cbf.ca\/fr\/wp-json\/wp\/v2\/media?parent=13956"}],"curies":[{"name":"wp","href":"https:\/\/api.w.org\/{rel}","templated":true}]}}