{"id":13927,"date":"2020-05-31T04:35:03","date_gmt":"2020-05-31T04:35:03","guid":{"rendered":"https:\/\/cbf.ca\/fr\/?page_id=13927"},"modified":"2020-06-03T01:32:58","modified_gmt":"2020-06-03T01:32:58","slug":"open-letter-cbf-president","status":"publish","type":"page","link":"https:\/\/cbf.ca\/fr\/open-letter-cbf-president\/","title":{"rendered":"Message du pr\u00e9sident de la FCB"},"content":{"rendered":"<h2 style=\"text-align: center;\">Bienvenue \u00e0 Matthieu Dallaire,<br \/>\ngestionnaire de communaut\u00e9 pour la FCB<\/h2>\n<p style=\"text-align: left;\"><span style=\"text-decoration: underline;\"><strong>La FCB prend des mesures pour mieux rejoindre les nouveaux membres et les membres potentiels<\/strong><\/span><\/p>\n<p><strong>O\u00f9 nous nous situons\u00a0: <\/strong>comme de nombreuses organisations de bridge, la FCB est confront\u00e9e au vieillissement de ses membres et \u00e0 l&rsquo;augmentation des co\u00fbts de ses services. De plus, il y a l&rsquo;impression que nous ne nous concentrons que sur les joueurs canadiens d&rsquo;\u00e9lite et sur le choix des repr\u00e9sentants canadiens pour les diff\u00e9rents \u00e9v\u00e9nements des championnats du monde.<\/p>\n<p>Bien qu&rsquo;il s&rsquo;agisse d&rsquo;une partie importante du mandat de la FCB, nous reconnaissons \u00e9galement l&rsquo;importance d&rsquo;\u00eatre pertinents pour la majorit\u00e9 des membres, qui ne sont pas des experts. Au cours des derni\u00e8res ann\u00e9es, le conseil d&rsquo;administration a pris des mesures \u00e0 cet \u00e9gard. \u00c0 la page 5 du num\u00e9ro de juin de Bridge Canada, il y a une liste de ce qui est fait pour servir ce segment de nos membres. Cependant, nous voulons faire plus.<\/p>\n<p><strong>Les mesures prises\u00a0:<\/strong> nous avons pass\u00e9 un contrat avec Atypic, un consultant aupr\u00e8s des organismes, pour aider la FCB sur deux aspects-cl\u00e9s :<\/p>\n<ol>\n<li>Am\u00e9liorer la communication avec les membres et les autres parties prenantes cl\u00e9s, et<\/li>\n<li>Prendre des mesures pour \u00eatre plus pertinent pour les membres actuels et construire notre base de membres.<\/li>\n<\/ol>\n<p><strong>Ce qui s&rsquo;en vient :<\/strong> suite \u00e0 l\u2019analyse qui a \u00e9t\u00e9 faite, la FCB a commenc\u00e9 \u00e0 mettre en \u0153uvre les recommandations d\u2019Atypic. La premi\u00e8re \u00e9tape consiste \u00e0 embaucher un gestionnaire\u00a0de communaut\u00e9, que nous vous pr\u00e9sentons.<\/p>\n<p>&nbsp;<\/p>\n<p><strong><u>Matthieu Dallaire, gestionnaire de communaut\u00e9 pour la FCB<\/u><\/strong><\/p>\n<p><img loading=\"lazy\" decoding=\"async\" class=\"alignnone size-full wp-image-13914 alignright\" src=\"https:\/\/cbf.ca\/wp-content\/uploads\/2020\/06\/Matthieu-Dallaire-8.jpg\" alt=\"Matthieu Dallaire 8\" width=\"300\" height=\"320\" \/><\/p>\n<p>Je suis heureux d&rsquo;accueillir Matthieu dans la famille de la FCB. Qui est Matthieu? C&rsquo;est un sp\u00e9cialiste du marketing num\u00e9rique qui a de l&rsquo;exp\u00e9rience dans les m\u00e9dias sociaux, la publicit\u00e9 et les campagnes par courriel. Matthieu a une expertise dans le travail aupr\u00e8s des organisations \u00e0 but non lucratif. Ses comp\u00e9tences et son exp\u00e9rience en gestion de projets sont un atout pour coordonner efficacement les diff\u00e9rents acteurs de la FCB et identifier les priorit\u00e9s. Il est bilingue, il a commenc\u00e9 \u00e0 jouer au bridge ce printemps, et il est heureux de se joindre \u00e0 la famille de la FCB!<\/p>\n<p><strong>Ce \u00e0 quoi vous pouvez vous attendre:<\/strong> au cours des prochaines semaines et des prochains mois, Matthieu mettra en \u0153uvre un certain nombre de mesures visant \u00e0 r\u00e9soudre les probl\u00e8mes susmentionn\u00e9s, tout en acqu\u00e9rant une compr\u00e9hension plus globale du bridge au Canada. Les \u00e9tapes incluent\u00a0:<\/p>\n<ul>\n<li>Cr\u00e9er un contenu strat\u00e9gique et r\u00e9gulier sur les m\u00e9dias sociaux.<\/li>\n<li>D\u00e9velopper un bulletin d&rsquo;information, en se concentrant sur le contenu r\u00e9gional.<\/li>\n<li>Cr\u00e9er un r\u00e9seau de b\u00e9n\u00e9voles venant du milieu du bridge au Canada, pour favoriser la communication dans les deux sens.<\/li>\n<\/ul>\n<p>La FCB continue \u00e0 d\u00e9ployer des efforts pour construire et d\u00e9velopper le bridge au Canada, en travaillant avec tous les acteurs de notre grand pays.<\/p>\n<p>Neil Kimelman<br \/>\nPr\u00e9sident, F\u00e9d\u00e9ration canadienne de bridge<\/p>\n","protected":false},"excerpt":{"rendered":"<p>Bienvenue \u00e0 Matthieu Dallaire, gestionnaire de communaut\u00e9 pour la FCB La FCB prend des mesures pour mieux rejoindre les nouveaux membres et les membres potentiels O\u00f9 nous nous situons\u00a0: comme de nombreuses organisations de bridge, la FCB est confront\u00e9e au vieillissement de ses membres et \u00e0 l&rsquo;augmentation des co\u00fbts de ses services. De plus, il<br><a class=\"moretag signature-animation\" href=\"https:\/\/cbf.ca\/fr\/open-letter-cbf-president\/\">CONTINUER LA LECTURE<\/a>","protected":false},"author":1,"featured_media":0,"parent":0,"menu_order":0,"comment_status":"closed","ping_status":"closed","template":"","meta":{"footnotes":""},"yoast_head":"<!-- This site is optimized with the Yoast SEO plugin v22.3 - https:\/\/yoast.com\/wordpress\/plugins\/seo\/ -->\n<title>Message du pr\u00e9sident de la FCB - Canadian Bridge Federation<\/title>\n<meta name=\"robots\" content=\"index, follow, max-snippet:-1, max-image-preview:large, max-video-preview:-1\" \/>\n<link rel=\"canonical\" href=\"https:\/\/cbf.ca\/fr\/open-letter-cbf-president\/\" \/>\n<meta property=\"og:locale\" content=\"fr_FR\" \/>\n<meta property=\"og:type\" content=\"article\" \/>\n<meta property=\"og:title\" content=\"Message du pr\u00e9sident de la FCB - Canadian Bridge Federation\" \/>\n<meta property=\"og:description\" content=\"Bienvenue \u00e0 Matthieu Dallaire, gestionnaire de communaut\u00e9 pour la FCB La FCB prend des mesures pour mieux rejoindre les nouveaux membres et les membres potentiels O\u00f9 nous nous situons\u00a0: comme de nombreuses organisations de bridge, la FCB est confront\u00e9e au vieillissement de ses membres et \u00e0 l&rsquo;augmentation des co\u00fbts de ses services. De plus, il\" \/>\n<meta property=\"og:url\" content=\"https:\/\/cbf.ca\/fr\/open-letter-cbf-president\/\" \/>\n<meta property=\"og:site_name\" content=\"Canadian Bridge Federation\" \/>\n<meta property=\"article:publisher\" content=\"https:\/\/www.facebook.com\/Canadian.Bridge.Federation\/\" \/>\n<meta property=\"article:modified_time\" content=\"2020-06-03T01:32:58+00:00\" \/>\n<meta property=\"og:image\" content=\"https:\/\/cbf.ca\/wp-content\/uploads\/2020\/06\/Matthieu-Dallaire-8.jpg\" \/>\n<meta name=\"twitter:label1\" content=\"Dur\u00e9e de lecture estim\u00e9e\" \/>\n\t<meta name=\"twitter:data1\" content=\"3 minutes\" \/>\n<script type=\"application\/ld+json\" class=\"yoast-schema-graph\">{\"@context\":\"https:\/\/schema.org\",\"@graph\":[{\"@type\":\"WebPage\",\"@id\":\"https:\/\/cbf.ca\/fr\/open-letter-cbf-president\/\",\"url\":\"https:\/\/cbf.ca\/fr\/open-letter-cbf-president\/\",\"name\":\"Message du pr\u00e9sident de la FCB - Canadian Bridge Federation\",\"isPartOf\":{\"@id\":\"https:\/\/cbf.ca\/#website\"},\"primaryImageOfPage\":{\"@id\":\"https:\/\/cbf.ca\/fr\/open-letter-cbf-president\/#primaryimage\"},\"image\":{\"@id\":\"https:\/\/cbf.ca\/fr\/open-letter-cbf-president\/#primaryimage\"},\"thumbnailUrl\":\"https:\/\/cbf.ca\/wp-content\/uploads\/2020\/06\/Matthieu-Dallaire-8.jpg\",\"datePublished\":\"2020-05-31T04:35:03+00:00\",\"dateModified\":\"2020-06-03T01:32:58+00:00\",\"breadcrumb\":{\"@id\":\"https:\/\/cbf.ca\/fr\/open-letter-cbf-president\/#breadcrumb\"},\"inLanguage\":\"fr-FR\",\"potentialAction\":[{\"@type\":\"ReadAction\",\"target\":[\"https:\/\/cbf.ca\/fr\/open-letter-cbf-president\/\"]}]},{\"@type\":\"ImageObject\",\"inLanguage\":\"fr-FR\",\"@id\":\"https:\/\/cbf.ca\/fr\/open-letter-cbf-president\/#primaryimage\",\"url\":\"https:\/\/cbf.ca\/wp-content\/uploads\/2020\/06\/Matthieu-Dallaire-8.jpg\",\"contentUrl\":\"https:\/\/cbf.ca\/wp-content\/uploads\/2020\/06\/Matthieu-Dallaire-8.jpg\"},{\"@type\":\"BreadcrumbList\",\"@id\":\"https:\/\/cbf.ca\/fr\/open-letter-cbf-president\/#breadcrumb\",\"itemListElement\":[{\"@type\":\"ListItem\",\"position\":1,\"name\":\"Home\",\"item\":\"https:\/\/cbf.ca\/\"},{\"@type\":\"ListItem\",\"position\":2,\"name\":\"Message du pr\u00e9sident de la FCB\"}]},{\"@type\":\"WebSite\",\"@id\":\"https:\/\/cbf.ca\/#website\",\"url\":\"https:\/\/cbf.ca\/\",\"name\":\"Canadian Bridge Federation\",\"description\":\"F\u00e9d\u00e9ration canadienne de bridge\",\"potentialAction\":[{\"@type\":\"SearchAction\",\"target\":{\"@type\":\"EntryPoint\",\"urlTemplate\":\"https:\/\/cbf.ca\/?s={search_term_string}\"},\"query-input\":\"required name=search_term_string\"}],\"inLanguage\":\"fr-FR\"}]}<\/script>\n<!-- \/ Yoast SEO plugin. -->","yoast_head_json":{"title":"Message du pr\u00e9sident de la FCB - Canadian Bridge Federation","robots":{"index":"index","follow":"follow","max-snippet":"max-snippet:-1","max-image-preview":"max-image-preview:large","max-video-preview":"max-video-preview:-1"},"canonical":"https:\/\/cbf.ca\/fr\/open-letter-cbf-president\/","og_locale":"fr_FR","og_type":"article","og_title":"Message du pr\u00e9sident de la FCB - Canadian Bridge Federation","og_description":"Bienvenue \u00e0 Matthieu Dallaire, gestionnaire de communaut\u00e9 pour la FCB La FCB prend des mesures pour mieux rejoindre les nouveaux membres et les membres potentiels O\u00f9 nous nous situons\u00a0: comme de nombreuses organisations de bridge, la FCB est confront\u00e9e au vieillissement de ses membres et \u00e0 l&rsquo;augmentation des co\u00fbts de ses services. De plus, il","og_url":"https:\/\/cbf.ca\/fr\/open-letter-cbf-president\/","og_site_name":"Canadian Bridge Federation","article_publisher":"https:\/\/www.facebook.com\/Canadian.Bridge.Federation\/","article_modified_time":"2020-06-03T01:32:58+00:00","og_image":[{"url":"https:\/\/cbf.ca\/wp-content\/uploads\/2020\/06\/Matthieu-Dallaire-8.jpg"}],"twitter_misc":{"Dur\u00e9e de lecture estim\u00e9e":"3 minutes"},"schema":{"@context":"https:\/\/schema.org","@graph":[{"@type":"WebPage","@id":"https:\/\/cbf.ca\/fr\/open-letter-cbf-president\/","url":"https:\/\/cbf.ca\/fr\/open-letter-cbf-president\/","name":"Message du pr\u00e9sident de la FCB - Canadian Bridge Federation","isPartOf":{"@id":"https:\/\/cbf.ca\/#website"},"primaryImageOfPage":{"@id":"https:\/\/cbf.ca\/fr\/open-letter-cbf-president\/#primaryimage"},"image":{"@id":"https:\/\/cbf.ca\/fr\/open-letter-cbf-president\/#primaryimage"},"thumbnailUrl":"https:\/\/cbf.ca\/wp-content\/uploads\/2020\/06\/Matthieu-Dallaire-8.jpg","datePublished":"2020-05-31T04:35:03+00:00","dateModified":"2020-06-03T01:32:58+00:00","breadcrumb":{"@id":"https:\/\/cbf.ca\/fr\/open-letter-cbf-president\/#breadcrumb"},"inLanguage":"fr-FR","potentialAction":[{"@type":"ReadAction","target":["https:\/\/cbf.ca\/fr\/open-letter-cbf-president\/"]}]},{"@type":"ImageObject","inLanguage":"fr-FR","@id":"https:\/\/cbf.ca\/fr\/open-letter-cbf-president\/#primaryimage","url":"https:\/\/cbf.ca\/wp-content\/uploads\/2020\/06\/Matthieu-Dallaire-8.jpg","contentUrl":"https:\/\/cbf.ca\/wp-content\/uploads\/2020\/06\/Matthieu-Dallaire-8.jpg"},{"@type":"BreadcrumbList","@id":"https:\/\/cbf.ca\/fr\/open-letter-cbf-president\/#breadcrumb","itemListElement":[{"@type":"ListItem","position":1,"name":"Home","item":"https:\/\/cbf.ca\/"},{"@type":"ListItem","position":2,"name":"Message du pr\u00e9sident de la FCB"}]},{"@type":"WebSite","@id":"https:\/\/cbf.ca\/#website","url":"https:\/\/cbf.ca\/","name":"Canadian Bridge Federation","description":"F\u00e9d\u00e9ration canadienne de bridge","potentialAction":[{"@type":"SearchAction","target":{"@type":"EntryPoint","urlTemplate":"https:\/\/cbf.ca\/?s={search_term_string}"},"query-input":"required name=search_term_string"}],"inLanguage":"fr-FR"}]}},"_links":{"self":[{"href":"https:\/\/cbf.ca\/fr\/wp-json\/wp\/v2\/pages\/13927"}],"collection":[{"href":"https:\/\/cbf.ca\/fr\/wp-json\/wp\/v2\/pages"}],"about":[{"href":"https:\/\/cbf.ca\/fr\/wp-json\/wp\/v2\/types\/page"}],"author":[{"embeddable":true,"href":"https:\/\/cbf.ca\/fr\/wp-json\/wp\/v2\/users\/1"}],"replies":[{"embeddable":true,"href":"https:\/\/cbf.ca\/fr\/wp-json\/wp\/v2\/comments?post=13927"}],"version-history":[{"count":5,"href":"https:\/\/cbf.ca\/fr\/wp-json\/wp\/v2\/pages\/13927\/revisions"}],"predecessor-version":[{"id":13976,"href":"https:\/\/cbf.ca\/fr\/wp-json\/wp\/v2\/pages\/13927\/revisions\/13976"}],"wp:attachment":[{"href":"https:\/\/cbf.ca\/fr\/wp-json\/wp\/v2\/media?parent=13927"}],"curies":[{"name":"wp","href":"https:\/\/api.w.org\/{rel}","templated":true}]}}