{"id":12033,"date":"2019-06-28T02:42:19","date_gmt":"2019-06-27T22:42:19","guid":{"rendered":"https:\/\/cbf.ca\/fr\/?page_id=12033"},"modified":"2025-07-14T01:36:48","modified_gmt":"2025-07-13T21:36:48","slug":"dons","status":"publish","type":"page","link":"https:\/\/cbf.ca\/fr\/fonds-et-charite\/fonds-caritatif-de-la-fcb\/dons\/","title":{"rendered":"Historique des dons"},"content":{"rendered":"<h3><\/h3>\n<h3><strong>Subventions\u00a0<\/strong><strong>2014-2020:\u00a0 \u00a0\u00a0<\/strong><strong>\u00a0 89 000 $<\/strong><\/h3>\n<p style=\"padding-left: 30px;\"><span style=\"text-decoration: underline;\"><a style=\"text-decoration: underline;\" href=\"https:\/\/cbf.ca\/wp-content\/uploads\/2021\/05\/2020_CBF-GRANTS_PER-YEAR.pdf\" target=\"_blank\" rel=\"noopener\">Liste des subventions par organisme par ann\u00e9e<\/a><\/span><\/p>\n<p style=\"padding-left: 30px;\"><span style=\"text-decoration: underline;\"><a style=\"text-decoration: underline;\" href=\"https:\/\/cbf.ca\/wp-content\/uploads\/2021\/05\/2020_CBF-GRANTS_ORG-PER-YEAR.pdf\" target=\"_blank\" rel=\"noopener\">Liste des organismes et de leur subvention par ann\u00e9e<\/a><\/span><\/p>\n<p style=\"padding-left: 30px;\"><span style=\"text-decoration: underline;\"><a style=\"text-decoration: underline;\" href=\"https:\/\/cbf.ca\/wp-content\/uploads\/2021\/05\/2020_CBF-GRANTS_DETAILS-PER-YEAR.pdf\" target=\"_blank\" rel=\"noopener\">Liste des subventions par ann\u00e9e par organisme<\/a><\/span><\/p>\n<h3><strong>Subventions\u00a01972-2013:\u00a0\u00a0<\/strong><strong>1 248 248 $<\/strong><\/h3>\n<p style=\"padding-left: 30px;\"><span style=\"text-decoration: underline;\"><a style=\"text-decoration: underline;\" href=\"https:\/\/cbf.ca\/wp-content\/uploads\/Documents\/CHGRANTS.pdf\" target=\"_blank\" rel=\"noopener\">Liste des organismes et de leur subvention par ann\u00e9e<\/a><\/span><\/p>\n<h3><strong>Total\u00a0 :<\/strong>\u00a0 \u00a0 \u00a0 \u00a0 \u00a0 \u00a0 \u00a0 \u00a0 \u00a0<strong>1 337 248 $<\/strong><\/h3>\n","protected":false},"excerpt":{"rendered":"<p>Subventions\u00a02014-2020:\u00a0 \u00a0\u00a0\u00a0 89 000 $ Liste des subventions par organisme par ann\u00e9e Liste des organismes et de leur subvention par ann\u00e9e Liste des subventions par ann\u00e9e par organisme Subventions\u00a01972-2013:\u00a0\u00a01 248 248 $ Liste des organismes et de leur subvention par ann\u00e9e Total\u00a0 :\u00a0 \u00a0 \u00a0 \u00a0 \u00a0 \u00a0 \u00a0 \u00a0 \u00a01 337 248 $<br><a class=\"moretag signature-animation\" href=\"https:\/\/cbf.ca\/fr\/fonds-et-charite\/fonds-caritatif-de-la-fcb\/dons\/\">CONTINUER LA LECTURE<\/a>","protected":false},"author":1,"featured_media":0,"parent":3761,"menu_order":0,"comment_status":"closed","ping_status":"closed","template":"","meta":{"footnotes":""},"yoast_head":"<!-- This site is optimized with the Yoast SEO plugin v22.3 - https:\/\/yoast.com\/wordpress\/plugins\/seo\/ -->\n<title>Historique des dons - Canadian Bridge Federation<\/title>\n<meta name=\"robots\" content=\"index, follow, max-snippet:-1, max-image-preview:large, max-video-preview:-1\" \/>\n<link rel=\"canonical\" href=\"https:\/\/cbf.ca\/fr\/fonds-et-charite\/fonds-caritatif-de-la-fcb\/dons\/\" \/>\n<meta property=\"og:locale\" content=\"fr_FR\" \/>\n<meta property=\"og:type\" content=\"article\" \/>\n<meta property=\"og:title\" content=\"Historique des dons - Canadian Bridge Federation\" \/>\n<meta property=\"og:description\" content=\"Subventions\u00a02014-2020:\u00a0 \u00a0\u00a0\u00a0 89 000 $ Liste des subventions par organisme par ann\u00e9e Liste des organismes et de leur subvention par ann\u00e9e Liste des subventions par ann\u00e9e par organisme Subventions\u00a01972-2013:\u00a0\u00a01 248 248 $ Liste des organismes et de leur subvention par ann\u00e9e Total\u00a0 :\u00a0 \u00a0 \u00a0 \u00a0 \u00a0 \u00a0 \u00a0 \u00a0 \u00a01 337 248 $\" \/>\n<meta property=\"og:url\" content=\"https:\/\/cbf.ca\/fr\/fonds-et-charite\/fonds-caritatif-de-la-fcb\/dons\/\" \/>\n<meta property=\"og:site_name\" content=\"Canadian Bridge Federation\" \/>\n<meta property=\"article:publisher\" content=\"https:\/\/www.facebook.com\/Canadian.Bridge.Federation\/\" \/>\n<meta property=\"article:modified_time\" content=\"2025-07-13T21:36:48+00:00\" \/>\n<meta name=\"twitter:label1\" content=\"Dur\u00e9e de lecture estim\u00e9e\" \/>\n\t<meta name=\"twitter:data1\" content=\"1 minute\" \/>\n<script type=\"application\/ld+json\" class=\"yoast-schema-graph\">{\"@context\":\"https:\/\/schema.org\",\"@graph\":[{\"@type\":\"WebPage\",\"@id\":\"https:\/\/cbf.ca\/fr\/fonds-et-charite\/fonds-caritatif-de-la-fcb\/dons\/\",\"url\":\"https:\/\/cbf.ca\/fr\/fonds-et-charite\/fonds-caritatif-de-la-fcb\/dons\/\",\"name\":\"Historique des dons - Canadian Bridge Federation\",\"isPartOf\":{\"@id\":\"https:\/\/cbf.ca\/#website\"},\"datePublished\":\"2019-06-27T22:42:19+00:00\",\"dateModified\":\"2025-07-13T21:36:48+00:00\",\"breadcrumb\":{\"@id\":\"https:\/\/cbf.ca\/fr\/fonds-et-charite\/fonds-caritatif-de-la-fcb\/dons\/#breadcrumb\"},\"inLanguage\":\"fr-FR\",\"potentialAction\":[{\"@type\":\"ReadAction\",\"target\":[\"https:\/\/cbf.ca\/fr\/fonds-et-charite\/fonds-caritatif-de-la-fcb\/dons\/\"]}]},{\"@type\":\"BreadcrumbList\",\"@id\":\"https:\/\/cbf.ca\/fr\/fonds-et-charite\/fonds-caritatif-de-la-fcb\/dons\/#breadcrumb\",\"itemListElement\":[{\"@type\":\"ListItem\",\"position\":1,\"name\":\"Home\",\"item\":\"https:\/\/cbf.ca\/\"},{\"@type\":\"ListItem\",\"position\":2,\"name\":\"Fonds et Charit\u00e9\",\"item\":\"https:\/\/cbf.ca\/fr\/fonds-et-charite\/\"},{\"@type\":\"ListItem\",\"position\":3,\"name\":\"Fonds caritatif de la FCB\",\"item\":\"https:\/\/cbf.ca\/fr\/fonds-et-charite\/fonds-caritatif-de-la-fcb\/\"},{\"@type\":\"ListItem\",\"position\":4,\"name\":\"Historique des dons\"}]},{\"@type\":\"WebSite\",\"@id\":\"https:\/\/cbf.ca\/#website\",\"url\":\"https:\/\/cbf.ca\/\",\"name\":\"Canadian Bridge Federation\",\"description\":\"F\u00e9d\u00e9ration canadienne de bridge\",\"potentialAction\":[{\"@type\":\"SearchAction\",\"target\":{\"@type\":\"EntryPoint\",\"urlTemplate\":\"https:\/\/cbf.ca\/?s={search_term_string}\"},\"query-input\":\"required name=search_term_string\"}],\"inLanguage\":\"fr-FR\"}]}<\/script>\n<!-- \/ Yoast SEO plugin. -->","yoast_head_json":{"title":"Historique des dons - Canadian Bridge Federation","robots":{"index":"index","follow":"follow","max-snippet":"max-snippet:-1","max-image-preview":"max-image-preview:large","max-video-preview":"max-video-preview:-1"},"canonical":"https:\/\/cbf.ca\/fr\/fonds-et-charite\/fonds-caritatif-de-la-fcb\/dons\/","og_locale":"fr_FR","og_type":"article","og_title":"Historique des dons - Canadian Bridge Federation","og_description":"Subventions\u00a02014-2020:\u00a0 \u00a0\u00a0\u00a0 89 000 $ Liste des subventions par organisme par ann\u00e9e Liste des organismes et de leur subvention par ann\u00e9e Liste des subventions par ann\u00e9e par organisme Subventions\u00a01972-2013:\u00a0\u00a01 248 248 $ Liste des organismes et de leur subvention par ann\u00e9e Total\u00a0 :\u00a0 \u00a0 \u00a0 \u00a0 \u00a0 \u00a0 \u00a0 \u00a0 \u00a01 337 248 $","og_url":"https:\/\/cbf.ca\/fr\/fonds-et-charite\/fonds-caritatif-de-la-fcb\/dons\/","og_site_name":"Canadian Bridge Federation","article_publisher":"https:\/\/www.facebook.com\/Canadian.Bridge.Federation\/","article_modified_time":"2025-07-13T21:36:48+00:00","twitter_misc":{"Dur\u00e9e de lecture estim\u00e9e":"1 minute"},"schema":{"@context":"https:\/\/schema.org","@graph":[{"@type":"WebPage","@id":"https:\/\/cbf.ca\/fr\/fonds-et-charite\/fonds-caritatif-de-la-fcb\/dons\/","url":"https:\/\/cbf.ca\/fr\/fonds-et-charite\/fonds-caritatif-de-la-fcb\/dons\/","name":"Historique des dons - Canadian Bridge Federation","isPartOf":{"@id":"https:\/\/cbf.ca\/#website"},"datePublished":"2019-06-27T22:42:19+00:00","dateModified":"2025-07-13T21:36:48+00:00","breadcrumb":{"@id":"https:\/\/cbf.ca\/fr\/fonds-et-charite\/fonds-caritatif-de-la-fcb\/dons\/#breadcrumb"},"inLanguage":"fr-FR","potentialAction":[{"@type":"ReadAction","target":["https:\/\/cbf.ca\/fr\/fonds-et-charite\/fonds-caritatif-de-la-fcb\/dons\/"]}]},{"@type":"BreadcrumbList","@id":"https:\/\/cbf.ca\/fr\/fonds-et-charite\/fonds-caritatif-de-la-fcb\/dons\/#breadcrumb","itemListElement":[{"@type":"ListItem","position":1,"name":"Home","item":"https:\/\/cbf.ca\/"},{"@type":"ListItem","position":2,"name":"Fonds et Charit\u00e9","item":"https:\/\/cbf.ca\/fr\/fonds-et-charite\/"},{"@type":"ListItem","position":3,"name":"Fonds caritatif de la FCB","item":"https:\/\/cbf.ca\/fr\/fonds-et-charite\/fonds-caritatif-de-la-fcb\/"},{"@type":"ListItem","position":4,"name":"Historique des dons"}]},{"@type":"WebSite","@id":"https:\/\/cbf.ca\/#website","url":"https:\/\/cbf.ca\/","name":"Canadian Bridge Federation","description":"F\u00e9d\u00e9ration canadienne de bridge","potentialAction":[{"@type":"SearchAction","target":{"@type":"EntryPoint","urlTemplate":"https:\/\/cbf.ca\/?s={search_term_string}"},"query-input":"required name=search_term_string"}],"inLanguage":"fr-FR"}]}},"_links":{"self":[{"href":"https:\/\/cbf.ca\/fr\/wp-json\/wp\/v2\/pages\/12033"}],"collection":[{"href":"https:\/\/cbf.ca\/fr\/wp-json\/wp\/v2\/pages"}],"about":[{"href":"https:\/\/cbf.ca\/fr\/wp-json\/wp\/v2\/types\/page"}],"author":[{"embeddable":true,"href":"https:\/\/cbf.ca\/fr\/wp-json\/wp\/v2\/users\/1"}],"replies":[{"embeddable":true,"href":"https:\/\/cbf.ca\/fr\/wp-json\/wp\/v2\/comments?post=12033"}],"version-history":[{"count":19,"href":"https:\/\/cbf.ca\/fr\/wp-json\/wp\/v2\/pages\/12033\/revisions"}],"predecessor-version":[{"id":33250,"href":"https:\/\/cbf.ca\/fr\/wp-json\/wp\/v2\/pages\/12033\/revisions\/33250"}],"up":[{"embeddable":true,"href":"https:\/\/cbf.ca\/fr\/wp-json\/wp\/v2\/pages\/3761"}],"wp:attachment":[{"href":"https:\/\/cbf.ca\/fr\/wp-json\/wp\/v2\/media?parent=12033"}],"curies":[{"name":"wp","href":"https:\/\/api.w.org\/{rel}","templated":true}]}}