{"id":10241,"date":"2018-09-13T22:35:53","date_gmt":"2018-09-13T18:35:53","guid":{"rendered":"http:\/\/cbf.ca\/fr\/?page_id=10241"},"modified":"2025-10-14T17:44:30","modified_gmt":"2025-10-14T13:44:30","slug":"championnat-canadien-des-equipes-mixtes-cmtc","status":"publish","type":"page","link":"https:\/\/cbf.ca\/fr\/evenements\/championnats-canadiens-de-bridge\/championnat-canadien-des-equipes-mixtes-cmtc\/","title":{"rendered":"Championnat canadien des \u00e9quipes mixtes (CMTC)"},"content":{"rendered":"<p style=\"text-align: justify;\">Pour participer au Championnat canadien des\u00a0\u00e9quipes mixtes (CMTC), une \u00e9quipe doit \u00eatre compos\u00e9e d\u2019au moins deux joueuses et deux joueurs. Dans tout match, une paire doit \u00eatre compos\u00e9e d\u2019une femme et d\u2019un homme.<\/p>\n<p><span style=\"color: #993366;\">NOTE : Toutes les personnes doivent obtenir (ou acheter) leur qualification pour participer au Championnat des \u00e9quipes CNTC-A, CSTC, CWTC, CMTC, <span style=\"color: #000000;\">pour \u00eatre admissible \u00e0 jouer au tournoi \u00e0 la ronde des ces championnats. Des parties de qualification sont tenues dans les clubs sanctionn\u00e9s, de septembre \u00e0 d\u00e9cembre. L<\/span><span style=\"color: #000000;\">a FCB tiendra des parties en ligne \u00e0 l&rsquo;automne 2025 qui serviront de qualification pour ces \u00e9v\u00e9nements en \u00e9quipes. [<a href=\"https:\/\/cbf.ca\/fr\/evenements\/parties-fcb-qualifications-ccb-en-ligne\/\" target=\"_blank\" rel=\"noreferrer noopener\">Parties FCB &#8211; Qualifications CCB<\/a>]. Un joueur se qualifie en tant qu&rsquo;individu. Une qualification en \u00e9quipe est valide pour tout championnat par \u00e9quipes.<\/span><\/span><\/p>\n<p>Les participants doivent \u00eatre membres en r\u00e8gle de la FCB. Les \u00e9quipes doivent <strong>s\u2019inscrire au pr\u00e9alable <\/strong>pour le Championnat canadien, et payer les frais d&rsquo;inscription <em>non remboursables<\/em> pour le tournoi \u00e0 la ronde au plus tard \u00e0 la date limite indiqu\u00e9e dans la documentation. Il n\u2019y a pas de pr\u00e9-qualification\u00a0en club pour participer \u00e0 ce championnat.<\/p>\n<p style=\"text-align: justify;\">Apr\u00e8s ratification par le CA de la FCB, l\u2019\u00e9quipe gagnante re\u00e7oit une subvention pour repr\u00e9senter le Canada au Championnat mondial des \u00e9quipes mixtes de l\u2019ann\u00e9e en cours.<\/p>\n<p><a href=\"https:\/\/cbf.ca\/BWeek\/26files\/index.shtml\" class=\"btn bluth red btn- \" target=\"_self\"> Cliquer ici <\/a> <strong>\u00a0Site des Championnats canadiens de bridge 2026 :<\/strong><\/p>\n<p style=\"padding-left: 40px;\">&#8211; R\u00e8glements g\u00e9raux et R\u00e8glements compl\u00e9mentaires<br \/>&#8211; Dates, Endroit, C\u00e9dule, \u00c9quipes, R\u00e9sultats, et plus<\/p>\n<h2><strong>LES GAGNANTS DU CMTC<\/strong><\/h2>\n<h3>Cliquez sur l\u2019ann\u00e9e pour acc\u00e9der aux archives du championnat.<\/h3>\n\n\n<figure class=\"wp-block-table\"><table><tbody><tr><td><a href=\"https:\/\/cbf.ca\/BWeek\/25files\/standings.shtml\" target=\"_blank\" rel=\"noreferrer noopener\"><strong>2025<\/strong><\/a><\/td><td>Barry Senensky, Barbara Shnier, Marielle Decelles-Brentnall, Bob Kuz<\/td><\/tr><tr><td><a href=\"https:\/\/cbf.ca\/BWeek\/24files\/standings.shtml\" target=\"_blank\" rel=\"noreferrer noopener\"><strong>2024<\/strong><\/a><\/td><td>Marc-Andr\u00e9 Fourcaudot, Sondra Blank, Kismet Fung, Ranald Davidson, Michael Gamble, Brenda Bryant<\/td><\/tr><tr><td><a href=\"https:\/\/cbf.ca\/BWeek\/23files\/standings.shtml\" target=\"_blank\" rel=\"noreferrer noopener\"><strong>2023<\/strong><\/a><\/td><td>Nicholas Gartaganis, Judith Gartaganis, Sondra Blank, Marc-Andr\u00e9 Fourcaudot, Louise Berthiaume, Kamel Fergani<\/td><\/tr><tr><td><a href=\"https:\/\/cbf.ca\/BWeek\/19files\/standings.shtml\" target=\"_blank\" rel=\"noreferrer noopener\"><strong>2022<\/strong><\/a><\/td><td>Marc-Andr\u00e9 Fourcaudot, Sondra Blank, Louise Berthiaume, Kamel Fergani, Judith Gartaganis, Nicholas Gartaganis<\/td><\/tr><tr><td><a href=\"https:\/\/cbf.ca\/BWeek\/21files\/standings.shtml\" target=\"_blank\" rel=\"noreferrer noopener\"><strong>2021<\/strong><\/a><\/td><td>Francine Cimon, Marc-Andr\u00e9 Fourcaudot, Louise Berthiaume, Kamel Fergani, Sondra Blank, Danny Miles<\/td><\/tr><tr><td><a href=\"https:\/\/cbf.ca\/BWeek\/20files\/standings.shtml\" target=\"_blank\" rel=\"noreferrer noopener\"><strong>2020<\/strong><\/a><\/td><td>Eiji Kujirai, Barbara Clinton, Marc-Andre Fourcaudot, Francine Cimon, Louise Berthiaume, Kamel Fergani<\/td><\/tr><tr><td><a href=\"https:\/\/cbf.ca\/BWeek\/19files\/standings.shtml\" target=\"_blank\" rel=\"noreferrer noopener\"><strong>2019<\/strong><\/a><\/td><td>Sandra Fraser, Douglas Fraser, Gerry McCully, Rhonda Foster, Jim McAvoy, Connie McAvoy<\/td><\/tr><\/tbody><\/table><\/figure>\n","protected":false},"excerpt":{"rendered":"<p>Pour participer au Championnat canadien des\u00a0\u00e9quipes mixtes (CMTC), une \u00e9quipe doit \u00eatre compos\u00e9e d\u2019au moins deux joueuses et deux joueurs. Dans tout match, une paire doit \u00eatre compos\u00e9e d\u2019une femme et d\u2019un homme. NOTE : Toutes les personnes doivent obtenir (ou acheter) leur qualification pour participer au Championnat des \u00e9quipes CNTC-A, CSTC, CWTC, CMTC, pour<br><a class=\"moretag signature-animation\" href=\"https:\/\/cbf.ca\/fr\/evenements\/championnats-canadiens-de-bridge\/championnat-canadien-des-equipes-mixtes-cmtc\/\">CONTINUER LA LECTURE<\/a>","protected":false},"author":1,"featured_media":0,"parent":3462,"menu_order":0,"comment_status":"closed","ping_status":"closed","template":"","meta":{"footnotes":""},"yoast_head":"<!-- This site is optimized with the Yoast SEO plugin v22.3 - https:\/\/yoast.com\/wordpress\/plugins\/seo\/ -->\n<title>Championnat canadien des \u00e9quipes mixtes (CMTC) - Canadian Bridge Federation<\/title>\n<meta name=\"robots\" content=\"index, follow, max-snippet:-1, max-image-preview:large, max-video-preview:-1\" \/>\n<link rel=\"canonical\" href=\"https:\/\/cbf.ca\/fr\/evenements\/championnats-canadiens-de-bridge\/championnat-canadien-des-equipes-mixtes-cmtc\/\" \/>\n<meta property=\"og:locale\" content=\"fr_FR\" \/>\n<meta property=\"og:type\" content=\"article\" \/>\n<meta property=\"og:title\" content=\"Championnat canadien des \u00e9quipes mixtes (CMTC) - Canadian Bridge Federation\" \/>\n<meta property=\"og:description\" content=\"Pour participer au Championnat canadien des\u00a0\u00e9quipes mixtes (CMTC), une \u00e9quipe doit \u00eatre compos\u00e9e d\u2019au moins deux joueuses et deux joueurs. Dans tout match, une paire doit \u00eatre compos\u00e9e d\u2019une femme et d\u2019un homme. NOTE : Toutes les personnes doivent obtenir (ou acheter) leur qualification pour participer au Championnat des \u00e9quipes CNTC-A, CSTC, CWTC, CMTC, pour\" \/>\n<meta property=\"og:url\" content=\"https:\/\/cbf.ca\/fr\/evenements\/championnats-canadiens-de-bridge\/championnat-canadien-des-equipes-mixtes-cmtc\/\" \/>\n<meta property=\"og:site_name\" content=\"Canadian Bridge Federation\" \/>\n<meta property=\"article:publisher\" content=\"https:\/\/www.facebook.com\/Canadian.Bridge.Federation\/\" \/>\n<meta property=\"article:modified_time\" content=\"2025-10-14T13:44:30+00:00\" \/>\n<meta name=\"twitter:label1\" content=\"Dur\u00e9e de lecture estim\u00e9e\" \/>\n\t<meta name=\"twitter:data1\" content=\"2 minutes\" \/>\n<script type=\"application\/ld+json\" class=\"yoast-schema-graph\">{\"@context\":\"https:\/\/schema.org\",\"@graph\":[{\"@type\":\"WebPage\",\"@id\":\"https:\/\/cbf.ca\/fr\/evenements\/championnats-canadiens-de-bridge\/championnat-canadien-des-equipes-mixtes-cmtc\/\",\"url\":\"https:\/\/cbf.ca\/fr\/evenements\/championnats-canadiens-de-bridge\/championnat-canadien-des-equipes-mixtes-cmtc\/\",\"name\":\"Championnat canadien des \u00e9quipes mixtes (CMTC) - Canadian Bridge Federation\",\"isPartOf\":{\"@id\":\"https:\/\/cbf.ca\/#website\"},\"datePublished\":\"2018-09-13T18:35:53+00:00\",\"dateModified\":\"2025-10-14T13:44:30+00:00\",\"breadcrumb\":{\"@id\":\"https:\/\/cbf.ca\/fr\/evenements\/championnats-canadiens-de-bridge\/championnat-canadien-des-equipes-mixtes-cmtc\/#breadcrumb\"},\"inLanguage\":\"fr-FR\",\"potentialAction\":[{\"@type\":\"ReadAction\",\"target\":[\"https:\/\/cbf.ca\/fr\/evenements\/championnats-canadiens-de-bridge\/championnat-canadien-des-equipes-mixtes-cmtc\/\"]}]},{\"@type\":\"BreadcrumbList\",\"@id\":\"https:\/\/cbf.ca\/fr\/evenements\/championnats-canadiens-de-bridge\/championnat-canadien-des-equipes-mixtes-cmtc\/#breadcrumb\",\"itemListElement\":[{\"@type\":\"ListItem\",\"position\":1,\"name\":\"Home\",\"item\":\"https:\/\/cbf.ca\/\"},{\"@type\":\"ListItem\",\"position\":2,\"name\":\"\u00c9v\u00e9nements\",\"item\":\"https:\/\/cbf.ca\/fr\/evenements\/\"},{\"@type\":\"ListItem\",\"position\":3,\"name\":\"Championnats canadiens de bridge\",\"item\":\"https:\/\/cbf.ca\/fr\/evenements\/championnats-canadiens-de-bridge\/\"},{\"@type\":\"ListItem\",\"position\":4,\"name\":\"Championnat canadien des \u00e9quipes mixtes (CMTC)\"}]},{\"@type\":\"WebSite\",\"@id\":\"https:\/\/cbf.ca\/#website\",\"url\":\"https:\/\/cbf.ca\/\",\"name\":\"Canadian Bridge Federation\",\"description\":\"F\u00e9d\u00e9ration canadienne de bridge\",\"potentialAction\":[{\"@type\":\"SearchAction\",\"target\":{\"@type\":\"EntryPoint\",\"urlTemplate\":\"https:\/\/cbf.ca\/?s={search_term_string}\"},\"query-input\":\"required name=search_term_string\"}],\"inLanguage\":\"fr-FR\"}]}<\/script>\n<!-- \/ Yoast SEO plugin. -->","yoast_head_json":{"title":"Championnat canadien des \u00e9quipes mixtes (CMTC) - Canadian Bridge Federation","robots":{"index":"index","follow":"follow","max-snippet":"max-snippet:-1","max-image-preview":"max-image-preview:large","max-video-preview":"max-video-preview:-1"},"canonical":"https:\/\/cbf.ca\/fr\/evenements\/championnats-canadiens-de-bridge\/championnat-canadien-des-equipes-mixtes-cmtc\/","og_locale":"fr_FR","og_type":"article","og_title":"Championnat canadien des \u00e9quipes mixtes (CMTC) - Canadian Bridge Federation","og_description":"Pour participer au Championnat canadien des\u00a0\u00e9quipes mixtes (CMTC), une \u00e9quipe doit \u00eatre compos\u00e9e d\u2019au moins deux joueuses et deux joueurs. Dans tout match, une paire doit \u00eatre compos\u00e9e d\u2019une femme et d\u2019un homme. NOTE : Toutes les personnes doivent obtenir (ou acheter) leur qualification pour participer au Championnat des \u00e9quipes CNTC-A, CSTC, CWTC, CMTC, pour","og_url":"https:\/\/cbf.ca\/fr\/evenements\/championnats-canadiens-de-bridge\/championnat-canadien-des-equipes-mixtes-cmtc\/","og_site_name":"Canadian Bridge Federation","article_publisher":"https:\/\/www.facebook.com\/Canadian.Bridge.Federation\/","article_modified_time":"2025-10-14T13:44:30+00:00","twitter_misc":{"Dur\u00e9e de lecture estim\u00e9e":"2 minutes"},"schema":{"@context":"https:\/\/schema.org","@graph":[{"@type":"WebPage","@id":"https:\/\/cbf.ca\/fr\/evenements\/championnats-canadiens-de-bridge\/championnat-canadien-des-equipes-mixtes-cmtc\/","url":"https:\/\/cbf.ca\/fr\/evenements\/championnats-canadiens-de-bridge\/championnat-canadien-des-equipes-mixtes-cmtc\/","name":"Championnat canadien des \u00e9quipes mixtes (CMTC) - Canadian Bridge Federation","isPartOf":{"@id":"https:\/\/cbf.ca\/#website"},"datePublished":"2018-09-13T18:35:53+00:00","dateModified":"2025-10-14T13:44:30+00:00","breadcrumb":{"@id":"https:\/\/cbf.ca\/fr\/evenements\/championnats-canadiens-de-bridge\/championnat-canadien-des-equipes-mixtes-cmtc\/#breadcrumb"},"inLanguage":"fr-FR","potentialAction":[{"@type":"ReadAction","target":["https:\/\/cbf.ca\/fr\/evenements\/championnats-canadiens-de-bridge\/championnat-canadien-des-equipes-mixtes-cmtc\/"]}]},{"@type":"BreadcrumbList","@id":"https:\/\/cbf.ca\/fr\/evenements\/championnats-canadiens-de-bridge\/championnat-canadien-des-equipes-mixtes-cmtc\/#breadcrumb","itemListElement":[{"@type":"ListItem","position":1,"name":"Home","item":"https:\/\/cbf.ca\/"},{"@type":"ListItem","position":2,"name":"\u00c9v\u00e9nements","item":"https:\/\/cbf.ca\/fr\/evenements\/"},{"@type":"ListItem","position":3,"name":"Championnats canadiens de bridge","item":"https:\/\/cbf.ca\/fr\/evenements\/championnats-canadiens-de-bridge\/"},{"@type":"ListItem","position":4,"name":"Championnat canadien des \u00e9quipes mixtes (CMTC)"}]},{"@type":"WebSite","@id":"https:\/\/cbf.ca\/#website","url":"https:\/\/cbf.ca\/","name":"Canadian Bridge Federation","description":"F\u00e9d\u00e9ration canadienne de bridge","potentialAction":[{"@type":"SearchAction","target":{"@type":"EntryPoint","urlTemplate":"https:\/\/cbf.ca\/?s={search_term_string}"},"query-input":"required name=search_term_string"}],"inLanguage":"fr-FR"}]}},"_links":{"self":[{"href":"https:\/\/cbf.ca\/fr\/wp-json\/wp\/v2\/pages\/10241"}],"collection":[{"href":"https:\/\/cbf.ca\/fr\/wp-json\/wp\/v2\/pages"}],"about":[{"href":"https:\/\/cbf.ca\/fr\/wp-json\/wp\/v2\/types\/page"}],"author":[{"embeddable":true,"href":"https:\/\/cbf.ca\/fr\/wp-json\/wp\/v2\/users\/1"}],"replies":[{"embeddable":true,"href":"https:\/\/cbf.ca\/fr\/wp-json\/wp\/v2\/comments?post=10241"}],"version-history":[{"count":45,"href":"https:\/\/cbf.ca\/fr\/wp-json\/wp\/v2\/pages\/10241\/revisions"}],"predecessor-version":[{"id":34785,"href":"https:\/\/cbf.ca\/fr\/wp-json\/wp\/v2\/pages\/10241\/revisions\/34785"}],"up":[{"embeddable":true,"href":"https:\/\/cbf.ca\/fr\/wp-json\/wp\/v2\/pages\/3462"}],"wp:attachment":[{"href":"https:\/\/cbf.ca\/fr\/wp-json\/wp\/v2\/media?parent=10241"}],"curies":[{"name":"wp","href":"https:\/\/api.w.org\/{rel}","templated":true}]}}