{"id":10234,"date":"2018-09-13T21:09:13","date_gmt":"2018-09-13T21:09:13","guid":{"rendered":"http:\/\/cbf.ca\/fr\/?page_id=10234"},"modified":"2021-02-24T13:35:06","modified_gmt":"2021-02-24T13:35:06","slug":"reglements-des-championnats-canadiens-de-bridge","status":"publish","type":"page","link":"https:\/\/cbf.ca\/fr\/evenements\/championnats-canadiens-de-bridge\/reglements-des-championnats-canadiens-de-bridge\/","title":{"rendered":"R\u00e8glements des Championnats canadiens de bridge"},"content":{"rendered":"<h2><strong>R\u00e8glements sp\u00e9ciaux pour 2021<\/strong><\/h2>\n<p style=\"text-align: justify; padding-left: 30px;\"><a href=\"https:\/\/cbf.ca\/wp-content\/uploads\/2021\/01\/2021-cocv3.pdf\" target=\"_blank\">R\u00e8glements 2021<\/a>\u00a0(en anglais).<\/p>\n<p style=\"text-align: justify; padding-left: 30px;\"><a href=\"https:\/\/cbf.ca\/wp-content\/uploads\/2021\/02\/Knockout-Stage-Regulations-General.pdf\" target=\"_blank\">R\u00e8glements concernant les \u00e9liminatoires<\/a> (en anglais).<\/p>\n<h2><strong>R\u00e8glements g\u00e9n\u00e9raux<\/strong><\/h2>\n<p>Les <em><a href=\"https:\/\/cbf.ca\/fr\/Politiques-de-la-fcb\/\" target=\"_blank\">Politiques de la FCB<\/a><\/em> font partie des r\u00e8glements qui s\u2019appliquent \u00e0 tous les championnats nationaux organis\u00e9s par la F\u00e9d\u00e9ration canadienne de bridge.<\/p>\n<p style=\"padding-left: 30px;\">Nouvelle\u00a0<a href=\"https:\/\/cbf.ca\/fr\/politiques-de-la-fcb\/politique-du-jeu-lent-en-ligne\/\" target=\"_blank\">Politique sur le jeu lent en ligne<\/a>.<\/p>\n<h2><strong>R\u00e8glements compl\u00e9mentaires<\/strong><\/h2>\n<p>Les <em>R\u00e8glements compl\u00e9mentaires<\/em> contiennent des informations et r\u00e8glements sp\u00e9cifiques applicables aux prochains Championnats canadiens de bridge. Avec les <em>R\u00e8glements g\u00e9n\u00e9raux<\/em> des Championnats canadiens de bridge, ils forment l\u2019ensemble des r\u00e8gles et r\u00e8glements r\u00e9gissant tous les championnats disput\u00e9s aux Championnats canadiens de bridge: CNTC (cat\u00e9gories A, B et C), CWTC, CSTC, CMTC, COPC et CIPC pour 2019.<\/p>\n<h2><\/h2>\n<h2><a href=\"https:\/\/cbf.ca\/wp-content\/uploads\/2020\/01\/FAQ-registration-2020_Fr.pdf\" target=\"_blank\"><strong>Foire aux questions (FAQ)<\/strong><\/a><\/h2>\n","protected":false},"excerpt":{"rendered":"<p>R\u00e8glements sp\u00e9ciaux pour 2021 R\u00e8glements 2021\u00a0(en anglais). R\u00e8glements concernant les \u00e9liminatoires (en anglais). R\u00e8glements g\u00e9n\u00e9raux Les Politiques de la FCB font partie des r\u00e8glements qui s\u2019appliquent \u00e0 tous les championnats nationaux organis\u00e9s par la F\u00e9d\u00e9ration canadienne de bridge. Nouvelle\u00a0Politique sur le jeu lent en ligne. R\u00e8glements compl\u00e9mentaires Les R\u00e8glements compl\u00e9mentaires contiennent des informations et r\u00e8glements<br><a class=\"moretag signature-animation\" href=\"https:\/\/cbf.ca\/fr\/evenements\/championnats-canadiens-de-bridge\/reglements-des-championnats-canadiens-de-bridge\/\">CONTINUER LA LECTURE<\/a>","protected":false},"author":1,"featured_media":0,"parent":3462,"menu_order":0,"comment_status":"closed","ping_status":"closed","template":"","meta":{"footnotes":""},"yoast_head":"<!-- This site is optimized with the Yoast SEO plugin v22.3 - https:\/\/yoast.com\/wordpress\/plugins\/seo\/ -->\n<title>R\u00e8glements des Championnats canadiens de bridge - Canadian Bridge Federation<\/title>\n<meta name=\"robots\" content=\"index, follow, max-snippet:-1, max-image-preview:large, max-video-preview:-1\" \/>\n<link rel=\"canonical\" href=\"https:\/\/cbf.ca\/fr\/evenements\/championnats-canadiens-de-bridge\/reglements-des-championnats-canadiens-de-bridge\/\" \/>\n<meta property=\"og:locale\" content=\"fr_FR\" \/>\n<meta property=\"og:type\" content=\"article\" \/>\n<meta property=\"og:title\" content=\"R\u00e8glements des Championnats canadiens de bridge - Canadian Bridge Federation\" \/>\n<meta property=\"og:description\" content=\"R\u00e8glements sp\u00e9ciaux pour 2021 R\u00e8glements 2021\u00a0(en anglais). R\u00e8glements concernant les \u00e9liminatoires (en anglais). R\u00e8glements g\u00e9n\u00e9raux Les Politiques de la FCB font partie des r\u00e8glements qui s\u2019appliquent \u00e0 tous les championnats nationaux organis\u00e9s par la F\u00e9d\u00e9ration canadienne de bridge. Nouvelle\u00a0Politique sur le jeu lent en ligne. R\u00e8glements compl\u00e9mentaires Les R\u00e8glements compl\u00e9mentaires contiennent des informations et r\u00e8glements\" \/>\n<meta property=\"og:url\" content=\"https:\/\/cbf.ca\/fr\/evenements\/championnats-canadiens-de-bridge\/reglements-des-championnats-canadiens-de-bridge\/\" \/>\n<meta property=\"og:site_name\" content=\"Canadian Bridge Federation\" \/>\n<meta property=\"article:publisher\" content=\"https:\/\/www.facebook.com\/Canadian.Bridge.Federation\/\" \/>\n<meta property=\"article:modified_time\" content=\"2021-02-24T13:35:06+00:00\" \/>\n<meta name=\"twitter:label1\" content=\"Dur\u00e9e de lecture estim\u00e9e\" \/>\n\t<meta name=\"twitter:data1\" content=\"1 minute\" \/>\n<script type=\"application\/ld+json\" class=\"yoast-schema-graph\">{\"@context\":\"https:\/\/schema.org\",\"@graph\":[{\"@type\":\"WebPage\",\"@id\":\"https:\/\/cbf.ca\/fr\/evenements\/championnats-canadiens-de-bridge\/reglements-des-championnats-canadiens-de-bridge\/\",\"url\":\"https:\/\/cbf.ca\/fr\/evenements\/championnats-canadiens-de-bridge\/reglements-des-championnats-canadiens-de-bridge\/\",\"name\":\"R\u00e8glements des Championnats canadiens de bridge - Canadian Bridge Federation\",\"isPartOf\":{\"@id\":\"https:\/\/cbf.ca\/#website\"},\"datePublished\":\"2018-09-13T21:09:13+00:00\",\"dateModified\":\"2021-02-24T13:35:06+00:00\",\"breadcrumb\":{\"@id\":\"https:\/\/cbf.ca\/fr\/evenements\/championnats-canadiens-de-bridge\/reglements-des-championnats-canadiens-de-bridge\/#breadcrumb\"},\"inLanguage\":\"fr-FR\",\"potentialAction\":[{\"@type\":\"ReadAction\",\"target\":[\"https:\/\/cbf.ca\/fr\/evenements\/championnats-canadiens-de-bridge\/reglements-des-championnats-canadiens-de-bridge\/\"]}]},{\"@type\":\"BreadcrumbList\",\"@id\":\"https:\/\/cbf.ca\/fr\/evenements\/championnats-canadiens-de-bridge\/reglements-des-championnats-canadiens-de-bridge\/#breadcrumb\",\"itemListElement\":[{\"@type\":\"ListItem\",\"position\":1,\"name\":\"Home\",\"item\":\"https:\/\/cbf.ca\/\"},{\"@type\":\"ListItem\",\"position\":2,\"name\":\"\u00c9v\u00e9nements\",\"item\":\"https:\/\/cbf.ca\/fr\/evenements\/\"},{\"@type\":\"ListItem\",\"position\":3,\"name\":\"Championnats canadiens de bridge\",\"item\":\"https:\/\/cbf.ca\/fr\/evenements\/championnats-canadiens-de-bridge\/\"},{\"@type\":\"ListItem\",\"position\":4,\"name\":\"R\u00e8glements des Championnats canadiens de bridge\"}]},{\"@type\":\"WebSite\",\"@id\":\"https:\/\/cbf.ca\/#website\",\"url\":\"https:\/\/cbf.ca\/\",\"name\":\"Canadian Bridge Federation\",\"description\":\"F\u00e9d\u00e9ration canadienne de bridge\",\"potentialAction\":[{\"@type\":\"SearchAction\",\"target\":{\"@type\":\"EntryPoint\",\"urlTemplate\":\"https:\/\/cbf.ca\/?s={search_term_string}\"},\"query-input\":\"required name=search_term_string\"}],\"inLanguage\":\"fr-FR\"}]}<\/script>\n<!-- \/ Yoast SEO plugin. -->","yoast_head_json":{"title":"R\u00e8glements des Championnats canadiens de bridge - Canadian Bridge Federation","robots":{"index":"index","follow":"follow","max-snippet":"max-snippet:-1","max-image-preview":"max-image-preview:large","max-video-preview":"max-video-preview:-1"},"canonical":"https:\/\/cbf.ca\/fr\/evenements\/championnats-canadiens-de-bridge\/reglements-des-championnats-canadiens-de-bridge\/","og_locale":"fr_FR","og_type":"article","og_title":"R\u00e8glements des Championnats canadiens de bridge - Canadian Bridge Federation","og_description":"R\u00e8glements sp\u00e9ciaux pour 2021 R\u00e8glements 2021\u00a0(en anglais). R\u00e8glements concernant les \u00e9liminatoires (en anglais). R\u00e8glements g\u00e9n\u00e9raux Les Politiques de la FCB font partie des r\u00e8glements qui s\u2019appliquent \u00e0 tous les championnats nationaux organis\u00e9s par la F\u00e9d\u00e9ration canadienne de bridge. Nouvelle\u00a0Politique sur le jeu lent en ligne. R\u00e8glements compl\u00e9mentaires Les R\u00e8glements compl\u00e9mentaires contiennent des informations et r\u00e8glements","og_url":"https:\/\/cbf.ca\/fr\/evenements\/championnats-canadiens-de-bridge\/reglements-des-championnats-canadiens-de-bridge\/","og_site_name":"Canadian Bridge Federation","article_publisher":"https:\/\/www.facebook.com\/Canadian.Bridge.Federation\/","article_modified_time":"2021-02-24T13:35:06+00:00","twitter_misc":{"Dur\u00e9e de lecture estim\u00e9e":"1 minute"},"schema":{"@context":"https:\/\/schema.org","@graph":[{"@type":"WebPage","@id":"https:\/\/cbf.ca\/fr\/evenements\/championnats-canadiens-de-bridge\/reglements-des-championnats-canadiens-de-bridge\/","url":"https:\/\/cbf.ca\/fr\/evenements\/championnats-canadiens-de-bridge\/reglements-des-championnats-canadiens-de-bridge\/","name":"R\u00e8glements des Championnats canadiens de bridge - Canadian Bridge Federation","isPartOf":{"@id":"https:\/\/cbf.ca\/#website"},"datePublished":"2018-09-13T21:09:13+00:00","dateModified":"2021-02-24T13:35:06+00:00","breadcrumb":{"@id":"https:\/\/cbf.ca\/fr\/evenements\/championnats-canadiens-de-bridge\/reglements-des-championnats-canadiens-de-bridge\/#breadcrumb"},"inLanguage":"fr-FR","potentialAction":[{"@type":"ReadAction","target":["https:\/\/cbf.ca\/fr\/evenements\/championnats-canadiens-de-bridge\/reglements-des-championnats-canadiens-de-bridge\/"]}]},{"@type":"BreadcrumbList","@id":"https:\/\/cbf.ca\/fr\/evenements\/championnats-canadiens-de-bridge\/reglements-des-championnats-canadiens-de-bridge\/#breadcrumb","itemListElement":[{"@type":"ListItem","position":1,"name":"Home","item":"https:\/\/cbf.ca\/"},{"@type":"ListItem","position":2,"name":"\u00c9v\u00e9nements","item":"https:\/\/cbf.ca\/fr\/evenements\/"},{"@type":"ListItem","position":3,"name":"Championnats canadiens de bridge","item":"https:\/\/cbf.ca\/fr\/evenements\/championnats-canadiens-de-bridge\/"},{"@type":"ListItem","position":4,"name":"R\u00e8glements des Championnats canadiens de bridge"}]},{"@type":"WebSite","@id":"https:\/\/cbf.ca\/#website","url":"https:\/\/cbf.ca\/","name":"Canadian Bridge Federation","description":"F\u00e9d\u00e9ration canadienne de bridge","potentialAction":[{"@type":"SearchAction","target":{"@type":"EntryPoint","urlTemplate":"https:\/\/cbf.ca\/?s={search_term_string}"},"query-input":"required name=search_term_string"}],"inLanguage":"fr-FR"}]}},"_links":{"self":[{"href":"https:\/\/cbf.ca\/fr\/wp-json\/wp\/v2\/pages\/10234"}],"collection":[{"href":"https:\/\/cbf.ca\/fr\/wp-json\/wp\/v2\/pages"}],"about":[{"href":"https:\/\/cbf.ca\/fr\/wp-json\/wp\/v2\/types\/page"}],"author":[{"embeddable":true,"href":"https:\/\/cbf.ca\/fr\/wp-json\/wp\/v2\/users\/1"}],"replies":[{"embeddable":true,"href":"https:\/\/cbf.ca\/fr\/wp-json\/wp\/v2\/comments?post=10234"}],"version-history":[{"count":26,"href":"https:\/\/cbf.ca\/fr\/wp-json\/wp\/v2\/pages\/10234\/revisions"}],"predecessor-version":[{"id":16382,"href":"https:\/\/cbf.ca\/fr\/wp-json\/wp\/v2\/pages\/10234\/revisions\/16382"}],"up":[{"embeddable":true,"href":"https:\/\/cbf.ca\/fr\/wp-json\/wp\/v2\/pages\/3462"}],"wp:attachment":[{"href":"https:\/\/cbf.ca\/fr\/wp-json\/wp\/v2\/media?parent=10234"}],"curies":[{"name":"wp","href":"https:\/\/api.w.org\/{rel}","templated":true}]}}